{"id":253,"date":"2025-01-14T14:40:29","date_gmt":"2025-01-14T14:40:29","guid":{"rendered":"https:\/\/dummy.xtemos.com\/woodmart2\/marketplace2-elementor\/?post_type=product&#038;p=253"},"modified":"2026-02-14T16:14:19","modified_gmt":"2026-02-14T09:14:19","slug":"s-t-a-l-k-e-r-2-heart-of-chornobyl-ultimate-edition-steam-offline","status":"publish","type":"product","link":"https:\/\/toimuagame.com\/en\/s-t-a-l-k-e-r-2-heart-of-chornobyl-ultimate-edition-steam-offline\/","title":{"rendered":"S.T.A.L.K.E.R. 2: Heart of Chornobyl &#8211; Ultimate Edition &#8211; Steam Offline"},"content":{"rendered":"<p><strong><span style=\"font-size: 18pt; color: #333333; font-family: arial, helvetica, sans-serif;\">Nh\u1eadn t\u00e0i kho\u1ea3n Steam s\u1eb5n Game sau khi thanh to\u00e1n<\/span><\/strong><\/p>\n<ul>\n<li><span style=\"font-family: arial, helvetica, sans-serif; font-size: 12pt;\" data-contrast=\"auto\">Ch\u01a1i Offline, l\u01b0u ti\u1ebfn tr\u00ecnh ri\u00eang, kh\u00f4ng lo m\u1ea5t Save, tho\u1ea3i m\u00e1i Update<\/span><\/li>\n<li style=\"text-align: left;\"><span style=\"font-family: arial, helvetica, sans-serif; font-size: 12pt;\" data-contrast=\"auto\">S\u1edf h\u1eefu v\u0129nh vi\u1ec5n, kh\u00f4ng gi\u1edbi h\u1ea1n th\u1eddi gian<\/span><\/li>\n<li style=\"text-align: left;\"><span style=\"font-family: arial, helvetica, sans-serif; font-size: 12pt;\" data-contrast=\"auto\">Ti\u1ebft ki\u1ec7m t\u1edbi h\u01a1n 90% so v\u1edbi mua t\u1eeb Steam<\/span><\/li>\n<li style=\"text-align: left;\"><span style=\"font-family: arial, helvetica, sans-serif; font-size: 12pt;\" data-contrast=\"auto\"> H\u1ed7 tr\u1ee3 Vi\u1ec7t H\u00f3a mi\u1ec5n ph\u00ed, mang l\u1ea1i tr\u1ea3i nghi\u1ec7m \u0111\u1ea7y \u0111\u1ee7<\/span><\/li>\n<li style=\"text-align: left;\"><span style=\"font-family: arial, helvetica, sans-serif; font-size: 12pt;\" data-contrast=\"auto\">Tho\u1ea3i m\u00e1i c\u00e0i Mods, Workshop, Trainer theo \u00fd mu\u1ed1n<\/span><\/li>\n<li style=\"text-align: left;\"><span style=\"font-family: arial, helvetica, sans-serif; font-size: 12pt;\" data-contrast=\"auto\"> D\u00f9ng cho 1 thi\u1ebft b\u1ecb, kh\u00f4ng \u0111\u1ed5i \u0111\u01b0\u1ee3c email\/m\u1eadt kh\u1ea9u, kh\u00f4ng d\u00f9ng cho Net v\u00e0 Cloud Gaming<\/span><\/li>\n<li style=\"text-align: left;\"><span style=\"font-family: arial, helvetica, sans-serif; font-size: 12pt;\" data-contrast=\"auto\"> B\u1ea3o h\u00e0nh nhanh ch\u00f3ng n\u1ebfu g\u1eb7p s\u1ef1 c\u1ed1 v\u1ec1 t\u00e0i kho\u1ea3n<\/span><\/li>\n<li style=\"text-align: left;\"><span style=\"font-family: arial, helvetica, sans-serif; font-size: 12pt;\">H\u01b0\u1edbng d\u1eabn s\u1eed d\u1ee5ng chi ti\u1ebft t\u00e0i kho\u1ea3n Steam Offline v\u00e0 b\u1ea3o h\u00e0nh trong su\u1ed1t qu\u00e1 tr\u00ecnh ch\u01a1i Game<\/span><\/li>\n<\/ul>\n<div class=\"game_page_autocollapse_ctn expanded\">\n<div id=\"aboutThisGame\" class=\"game_page_autocollapse\" data-panel=\"{&quot;type&quot;:&quot;PanelGroup&quot;}\">\n<div id=\"game_area_description\" class=\"game_area_description\">\n<h2>V\u1ec1 tr\u00f2 ch\u01a1i n\u00e0y<\/h2>\n<h2 class=\"bb_tag\">Kh\u00e1m ph\u00e1 v\u0169 tr\u1ee5 S.T.A.L.K.E.R. huy\u1ec1n tho\u1ea1i v\u00e0 tr\u1ea3i nghi\u1ec7m:<\/h2>\n<p data-start=\"363\" data-end=\"464\">L\u1ed1i ch\u01a1i \u0111\u1ed9c \u0111\u00e1o \u0111\u01b0\u1ee3c x\u00e2y d\u1ef1ng d\u1ef1a tr\u00ean s\u1ef1 k\u1ebft h\u1ee3p gi\u1eefa FPS, kinh d\u1ecb v\u00e0 m\u00f4 ph\u1ecfng nh\u1eadp vai ch\u00e2n th\u1ef1c<\/p>\n<p data-start=\"466\" data-end=\"554\">C\u1ed1t truy\u1ec7n phi tuy\u1ebfn t\u00ednh v\u1edbi nhi\u1ec1u h\u01b0\u1edbng \u0111i kh\u00e1c nhau d\u1eabn \u0111\u1ebfn m\u1ed9t trong nhi\u1ec1u c\u00e1i k\u1ebft<\/p>\n<p data-start=\"556\" data-end=\"658\">\u0110\u1ed3 h\u1ecda thi\u1ebft l\u1eadp chu\u1ea9n m\u1ef1c m\u1edbi, \u0111\u01b0\u1ee3c ph\u00e1t tri\u1ec3n b\u1eb1ng c\u00f4ng ngh\u1ec7 qu\u00e9t v\u00e0 ch\u1ee5p \u1ea3nh quang tr\u1eafc ti\u00ean ti\u1ebfn<\/p>\n<p data-start=\"660\" data-end=\"762\">H\u1ec7 th\u1ed1ng tr\u00ed tu\u1ec7 nh\u00e2n t\u1ea1o n\u00e2ng cao c\u00f3 th\u1ec3 gi\u1eef ch\u00e2n ngay c\u1ea3 nh\u1eefng ng\u01b0\u1eddi ch\u01a1i d\u00e0y d\u1ea1n kinh nghi\u1ec7m nh\u1ea5t<\/p>\n<p data-start=\"764\" data-end=\"875\">C\u01a1 ch\u1ebf sinh t\u1ed3n ch\u00e2n th\u1ef1c nh\u01b0 \u0111\u00f3i, ng\u1ee7, ch\u1ea3y m\u00e1u, \u1ea3nh h\u01b0\u1edfng c\u1ee7a ph\u00f3ng x\u1ea1, l\u00e0m phong ph\u00fa th\u00eam tr\u1ea3i nghi\u1ec7m ch\u01a1i<\/p>\n<p data-start=\"877\" data-end=\"956\">Chu k\u1ef3 ng\u00e0y \u0111\u00eam v\u00e0 th\u1eddi ti\u1ebft \u0111\u1ed9ng s\u1ebd t\u0103ng th\u00eam t\u00ednh ch\u00e2n th\u1ef1c cho tr\u1ea3i nghi\u1ec7m<\/p>\n<p data-start=\"958\" data-end=\"1058\">H\u1ed7 tr\u1ee3 mod mang l\u1ea1i t\u1ef1 do cho nh\u1eefng stalker s\u00e1ng t\u1ea1o m\u1edf r\u1ed9ng v\u00e0 l\u00e0m phong ph\u00fa th\u00eam v\u0169 tr\u1ee5 tr\u00f2 ch\u01a1i<\/p>\n<p data-start=\"1060\" data-end=\"1151\">Ch\u1ebf \u0111\u1ed9 nhi\u1ec1u ng\u01b0\u1eddi ch\u01a1i s\u1ebd \u0111\u01b0\u1ee3c b\u1ed5 sung sau khi ph\u00e1t h\u00e0nh d\u01b0\u1edbi d\u1ea1ng b\u1ea3n c\u1eadp nh\u1eadt mi\u1ec5n ph\u00ed<\/p>\n<p><video class=\"bb_img\" poster=\"https:\/\/shared.fastly.steamstatic.com\/store_item_assets\/steam\/apps\/1643320\/extras\/5ca350028fdf4a74977135c2a383df4a.poster.avif?t=1765979308\" autoplay=\"autoplay\" loop=\"loop\" muted=\"\" width=\"618\" height=\"346\" data-mce-fragment=\"1\"><source src=\"https:\/\/shared.fastly.steamstatic.com\/store_item_assets\/steam\/apps\/1643320\/extras\/5ca350028fdf4a74977135c2a383df4a.webm?t=1765979308\" \/><\/video><\/p>\n<div class=\"bb_img_icons\">\n<div class=\"bb_img_play_pause playing\" role=\"button\" data-panel=\"{&quot;focusable&quot;:true,&quot;clickOnActivate&quot;:true}\" data-tooltip=\"Tr\u00ecnh duy\u1ec7t c\u1ee7a b\u1ea1n \u0111\u00e3 b\u1eadt thi\u1ebft l\u1eadp gi\u1ea3m chuy\u1ec3n \u0111\u1ed9ng tr\u00ean m\u00e0n h\u00ecnh, n\u00ean \u1ea3nh \u0111\u1ed9ng n\u00e0y s\u1ebd m\u1eb7c \u0111\u1ecbnh t\u1ea1m d\u1eebng.\" data-tooltip-visible=\"false\"><\/div>\n<\/div>\n<p class=\"bb_paragraph\">Khu V\u1ef1c Lo\u1ea1i Tr\u1eeb Chornobyl \u0111\u00e3 thay \u0111\u1ed5i \u0111\u00e1ng k\u1ec3 sau v\u1ee5 n\u1ed5 l\u1edbn th\u1ee9 hai v\u00e0o n\u0103m 2006. Nh\u1eefng d\u1ecb nh\u00e2n hung b\u1ea1o, c\u00e1c d\u1ecb th\u01b0\u1eddng ch\u1ebft ch\u00f3c v\u00e0 c\u00e1c phe ph\u00e1i giao tranh \u0111\u00e3 bi\u1ebfn V\u00f9ng n\u00e0y th\u00e0nh n\u01a1i c\u1ef1c k\u1ef3 kh\u1eafc nghi\u1ec7t \u0111\u1ec3 sinh t\u1ed3n. Tuy nhi\u00ean, nh\u1eefng c\u1ed5 v\u1eadt c\u00f3 gi\u00e1 tr\u1ecb kh\u00f4ng t\u01b0\u1edfng \u0111\u00e3 thu h\u00fat nhi\u1ec1u ng\u01b0\u1eddi \u0111\u01b0\u1ee3c g\u1ecdi l\u00e0 S.T.A.L.K.E.R., nh\u1eefng k\u1ebb b\u01b0\u1edbc v\u00e0o V\u00f9ng v\u1edbi m\u1ecdi r\u1ee7i ro, c\u1ed1 g\u1eafng ki\u1ebfm v\u1eadn may t\u1eeb \u0111\u00f3 ho\u1eb7c th\u1eadm ch\u00ed t\u00ecm ra S\u1ef1 Th\u1eadt \u1ea9n gi\u1ea5u trong Tr\u00e1i Tim c\u1ee7a Chornobyl.<\/p>\n<h2 class=\"bb_tag\">C\u1ed0T TRUY\u1ec6N S\u1eec THI PHI TUY\u1ebeN T\u00cdNH TRONG TH\u1ebe GI\u1edaI M\u1ede R\u1ed8NG L\u1edaN<\/h2>\n<p class=\"bb_paragraph\">V\u00e0o vai m\u1ed9t stalker \u0111\u01a1n \u0111\u1ed9c v\u00e0 kh\u00e1m ph\u00e1 th\u1ebf gi\u1edbi m\u1edf li\u1ec1n m\u1ea1ch ch\u00e2n th\u1ef1c \u0111\u1ebfn t\u1eebng chi ti\u1ebft trong khu v\u1ef1c ph\u00f3ng x\u1ea1 r\u1ed9ng 64 km\u00b2 v\u1edbi nhi\u1ec1u m\u00f4i tr\u01b0\u1eddng \u0111a d\u1ea1ng, t\u00e1i hi\u1ec7n b\u1ea7u kh\u00f4ng kh\u00ed h\u1eadu t\u1eadn th\u1ebf t\u1eeb nhi\u1ec1u g\u00f3c nh\u00ecn kh\u00e1c nhau. H\u00e3y ti\u1ebfn b\u01b0\u1edbc qua V\u00f9ng \u0111\u1ec3 \u0111\u1ecbnh \u0111o\u1ea1t s\u1ed1 ph\u1eadn c\u1ee7a b\u1ea1n khi l\u1ef1a ch\u1ecdn con \u0111\u01b0\u1eddng ri\u00eang trong c\u1ed1t truy\u1ec7n s\u1eed thi ph\u00e2n nh\u00e1nh s\u00e2u r\u1ed9ng.<\/p>\n<p><video class=\"bb_img\" poster=\"https:\/\/shared.fastly.steamstatic.com\/store_item_assets\/steam\/apps\/1643320\/extras\/4b696f7d7ad6255631565b673c184ca0.poster.avif?t=1765979308\" autoplay=\"autoplay\" loop=\"loop\" muted=\"\" width=\"618\" height=\"346\" data-mce-fragment=\"1\"><source src=\"https:\/\/shared.fastly.steamstatic.com\/store_item_assets\/steam\/apps\/1643320\/extras\/4b696f7d7ad6255631565b673c184ca0.webm?t=1765979308\" \/><\/video><\/p>\n<div class=\"bb_img_icons\">\n<div class=\"bb_img_play_pause playing\" role=\"button\" data-panel=\"{&quot;focusable&quot;:true,&quot;clickOnActivate&quot;:true}\" data-tooltip=\"Tr\u00ecnh duy\u1ec7t c\u1ee7a b\u1ea1n \u0111\u00e3 b\u1eadt thi\u1ebft l\u1eadp gi\u1ea3m chuy\u1ec3n \u0111\u1ed9ng tr\u00ean m\u00e0n h\u00ecnh, n\u00ean \u1ea3nh \u0111\u1ed9ng n\u00e0y s\u1ebd m\u1eb7c \u0111\u1ecbnh t\u1ea1m d\u1eebng.\" data-tooltip-visible=\"false\"><\/div>\n<\/div>\n<h2 class=\"bb_tag\">\u0110A D\u1ea0NG K\u1eba TH\u00d9 V\u00c0 H\u00c0NG TR\u0102M T\u1ed4 H\u1ee2P V\u0168 KH\u00cd<\/h2>\n<p class=\"bb_paragraph\">G\u1eb7p g\u1ee1 c\u00e1c th\u00e0nh vi\u00ean c\u1ee7a nhi\u1ec1u phe ph\u00e1i kh\u00e1c nhau, quy\u1ebft \u0111\u1ecbnh ai x\u1ee9ng \u0111\u00e1ng v\u1edbi t\u00ecnh b\u1ea1n c\u1ee7a b\u1ea1n v\u00e0 ai \u0111\u00e1ng nh\u1eadn m\u1ed9t vi\u00ean \u0111\u1ea1n. Tham gia nh\u1eefng tr\u1eadn \u0111\u1ea5u s\u00fang c\u0103ng th\u1eb3ng v\u1edbi nhi\u1ec1u lo\u1ea1i k\u1ebb th\u00f9 s\u1eed d\u1ee5ng c\u00e1c chi\u1ebfn thu\u1eadt kh\u00e1c nhau nh\u1eb1m \u0111\u00e1nh b\u1ea1i b\u1ea1n. L\u1ef1a ch\u1ecdn v\u0169 kh\u00ed y\u00eau th\u00edch t\u1eeb h\u01a1n 30 lo\u1ea1i s\u00fang c\u00f9ng v\u00f4 s\u1ed1 n\u00e2ng c\u1ea5p, cho ph\u00e9p t\u1ea1o ra h\u00e0ng tr\u0103m t\u1ed5 h\u1ee3p ch\u1ebft ch\u00f3c \u0111\u1ed9c \u0111\u00e1o.<\/p>\n<p><video class=\"bb_img\" poster=\"https:\/\/shared.fastly.steamstatic.com\/store_item_assets\/steam\/apps\/1643320\/extras\/8c017978a951f8ef2f4eb8a7ee6701a6.poster.avif?t=1765979308\" autoplay=\"autoplay\" loop=\"loop\" muted=\"\" width=\"618\" height=\"346\" data-mce-fragment=\"1\"><source src=\"https:\/\/shared.fastly.steamstatic.com\/store_item_assets\/steam\/apps\/1643320\/extras\/8c017978a951f8ef2f4eb8a7ee6701a6.webm?t=1765979308\" \/><\/video><\/p>\n<div class=\"bb_img_icons\">\n<div class=\"bb_img_play_pause playing\" role=\"button\" data-panel=\"{&quot;focusable&quot;:true,&quot;clickOnActivate&quot;:true}\" data-tooltip=\"Tr\u00ecnh duy\u1ec7t c\u1ee7a b\u1ea1n \u0111\u00e3 b\u1eadt thi\u1ebft l\u1eadp gi\u1ea3m chuy\u1ec3n \u0111\u1ed9ng tr\u00ean m\u00e0n h\u00ecnh, n\u00ean \u1ea3nh \u0111\u1ed9ng n\u00e0y s\u1ebd m\u1eb7c \u0111\u1ecbnh t\u1ea1m d\u1eebng.\" data-tooltip-visible=\"false\"><\/div>\n<\/div>\n<h2 class=\"bb_tag\">NH\u1eeeNG D\u1eca NH\u00c2N HUY\u1ec0N THO\u1ea0I V\u1edaI H\u00c0NH VI KH\u00c1C NHAU<\/h2>\n<p class=\"bb_paragraph\">H\u00e3y chu\u1ea9n b\u1ecb \u0111\u1ed1i m\u1eb7t v\u1edbi nh\u1eefng sinh v\u1eadt \u0111\u1ed9t bi\u1ebfn kinh ho\u00e0ng s\u1ebd t\u00ecm c\u00e1ch t\u00e0n s\u00e1t b\u1ea1n theo c\u00e1c m\u00f4 h\u00ecnh h\u00e0nh vi kh\u00e1c nhau. M\u1ed7i d\u1ecb nh\u00e2n c\u00f3 th\u1ec3 xu\u1ea5t hi\u1ec7n d\u01b0\u1edbi nhi\u1ec1u bi\u1ebfn th\u1ec3, khi\u1ebfn h\u00e0nh vi c\u1ee7a ch\u00fang kh\u00f3 \u0111o\u00e1n h\u01a1n. Nh\u1eefng khu v\u1ef1c c\u00f3 hang \u1ed5 v\u1edbi nhi\u1ec1u d\u1ecb nh\u00e2n s\u0103n m\u1ed3i theo b\u1ea7y l\u1edbn th\u1ef1c s\u1ef1 l\u00e0 m\u1ed1i nguy hi\u1ec3m c\u1ef1c \u0111\u1ed9.<\/p>\n<p><video class=\"bb_img\" poster=\"https:\/\/shared.fastly.steamstatic.com\/store_item_assets\/steam\/apps\/1643320\/extras\/1174f706e050e6acf2ec51f4cf74e276.poster.avif?t=1765979308\" autoplay=\"autoplay\" loop=\"loop\" muted=\"\" width=\"618\" height=\"348\" data-mce-fragment=\"1\"><source src=\"https:\/\/shared.fastly.steamstatic.com\/store_item_assets\/steam\/apps\/1643320\/extras\/1174f706e050e6acf2ec51f4cf74e276.webm?t=1765979308\" \/><\/video><\/p>\n<div class=\"bb_img_icons\">\n<div class=\"bb_img_play_pause playing\" role=\"button\" data-panel=\"{&quot;focusable&quot;:true,&quot;clickOnActivate&quot;:true}\" data-tooltip=\"Tr\u00ecnh duy\u1ec7t c\u1ee7a b\u1ea1n \u0111\u00e3 b\u1eadt thi\u1ebft l\u1eadp gi\u1ea3m chuy\u1ec3n \u0111\u1ed9ng tr\u00ean m\u00e0n h\u00ecnh, n\u00ean \u1ea3nh \u0111\u1ed9ng n\u00e0y s\u1ebd m\u1eb7c \u0111\u1ecbnh t\u1ea1m d\u1eebng.\" data-tooltip-visible=\"false\"><\/div>\n<\/div>\n<h2 class=\"bb_tag\">C\u1ed4 V\u1eacT GI\u00c1 TR\u1eca KH\u00d4NG T\u01af\u1edeNG V\u00c0 NH\u1eeeNG D\u1eca TH\u01af\u1edcNG KH\u00d4NG KHOAN NH\u01af\u1ee2NG<\/h2>\n<p class=\"bb_paragraph\">Nh\u1eefng c\u1ed5 v\u1eadt qu\u00fd gi\u00e1 nh\u1ea5t v\u00e0 b\u00ed m\u1eadt c\u1ee7a V\u00f9ng \u0111\u01b0\u1ee3c \u1ea9n gi\u1ea5u t\u1ea1i nh\u1eefng n\u01a1i nguy hi\u1ec3m nh\u1ea5t. H\u00e3y c\u1ea3nh gi\u00e1c v\u1edbi c\u00e1c d\u1ecb th\u01b0\u1eddng nguy hi\u1ec3m v\u00e0 nh\u1eefng si\u00eau d\u1ecb th\u01b0\u1eddng t\u00e0n kh\u1ed1c khi b\u1ea1n s\u0103n l\u00f9ng c\u00e1c c\u1ed5 v\u1eadt gi\u00e1 tr\u1ecb cao r\u1ea3i r\u00e1c kh\u1eafp V\u00f9ng. B\u1ea1n c\u00f3 d\u00e1m kh\u00e1m ph\u00e1 nh\u1eefng b\u00ed \u1ea9n c\u1ee7a V\u00f9ng \u0111\u00e3 c\u01b0\u1edbp \u0111i sinh m\u1ea1ng c\u1ee7a bi\u1ebft bao ng\u01b0\u1eddi tr\u01b0\u1edbc b\u1ea1n kh\u00f4ng?<\/p>\n<p><video class=\"bb_img\" poster=\"https:\/\/shared.fastly.steamstatic.com\/store_item_assets\/steam\/apps\/1643320\/extras\/6cb3b40ecc755492abcdf40670132e30.poster.avif?t=1765979308\" autoplay=\"autoplay\" loop=\"loop\" muted=\"\" width=\"618\" height=\"346\" data-mce-fragment=\"1\"><source src=\"https:\/\/shared.fastly.steamstatic.com\/store_item_assets\/steam\/apps\/1643320\/extras\/6cb3b40ecc755492abcdf40670132e30.webm?t=1765979308\" \/><\/video><\/p>\n<div class=\"bb_img_icons\">\n<div class=\"bb_img_play_pause playing\" role=\"button\" data-panel=\"{&quot;focusable&quot;:true,&quot;clickOnActivate&quot;:true}\" data-tooltip=\"Tr\u00ecnh duy\u1ec7t c\u1ee7a b\u1ea1n \u0111\u00e3 b\u1eadt thi\u1ebft l\u1eadp gi\u1ea3m chuy\u1ec3n \u0111\u1ed9ng tr\u00ean m\u00e0n h\u00ecnh, n\u00ean \u1ea3nh \u0111\u1ed9ng n\u00e0y s\u1ebd m\u1eb7c \u0111\u1ecbnh t\u1ea1m d\u1eebng.\" data-tooltip-visible=\"false\"><\/div>\n<\/div>\n<h2 class=\"bb_tag\">S\u0102N T\u1ed0T NH\u00c9, STALKER!<\/h2>\n<p><video class=\"bb_img\" poster=\"https:\/\/shared.fastly.steamstatic.com\/store_item_assets\/steam\/apps\/1643320\/extras\/e74e4d157adcd486bd2bcb7a01947ccd.poster.avif?t=1765979308\" autoplay=\"autoplay\" loop=\"loop\" muted=\"\" width=\"618\" height=\"348\" data-mce-fragment=\"1\"><source src=\"https:\/\/shared.fastly.steamstatic.com\/store_item_assets\/steam\/apps\/1643320\/extras\/e74e4d157adcd486bd2bcb7a01947ccd.webm?t=1765979308\" \/><\/video><\/p>\n<\/div>\n<\/div>\n<\/div>\n<div class=\"game_page_autocollapse_ctn\">\n<div class=\"game_page_autocollapse sys_req\">\n<h2>Y\u00eau c\u1ea7u h\u1ec7 th\u1ed1ng<\/h2>\n<div class=\"sysreq_contents\">\n<div class=\"game_area_sys_req sysreq_content active\" data-os=\"win\">\n<div class=\"game_area_sys_req_leftCol\">\n<p><strong>T\u1ed1i thi\u1ec3u:<\/strong><\/p>\n<ul>\n<li style=\"list-style-type: none;\">\n<ul class=\"bb_ul\">\n<li><strong>H\u0110H:<\/strong> Windows 10 x64 \/ Windows 11 x64<\/li>\n<li><strong>B\u1ed9 x\u1eed l\u00fd:<\/strong> Intel Core i7-7700K \/ AMD Ryzen 5 1600X<\/li>\n<li><strong>B\u1ed9 nh\u1edb:<\/strong> 16 GB RAM<\/li>\n<li><strong>\u0110\u1ed3 h\u1ecda:<\/strong> Nvidia GeForce GTX 1060 6GB \/ AMD Radeon RX 580 8GB \/ Intel Arc A750<\/li>\n<li><strong>L\u01b0u tr\u1eef:<\/strong> 160 GB ch\u1ed7 tr\u1ed1ng kh\u1ea3 d\u1ee5ng<\/li>\n<li><strong>Ghi ch\u00fa th\u00eam:<\/strong> Graphics Preset: LOW \/ Resolution: 1080p \/ Target FPS: 30. 16 GB Dual Channel RAM. SSD required. The listed specifications were evaluated using TSR and comparable technologies.<\/li>\n<\/ul>\n<\/li>\n<\/ul>\n<\/div>\n<div class=\"game_area_sys_req_rightCol\">\n<p><strong>Khuy\u1ebfn ngh\u1ecb:<\/strong><\/p>\n<ul>\n<li style=\"list-style-type: none;\">\n<ul class=\"bb_ul\">\n<li><strong>H\u0110H:<\/strong> Windows 10 x64 \/ Windows 11 x64<\/li>\n<li><strong>B\u1ed9 x\u1eed l\u00fd:<\/strong> Intel Core i7-11700 \/ AMD Ryzen 7 5800X<\/li>\n<li><strong>B\u1ed9 nh\u1edb:<\/strong> 32 GB RAM<\/li>\n<li><strong>\u0110\u1ed3 h\u1ecda:<\/strong> Nvidia GeForce RTX 3070 Ti \/ Nvidia GeForce RTX 4070 \/ AMD Radeon RX 6800 XT<\/li>\n<li><strong>L\u01b0u tr\u1eef:<\/strong> 160 GB ch\u1ed7 tr\u1ed1ng kh\u1ea3 d\u1ee5ng<\/li>\n<li><strong>Ghi ch\u00fa th\u00eam:<\/strong> Graphics Preset: HIGH \/ Resolution: 1440p \/ Target FPS: 60. 32 GB Dual Channel RAM. SSD required. The above specifications were tested with TSR, DLSS, FSR and XeSS.<\/li>\n<\/ul>\n<\/li>\n<\/ul>\n<\/div>\n<\/div>\n<\/div>\n<\/div>\n<\/div>","protected":false},"excerpt":{"rendered":"<div class=\"game_description_snippet\">\n<div id=\"gameHeaderCtn\" class=\"game_header_ctn\">\n<div class=\"game_description_snippet\">Kh\u00e1m ph\u00e1 V\u00f9ng C\u1ea5m Chornobyl r\u1ed9ng l\u1edbn, \u0111\u1ea7y r\u1eaby k\u1ebb th\u00f9 nguy hi\u1ec3m, nh\u1eefng d\u1ecb th\u01b0\u1eddng ch\u1ebft ch\u00f3c v\u00e0 c\u00e1c c\u1ed5 v\u1eadt quy\u1ec1n n\u0103ng. H\u00e9 l\u1ed9 c\u00e2u chuy\u1ec7n s\u1eed thi c\u1ee7a ri\u00eang b\u1ea1n khi ti\u1ebfn \u0111\u1ebfn Tr\u00e1i Tim c\u1ee7a Chornobyl. H\u00e3y l\u1ef1a ch\u1ecdn m\u1ed9t c\u00e1ch kh\u00f4n ngoan, v\u00ec ch\u00fang s\u1ebd quy\u1ebft \u0111\u1ecbnh s\u1ed1 ph\u1eadn c\u1ee7a b\u1ea1n sau c\u00f9ng.<\/div>\n<\/div>\n<div id=\"glanceMidCtn\" class=\"glance_mid_ctn\">\n<div class=\"glance_ctn_responsive_left\">\n<div id=\"userReviews\" class=\"user_reviews\"><\/div>\n<\/div>\n<\/div>\n<\/div>\n<div class=\"glance_ctn_responsive_left\">\n<div id=\"userReviews\" class=\"user_reviews\"><\/div>\n<\/div>","protected":false},"author":2,"featured_media":16579,"comment_status":"open","ping_status":"closed","template":"","meta":[],"product_brand":[],"product_cat":[354,368,342,349,344,343,353,352,371],"product_tag":[],"loai-tai-khoan":[422],"nam-phat-hanh":[417],"class_list":{"0":"post-253","1":"product","2":"type-product","3":"status-publish","4":"has-post-thumbnail","6":"product_cat-ban-sung-fps-tps","7":"product_cat-goc-nhin-thu-nhat","8":"product_cat-hanh-dong","9":"product_cat-kinh-di","10":"product_cat-nhap-vai","11":"product_cat-phieu-luu","12":"product_cat-sinh-ton","13":"product_cat-the-gioi-mo","14":"product_cat-viet-hoa","15":"loai-tai-khoan-game-offline","16":"nam-phat-hanh-417","18":"first","19":"instock","20":"sale","21":"downloadable","22":"virtual","23":"purchasable","24":"product-type-simple"},"_links":{"self":[{"href":"https:\/\/toimuagame.com\/en\/wp-json\/wp\/v2\/product\/253","targetHints":{"allow":["GET"]}}],"collection":[{"href":"https:\/\/toimuagame.com\/en\/wp-json\/wp\/v2\/product"}],"about":[{"href":"https:\/\/toimuagame.com\/en\/wp-json\/wp\/v2\/types\/product"}],"author":[{"embeddable":true,"href":"https:\/\/toimuagame.com\/en\/wp-json\/wp\/v2\/users\/2"}],"replies":[{"embeddable":true,"href":"https:\/\/toimuagame.com\/en\/wp-json\/wp\/v2\/comments?post=253"}],"version-history":[{"count":0,"href":"https:\/\/toimuagame.com\/en\/wp-json\/wp\/v2\/product\/253\/revisions"}],"wp:featuredmedia":[{"embeddable":true,"href":"https:\/\/toimuagame.com\/en\/wp-json\/wp\/v2\/media\/16579"}],"wp:attachment":[{"href":"https:\/\/toimuagame.com\/en\/wp-json\/wp\/v2\/media?parent=253"}],"wp:term":[{"taxonomy":"product_brand","embeddable":true,"href":"https:\/\/toimuagame.com\/en\/wp-json\/wp\/v2\/product_brand?post=253"},{"taxonomy":"product_cat","embeddable":true,"href":"https:\/\/toimuagame.com\/en\/wp-json\/wp\/v2\/product_cat?post=253"},{"taxonomy":"product_tag","embeddable":true,"href":"https:\/\/toimuagame.com\/en\/wp-json\/wp\/v2\/product_tag?post=253"},{"taxonomy":"loai-tai-khoan","embeddable":true,"href":"https:\/\/toimuagame.com\/en\/wp-json\/wp\/v2\/loai-tai-khoan?post=253"},{"taxonomy":"nam-phat-hanh","embeddable":true,"href":"https:\/\/toimuagame.com\/en\/wp-json\/wp\/v2\/nam-phat-hanh?post=253"}],"curies":[{"name":"wp","href":"https:\/\/api.w.org\/{rel}","templated":true}]}}