{"id":252,"date":"2025-01-14T14:40:29","date_gmt":"2025-01-14T14:40:29","guid":{"rendered":"https:\/\/dummy.xtemos.com\/woodmart2\/marketplace2-elementor\/?post_type=product&#038;p=252"},"modified":"2026-02-14T15:57:56","modified_gmt":"2026-02-14T08:57:56","slug":"horizon-zero-dawn-steam-offline","status":"publish","type":"product","link":"https:\/\/toimuagame.com\/en\/horizon-zero-dawn-steam-offline\/","title":{"rendered":"Horizon Zero Dawn\u2122 Remastered &#8211; Steam Offline"},"content":{"rendered":"<p><strong><span style=\"font-size: 18pt; color: #333333; font-family: arial, helvetica, sans-serif;\">Nh\u1eadn t\u00e0i kho\u1ea3n Steam s\u1eb5n Game sau khi thanh to\u00e1n<\/span><\/strong><\/p>\n<ul>\n<li><span style=\"font-family: arial, helvetica, sans-serif; font-size: 12pt;\" data-contrast=\"auto\">Ch\u01a1i Offline, l\u01b0u ti\u1ebfn tr\u00ecnh ri\u00eang, kh\u00f4ng lo m\u1ea5t Save, tho\u1ea3i m\u00e1i Update<\/span><\/li>\n<li style=\"text-align: left;\"><span style=\"font-family: arial, helvetica, sans-serif; font-size: 12pt;\" data-contrast=\"auto\">S\u1edf h\u1eefu v\u0129nh vi\u1ec5n, kh\u00f4ng gi\u1edbi h\u1ea1n th\u1eddi gian<\/span><\/li>\n<li style=\"text-align: left;\"><span style=\"font-family: arial, helvetica, sans-serif; font-size: 12pt;\" data-contrast=\"auto\">Ti\u1ebft ki\u1ec7m t\u1edbi h\u01a1n 90% so v\u1edbi mua t\u1eeb Steam<\/span><\/li>\n<li style=\"text-align: left;\"><span style=\"font-family: arial, helvetica, sans-serif; font-size: 12pt;\" data-contrast=\"auto\"> H\u1ed7 tr\u1ee3 Vi\u1ec7t H\u00f3a mi\u1ec5n ph\u00ed, mang l\u1ea1i tr\u1ea3i nghi\u1ec7m \u0111\u1ea7y \u0111\u1ee7<\/span><\/li>\n<li style=\"text-align: left;\"><span style=\"font-family: arial, helvetica, sans-serif; font-size: 12pt;\" data-contrast=\"auto\">Tho\u1ea3i m\u00e1i c\u00e0i Mods, Workshop, Trainer theo \u00fd mu\u1ed1n<\/span><\/li>\n<li style=\"text-align: left;\"><span style=\"font-family: arial, helvetica, sans-serif; font-size: 12pt;\" data-contrast=\"auto\"> D\u00f9ng cho 1 thi\u1ebft b\u1ecb, kh\u00f4ng \u0111\u1ed5i \u0111\u01b0\u1ee3c email\/m\u1eadt kh\u1ea9u, kh\u00f4ng d\u00f9ng cho Net v\u00e0 Cloud Gaming<\/span><\/li>\n<li style=\"text-align: left;\"><span style=\"font-family: arial, helvetica, sans-serif; font-size: 12pt;\" data-contrast=\"auto\"> B\u1ea3o h\u00e0nh nhanh ch\u00f3ng n\u1ebfu g\u1eb7p s\u1ef1 c\u1ed1 v\u1ec1 t\u00e0i kho\u1ea3n<\/span><\/li>\n<li style=\"text-align: left;\"><span style=\"font-family: arial, helvetica, sans-serif; font-size: 12pt;\">H\u01b0\u1edbng d\u1eabn s\u1eed d\u1ee5ng chi ti\u1ebft t\u00e0i kho\u1ea3n Steam Offline v\u00e0 b\u1ea3o h\u00e0nh trong su\u1ed1t qu\u00e1 tr\u00ecnh ch\u01a1i Game<\/span><\/li>\n<\/ul>\n<div class=\"game_page_autocollapse_ctn\">\n<div id=\"aboutThisGame\" class=\"game_page_autocollapse\" data-panel=\"{&quot;type&quot;:&quot;PanelGroup&quot;}\">\n<div id=\"game_area_description\" class=\"game_area_description\">\n<div class=\"game_page_autocollapse_ctn\">\n<div id=\"aboutThisGame\" class=\"game_page_autocollapse\" data-panel=\"{&quot;type&quot;:&quot;PanelGroup&quot;}\">\n<div id=\"game_area_description\" class=\"game_area_description\">\n<h2><span dir=\"auto\">V\u1ec1 tr\u00f2 ch\u01a1i n\u00e0y<\/span><\/h2>\n<p class=\"bb_paragraph\"><span dir=\"auto\">Phi\u00ean b\u1ea3n bao g\u1ed3m:<\/span><\/p>\n<p class=\"bb_paragraph\"><span dir=\"auto\">Horizon Zero Dawn\u2122 C\u1ea3i ti\u1ebfn<\/span><\/p>\n<h2 class=\"bb_tag\"><strong><span dir=\"auto\">TR\u00c1I \u0110\u1ea4T KH\u00d4NG C\u00d2N THU\u1ed8C V\u1ec0 CH\u00daNG TA N\u1eeeA<\/span><\/strong><\/h2>\n<p data-start=\"42\" data-end=\"246\">Kh\u00e1m ph\u00e1 m\u1ed9t th\u1ebf gi\u1edbi r\u1ed9ng l\u1edbn, s\u1ed1ng \u0111\u1ed9ng, tr\u00e0n ng\u1eadp nh\u1eefng c\u1ed7 m\u00e1y \u0111\u00e1ng s\u1ee3 v\u00e0 nh\u1eefng t\u00e0n t\u00edch b\u00ed \u1ea9n c\u1ee7a m\u1ed9t n\u1ec1n v\u0103n minh \u0111\u00e3 m\u1ea5t t\u1eeb l\u00e2u, \u0111\u01b0\u1ee3c l\u00e0m l\u1ea1i v\u1edbi h\u00ecnh \u1ea3nh tuy\u1ec7t \u0111\u1eb9p v\u00e0 c\u00e1c t\u00ednh n\u0103ng m\u1edbi d\u00e0nh cho PC.\u00b9<\/p>\n<p data-start=\"248\" data-end=\"461\">C\u1ea7m cung v\u00e0 gi\u00e1o trong vai Aloy, m\u1ed9t n\u1eef th\u1ee3 s\u0103n m\u00e1y tr\u1ebb tu\u1ed5i v\u00e0 l\u00e0 k\u1ebb b\u1ecb b\u1ed9 t\u1ed9c ru\u1ed3ng b\u1ecf, khi c\u00f4 kh\u00e1m ph\u00e1 ngu\u1ed3n g\u1ed1c c\u1ee7a m\u00ecnh, s\u1ef1 th\u1eadt v\u1ec1 th\u1ebf gi\u1edbi b\u00ed \u1ea9n n\u00e0y v\u00e0 s\u1ed1 ph\u1eadn c\u1ee7a ch\u00ednh m\u00ecnh \u0111\u1ec3 c\u1ee9u n\u00f3 kh\u1ecfi th\u1ea3m h\u1ecda c\u1eadn k\u1ec1.<\/p>\n<p data-start=\"463\" data-end=\"604\">Tr\u00ean h\u00e0nh tr\u00ecnh c\u1ee7a m\u00ecnh, Aloy s\u1ebd ch\u1ea1m tr\u00e1n nh\u1eefng b\u1ed9 l\u1ea1c \u0111\u1ed9c \u0111\u00e1o, nh\u1eefng khu \u0111\u1ecbnh c\u01b0 s\u00f4i \u0111\u1ed9ng c\u00f9ng c\u00e1c nh\u00e2n v\u1eadt v\u00e0 b\u1ea1n \u0111\u1ed3ng h\u00e0nh \u0111\u1ea7y cu\u1ed1n h\u00fat.<\/p>\n<p data-start=\"606\" data-end=\"789\">Nh\u01b0ng th\u1ebf gi\u1edbi m\u1edf n\u00e0y c\u0169ng \u0111\u1ea7y r\u1eaby \u0111\u1ed9ng v\u1eadt hoang d\u00e3 v\u00e0 hi\u1ec3m nguy. Nh\u1eefng c\u1ed7 m\u00e1y th\u00f9 \u0111\u1ecbch v\u1eeba h\u00f9ng v\u0129 v\u1eeba ch\u1ebft ch\u00f3c tu\u1ea7n tra kh\u1eafp khung c\u1ea3nh tr\u00e1ng l\u1ec7, b\u1ecb tha h\u00f3a b\u1edfi m\u1ed9t th\u1ebf l\u1ef1c b\u00ed \u1ea9n.<\/p>\n<p data-start=\"791\" data-end=\"973\">Trong chi\u1ebfn \u0111\u1ea5u, b\u1ea1n s\u1ebd tung ra nh\u1eefng \u0111\u00f2n t\u1ea5n c\u00f4ng chi\u1ebfn thu\u1eadt t\u00e0n kh\u1ed1c, s\u1eed d\u1ee5ng kho v\u0169 kh\u00ed \u0111a d\u1ea1ng v\u00e0 h\u1ea5p d\u1eabn \u0111\u1ec3 \u0111\u1ed1i \u0111\u1ea7u v\u1edbi c\u00e1c c\u1ed7 m\u00e1y \u0111\u00e1ng s\u1ee3 v\u00e0 nh\u1eefng phe ph\u00e1i \u0111\u1ed1i \u0111\u1ecbch x\u1ea3o quy\u1ec7t.<\/p>\n<p data-start=\"975\" data-end=\"1206\">Horizon Zero Dawn\u2122 l\u00e0 m\u1ed9t t\u1ef1a game nh\u1eadp vai h\u00e0nh \u0111\u1ed9ng t\u1eebng \u0111o\u1ea1t nhi\u1ec1u gi\u1ea3i th\u01b0\u1edfng, v\u00e0 phi\u00ean b\u1ea3n Remastered n\u00e0y t\u00e1i hi\u1ec7n th\u1ebf gi\u1edbi hoang d\u00e3 \u0111\u01b0\u1ee3c y\u00eau m\u1ebfn c\u1ee7a Aloy v\u1edbi \u0111\u1ed9 ch\u00e2n th\u1ef1c cao h\u01a1n n\u1eefa nh\u1edd s\u1ee9c m\u1ea1nh v\u00e0 ti\u1ec1m n\u0103ng c\u1ee7a n\u1ec1n t\u1ea3ng PC.<\/p>\n<p data-start=\"1208\" data-end=\"1326\" data-is-last-node=\"\" data-is-only-node=\"\">Phi\u00ean b\u1ea3n n\u00e0y c\u0169ng bao g\u1ed3m The Frozen Wilds, m\u1ed9t b\u1ea3n m\u1edf r\u1ed9ng \u0111\u1ed3 s\u1ed9 v\u1edbi nh\u1eefng v\u00f9ng \u0111\u1ea5t, k\u1ef9 n\u0103ng, v\u0169 kh\u00ed v\u00e0 m\u00e1y m\u00f3c m\u1edbi.<\/p>\n<\/div>\n<\/div>\n<\/div>\n<div class=\"game_page_autocollapse_ctn\">\n<div class=\"game_page_autocollapse sys_req\">\n<h2>Y\u00eau c\u1ea7u h\u1ec7 th\u1ed1ng<\/h2>\n<div class=\"sysreq_contents\">\n<div class=\"game_area_sys_req sysreq_content active\" data-os=\"win\">\n<div class=\"game_area_sys_req_leftCol\"><strong>T\u1ed1i thi\u1ec3u:<\/strong><\/p>\n<ul>\n<li style=\"list-style-type: none;\">\n<ul class=\"bb_ul\">\n<li>Y\u00eau c\u1ea7u vi x\u1eed l\u00fd v\u00e0 h\u1ec7 \u0111i\u1ec1u h\u00e0nh \u0111\u1ec1u ch\u1ea1y 64-bit<\/li>\n<li><strong>H\u0110H:<\/strong> Windows 10 64-bit (version 1909 or higher)<\/li>\n<li><strong>B\u1ed9 x\u1eed l\u00fd:<\/strong> Intel Core i3-8100 or AMD Ryzen 3 1300X<\/li>\n<li><strong>B\u1ed9 nh\u1edb:<\/strong> 16 GB RAM<\/li>\n<li><strong>\u0110\u1ed3 h\u1ecda:<\/strong> NVIDIA GeForce GTX 1650 4GB or AMD Radeon RX 5500 XT 4GB<\/li>\n<li><strong>L\u01b0u tr\u1eef:<\/strong> 135 GB ch\u1ed7 tr\u1ed1ng kh\u1ea3 d\u1ee5ng<\/li>\n<li><strong>Ghi ch\u00fa th\u00eam:<\/strong> 135GB SSD Space<\/li>\n<\/ul>\n<\/li>\n<\/ul>\n<\/div>\n<div class=\"game_area_sys_req_rightCol\"><strong>Khuy\u1ebfn ngh\u1ecb:<\/strong><\/p>\n<ul>\n<li style=\"list-style-type: none;\">\n<ul class=\"bb_ul\">\n<li>Y\u00eau c\u1ea7u vi x\u1eed l\u00fd v\u00e0 h\u1ec7 \u0111i\u1ec1u h\u00e0nh \u0111\u1ec1u ch\u1ea1y 64-bit<\/li>\n<li><strong>H\u0110H:<\/strong> Windows 10 64-bit (version 1909 or higher)<\/li>\n<li><strong>B\u1ed9 x\u1eed l\u00fd:<\/strong> Intel Core i5-8600 or AMD Ryzen 5 3600<\/li>\n<li><strong>B\u1ed9 nh\u1edb:<\/strong> 16 GB RAM<\/li>\n<li><strong>\u0110\u1ed3 h\u1ecda:<\/strong> NVIDIA GeForce RTX 3060 or AMD Radeon RX 5700<\/li>\n<li><strong>L\u01b0u tr\u1eef:<\/strong> 135 GB ch\u1ed7 tr\u1ed1ng kh\u1ea3 d\u1ee5ng<\/li>\n<li><strong>Ghi ch\u00fa th\u00eam:<\/strong> 135GB SSD Space<\/li>\n<\/ul>\n<\/li>\n<\/ul>\n<\/div>\n<\/div>\n<\/div>\n<\/div>\n<\/div>\n<\/div>\n<\/div>\n<\/div>","protected":false},"excerpt":{"rendered":"<div class=\"game_description_snippet\">\n<div id=\"gameHeaderCtn\" class=\"game_header_ctn\">\n<div class=\"game_description_snippet\">\n<div id=\"gameHeaderCtn\" class=\"game_header_ctn\">\n<div class=\"game_description_snippet\">Tr\u1ea3i nghi\u1ec7m Horizon Zero Dawn\u2122 \u2013 t\u1ef1a game \u0111\u01b0\u1ee3c gi\u1edbi ph\u00ea b\u00ecnh \u0111\u00e1nh gi\u00e1 cao \u2013 v\u1edbi h\u00ecnh \u1ea3nh tuy\u1ec7t \u0111\u1eb9p \u0111\u01b0\u1ee3c n\u00e2ng c\u1ea5p c\u00f9ng nhi\u1ec1u t\u00ednh n\u0103ng c\u1ea3i ti\u1ebfn. Trong m\u1ed9t t\u01b0\u01a1ng lai xa, n\u01a1i nh\u1eefng c\u1ed7 m\u00e1y kh\u1ed5ng l\u1ed3 lang thang kh\u1eafp Tr\u00e1i \u0110\u1ea5t, nh\u1eefng nh\u00f3m ng\u01b0\u1eddi c\u00f2n s\u00f3t l\u1ea1i sinh t\u1ed3n trong c\u00e1c b\u1ed9 l\u1ea1c \u0111\u1ed9c \u0111\u00e1o gi\u1eefa nh\u1eefng t\u00e0n t\u00edch xanh t\u01b0\u01a1i, um t\u00f9m c\u1ee7a n\u1ec1n v\u0103n minh \u0111\u00e3 m\u1ea5t t\u1eeb l\u00e2u c\u1ee7a ch\u00fang ta.<\/div>\n<\/div>\n<div id=\"glanceMidCtn\" class=\"glance_mid_ctn\">\n<div class=\"glance_ctn_responsive_left\">\n<div id=\"userReviews\" class=\"user_reviews\"><\/div>\n<\/div>\n<\/div>\n<\/div>\n<\/div>\n<\/div>","protected":false},"author":2,"featured_media":16568,"comment_status":"open","ping_status":"closed","template":"","meta":[],"product_brand":[],"product_cat":[369,342,344,343,353,352,371],"product_tag":[],"loai-tai-khoan":[422],"nam-phat-hanh":[417],"class_list":{"0":"post-252","1":"product","2":"type-product","3":"status-publish","4":"has-post-thumbnail","6":"product_cat-goc-nhin-thu-ba","7":"product_cat-hanh-dong","8":"product_cat-nhap-vai","9":"product_cat-phieu-luu","10":"product_cat-sinh-ton","11":"product_cat-the-gioi-mo","12":"product_cat-viet-hoa","13":"loai-tai-khoan-game-offline","14":"nam-phat-hanh-417","16":"first","17":"instock","18":"sale","19":"downloadable","20":"virtual","21":"purchasable","22":"product-type-simple"},"_links":{"self":[{"href":"https:\/\/toimuagame.com\/en\/wp-json\/wp\/v2\/product\/252","targetHints":{"allow":["GET"]}}],"collection":[{"href":"https:\/\/toimuagame.com\/en\/wp-json\/wp\/v2\/product"}],"about":[{"href":"https:\/\/toimuagame.com\/en\/wp-json\/wp\/v2\/types\/product"}],"author":[{"embeddable":true,"href":"https:\/\/toimuagame.com\/en\/wp-json\/wp\/v2\/users\/2"}],"replies":[{"embeddable":true,"href":"https:\/\/toimuagame.com\/en\/wp-json\/wp\/v2\/comments?post=252"}],"version-history":[{"count":0,"href":"https:\/\/toimuagame.com\/en\/wp-json\/wp\/v2\/product\/252\/revisions"}],"wp:featuredmedia":[{"embeddable":true,"href":"https:\/\/toimuagame.com\/en\/wp-json\/wp\/v2\/media\/16568"}],"wp:attachment":[{"href":"https:\/\/toimuagame.com\/en\/wp-json\/wp\/v2\/media?parent=252"}],"wp:term":[{"taxonomy":"product_brand","embeddable":true,"href":"https:\/\/toimuagame.com\/en\/wp-json\/wp\/v2\/product_brand?post=252"},{"taxonomy":"product_cat","embeddable":true,"href":"https:\/\/toimuagame.com\/en\/wp-json\/wp\/v2\/product_cat?post=252"},{"taxonomy":"product_tag","embeddable":true,"href":"https:\/\/toimuagame.com\/en\/wp-json\/wp\/v2\/product_tag?post=252"},{"taxonomy":"loai-tai-khoan","embeddable":true,"href":"https:\/\/toimuagame.com\/en\/wp-json\/wp\/v2\/loai-tai-khoan?post=252"},{"taxonomy":"nam-phat-hanh","embeddable":true,"href":"https:\/\/toimuagame.com\/en\/wp-json\/wp\/v2\/nam-phat-hanh?post=252"}],"curies":[{"name":"wp","href":"https:\/\/api.w.org\/{rel}","templated":true}]}}