{"id":251,"date":"2025-01-14T14:40:29","date_gmt":"2025-01-14T14:40:29","guid":{"rendered":"https:\/\/dummy.xtemos.com\/woodmart2\/marketplace2-elementor\/?post_type=product&#038;p=251"},"modified":"2026-02-14T16:18:39","modified_gmt":"2026-02-14T09:18:39","slug":"mafia-definitive-edition-steam-offline","status":"publish","type":"product","link":"https:\/\/toimuagame.com\/en\/mafia-definitive-edition-steam-offline\/","title":{"rendered":"Mafia: Definitive Edition &#8211; Steam Offline"},"content":{"rendered":"<p><strong><span style=\"font-size: 18pt; color: #333333; font-family: arial, helvetica, sans-serif;\">Nh\u1eadn t\u00e0i kho\u1ea3n Steam s\u1eb5n Game sau khi thanh to\u00e1n<\/span><\/strong><\/p>\n<ul>\n<li><span style=\"font-family: arial, helvetica, sans-serif; font-size: 12pt;\" data-contrast=\"auto\">Ch\u01a1i Offline, l\u01b0u ti\u1ebfn tr\u00ecnh ri\u00eang, kh\u00f4ng lo m\u1ea5t Save, tho\u1ea3i m\u00e1i Update<\/span><\/li>\n<li style=\"text-align: left;\"><span style=\"font-family: arial, helvetica, sans-serif; font-size: 12pt;\" data-contrast=\"auto\">S\u1edf h\u1eefu v\u0129nh vi\u1ec5n, kh\u00f4ng gi\u1edbi h\u1ea1n th\u1eddi gian<\/span><\/li>\n<li style=\"text-align: left;\"><span style=\"font-family: arial, helvetica, sans-serif; font-size: 12pt;\" data-contrast=\"auto\">Ti\u1ebft ki\u1ec7m t\u1edbi h\u01a1n 90% so v\u1edbi mua t\u1eeb Steam<\/span><\/li>\n<li style=\"text-align: left;\"><span style=\"font-family: arial, helvetica, sans-serif; font-size: 12pt;\" data-contrast=\"auto\"> H\u1ed7 tr\u1ee3 Vi\u1ec7t H\u00f3a mi\u1ec5n ph\u00ed, mang l\u1ea1i tr\u1ea3i nghi\u1ec7m \u0111\u1ea7y \u0111\u1ee7<\/span><\/li>\n<li style=\"text-align: left;\"><span style=\"font-family: arial, helvetica, sans-serif; font-size: 12pt;\" data-contrast=\"auto\">Tho\u1ea3i m\u00e1i c\u00e0i Mods, Workshop, Trainer theo \u00fd mu\u1ed1n<\/span><\/li>\n<li style=\"text-align: left;\"><span style=\"font-family: arial, helvetica, sans-serif; font-size: 12pt;\" data-contrast=\"auto\"> D\u00f9ng cho 1 thi\u1ebft b\u1ecb, kh\u00f4ng \u0111\u1ed5i \u0111\u01b0\u1ee3c email\/m\u1eadt kh\u1ea9u, kh\u00f4ng d\u00f9ng cho Net v\u00e0 Cloud Gaming<\/span><\/li>\n<li style=\"text-align: left;\"><span style=\"font-family: arial, helvetica, sans-serif; font-size: 12pt;\" data-contrast=\"auto\"> B\u1ea3o h\u00e0nh nhanh ch\u00f3ng n\u1ebfu g\u1eb7p s\u1ef1 c\u1ed1 v\u1ec1 t\u00e0i kho\u1ea3n<\/span><\/li>\n<li style=\"text-align: left;\"><span style=\"font-family: arial, helvetica, sans-serif; font-size: 12pt;\">H\u01b0\u1edbng d\u1eabn s\u1eed d\u1ee5ng chi ti\u1ebft t\u00e0i kho\u1ea3n Steam Offline v\u00e0 b\u1ea3o h\u00e0nh trong su\u1ed1t qu\u00e1 tr\u00ecnh ch\u01a1i Game<\/span><\/li>\n<\/ul>\n<div class=\"game_page_autocollapse_ctn\">\n<div id=\"aboutThisGame\" class=\"game_page_autocollapse\" data-panel=\"{&quot;type&quot;:&quot;PanelGroup&quot;}\">\n<div id=\"game_area_description\" class=\"game_area_description\">\n<h2>V\u1ec1 tr\u00f2 ch\u01a1i n\u00e0y<\/h2>\n<p data-start=\"21\" data-end=\"101\"><strong data-start=\"21\" data-end=\"101\">Ph\u1ea7n m\u1ed9t c\u1ee7a thi\u00ean s\u1eed t\u1ed9i ph\u1ea1m Mafia \u2013 th\u1eadp ni\u00ean 1930, Lost Heaven, Illinois<\/strong><\/p>\n<p data-start=\"103\" data-end=\"496\">\u0110\u01b0\u1ee3c l\u00e0m l\u1ea1i ho\u00e0n to\u00e0n t\u1eeb \u0111\u1ea7u, b\u1ea1n s\u1ebd t\u1eebng b\u01b0\u1edbc leo l\u00ean c\u00e1c c\u1ea5p b\u1eadc c\u1ee7a Mafia trong th\u1eddi k\u1ef3 C\u1ea5m r\u01b0\u1ee3u \u2013 giai \u0111o\u1ea1n t\u1ed9i ph\u1ea1m c\u00f3 t\u1ed5 ch\u1ee9c ho\u00e0nh h\u00e0nh m\u1ea1nh m\u1ebd. Sau m\u1ed9t l\u1ea7n ch\u1ea1m tr\u00e1n v\u1edbi mafia, anh t\u00e0i x\u1ebf taxi Tommy Angelo b\u1ecb cu\u1ed1n v\u00e0o th\u1ebf gi\u1edbi ng\u1ea7m \u0111\u1ea7y ch\u1ebft ch\u00f3c. Ban \u0111\u1ea7u c\u00f2n do d\u1ef1 khi gia nh\u1eadp gia \u0111\u00ecnh t\u1ed9i ph\u1ea1m Salieri, nh\u01b0ng Tommy s\u1edbm nh\u1eadn ra nh\u1eefng ph\u1ea7n th\u01b0\u1edfng ph\u00eda tr\u01b0\u1edbc qu\u00e1 l\u1edbn \u0111\u1ec3 c\u00f3 th\u1ec3 l\u00e0m ng\u01a1.<\/p>\n<h2 class=\"bb_tag\"><strong data-start=\"498\" data-end=\"531\">S\u1ed1ng trong m\u1ed9t b\u1ed9 phim mafia:<\/strong><\/h2>\n<p class=\"bb_paragraph\">Tr\u1ea3i nghi\u1ec7m cu\u1ed9c \u0111\u1eddi c\u1ee7a m\u1ed9t tay giang h\u1ed3 th\u1eddi k\u1ef3 C\u1ea5m r\u01b0\u1ee3u v\u00e0 v\u01b0\u01a1n l\u00ean trong h\u00e0ng ng\u0169 Mafia.<\/p>\n<h2 class=\"bb_tag\"><strong data-start=\"627\" data-end=\"653\">Lost Heaven, IL:<\/strong><\/h2>\n<p class=\"bb_paragraph\">Th\u00e0nh ph\u1ed1 th\u1eadp ni\u00ean 1930 \u0111\u01b0\u1ee3c t\u00e1i hi\u1ec7n ch\u00e2n th\u1ef1c, v\u1edbi ki\u1ebfn tr\u00fac th\u1eddi k\u1ef3 gi\u1eefa hai cu\u1ed9c th\u1ebf chi\u1ebfn, nh\u1eefng m\u1eabu xe c\u1ed5 v\u00e0 n\u00e9t v\u0103n h\u00f3a \u0111\u1eb7c tr\u01b0ng \u0111\u1ec3 b\u1ea1n kh\u00e1m ph\u00e1, l\u1eafng nghe v\u00e0 t\u01b0\u01a1ng t\u00e1c.<\/p>\n<h2 class=\"bb_tag\"><strong data-start=\"835\" data-end=\"864\">Huy\u1ec1n tho\u1ea1i \u0111\u01b0\u1ee3c l\u00e0m l\u1ea1i:<\/strong><\/h2>\n<p class=\"bb_paragraph\">T\u00e1i hi\u1ec7n trung th\u00e0nh b\u1ea3n g\u1ed1c, \u0111\u1ed3ng th\u1eddi m\u1edf r\u1ed9ng c\u1ed1t truy\u1ec7n, c\u1ea3i ti\u1ebfn l\u1ed1i ch\u01a1i v\u00e0 gi\u1eef nguy\u00ean ph\u1ea7n nh\u1ea1c n\u1ec1n kinh \u0111i\u1ec3n. \u0110\u00e2y ch\u00ednh l\u00e0 Mafia m\u00e0 b\u1ea1n t\u1eebng nh\u1edb \u2014 v\u00e0 c\u00f2n h\u01a1n th\u1ebf n\u1eefa.<\/p>\n<p class=\"bb_paragraph\">S\u1edf h\u1eefu Mafia: Definitive Edition \u0111\u1ec3 m\u1edf kh\u00f3a b\u1ed9 vest c\u1ee7a Tommy v\u00e0 chi\u1ebfc taxi c\u1ee7a anh trong c\u1ea3 Mafia II v\u00e0 Mafia III Definitive Edition.<\/p>\n<\/div>\n<\/div>\n<\/div>\n<div class=\"game_page_autocollapse_ctn\">\n<div class=\"game_page_autocollapse sys_req\">\n<h2>Y\u00eau c\u1ea7u h\u1ec7 th\u1ed1ng<\/h2>\n<div class=\"sysreq_contents\">\n<div class=\"game_area_sys_req sysreq_content active\" data-os=\"win\">\n<div class=\"game_area_sys_req_leftCol\">\n<p><strong>T\u1ed1i thi\u1ec3u:<\/strong><\/p>\n<ul>\n<li style=\"list-style-type: none;\">\n<ul class=\"bb_ul\">\n<li>Y\u00eau c\u1ea7u vi x\u1eed l\u00fd v\u00e0 h\u1ec7 \u0111i\u1ec1u h\u00e0nh \u0111\u1ec1u ch\u1ea1y 64-bit<\/li>\n<li><strong>H\u0110H:<\/strong> Windows 10 64-bit<\/li>\n<li><strong>B\u1ed9 x\u1eed l\u00fd:<\/strong> Intel Core-i5 2550K 3.4GHz \/ AMD FX 8120 3.1 GHz<\/li>\n<li><strong>B\u1ed9 nh\u1edb:<\/strong> 6 GB RAM<\/li>\n<li><strong>\u0110\u1ed3 h\u1ecda:<\/strong> NVIDIA GeForce GTX 660 \/ AMD Radeon HD 7870<\/li>\n<li><strong>DirectX:<\/strong> Phi\u00ean b\u1ea3n 11<\/li>\n<li><strong>L\u01b0u tr\u1eef:<\/strong> 50 GB ch\u1ed7 tr\u1ed1ng kh\u1ea3 d\u1ee5ng<\/li>\n<li><strong>Card \u00e2m thanh:<\/strong> DirectX Compatible<\/li>\n<\/ul>\n<\/li>\n<\/ul>\n<\/div>\n<div class=\"game_area_sys_req_rightCol\">\n<p><strong>Khuy\u1ebfn ngh\u1ecb:<\/strong><\/p>\n<ul>\n<li style=\"list-style-type: none;\">\n<ul class=\"bb_ul\">\n<li>Y\u00eau c\u1ea7u vi x\u1eed l\u00fd v\u00e0 h\u1ec7 \u0111i\u1ec1u h\u00e0nh \u0111\u1ec1u ch\u1ea1y 64-bit<\/li>\n<li><strong>H\u0110H:<\/strong> Windows 10 64-bit<\/li>\n<li><strong>B\u1ed9 x\u1eed l\u00fd:<\/strong> Intel Core-i7 3770 3.4GHz \/ AMD FX-8350 4.2GHz<\/li>\n<li><strong>B\u1ed9 nh\u1edb:<\/strong> 16 GB RAM<\/li>\n<li><strong>\u0110\u1ed3 h\u1ecda:<\/strong> NVIDIA GeForce GTX 1080 \/ AMD Radeon RX 5700<\/li>\n<li><strong>DirectX:<\/strong> Phi\u00ean b\u1ea3n 11<\/li>\n<li><strong>L\u01b0u tr\u1eef:<\/strong> 50 GB ch\u1ed7 tr\u1ed1ng kh\u1ea3 d\u1ee5ng<\/li>\n<li><strong>Card \u00e2m thanh:<\/strong> DirectX Compatible<\/li>\n<\/ul>\n<\/li>\n<\/ul>\n<\/div>\n<\/div>\n<\/div>\n<\/div>\n<\/div>","protected":false},"excerpt":{"rendered":"<div class=\"game_description_snippet\">\n<div id=\"gameHeaderCtn\" class=\"game_header_ctn\">\n<div class=\"game_description_snippet\">M\u1ed9t cu\u1ed9c va ch\u1ea1m ngo\u00e0i \u00fd mu\u1ed1n v\u1edbi b\u0103ng \u0111\u1ea3ng mafia \u0111\u00e3 \u0111\u1ea9y anh t\u00e0i x\u1ebf taxi Tommy Angelo v\u00e0o th\u1ebf gi\u1edbi t\u1ed9i ph\u1ea1m c\u00f3 t\u1ed5 ch\u1ee9c. Ban \u0111\u1ea7u anh c\u00f2n do d\u1ef1 v\u00e0 b\u1ea5t an khi d\u1ea5n th\u00e2n theo gia \u0111\u00ecnh Salieri, nh\u01b0ng nh\u1eefng l\u1ee3i \u00edch v\u00e0 ph\u1ea7n th\u01b0\u1edfng ng\u00e0y c\u00e0ng l\u1edbn khi\u1ebfn anh kh\u00f4ng th\u1ec3 l\u00e0m ng\u01a1.<\/div>\n<\/div>\n<\/div>","protected":false},"author":2,"featured_media":16557,"comment_status":"open","ping_status":"closed","template":"","meta":[],"product_brand":[290],"product_cat":[348,354,342,344,343,353,371],"product_tag":[],"loai-tai-khoan":[422],"nam-phat-hanh":[414],"class_list":{"0":"post-251","1":"product","2":"type-product","3":"status-publish","4":"has-post-thumbnail","6":"product_brand-2k","7":"product_cat-dua-xe","8":"product_cat-ban-sung-fps-tps","9":"product_cat-hanh-dong","10":"product_cat-nhap-vai","11":"product_cat-phieu-luu","12":"product_cat-sinh-ton","13":"product_cat-viet-hoa","14":"loai-tai-khoan-game-offline","15":"nam-phat-hanh-414","17":"first","18":"instock","19":"sale","20":"downloadable","21":"virtual","22":"purchasable","23":"product-type-simple"},"_links":{"self":[{"href":"https:\/\/toimuagame.com\/en\/wp-json\/wp\/v2\/product\/251","targetHints":{"allow":["GET"]}}],"collection":[{"href":"https:\/\/toimuagame.com\/en\/wp-json\/wp\/v2\/product"}],"about":[{"href":"https:\/\/toimuagame.com\/en\/wp-json\/wp\/v2\/types\/product"}],"author":[{"embeddable":true,"href":"https:\/\/toimuagame.com\/en\/wp-json\/wp\/v2\/users\/2"}],"replies":[{"embeddable":true,"href":"https:\/\/toimuagame.com\/en\/wp-json\/wp\/v2\/comments?post=251"}],"version-history":[{"count":0,"href":"https:\/\/toimuagame.com\/en\/wp-json\/wp\/v2\/product\/251\/revisions"}],"wp:featuredmedia":[{"embeddable":true,"href":"https:\/\/toimuagame.com\/en\/wp-json\/wp\/v2\/media\/16557"}],"wp:attachment":[{"href":"https:\/\/toimuagame.com\/en\/wp-json\/wp\/v2\/media?parent=251"}],"wp:term":[{"taxonomy":"product_brand","embeddable":true,"href":"https:\/\/toimuagame.com\/en\/wp-json\/wp\/v2\/product_brand?post=251"},{"taxonomy":"product_cat","embeddable":true,"href":"https:\/\/toimuagame.com\/en\/wp-json\/wp\/v2\/product_cat?post=251"},{"taxonomy":"product_tag","embeddable":true,"href":"https:\/\/toimuagame.com\/en\/wp-json\/wp\/v2\/product_tag?post=251"},{"taxonomy":"loai-tai-khoan","embeddable":true,"href":"https:\/\/toimuagame.com\/en\/wp-json\/wp\/v2\/loai-tai-khoan?post=251"},{"taxonomy":"nam-phat-hanh","embeddable":true,"href":"https:\/\/toimuagame.com\/en\/wp-json\/wp\/v2\/nam-phat-hanh?post=251"}],"curies":[{"name":"wp","href":"https:\/\/api.w.org\/{rel}","templated":true}]}}