{"id":19782,"date":"2026-05-13T16:32:05","date_gmt":"2026-05-13T09:32:05","guid":{"rendered":"https:\/\/toimuagame.com\/?post_type=product&#038;p=19782"},"modified":"2026-05-13T16:32:05","modified_gmt":"2026-05-13T09:32:05","slug":"forza-horizon-6-forza-horizon-5-forza-horizon-4-full-dlc-steam-offline","status":"publish","type":"product","link":"https:\/\/toimuagame.com\/en\/forza-horizon-6-forza-horizon-5-forza-horizon-4-full-dlc-steam-offline\/","title":{"rendered":"Forza Horizon 6 + Forza Horizon 5 + Forza Horizon 4 + Full DLC &#8211; Steam Offline"},"content":{"rendered":"<p><strong><span style=\"font-size: 18pt; color: #333333; font-family: arial, helvetica, sans-serif;\">Nh\u1eadn t\u00e0i kho\u1ea3n Steam s\u1eb5n Game sau khi thanh to\u00e1n<\/span><\/strong><\/p>\n<ul>\n<li><span style=\"font-family: arial, helvetica, sans-serif; font-size: 12pt;\" data-contrast=\"auto\">Ch\u01a1i Offline, l\u01b0u ti\u1ebfn tr\u00ecnh ri\u00eang, kh\u00f4ng lo m\u1ea5t Save, tho\u1ea3i m\u00e1i Update<\/span><\/li>\n<li style=\"text-align: left;\"><span style=\"font-family: arial, helvetica, sans-serif; font-size: 12pt;\" data-contrast=\"auto\">S\u1edf h\u1eefu v\u0129nh vi\u1ec5n, kh\u00f4ng gi\u1edbi h\u1ea1n th\u1eddi gian<\/span><\/li>\n<li style=\"text-align: left;\"><span style=\"font-family: arial, helvetica, sans-serif; font-size: 12pt;\" data-contrast=\"auto\">Ti\u1ebft ki\u1ec7m t\u1edbi h\u01a1n 90% so v\u1edbi mua t\u1eeb Steam<\/span><\/li>\n<li style=\"text-align: left;\"><span style=\"font-family: arial, helvetica, sans-serif; font-size: 12pt;\" data-contrast=\"auto\"> H\u1ed7 tr\u1ee3 Vi\u1ec7t H\u00f3a mi\u1ec5n ph\u00ed, mang l\u1ea1i tr\u1ea3i nghi\u1ec7m \u0111\u1ea7y \u0111\u1ee7<\/span><\/li>\n<li style=\"text-align: left;\"><span style=\"font-family: arial, helvetica, sans-serif; font-size: 12pt;\" data-contrast=\"auto\">Tho\u1ea3i m\u00e1i c\u00e0i Mods, Workshop, Trainer theo \u00fd mu\u1ed1n<\/span><\/li>\n<li style=\"text-align: left;\"><span style=\"font-family: arial, helvetica, sans-serif; font-size: 12pt;\" data-contrast=\"auto\"> D\u00f9ng cho 1 thi\u1ebft b\u1ecb, kh\u00f4ng \u0111\u1ed5i \u0111\u01b0\u1ee3c email\/m\u1eadt kh\u1ea9u, kh\u00f4ng d\u00f9ng cho Net v\u00e0 Cloud Gaming<\/span><\/li>\n<li style=\"text-align: left;\"><span style=\"font-family: arial, helvetica, sans-serif; font-size: 12pt;\" data-contrast=\"auto\"> B\u1ea3o h\u00e0nh nhanh ch\u00f3ng n\u1ebfu g\u1eb7p s\u1ef1 c\u1ed1 v\u1ec1 t\u00e0i kho\u1ea3n<\/span><\/li>\n<li style=\"text-align: left;\"><span style=\"font-family: arial, helvetica, sans-serif; font-size: 12pt;\">H\u01b0\u1edbng d\u1eabn s\u1eed d\u1ee5ng chi ti\u1ebft t\u00e0i kho\u1ea3n Steam Offline v\u00e0 b\u1ea3o h\u00e0nh trong su\u1ed1t qu\u00e1 tr\u00ecnh ch\u01a1i Game<\/span><\/li>\n<\/ul>\n<h2>Y\u00eau c\u1ea7u h\u1ec7 th\u1ed1ng<\/h2>\n<div class=\"sysreq_contents\">\n<div class=\"game_area_sys_req sysreq_content active\" data-os=\"win\">\n<div class=\"game_area_sys_req_leftCol\">\n<p><strong>T\u1ed1i thi\u1ec3u:<\/strong><\/p>\n<ul>\n<li style=\"list-style-type: none;\">\n<ul class=\"bb_ul\">\n<li>Y\u00eau c\u1ea7u vi x\u1eed l\u00fd v\u00e0 h\u1ec7 \u0111i\u1ec1u h\u00e0nh \u0111\u1ec1u ch\u1ea1y 64-bit<\/li>\n<li><strong>H\u0110H:<\/strong> Windows 10 22H2 (version 19045) or higher<\/li>\n<li><strong>B\u1ed9 x\u1eed l\u00fd:<\/strong> Intel i5-8400 OR AMD Ryzen 5 1600<\/li>\n<li><strong>B\u1ed9 nh\u1edb:<\/strong> 16 GB RAM<\/li>\n<li><strong>\u0110\u1ed3 h\u1ecda:<\/strong> Nvidia GTX 1650 OR AMD RX 6500 XT OR Intel Arc A380<\/li>\n<li><strong>DirectX:<\/strong> Phi\u00ean b\u1ea3n 12<\/li>\n<li><strong>K\u1ebft n\u1ed1i:<\/strong> C\u00e1p m\u1ea1ng Internet<\/li>\n<li><strong>L\u01b0u tr\u1eef:<\/strong> 167 GB ch\u1ed7 tr\u1ed1ng kh\u1ea3 d\u1ee5ng<\/li>\n<li><strong>Ghi ch\u00fa th\u00eam:<\/strong> SSD Required<\/li>\n<\/ul>\n<\/li>\n<\/ul>\n<\/div>\n<div class=\"game_area_sys_req_rightCol\">\n<p><strong>Khuy\u1ebfn ngh\u1ecb:<\/strong><\/p>\n<ul>\n<li style=\"list-style-type: none;\">\n<ul class=\"bb_ul\">\n<li>Y\u00eau c\u1ea7u vi x\u1eed l\u00fd v\u00e0 h\u1ec7 \u0111i\u1ec1u h\u00e0nh \u0111\u1ec1u ch\u1ea1y 64-bit<\/li>\n<li><strong>H\u0110H:<\/strong> Windows 10 22H2 (version 19045) or higher<\/li>\n<li><strong>B\u1ed9 x\u1eed l\u00fd:<\/strong> Intel i5-12400F OR AMD Ryzen 5 5600X<\/li>\n<li><strong>B\u1ed9 nh\u1edb:<\/strong> 16 GB RAM<\/li>\n<li><strong>\u0110\u1ed3 h\u1ecda:<\/strong> NVIDIA RTX 3060 Ti OR AMD RX 6700 XT OR Intel Arc A580<\/li>\n<li><strong>DirectX:<\/strong> Phi\u00ean b\u1ea3n 12<\/li>\n<li><strong>K\u1ebft n\u1ed1i:<\/strong> C\u00e1p m\u1ea1ng Internet<\/li>\n<li><strong>L\u01b0u tr\u1eef:<\/strong> 167 GB ch\u1ed7 tr\u1ed1ng kh\u1ea3 d\u1ee5ng<\/li>\n<li><strong>Ghi ch\u00fa th\u00eam:<\/strong> SSD Required<\/li>\n<\/ul>\n<\/li>\n<\/ul>\n<\/div>\n<\/div>\n<\/div>","protected":false},"excerpt":{"rendered":"<p>T\u00e0i kho\u1ea3n Steam Offline g\u1ed3m 3 game:<\/p>\n<div class=\"page_title_area game_title_area page_content\" data-gpnav=\"columns\">\n<div class=\"apphub_HomeHeaderContent\">\n<div class=\"apphub_HeaderStandardTop\">\n<ol>\n<li>Forza Horizon 6 Premium Edition<\/li>\n<li>Forza Horizon 5 Premium Edition<\/li>\n<li>Forza Horizon 4 Premium Edition<\/li>\n<\/ol>\n<\/div>\n<\/div>\n<\/div>","protected":false},"author":8,"featured_media":19787,"comment_status":"open","ping_status":"closed","template":"","meta":[],"product_brand":[293],"product_cat":[348,369,368,343,347,352],"product_tag":[],"loai-tai-khoan":[422],"nam-phat-hanh":[412,415,419],"class_list":{"0":"post-19782","1":"product","2":"type-product","3":"status-publish","4":"has-post-thumbnail","6":"product_brand-xboxgamestudios","7":"product_cat-dua-xe","8":"product_cat-goc-nhin-thu-ba","9":"product_cat-goc-nhin-thu-nhat","10":"product_cat-phieu-luu","11":"product_cat-the-thao","12":"product_cat-the-gioi-mo","13":"loai-tai-khoan-game-offline","14":"nam-phat-hanh-412","15":"nam-phat-hanh-415","16":"nam-phat-hanh-419","18":"first","19":"instock","20":"downloadable","21":"virtual","22":"purchasable","23":"product-type-simple"},"_links":{"self":[{"href":"https:\/\/toimuagame.com\/en\/wp-json\/wp\/v2\/product\/19782","targetHints":{"allow":["GET"]}}],"collection":[{"href":"https:\/\/toimuagame.com\/en\/wp-json\/wp\/v2\/product"}],"about":[{"href":"https:\/\/toimuagame.com\/en\/wp-json\/wp\/v2\/types\/product"}],"author":[{"embeddable":true,"href":"https:\/\/toimuagame.com\/en\/wp-json\/wp\/v2\/users\/8"}],"replies":[{"embeddable":true,"href":"https:\/\/toimuagame.com\/en\/wp-json\/wp\/v2\/comments?post=19782"}],"version-history":[{"count":0,"href":"https:\/\/toimuagame.com\/en\/wp-json\/wp\/v2\/product\/19782\/revisions"}],"wp:featuredmedia":[{"embeddable":true,"href":"https:\/\/toimuagame.com\/en\/wp-json\/wp\/v2\/media\/19787"}],"wp:attachment":[{"href":"https:\/\/toimuagame.com\/en\/wp-json\/wp\/v2\/media?parent=19782"}],"wp:term":[{"taxonomy":"product_brand","embeddable":true,"href":"https:\/\/toimuagame.com\/en\/wp-json\/wp\/v2\/product_brand?post=19782"},{"taxonomy":"product_cat","embeddable":true,"href":"https:\/\/toimuagame.com\/en\/wp-json\/wp\/v2\/product_cat?post=19782"},{"taxonomy":"product_tag","embeddable":true,"href":"https:\/\/toimuagame.com\/en\/wp-json\/wp\/v2\/product_tag?post=19782"},{"taxonomy":"loai-tai-khoan","embeddable":true,"href":"https:\/\/toimuagame.com\/en\/wp-json\/wp\/v2\/loai-tai-khoan?post=19782"},{"taxonomy":"nam-phat-hanh","embeddable":true,"href":"https:\/\/toimuagame.com\/en\/wp-json\/wp\/v2\/nam-phat-hanh?post=19782"}],"curies":[{"name":"wp","href":"https:\/\/api.w.org\/{rel}","templated":true}]}}