{"id":19775,"date":"2026-05-13T16:25:51","date_gmt":"2026-05-13T09:25:51","guid":{"rendered":"https:\/\/toimuagame.com\/?post_type=product&#038;p=19775"},"modified":"2026-05-13T16:27:36","modified_gmt":"2026-05-13T09:27:36","slug":"forza-horizon-6-premium-edition-steam-offline","status":"publish","type":"product","link":"https:\/\/toimuagame.com\/en\/forza-horizon-6-premium-edition-steam-offline\/","title":{"rendered":"Forza Horizon 6 Premium Edition &#8211; Steam Offline"},"content":{"rendered":"<p><strong><span style=\"font-size: 18pt; color: #333333; font-family: arial, helvetica, sans-serif;\">Nh\u1eadn t\u00e0i kho\u1ea3n Steam s\u1eb5n Game sau khi thanh to\u00e1n<\/span><\/strong><\/p>\n<ul>\n<li><span style=\"font-family: arial, helvetica, sans-serif; font-size: 12pt;\" data-contrast=\"auto\">Ch\u01a1i Offline, l\u01b0u ti\u1ebfn tr\u00ecnh ri\u00eang, kh\u00f4ng lo m\u1ea5t Save, tho\u1ea3i m\u00e1i Update<\/span><\/li>\n<li style=\"text-align: left;\"><span style=\"font-family: arial, helvetica, sans-serif; font-size: 12pt;\" data-contrast=\"auto\">S\u1edf h\u1eefu v\u0129nh vi\u1ec5n, kh\u00f4ng gi\u1edbi h\u1ea1n th\u1eddi gian<\/span><\/li>\n<li style=\"text-align: left;\"><span style=\"font-family: arial, helvetica, sans-serif; font-size: 12pt;\" data-contrast=\"auto\">Ti\u1ebft ki\u1ec7m t\u1edbi h\u01a1n 90% so v\u1edbi mua t\u1eeb Steam<\/span><\/li>\n<li style=\"text-align: left;\"><span style=\"font-family: arial, helvetica, sans-serif; font-size: 12pt;\" data-contrast=\"auto\"> H\u1ed7 tr\u1ee3 Vi\u1ec7t H\u00f3a mi\u1ec5n ph\u00ed, mang l\u1ea1i tr\u1ea3i nghi\u1ec7m \u0111\u1ea7y \u0111\u1ee7<\/span><\/li>\n<li style=\"text-align: left;\"><span style=\"font-family: arial, helvetica, sans-serif; font-size: 12pt;\" data-contrast=\"auto\">Tho\u1ea3i m\u00e1i c\u00e0i Mods, Workshop, Trainer theo \u00fd mu\u1ed1n<\/span><\/li>\n<li style=\"text-align: left;\"><span style=\"font-family: arial, helvetica, sans-serif; font-size: 12pt;\" data-contrast=\"auto\"> D\u00f9ng cho 1 thi\u1ebft b\u1ecb, kh\u00f4ng \u0111\u1ed5i \u0111\u01b0\u1ee3c email\/m\u1eadt kh\u1ea9u, kh\u00f4ng d\u00f9ng cho Net v\u00e0 Cloud Gaming<\/span><\/li>\n<li style=\"text-align: left;\"><span style=\"font-family: arial, helvetica, sans-serif; font-size: 12pt;\" data-contrast=\"auto\"> B\u1ea3o h\u00e0nh nhanh ch\u00f3ng n\u1ebfu g\u1eb7p s\u1ef1 c\u1ed1 v\u1ec1 t\u00e0i kho\u1ea3n<\/span><\/li>\n<li style=\"text-align: left;\"><span style=\"font-family: arial, helvetica, sans-serif; font-size: 12pt;\">H\u01b0\u1edbng d\u1eabn s\u1eed d\u1ee5ng chi ti\u1ebft t\u00e0i kho\u1ea3n Steam Offline v\u00e0 b\u1ea3o h\u00e0nh trong su\u1ed1t qu\u00e1 tr\u00ecnh ch\u01a1i Game<\/span><\/li>\n<\/ul>\n<div class=\"game_page_autocollapse_ctn expanded\">\n<div id=\"aboutThisGame\" class=\"game_page_autocollapse\" data-panel=\"{&quot;type&quot;:&quot;PanelGroup&quot;}\">\n<div id=\"game_area_description\" class=\"game_area_description\">\n<h2>V\u1ec1 tr\u00f2 ch\u01a1i n\u00e0y<\/h2>\n<p class=\"bb_paragraph\">Kh\u00e1m ph\u00e1 nh\u1eefng khung c\u1ea3nh tuy\u1ec7t \u0111\u1eb9p c\u1ee7a Nh\u1eadt B\u1ea3n v\u1edbi h\u01a1n 550 m\u1eabu xe c\u00f3 th\u1eadt v\u00e0 tr\u1edf th\u00e0nh huy\u1ec1n tho\u1ea1i \u0111ua xe t\u1ea1i Horizon Festival. B\u1eaft \u0111\u1ea7u h\u00e0nh tr\u00ecnh v\u1edbi t\u01b0 c\u00e1ch m\u1ed9t du kh\u00e1ch, kh\u00e1m ph\u00e1 th\u1ebf gi\u1edbi ng\u1eadp tr\u00e0n \u00e2m nh\u1ea1c s\u00f4i \u0111\u1ed9ng v\u00e0 v\u0103n h\u00f3a Nh\u1eadt B\u1ea3n. X\u00e2y d\u1ef1ng Valley Estate, s\u1edf h\u1eefu nh\u1eefng c\u0103n nh\u00e0 tuy\u1ec7t \u0111\u1eb9p v\u00e0 tr\u01b0ng b\u00e0y b\u1ed9 s\u01b0u t\u1eadp xe qu\u00fd gi\u00e1 c\u1ee7a b\u1ea1n trong nh\u1eefng gara c\u00f3 th\u1ec3 t\u00f9y ch\u1ec9nh ho\u00e0n to\u00e0n. L\u00e1i xe c\u00f9ng b\u1ea1n b\u00e8 tr\u00ean kh\u1eafp c\u00e1c cung \u0111\u01b0\u1eddng, tham gia Car Meets tr\u00ean to\u00e0n Nh\u1eadt B\u1ea3n, th\u1ecfa s\u1ee9c s\u00e1ng t\u1ea1o v\u1edbi EventLab v\u00e0 c\u00f9ng nhau x\u00e2y d\u1ef1ng trong Horizon CoLab.<\/p>\n<p class=\"bb_paragraph\">\n<p class=\"bb_paragraph\">H\u00e0nh tr\u00ecnh tr\u1edf th\u00e0nh Horizon Legend c\u1ee7a b\u1ea1n b\u1eaft \u0111\u1ea7u ngay l\u00fac n\u00e0y \u2014 Nh\u1eadt B\u1ea3n \u0111ang ch\u1edd \u0111\u00f3n!<\/p>\n<p class=\"bb_paragraph\"><strong>\u00a0<\/strong><\/p>\n<p class=\"bb_paragraph\"><strong data-start=\"657\" data-end=\"728\">TR\u1ea2I NGHI\u1ec6M TOKYO \u2014 TH\u00c0NH PH\u1ed0 L\u1edaN NH\u1ea4T T\u1eeaNG XU\u1ea4T HI\u1ec6N TRONG HORIZON<\/strong><\/p>\n<p class=\"bb_paragraph\">Ch\u00e0o m\u1eebng \u0111\u1ebfn v\u1edbi Nh\u1eadt B\u1ea3n \u2014 n\u01a1i v\u1ebb \u0111\u1eb9p t\u01b0\u01a1ng ph\u1ea3n gi\u1eefa n\u00f4ng th\u00f4n v\u00e0 \u0111\u00f4 th\u1ecb h\u00f2a quy\u1ec7n khi b\u1ea1n kh\u00e1m ph\u00e1 nh\u1eefng b\u00ed m\u1eadt \u1ea9n gi\u1ea5u trong b\u1ea3n \u0111\u1ed3 d\u00e0y \u0111\u1eb7c nh\u1ea5t l\u1ecbch s\u1eed Horizon, \u0111\u1ea7y chi\u1ec1u s\u00e2u kh\u00f4ng gian, qu\u1ea7n x\u00e3 \u0111a d\u1ea1ng v\u00e0 nh\u1eefng tr\u1ea3i nghi\u1ec7m l\u00e1i xe ngo\u1ea1n m\u1ee5c. L\u01b0\u1edbt qua nh\u1eefng khu ngo\u1ea1i \u00f4 v\u00e0 c\u00e1c con ph\u1ed1 trung t\u00e2m bi\u1ec3u t\u01b0\u1ee3ng, ho\u1eb7c th\u1eed th\u00e1ch b\u1ea3n th\u00e2n t\u1ea1i b\u1ebfn c\u1ea3ng v\u00e0 khu c\u00f4ng nghi\u1ec7p c\u1ee7a Tokyo City \u2014 khu \u0111\u00f4 th\u1ecb l\u1edbn nh\u1ea5t t\u1eebng xu\u1ea5t hi\u1ec7n trong m\u1ed9t game Forza Horizon, \u0111\u1ed3ng th\u1eddi l\u00e0 thi\u00ean \u0111\u01b0\u1eddng d\u00e0nh cho nh\u1eefng ng\u01b0\u1eddi y\u00eau xe.<\/p>\n<p class=\"bb_paragraph\"><video class=\"bb_img\" poster=\"https:\/\/shared.fastly.steamstatic.com\/store_item_assets\/steam\/apps\/2483190\/extras\/e4f6b8df4e862b3b817cc3fb8d56f5f3.poster.avif?t=1778262106\" autoplay=\"autoplay\" loop=\"loop\" muted=\"muted\" width=\"1170\" height=\"300\" data-mce-fragment=\"1\"><source src=\"https:\/\/shared.fastly.steamstatic.com\/store_item_assets\/steam\/apps\/2483190\/extras\/e4f6b8df4e862b3b817cc3fb8d56f5f3.webm?t=1778262106\" \/><\/video><\/p>\n<div class=\"bb_img_icons\"><\/div>\n<p class=\"bb_paragraph\"><strong data-start=\"1239\" data-end=\"1281\">\u0110\u1eaeM CH\u00ccM TRONG V\u0102N H\u00d3A XE H\u01a0I NH\u1eacT B\u1ea2N<\/strong><\/p>\n<p class=\"bb_paragraph\">C\u1ea7m l\u00e1i h\u01a1n 550 m\u1eabu xe c\u00f3 th\u1eadt, bao g\u1ed3m nhi\u1ec1u m\u1eabu JDM kinh \u0111i\u1ec3n \u0111\u01b0\u1ee3c ng\u01b0\u1eddi h\u00e2m m\u1ed9 y\u00eau th\u00edch, v\u1edbi \u00e2m thanh \u0111\u1ed9ng c\u01a1 th\u1ebf h\u1ec7 m\u1edbi v\u00e0 ho\u1ea1t \u1ea3nh v\u00f4-l\u0103ng n\u00e2ng c\u1ea5p h\u1ed7 tr\u1ee3 g\u00f3c xoay l\u00ean t\u1edbi 540 \u0111\u1ed9. Trong h\u00e0nh tr\u00ecnh kh\u00e1m ph\u00e1 Nh\u1eadt B\u1ea3n, h\u00e3y thu th\u1eadp c\u00e1c m\u1eabu xe Forza Edition v\u1edbi nh\u1eefng b\u1ea3n \u0111\u1ed9 c\u1ef1c \u0111oan, t\u00ecm ki\u1ebfm c\u00e1c m\u1eabu Aftermarket Cars hi\u1ebfm \u0111\u1ec3 l\u00e1i th\u1eed v\u00e0 mua v\u1ec1. Tr\u00ean con \u0111\u01b0\u1eddng kh\u1eb3ng \u0111\u1ecbnh t\u00ean tu\u1ed5i, b\u1ea1n s\u1ebd g\u1eb7p g\u1ee1 c\u00e1c huy\u1ec1n tho\u1ea1i c\u1ee7a Horizon Festival, tham gia Touge Battles v\u00e0 tr\u1ea3i nghi\u1ec7m nh\u1eefng c\u00e2u chuy\u1ec7n \u0111\u1eadm ch\u1ea5t v\u0103n h\u00f3a xe h\u01a1i Nh\u1eadt B\u1ea3n.<\/p>\n<p class=\"bb_paragraph\"><video class=\"bb_img\" poster=\"https:\/\/shared.fastly.steamstatic.com\/store_item_assets\/steam\/apps\/2483190\/extras\/6377e3da584cbb16c9d24299399343d3.poster.avif?t=1778262106\" autoplay=\"autoplay\" loop=\"loop\" muted=\"muted\" width=\"1170\" height=\"300\" data-mce-fragment=\"1\"><source src=\"https:\/\/shared.fastly.steamstatic.com\/store_item_assets\/steam\/apps\/2483190\/extras\/6377e3da584cbb16c9d24299399343d3.webm?t=1778262106\" \/><\/video><\/p>\n<div class=\"bb_img_icons\"><\/div>\n<p class=\"bb_paragraph\"><strong data-start=\"1813\" data-end=\"1844\">\u0110UA XE V\u00c0 KH\u00c1M PH\u00c1 NH\u1eacT B\u1ea2N<\/strong><\/p>\n<p class=\"bb_paragraph\">Trong Forza Horizon 6, b\u1ea1n s\u1ebd b\u01b0\u1edbc v\u00e0o m\u1ed9t chi\u1ebfn d\u1ecbch kh\u00e1m ph\u00e1 r\u1ed9ng l\u1edbn k\u1ebft h\u1ee3p c\u00f9ng c\u00e1c gi\u1ea3i \u0111ua Festival, c\u00f3 th\u1ec3 ch\u01a1i solo ho\u1eb7c co-op v\u1edbi b\u1ea1n b\u00e8. B\u1ea1n kh\u1edfi \u0111\u1ea7u l\u00e0 m\u1ed9t du kh\u00e1ch v\u00e0 ph\u1ea3i ch\u1ee9ng minh b\u1ea3n th\u00e2n \u0111\u1ee7 kh\u1ea3 n\u0103ng tham gia Horizon Festival v\u1edbi t\u01b0 c\u00e1ch tay \u0111ua m\u1edbi, \u0111\u1ed3ng th\u1eddi kh\u00e1m ph\u00e1 Nh\u1eadt B\u1ea3n v\u00e0 ho\u00e0n th\u00e0nh Collection Journal. V\u01b0\u1ee3t qua Horizon Invitational \u0111\u1ec3 \u0111\u1ee7 \u0111i\u1ec1u ki\u1ec7n tham gia Festival, r\u1ed3i t\u1eebng b\u01b0\u1edbc leo h\u1ea1ng b\u1eb1ng nh\u1eefng chi\u1ebfc xe ng\u00e0y c\u00e0ng nhanh h\u01a1n \u0111\u1ec3 nh\u1eadn Wristbands m\u1edbi v\u00e0 tr\u1edf th\u00e0nh Horizon Legend. Khi \u0111\u1ea1t \u0111\u1ebfn v\u1ecb th\u1ebf n\u00e0y, b\u1ea1n s\u1ebd \u0111\u01b0\u1ee3c m\u1edf kh\u00f3a Legend Island \u2014 khu v\u1ef1c \u0111\u1ed9c quy\u1ec1n d\u00e0nh cho nh\u1eefng tay \u0111ua xu\u1ea5t s\u1eafc nh\u1ea5t.<\/p>\n<p class=\"bb_paragraph\"><video class=\"bb_img\" poster=\"https:\/\/shared.fastly.steamstatic.com\/store_item_assets\/steam\/apps\/2483190\/extras\/24826f300f27e72e24e66288ccdcd859.poster.avif?t=1778262106\" autoplay=\"autoplay\" loop=\"loop\" muted=\"muted\" width=\"1170\" height=\"300\" data-mce-fragment=\"1\"><source src=\"https:\/\/shared.fastly.steamstatic.com\/store_item_assets\/steam\/apps\/2483190\/extras\/24826f300f27e72e24e66288ccdcd859.webm?t=1778262106\" \/><\/video><\/p>\n<div class=\"bb_img_icons\"><\/div>\n<p class=\"bb_paragraph\"><strong data-start=\"2477\" data-end=\"2517\">BI\u1ebeN C\u1ea2 TH\u1ebe GI\u1edaI TH\u00c0NH C\u1ee6A RI\u00caNG B\u1ea0N<\/strong><\/p>\n<p class=\"bb_paragraph\">H\u00e0nh tr\u00ecnh c\u1ee7a b\u1ea1n s\u1ebd cho ph\u00e9p mua nh\u1eefng ng\u00f4i nh\u00e0 tuy\u1ec7t \u0111\u1eb9p t\u1ea1i Nh\u1eadt B\u1ea3n, m\u1ed7i c\u0103n \u0111\u1ec1u c\u00f3 gara t\u00f9y ch\u1ec9nh \u0111\u1ec3 b\u1ea1n t\u1ea1o n\u00ean kh\u00f4ng gian ho\u00e0n h\u1ea3o tr\u01b0ng b\u00e0y b\u1ed9 s\u01b0u t\u1eadp xe ho\u1eb7c t\u1ea3i v\u1ec1 c\u00e1c thi\u1ebft k\u1ebf do c\u1ed9ng \u0111\u1ed3ng chia s\u1ebb tr\u1ef1c tuy\u1ebfn. M\u1edf kh\u00f3a Estate \u2014 m\u1ed9t thung l\u0169ng v\u00f9ng n\u00fai n\u01a1i b\u1ea1n \u0111\u01b0\u1ee3c t\u1ef1 do x\u00e2y d\u1ef1ng trong th\u1ebf gi\u1edbi m\u1edf, t\u1ea1o ra g\u1ea7n nh\u01b0 m\u1ecdi th\u1ee9 m\u00ecnh t\u01b0\u1edfng t\u01b0\u1ee3ng. Nh\u1eefng chi\u1ebfc xe y\u00eau th\u00edch c\u1ee7a b\u1ea1n c\u0169ng c\u00f3 th\u1ec3 \u0111\u01b0\u1ee3c n\u00e2ng c\u1ea5p v\u1edbi body kit, t\u00f9y ch\u1ecdn Forza Aero m\u1edbi v\u00e0 kh\u1ea3 n\u0103ng s\u01a1n decal t\u00f9y ch\u1ec9nh l\u00ean c\u1ea3 c\u1eeda k\u00ednh.<\/p>\n<p class=\"bb_paragraph\"><video class=\"bb_img\" poster=\"https:\/\/shared.fastly.steamstatic.com\/store_item_assets\/steam\/apps\/2483190\/extras\/d86c1d0cee0ce166b2f39c9de60efd36.poster.avif?t=1778262106\" autoplay=\"autoplay\" loop=\"loop\" muted=\"muted\" width=\"1170\" height=\"300\" data-mce-fragment=\"1\"><source src=\"https:\/\/shared.fastly.steamstatic.com\/store_item_assets\/steam\/apps\/2483190\/extras\/d86c1d0cee0ce166b2f39c9de60efd36.webm?t=1778262106\" \/><\/video><\/p>\n<div class=\"bb_img_icons\"><\/div>\n<p class=\"bb_paragraph\"><strong data-start=\"3020\" data-end=\"3072\">THAM GIA C\u1ed8NG \u0110\u1ed2NG TRONG CH\u1ebe \u0110\u1ed8 NHI\u1ec0U NG\u01af\u1edcI CH\u01a0I<\/strong><\/p>\n<p class=\"bb_paragraph\">L\u1ec5 h\u1ed9i s\u1ebd tuy\u1ec7t v\u1eddi h\u01a1n khi c\u00f3 b\u1ea1n b\u00e8 \u0111\u1ed3ng h\u00e0nh. Tham gia m\u01b0\u1ee3t m\u00e0 v\u00e0o c\u00e1c cu\u1ed9c \u0111ua Time Attack Circuits, Drag Meets ho\u1eb7c khoe nh\u1eefng chi\u1ebfc xe \u0111\u1ed9 c\u1ee7a b\u1ea1n t\u1ea1i Car Meets. Ki\u1ebfm k\u1ef9 n\u0103ng LINK co-op m\u1edbi c\u00f9ng ng\u01b0\u1eddi ch\u01a1i kh\u00e1c, tranh t\u00e0i trong Spec Racing Championships ho\u1eb7c tham gia c\u00e1c ch\u1ebf \u0111\u1ed9 multiplayer quen thu\u1ed9c nh\u01b0 The Eliminator v\u00e0 Hide & Seek \u0111\u1ea7y c\u0103ng th\u1eb3ng.<\/p>\n<p class=\"bb_paragraph\"><video class=\"bb_img\" poster=\"https:\/\/shared.fastly.steamstatic.com\/store_item_assets\/steam\/apps\/2483190\/extras\/0eab7f774f72b5d8a3ccbb40a490cb34.poster.avif?t=1778262106\" autoplay=\"autoplay\" loop=\"loop\" muted=\"muted\" width=\"1170\" height=\"300\" data-mce-fragment=\"1\"><source src=\"https:\/\/shared.fastly.steamstatic.com\/store_item_assets\/steam\/apps\/2483190\/extras\/0eab7f774f72b5d8a3ccbb40a490cb34.webm?t=1778262106\" \/><\/video><\/p>\n<div class=\"bb_img_icons\"><\/div>\n<p class=\"bb_paragraph\"><strong data-start=\"3436\" data-end=\"3484\">C\u00d9NG NHAU X\u00c2Y D\u1ef0NG \u1ede B\u1ea4T C\u1ee8 \u0110\u00c2U T\u1ea0I NH\u1eacT B\u1ea2N<\/strong><\/p>\n<p class=\"bb_paragraph\">S\u00e1ng t\u1ea1o v\u1edbi m\u1ee9c t\u1ef1 do ch\u01b0a t\u1eebng c\u00f3 \u1edf b\u1ea5t k\u1ef3 \u0111\u00e2u t\u1ea1i Nh\u1eadt B\u1ea3n khi t\u1ea1o c\u00e1c s\u1ef1 ki\u1ec7n t\u00f9y ch\u1ec9nh c\u00f9ng b\u1ea1n b\u00e8 trong CoLab \u2014 b\u1ed9 c\u00f4ng c\u1ee5 EventLab n\u00e2ng c\u1ea5p nay \u0111\u00e3 h\u1ed7 tr\u1ee3 multiplayer v\u00e0 cho ph\u00e9p x\u00e2y d\u1ef1ng \u1edf b\u1ea5t c\u1ee9 \u0111\u00e2u trong th\u1ebf gi\u1edbi game. Chia s\u1ebb nh\u1eefng t\u00e1c ph\u1ea9m c\u1ee7a b\u1ea1n \u0111\u1ec3 m\u1ecdi ng\u01b0\u1eddi c\u00f9ng tr\u1ea3i nghi\u1ec7m v\u00e0 kh\u00e1m ph\u00e1 kho n\u1ed9i dung m\u1edbi lu\u00f4n thay \u0111\u1ed5i do c\u1ed9ng \u0111\u1ed3ng s\u00e1ng t\u1ea1o.<\/p>\n<p class=\"bb_paragraph\"><video class=\"bb_img\" poster=\"https:\/\/shared.fastly.steamstatic.com\/store_item_assets\/steam\/apps\/2483190\/extras\/bd3b4776afc6509b9a593415907a356f.poster.avif?t=1778262106\" autoplay=\"autoplay\" loop=\"loop\" muted=\"muted\" width=\"1170\" height=\"300\" data-mce-fragment=\"1\"><source src=\"https:\/\/shared.fastly.steamstatic.com\/store_item_assets\/steam\/apps\/2483190\/extras\/bd3b4776afc6509b9a593415907a356f.webm?t=1778262106\" \/><\/video><\/p>\n<div class=\"bb_img_icons\"><\/div>\n<p class=\"bb_paragraph\"><strong data-start=\"3846\" data-end=\"3877\">L\u1ec4 H\u1ed8I D\u00c0NH CHO M\u1eccI TAY \u0110UA<\/strong><\/p>\n<p class=\"bb_paragraph\">Lao m\u00ecnh v\u00e0o nh\u1eefng cung \u0111\u01b0\u1eddng m\u1edf trong phi\u00ean b\u1ea3n Horizon d\u1ec5 ti\u1ebfp c\u1eadn nh\u1ea5t t\u1eeb tr\u01b0\u1edbc \u0111\u1ebfn nay. C\u00e1c t\u00f9y ch\u1ecdn h\u1ed7 tr\u1ee3 bao g\u1ed3m High Contrast Mode chi ti\u1ebft, Car Proximity Radar, ng\u00f4n ng\u1eef k\u00fd hi\u1ec7u M\u1ef9 v\u00e0 Anh (s\u1ebd c\u1eadp nh\u1eadt sau khi ph\u00e1t h\u00e0nh), c\u00f9ng AutoDrive \u2014 gi\u00fap m\u1ecdi ng\u01b0\u1eddi \u0111\u1ec1u c\u00f3 th\u1ec3 t\u1eadn h\u01b0\u1edfng nh\u1eefng chi\u1ebfc xe tuy\u1ec7t \u0111\u1eb9p, \u00e2m nh\u1ea1c s\u00f4i \u0111\u1ed9ng v\u00e0 c\u00e1c \u0111\u1ecba \u0111i\u1ec3m ngo\u1ea1n m\u1ee5c c\u1ee7a Horizon Festival.<\/p>\n<p class=\"bb_paragraph\">\n<p class=\"bb_paragraph\">Kh\u00e1m ph\u00e1 huy\u1ec1n tho\u1ea1i c\u1ee7a ch\u00ednh b\u1ea1n, \u0111\u1ed3ng th\u1eddi c\u1ea3m nh\u1eadn nh\u1eefng n\u00e9t t\u01b0\u01a1ng ph\u1ea3n v\u00e0 v\u0103n h\u00f3a \u0111\u1ed9c \u0111\u00e1o c\u1ee7a Nh\u1eadt B\u1ea3n.<\/p>\n<\/div>\n<\/div>\n<\/div>\n<div class=\"game_page_autocollapse_ctn expanded\">\n<div class=\"game_page_autocollapse sys_req\">\n<h2>Y\u00eau c\u1ea7u h\u1ec7 th\u1ed1ng<\/h2>\n<div class=\"sysreq_contents\">\n<div class=\"game_area_sys_req sysreq_content active\" data-os=\"win\">\n<div class=\"game_area_sys_req_leftCol\"><strong>T\u1ed1i thi\u1ec3u:<\/strong><\/p>\n<ul>\n<li style=\"list-style-type: none;\">\n<ul class=\"bb_ul\">\n<li>Y\u00eau c\u1ea7u vi x\u1eed l\u00fd v\u00e0 h\u1ec7 \u0111i\u1ec1u h\u00e0nh \u0111\u1ec1u ch\u1ea1y 64-bit<\/li>\n<li><strong>H\u0110H:<\/strong> Windows 10 22H2 (version 19045) or higher<\/li>\n<li><strong>B\u1ed9 x\u1eed l\u00fd:<\/strong> Intel i5-8400 OR AMD Ryzen 5 1600<\/li>\n<li><strong>B\u1ed9 nh\u1edb:<\/strong> 16 GB RAM<\/li>\n<li><strong>\u0110\u1ed3 h\u1ecda:<\/strong> Nvidia GTX 1650 OR AMD RX 6500 XT OR Intel Arc A380<\/li>\n<li><strong>DirectX:<\/strong> Phi\u00ean b\u1ea3n 12<\/li>\n<li><strong>K\u1ebft n\u1ed1i:<\/strong> C\u00e1p m\u1ea1ng Internet<\/li>\n<li><strong>L\u01b0u tr\u1eef:<\/strong> 167 GB ch\u1ed7 tr\u1ed1ng kh\u1ea3 d\u1ee5ng<\/li>\n<li><strong>Ghi ch\u00fa th\u00eam:<\/strong> SSD Required<\/li>\n<\/ul>\n<\/li>\n<\/ul>\n<\/div>\n<div class=\"game_area_sys_req_rightCol\"><strong>Khuy\u1ebfn ngh\u1ecb:<\/strong><\/p>\n<ul>\n<li style=\"list-style-type: none;\">\n<ul class=\"bb_ul\">\n<li>Y\u00eau c\u1ea7u vi x\u1eed l\u00fd v\u00e0 h\u1ec7 \u0111i\u1ec1u h\u00e0nh \u0111\u1ec1u ch\u1ea1y 64-bit<\/li>\n<li><strong>H\u0110H:<\/strong> Windows 10 22H2 (version 19045) or higher<\/li>\n<li><strong>B\u1ed9 x\u1eed l\u00fd:<\/strong> Intel i5-12400F OR AMD Ryzen 5 5600X<\/li>\n<li><strong>B\u1ed9 nh\u1edb:<\/strong> 16 GB RAM<\/li>\n<li><strong>\u0110\u1ed3 h\u1ecda:<\/strong> NVIDIA RTX 3060 Ti OR AMD RX 6700 XT OR Intel Arc A580<\/li>\n<li><strong>DirectX:<\/strong> Phi\u00ean b\u1ea3n 12<\/li>\n<li><strong>K\u1ebft n\u1ed1i:<\/strong> C\u00e1p m\u1ea1ng Internet<\/li>\n<li><strong>L\u01b0u tr\u1eef:<\/strong> 167 GB ch\u1ed7 tr\u1ed1ng kh\u1ea3 d\u1ee5ng<\/li>\n<li><strong>Ghi ch\u00fa th\u00eam:<\/strong> SSD Required<\/li>\n<\/ul>\n<\/li>\n<\/ul>\n<\/div>\n<\/div>\n<\/div>\n<\/div>\n<\/div>","protected":false},"excerpt":{"rendered":"<p>Kh\u00e1m ph\u00e1 nh\u1eefng khung c\u1ea3nh tuy\u1ec7t \u0111\u1eb9p c\u1ee7a Nh\u1eadt B\u1ea3n v\u1edbi h\u01a1n 550 m\u1eabu xe c\u00f3 th\u1eadt v\u00e0 tr\u1edf th\u00e0nh huy\u1ec1n tho\u1ea1i \u0111ua xe trong chuy\u1ebfn phi\u00eau l\u01b0u l\u00e1i xe th\u1ebf gi\u1edbi m\u1edf l\u1edbn nh\u1ea5t t\u1eeb tr\u01b0\u1edbc \u0111\u1ebfn nay c\u1ee7a Forza Horizon.<\/p>","protected":false},"author":8,"featured_media":19776,"comment_status":"open","ping_status":"closed","template":"","meta":[],"product_brand":[293],"product_cat":[348,369,368,343,347,352],"product_tag":[],"loai-tai-khoan":[422],"nam-phat-hanh":[419],"class_list":{"0":"post-19775","1":"product","2":"type-product","3":"status-publish","4":"has-post-thumbnail","6":"product_brand-xboxgamestudios","7":"product_cat-dua-xe","8":"product_cat-goc-nhin-thu-ba","9":"product_cat-goc-nhin-thu-nhat","10":"product_cat-phieu-luu","11":"product_cat-the-thao","12":"product_cat-the-gioi-mo","13":"loai-tai-khoan-game-offline","14":"nam-phat-hanh-419","16":"first","17":"instock","18":"sale","19":"featured","20":"downloadable","21":"virtual","22":"purchasable","23":"product-type-simple"},"_links":{"self":[{"href":"https:\/\/toimuagame.com\/en\/wp-json\/wp\/v2\/product\/19775","targetHints":{"allow":["GET"]}}],"collection":[{"href":"https:\/\/toimuagame.com\/en\/wp-json\/wp\/v2\/product"}],"about":[{"href":"https:\/\/toimuagame.com\/en\/wp-json\/wp\/v2\/types\/product"}],"author":[{"embeddable":true,"href":"https:\/\/toimuagame.com\/en\/wp-json\/wp\/v2\/users\/8"}],"replies":[{"embeddable":true,"href":"https:\/\/toimuagame.com\/en\/wp-json\/wp\/v2\/comments?post=19775"}],"version-history":[{"count":0,"href":"https:\/\/toimuagame.com\/en\/wp-json\/wp\/v2\/product\/19775\/revisions"}],"wp:featuredmedia":[{"embeddable":true,"href":"https:\/\/toimuagame.com\/en\/wp-json\/wp\/v2\/media\/19776"}],"wp:attachment":[{"href":"https:\/\/toimuagame.com\/en\/wp-json\/wp\/v2\/media?parent=19775"}],"wp:term":[{"taxonomy":"product_brand","embeddable":true,"href":"https:\/\/toimuagame.com\/en\/wp-json\/wp\/v2\/product_brand?post=19775"},{"taxonomy":"product_cat","embeddable":true,"href":"https:\/\/toimuagame.com\/en\/wp-json\/wp\/v2\/product_cat?post=19775"},{"taxonomy":"product_tag","embeddable":true,"href":"https:\/\/toimuagame.com\/en\/wp-json\/wp\/v2\/product_tag?post=19775"},{"taxonomy":"loai-tai-khoan","embeddable":true,"href":"https:\/\/toimuagame.com\/en\/wp-json\/wp\/v2\/loai-tai-khoan?post=19775"},{"taxonomy":"nam-phat-hanh","embeddable":true,"href":"https:\/\/toimuagame.com\/en\/wp-json\/wp\/v2\/nam-phat-hanh?post=19775"}],"curies":[{"name":"wp","href":"https:\/\/api.w.org\/{rel}","templated":true}]}}