{"id":19768,"date":"2026-05-13T16:17:26","date_gmt":"2026-05-13T09:17:26","guid":{"rendered":"https:\/\/toimuagame.com\/?post_type=product&#038;p=19768"},"modified":"2026-05-13T16:17:26","modified_gmt":"2026-05-13T09:17:26","slug":"forza-horizon-4-ultimate-edition-steam-offline","status":"publish","type":"product","link":"https:\/\/toimuagame.com\/en\/forza-horizon-4-ultimate-edition-steam-offline\/","title":{"rendered":"Forza Horizon 4 Ultimate Edition &#8211; Steam Offline"},"content":{"rendered":"<p><strong><span style=\"font-size: 18pt; color: #333333; font-family: arial, helvetica, sans-serif;\">Nh\u1eadn t\u00e0i kho\u1ea3n Steam s\u1eb5n Game sau khi thanh to\u00e1n<\/span><\/strong><\/p>\n<ul>\n<li><span style=\"font-family: arial, helvetica, sans-serif; font-size: 12pt;\" data-contrast=\"auto\">Ch\u01a1i Offline, l\u01b0u ti\u1ebfn tr\u00ecnh ri\u00eang, kh\u00f4ng lo m\u1ea5t Save, tho\u1ea3i m\u00e1i Update<\/span><\/li>\n<li style=\"text-align: left;\"><span style=\"font-family: arial, helvetica, sans-serif; font-size: 12pt;\" data-contrast=\"auto\">S\u1edf h\u1eefu v\u0129nh vi\u1ec5n, kh\u00f4ng gi\u1edbi h\u1ea1n th\u1eddi gian<\/span><\/li>\n<li style=\"text-align: left;\"><span style=\"font-family: arial, helvetica, sans-serif; font-size: 12pt;\" data-contrast=\"auto\">Ti\u1ebft ki\u1ec7m t\u1edbi h\u01a1n 90% so v\u1edbi mua t\u1eeb Steam<\/span><\/li>\n<li style=\"text-align: left;\"><span style=\"font-family: arial, helvetica, sans-serif; font-size: 12pt;\" data-contrast=\"auto\"> H\u1ed7 tr\u1ee3 Vi\u1ec7t H\u00f3a mi\u1ec5n ph\u00ed, mang l\u1ea1i tr\u1ea3i nghi\u1ec7m \u0111\u1ea7y \u0111\u1ee7<\/span><\/li>\n<li style=\"text-align: left;\"><span style=\"font-family: arial, helvetica, sans-serif; font-size: 12pt;\" data-contrast=\"auto\">Tho\u1ea3i m\u00e1i c\u00e0i Mods, Workshop, Trainer theo \u00fd mu\u1ed1n<\/span><\/li>\n<li style=\"text-align: left;\"><span style=\"font-family: arial, helvetica, sans-serif; font-size: 12pt;\" data-contrast=\"auto\"> D\u00f9ng cho 1 thi\u1ebft b\u1ecb, kh\u00f4ng \u0111\u1ed5i \u0111\u01b0\u1ee3c email\/m\u1eadt kh\u1ea9u, kh\u00f4ng d\u00f9ng cho Net v\u00e0 Cloud Gaming<\/span><\/li>\n<li style=\"text-align: left;\"><span style=\"font-family: arial, helvetica, sans-serif; font-size: 12pt;\" data-contrast=\"auto\"> B\u1ea3o h\u00e0nh nhanh ch\u00f3ng n\u1ebfu g\u1eb7p s\u1ef1 c\u1ed1 v\u1ec1 t\u00e0i kho\u1ea3n<\/span><\/li>\n<li style=\"text-align: left;\"><span style=\"font-family: arial, helvetica, sans-serif; font-size: 12pt;\">H\u01b0\u1edbng d\u1eabn s\u1eed d\u1ee5ng chi ti\u1ebft t\u00e0i kho\u1ea3n Steam Offline v\u00e0 b\u1ea3o h\u00e0nh trong su\u1ed1t qu\u00e1 tr\u00ecnh ch\u01a1i Game<\/span><\/li>\n<\/ul>\n<div class=\"game_page_autocollapse_ctn expanded\">\n<div id=\"aboutThisGame\" class=\"game_page_autocollapse\" data-panel=\"{&quot;type&quot;:&quot;PanelGroup&quot;}\">\n<div id=\"game_area_description\" class=\"game_area_description\">\n<h2>V\u1ec1 tr\u00f2 ch\u01a1i n\u00e0y<\/h2>\n<p>Nh\u1eefng m\u00f9a thay \u0111\u1ed5i li\u00ean t\u1ee5c s\u1ebd l\u00e0m bi\u1ebfn chuy\u1ec3n m\u1ecdi th\u1ee9 t\u1ea1i l\u1ec5 h\u1ed9i xe h\u01a1i l\u1edbn nh\u1ea5t th\u1ebf gi\u1edbi. Ch\u01a1i m\u1ed9t m\u00ecnh ho\u1eb7c s\u00e1t c\u00e1nh c\u00f9ng ng\u01b0\u1eddi kh\u00e1c \u0111\u1ec3 kh\u00e1m ph\u00e1 n\u01b0\u1edbc Anh xinh \u0111\u1eb9p v\u00e0 gi\u00e0u d\u1ea5u \u1ea5n l\u1ecbch s\u1eed trong m\u1ed9t th\u1ebf gi\u1edbi m\u1edf \u0111\u01b0\u1ee3c chia s\u1ebb. Thu th\u1eadp, n\u00e2ng c\u1ea5p v\u00e0 c\u1ea7m l\u00e1i h\u01a1n 450 m\u1eabu xe. \u0110ua xe, bi\u1ec3u di\u1ec5n k\u1ef9 n\u0103ng, s\u00e1ng t\u1ea1o v\u00e0 kh\u00e1m ph\u00e1 \u2014 h\u00e3y ch\u1ecdn con \u0111\u01b0\u1eddng c\u1ee7a ri\u00eang b\u1ea1n \u0111\u1ec3 tr\u1edf th\u00e0nh Horizon Superstar.<br \/>\n<video class=\"bb_img\" poster=\"https:\/\/shared.fastly.steamstatic.com\/store_item_assets\/steam\/apps\/1293830\/extras\/f7c5121572ce64e09c855ad22f4fea34.poster.avif?t=1734336342\" autoplay=\"autoplay\" loop=\"loop\" muted=\"muted\" width=\"600\" height=\"100\" data-mce-fragment=\"1\"><source src=\"https:\/\/shared.fastly.steamstatic.com\/store_item_assets\/steam\/apps\/1293830\/extras\/f7c5121572ce64e09c855ad22f4fea34.webm?t=1734336342\" \/><\/video><\/p>\n<div class=\"bb_img_icons\"><\/div>\n<p><strong data-start=\"408\" data-end=\"434\">S\u01b0u t\u1eadp h\u01a1n 450 m\u1eabu xe<\/strong><br \/>\nTr\u1ea3i nghi\u1ec7m d\u00e0n xe Horizon l\u1edbn nh\u1ea5t v\u00e0 \u0111a d\u1ea1ng nh\u1ea5t t\u1eeb tr\u01b0\u1edbc \u0111\u1ebfn nay, v\u1edbi h\u01a1n 100 h\u00e3ng xe \u0111\u01b0\u1ee3c c\u1ea5p ph\u00e9p ch\u00ednh th\u1ee9c.<\/p>\n<h2 class=\"bb_tag\"><\/h2>\n<p><video class=\"bb_img\" poster=\"https:\/\/shared.fastly.steamstatic.com\/store_item_assets\/steam\/apps\/1293830\/extras\/71c4de2cd2f84fb912ebdfc5c73cfeb1.poster.avif?t=1734336342\" autoplay=\"autoplay\" loop=\"loop\" muted=\"muted\" width=\"600\" height=\"100\" data-mce-fragment=\"1\"><source src=\"https:\/\/shared.fastly.steamstatic.com\/store_item_assets\/steam\/apps\/1293830\/extras\/71c4de2cd2f84fb912ebdfc5c73cfeb1.webm?t=1734336342\" \/><\/video><\/p>\n<div class=\"bb_img_icons\"><\/div>\n<p><strong data-start=\"557\" data-end=\"599\">\u0110ua xe. Bi\u1ec3u di\u1ec5n. S\u00e1ng t\u1ea1o. Kh\u00e1m ph\u00e1.<\/strong><br \/>\nTrong chi\u1ebfn d\u1ecbch m\u1edf ho\u00e0n to\u00e0n m\u1edbi, m\u1ecdi \u0111i\u1ec1u b\u1ea1n l\u00e0m \u0111\u1ec1u g\u00f3p ph\u1ea7n \u0111\u01b0a h\u00e0nh tr\u00ecnh c\u1ee7a b\u1ea1n ti\u1ebfn xa h\u01a1n.<\/p>\n<h2 class=\"bb_tag\"><\/h2>\n<p><video class=\"bb_img\" poster=\"https:\/\/shared.fastly.steamstatic.com\/store_item_assets\/steam\/apps\/1293830\/extras\/a66b131a159930da723764394f4fbd5d.poster.avif?t=1734336342\" autoplay=\"autoplay\" loop=\"loop\" muted=\"muted\" width=\"600\" height=\"100\" data-mce-fragment=\"1\"><source src=\"https:\/\/shared.fastly.steamstatic.com\/store_item_assets\/steam\/apps\/1293830\/extras\/a66b131a159930da723764394f4fbd5d.webm?t=1734336342\" \/><\/video><\/p>\n<div class=\"bb_img_icons\"><\/div>\n<p><strong data-start=\"707\" data-end=\"734\">Kh\u00e1m ph\u00e1 th\u1ebf gi\u1edbi chung<\/strong><br \/>\nTh\u1ebf gi\u1edbi c\u1ee7a b\u1ea1n s\u1ebd \u0111\u01b0\u1ee3c l\u1ea5p \u0111\u1ea7y b\u1edfi ng\u01b0\u1eddi ch\u01a1i th\u1eadt. Khi th\u1eddi gian trong ng\u00e0y, th\u1eddi ti\u1ebft v\u00e0 c\u00e1c m\u00f9a thay \u0111\u1ed5i, t\u1ea5t c\u1ea3 ng\u01b0\u1eddi ch\u01a1i \u0111\u1ec1u c\u00f9ng tr\u1ea3i nghi\u1ec7m \u0111i\u1ec1u \u0111\u00f3 trong c\u00f9ng m\u1ed9t th\u1eddi \u0111i\u1ec3m.<\/p>\n<h2 class=\"bb_tag\"><\/h2>\n<p><video class=\"bb_img\" poster=\"https:\/\/shared.fastly.steamstatic.com\/store_item_assets\/steam\/apps\/1293830\/extras\/4ab994c8c03f6c0ea519a3904d0b192c.poster.avif?t=1734336342\" autoplay=\"autoplay\" loop=\"loop\" muted=\"muted\" width=\"600\" height=\"100\" data-mce-fragment=\"1\"><source src=\"https:\/\/shared.fastly.steamstatic.com\/store_item_assets\/steam\/apps\/1293830\/extras\/4ab994c8c03f6c0ea519a3904d0b192c.webm?t=1734336342\" \/><\/video><\/p>\n<div class=\"bb_img_icons\"><\/div>\n<p><strong data-start=\"925\" data-end=\"971\">Kh\u00e1m ph\u00e1 n\u01b0\u1edbc Anh xinh \u0111\u1eb9p v\u00e0 gi\u00e0u l\u1ecbch s\u1eed<\/strong><br \/>\n\u0110\u00e2y l\u00e0 n\u01b0\u1edbc Anh theo c\u00e1ch b\u1ea1n ch\u01b0a t\u1eebng th\u1ea5y tr\u01b0\u1edbc \u0111\u00e2y. Kh\u00e1m ph\u00e1 h\u1ed3 n\u01b0\u1edbc, thung l\u0169ng, l\u00e2u \u0111\u00e0i v\u00e0 nh\u1eefng khung c\u1ea3nh ngo\u1ea1n m\u1ee5c \u0111\u01b0\u1ee3c t\u00e1i hi\u1ec7n tuy\u1ec7t \u0111\u1eb9p v\u1edbi \u0111\u1ed9 ph\u00e2n gi\u1ea3i 4K v\u00e0 HDR nguy\u00ean b\u1ea3n.<\/div>\n<\/div>\n<\/div>\n<div class=\"game_page_autocollapse_ctn expanded\">\n<div class=\"game_page_autocollapse sys_req\">\n<h2>Y\u00eau c\u1ea7u h\u1ec7 th\u1ed1ng<\/h2>\n<div class=\"sysreq_contents\">\n<div class=\"game_area_sys_req sysreq_content active\" data-os=\"win\">\n<div class=\"game_area_sys_req_leftCol\"><strong>T\u1ed1i thi\u1ec3u:<\/strong><\/p>\n<ul>\n<li style=\"list-style-type: none;\">\n<ul class=\"bb_ul\">\n<li>Y\u00eau c\u1ea7u vi x\u1eed l\u00fd v\u00e0 h\u1ec7 \u0111i\u1ec1u h\u00e0nh \u0111\u1ec1u ch\u1ea1y 64-bit<\/li>\n<li><strong>H\u0110H:<\/strong> Windows 10 version 15063.0 or higher<\/li>\n<li><strong>B\u1ed9 x\u1eed l\u00fd:<\/strong> Intel i3-4170 @ 3.7Ghz OR Intel i5 750 @ 2.67Ghz<\/li>\n<li><strong>B\u1ed9 nh\u1edb:<\/strong> 8 GB RAM<\/li>\n<li><strong>\u0110\u1ed3 h\u1ecda:<\/strong> NVidia 650TI OR AMD R7 250x<\/li>\n<li><strong>DirectX:<\/strong> Phi\u00ean b\u1ea3n 12<\/li>\n<li><strong>K\u1ebft n\u1ed1i:<\/strong> C\u00e1p m\u1ea1ng Internet<\/li>\n<li><strong>L\u01b0u tr\u1eef:<\/strong> 80 GB ch\u1ed7 tr\u1ed1ng kh\u1ea3 d\u1ee5ng<\/li>\n<\/ul>\n<\/li>\n<\/ul>\n<\/div>\n<div class=\"game_area_sys_req_rightCol\"><strong>Khuy\u1ebfn ngh\u1ecb:<\/strong><\/p>\n<ul>\n<li style=\"list-style-type: none;\">\n<ul class=\"bb_ul\">\n<li>Y\u00eau c\u1ea7u vi x\u1eed l\u00fd v\u00e0 h\u1ec7 \u0111i\u1ec1u h\u00e0nh \u0111\u1ec1u ch\u1ea1y 64-bit<\/li>\n<li><strong>H\u0110H:<\/strong> Windows 10 version 15063.0 or higher<\/li>\n<li><strong>B\u1ed9 x\u1eed l\u00fd:<\/strong> Intel i7-3820 @ 3.6Ghz<\/li>\n<li><strong>B\u1ed9 nh\u1edb:<\/strong> 12 GB RAM<\/li>\n<li><strong>\u0110\u1ed3 h\u1ecda:<\/strong> NVidia GTX 970 OR NVidia GTX 1060 3GB OR AMD R9 290x OR AMD RX 470<\/li>\n<li><strong>DirectX:<\/strong> Phi\u00ean b\u1ea3n 12<\/li>\n<li><strong>K\u1ebft n\u1ed1i:<\/strong> C\u00e1p m\u1ea1ng Internet<\/li>\n<li><strong>L\u01b0u tr\u1eef:<\/strong> 100 GB ch\u1ed7 tr\u1ed1ng kh\u1ea3 d\u1ee5ng<\/li>\n<\/ul>\n<\/li>\n<\/ul>\n<\/div>\n<\/div>\n<\/div>\n<\/div>\n<\/div>","protected":false},"excerpt":{"rendered":"<p>Nh\u1eefng m\u00f9a thay \u0111\u1ed5i li\u00ean t\u1ee5c s\u1ebd l\u00e0m bi\u1ebfn chuy\u1ec3n m\u1ecdi th\u1ee9 t\u1ea1i l\u1ec5 h\u1ed9i xe h\u01a1i l\u1edbn nh\u1ea5t th\u1ebf gi\u1edbi. Ch\u01a1i m\u1ed9t m\u00ecnh ho\u1eb7c s\u00e1t c\u00e1nh c\u00f9ng ng\u01b0\u1eddi kh\u00e1c \u0111\u1ec3 kh\u00e1m ph\u00e1 n\u01b0\u1edbc Anh xinh \u0111\u1eb9p v\u00e0 gi\u00e0u d\u1ea5u \u1ea5n l\u1ecbch s\u1eed trong m\u1ed9t th\u1ebf gi\u1edbi m\u1edf \u0111\u01b0\u1ee3c chia s\u1ebb.<\/p>","protected":false},"author":8,"featured_media":19769,"comment_status":"open","ping_status":"closed","template":"","meta":[],"product_brand":[293],"product_cat":[348,369,368,343,347,352],"product_tag":[],"loai-tai-khoan":[422],"nam-phat-hanh":[412],"class_list":{"0":"post-19768","1":"product","2":"type-product","3":"status-publish","4":"has-post-thumbnail","6":"product_brand-xboxgamestudios","7":"product_cat-dua-xe","8":"product_cat-goc-nhin-thu-ba","9":"product_cat-goc-nhin-thu-nhat","10":"product_cat-phieu-luu","11":"product_cat-the-thao","12":"product_cat-the-gioi-mo","13":"loai-tai-khoan-game-offline","14":"nam-phat-hanh-412","16":"first","17":"instock","18":"sale","19":"downloadable","20":"virtual","21":"purchasable","22":"product-type-simple"},"_links":{"self":[{"href":"https:\/\/toimuagame.com\/en\/wp-json\/wp\/v2\/product\/19768","targetHints":{"allow":["GET"]}}],"collection":[{"href":"https:\/\/toimuagame.com\/en\/wp-json\/wp\/v2\/product"}],"about":[{"href":"https:\/\/toimuagame.com\/en\/wp-json\/wp\/v2\/types\/product"}],"author":[{"embeddable":true,"href":"https:\/\/toimuagame.com\/en\/wp-json\/wp\/v2\/users\/8"}],"replies":[{"embeddable":true,"href":"https:\/\/toimuagame.com\/en\/wp-json\/wp\/v2\/comments?post=19768"}],"version-history":[{"count":0,"href":"https:\/\/toimuagame.com\/en\/wp-json\/wp\/v2\/product\/19768\/revisions"}],"wp:featuredmedia":[{"embeddable":true,"href":"https:\/\/toimuagame.com\/en\/wp-json\/wp\/v2\/media\/19769"}],"wp:attachment":[{"href":"https:\/\/toimuagame.com\/en\/wp-json\/wp\/v2\/media?parent=19768"}],"wp:term":[{"taxonomy":"product_brand","embeddable":true,"href":"https:\/\/toimuagame.com\/en\/wp-json\/wp\/v2\/product_brand?post=19768"},{"taxonomy":"product_cat","embeddable":true,"href":"https:\/\/toimuagame.com\/en\/wp-json\/wp\/v2\/product_cat?post=19768"},{"taxonomy":"product_tag","embeddable":true,"href":"https:\/\/toimuagame.com\/en\/wp-json\/wp\/v2\/product_tag?post=19768"},{"taxonomy":"loai-tai-khoan","embeddable":true,"href":"https:\/\/toimuagame.com\/en\/wp-json\/wp\/v2\/loai-tai-khoan?post=19768"},{"taxonomy":"nam-phat-hanh","embeddable":true,"href":"https:\/\/toimuagame.com\/en\/wp-json\/wp\/v2\/nam-phat-hanh?post=19768"}],"curies":[{"name":"wp","href":"https:\/\/api.w.org\/{rel}","templated":true}]}}