{"id":19764,"date":"2026-05-13T14:35:18","date_gmt":"2026-05-13T07:35:18","guid":{"rendered":"https:\/\/toimuagame.com\/?post_type=product&#038;p=19764"},"modified":"2026-05-13T14:35:18","modified_gmt":"2026-05-13T07:35:18","slug":"subnautica-subnautica-below-zero-subnautica-2-steam-offline","status":"publish","type":"product","link":"https:\/\/toimuagame.com\/en\/subnautica-subnautica-below-zero-subnautica-2-steam-offline\/","title":{"rendered":"Subnautica + Subnautica: Below Zero + Subnautica 2 &#8211; Steam Offline"},"content":{"rendered":"<p><strong><span style=\"font-size: 18pt; color: #333333; font-family: arial, helvetica, sans-serif;\">Nh\u1eadn t\u00e0i kho\u1ea3n Steam s\u1eb5n Game sau khi thanh to\u00e1n<\/span><\/strong><\/p>\n<ul>\n<li><span style=\"font-family: arial, helvetica, sans-serif; font-size: 12pt;\" data-contrast=\"auto\">Ch\u01a1i Offline, l\u01b0u ti\u1ebfn tr\u00ecnh ri\u00eang, kh\u00f4ng lo m\u1ea5t Save, tho\u1ea3i m\u00e1i Update<\/span><\/li>\n<li style=\"text-align: left;\"><span style=\"font-family: arial, helvetica, sans-serif; font-size: 12pt;\" data-contrast=\"auto\">S\u1edf h\u1eefu v\u0129nh vi\u1ec5n, kh\u00f4ng gi\u1edbi h\u1ea1n th\u1eddi gian<\/span><\/li>\n<li style=\"text-align: left;\"><span style=\"font-family: arial, helvetica, sans-serif; font-size: 12pt;\" data-contrast=\"auto\">Ti\u1ebft ki\u1ec7m t\u1edbi h\u01a1n 90% so v\u1edbi mua t\u1eeb Steam<\/span><\/li>\n<li style=\"text-align: left;\"><span style=\"font-family: arial, helvetica, sans-serif; font-size: 12pt;\" data-contrast=\"auto\"> H\u1ed7 tr\u1ee3 Vi\u1ec7t H\u00f3a mi\u1ec5n ph\u00ed, mang l\u1ea1i tr\u1ea3i nghi\u1ec7m \u0111\u1ea7y \u0111\u1ee7<\/span><\/li>\n<li style=\"text-align: left;\"><span style=\"font-family: arial, helvetica, sans-serif; font-size: 12pt;\" data-contrast=\"auto\">Tho\u1ea3i m\u00e1i c\u00e0i Mods, Workshop, Trainer theo \u00fd mu\u1ed1n<\/span><\/li>\n<li style=\"text-align: left;\"><span style=\"font-family: arial, helvetica, sans-serif; font-size: 12pt;\" data-contrast=\"auto\"> D\u00f9ng cho 1 thi\u1ebft b\u1ecb, kh\u00f4ng \u0111\u1ed5i \u0111\u01b0\u1ee3c email\/m\u1eadt kh\u1ea9u, kh\u00f4ng d\u00f9ng cho Net v\u00e0 Cloud Gaming<\/span><\/li>\n<li style=\"text-align: left;\"><span style=\"font-family: arial, helvetica, sans-serif; font-size: 12pt;\" data-contrast=\"auto\"> B\u1ea3o h\u00e0nh nhanh ch\u00f3ng n\u1ebfu g\u1eb7p s\u1ef1 c\u1ed1 v\u1ec1 t\u00e0i kho\u1ea3n<\/span><\/li>\n<li style=\"text-align: left;\"><span style=\"font-family: arial, helvetica, sans-serif; font-size: 12pt;\">H\u01b0\u1edbng d\u1eabn s\u1eed d\u1ee5ng chi ti\u1ebft t\u00e0i kho\u1ea3n Steam Offline v\u00e0 b\u1ea3o h\u00e0nh trong su\u1ed1t qu\u00e1 tr\u00ecnh ch\u01a1i Game<\/span><\/li>\n<\/ul>\n<h2>Y\u00eau c\u1ea7u h\u1ec7 th\u1ed1ng<\/h2>\n<div class=\"sysreq_contents\">\n<div class=\"game_area_sys_req sysreq_content active\" data-os=\"win\">\n<div class=\"game_area_sys_req_leftCol\">\n<p><strong>T\u1ed1i thi\u1ec3u:<\/strong><\/p>\n<ul>\n<li style=\"list-style-type: none;\">\n<ul class=\"bb_ul\">\n<li><strong>H\u0110H:<\/strong> Windows 10\/11<\/li>\n<li><strong>B\u1ed9 x\u1eed l\u00fd:<\/strong> Intel Core i5-8400 \/ AMD Ryzen 5 2600<\/li>\n<li><strong>B\u1ed9 nh\u1edb:<\/strong> 12 GB RAM<\/li>\n<li><strong>\u0110\u1ed3 h\u1ecda:<\/strong> GeForce GTX 1660 6GB \/ RX 5500 XT 6GB<\/li>\n<li><strong>DirectX:<\/strong> Phi\u00ean b\u1ea3n 12<\/li>\n<li><strong>K\u1ebft n\u1ed1i:<\/strong> C\u00e1p m\u1ea1ng Internet<\/li>\n<li><strong>L\u01b0u tr\u1eef:<\/strong> 50 GB ch\u1ed7 tr\u1ed1ng kh\u1ea3 d\u1ee5ng<\/li>\n<li><strong>Ghi ch\u00fa th\u00eam:<\/strong> Requires a 64-bit processor and operating system<\/li>\n<\/ul>\n<\/li>\n<\/ul>\n<\/div>\n<div class=\"game_area_sys_req_rightCol\">\n<p><strong>Khuy\u1ebfn ngh\u1ecb:<\/strong><\/p>\n<ul>\n<li style=\"list-style-type: none;\">\n<ul class=\"bb_ul\">\n<li><strong>H\u0110H:<\/strong> Windows 11<\/li>\n<li><strong>B\u1ed9 x\u1eed l\u00fd:<\/strong> Intel Core i7-13700 \/ AMD Ryzen 7 7700X<\/li>\n<li><strong>B\u1ed9 nh\u1edb:<\/strong> 16 GB RAM<\/li>\n<li><strong>\u0110\u1ed3 h\u1ecda:<\/strong> Geforce RTX 3070 8GB \/ RX 6700 XT 8GB<\/li>\n<li><strong>DirectX:<\/strong> Phi\u00ean b\u1ea3n 12<\/li>\n<li><strong>K\u1ebft n\u1ed1i:<\/strong> C\u00e1p m\u1ea1ng Internet<\/li>\n<li><strong>L\u01b0u tr\u1eef:<\/strong> 50 GB ch\u1ed7 tr\u1ed1ng kh\u1ea3 d\u1ee5ng<\/li>\n<li><strong>Ghi ch\u00fa th\u00eam:<\/strong> Requires a 64-bit processor and operating system<\/li>\n<\/ul>\n<\/li>\n<\/ul>\n<\/div>\n<\/div>\n<\/div>","protected":false},"excerpt":{"rendered":"<p>T\u00e0i kho\u1ea3n Steam Offline g\u1ed3m 3 game:<\/p>\n<div class=\"page_title_area game_title_area page_content\" data-gpnav=\"columns\">\n<div class=\"apphub_HomeHeaderContent\">\n<div class=\"apphub_HeaderStandardTop\">\n<ol>\n<li>Subnautica<\/li>\n<li>Subnautica: Below Zero<\/li>\n<li>Subnautica 2<\/li>\n<\/ol>\n<\/div>\n<\/div>\n<\/div>","protected":false},"author":8,"featured_media":19765,"comment_status":"open","ping_status":"closed","template":"","meta":[],"product_brand":[],"product_cat":[345,368,350,349,343,351,353,352],"product_tag":[],"loai-tai-khoan":[422],"nam-phat-hanh":[419,412,415],"class_list":{"0":"post-19764","1":"product","2":"type-product","3":"status-publish","4":"has-post-thumbnail","6":"product_cat-chien-thuat","7":"product_cat-goc-nhin-thu-nhat","8":"product_cat-indie","9":"product_cat-kinh-di","10":"product_cat-phieu-luu","11":"product_cat-sandbox","12":"product_cat-sinh-ton","13":"product_cat-the-gioi-mo","14":"loai-tai-khoan-game-offline","15":"nam-phat-hanh-419","16":"nam-phat-hanh-412","17":"nam-phat-hanh-415","19":"first","20":"instock","21":"sale","22":"downloadable","23":"virtual","24":"purchasable","25":"product-type-simple"},"_links":{"self":[{"href":"https:\/\/toimuagame.com\/en\/wp-json\/wp\/v2\/product\/19764","targetHints":{"allow":["GET"]}}],"collection":[{"href":"https:\/\/toimuagame.com\/en\/wp-json\/wp\/v2\/product"}],"about":[{"href":"https:\/\/toimuagame.com\/en\/wp-json\/wp\/v2\/types\/product"}],"author":[{"embeddable":true,"href":"https:\/\/toimuagame.com\/en\/wp-json\/wp\/v2\/users\/8"}],"replies":[{"embeddable":true,"href":"https:\/\/toimuagame.com\/en\/wp-json\/wp\/v2\/comments?post=19764"}],"version-history":[{"count":0,"href":"https:\/\/toimuagame.com\/en\/wp-json\/wp\/v2\/product\/19764\/revisions"}],"wp:featuredmedia":[{"embeddable":true,"href":"https:\/\/toimuagame.com\/en\/wp-json\/wp\/v2\/media\/19765"}],"wp:attachment":[{"href":"https:\/\/toimuagame.com\/en\/wp-json\/wp\/v2\/media?parent=19764"}],"wp:term":[{"taxonomy":"product_brand","embeddable":true,"href":"https:\/\/toimuagame.com\/en\/wp-json\/wp\/v2\/product_brand?post=19764"},{"taxonomy":"product_cat","embeddable":true,"href":"https:\/\/toimuagame.com\/en\/wp-json\/wp\/v2\/product_cat?post=19764"},{"taxonomy":"product_tag","embeddable":true,"href":"https:\/\/toimuagame.com\/en\/wp-json\/wp\/v2\/product_tag?post=19764"},{"taxonomy":"loai-tai-khoan","embeddable":true,"href":"https:\/\/toimuagame.com\/en\/wp-json\/wp\/v2\/loai-tai-khoan?post=19764"},{"taxonomy":"nam-phat-hanh","embeddable":true,"href":"https:\/\/toimuagame.com\/en\/wp-json\/wp\/v2\/nam-phat-hanh?post=19764"}],"curies":[{"name":"wp","href":"https:\/\/api.w.org\/{rel}","templated":true}]}}