{"id":19755,"date":"2026-05-13T14:29:13","date_gmt":"2026-05-13T07:29:13","guid":{"rendered":"https:\/\/toimuagame.com\/?post_type=product&#038;p=19755"},"modified":"2026-05-13T16:27:39","modified_gmt":"2026-05-13T09:27:39","slug":"subnautica-2-steam-offline","status":"publish","type":"product","link":"https:\/\/toimuagame.com\/en\/subnautica-2-steam-offline\/","title":{"rendered":"Subnautica 2 &#8211; Steam Offline"},"content":{"rendered":"<p><strong><span style=\"font-size: 18pt; color: #333333; font-family: arial, helvetica, sans-serif;\">Nh\u1eadn t\u00e0i kho\u1ea3n Steam s\u1eb5n Game sau khi thanh to\u00e1n<\/span><\/strong><\/p>\n<ul>\n<li><span style=\"font-family: arial, helvetica, sans-serif; font-size: 12pt;\" data-contrast=\"auto\">Ch\u01a1i Offline, l\u01b0u ti\u1ebfn tr\u00ecnh ri\u00eang, kh\u00f4ng lo m\u1ea5t Save, tho\u1ea3i m\u00e1i Update<\/span><\/li>\n<li style=\"text-align: left;\"><span style=\"font-family: arial, helvetica, sans-serif; font-size: 12pt;\" data-contrast=\"auto\">S\u1edf h\u1eefu v\u0129nh vi\u1ec5n, kh\u00f4ng gi\u1edbi h\u1ea1n th\u1eddi gian<\/span><\/li>\n<li style=\"text-align: left;\"><span style=\"font-family: arial, helvetica, sans-serif; font-size: 12pt;\" data-contrast=\"auto\">Ti\u1ebft ki\u1ec7m t\u1edbi h\u01a1n 90% so v\u1edbi mua t\u1eeb Steam<\/span><\/li>\n<li style=\"text-align: left;\"><span style=\"font-family: arial, helvetica, sans-serif; font-size: 12pt;\" data-contrast=\"auto\"> H\u1ed7 tr\u1ee3 Vi\u1ec7t H\u00f3a mi\u1ec5n ph\u00ed, mang l\u1ea1i tr\u1ea3i nghi\u1ec7m \u0111\u1ea7y \u0111\u1ee7<\/span><\/li>\n<li style=\"text-align: left;\"><span style=\"font-family: arial, helvetica, sans-serif; font-size: 12pt;\" data-contrast=\"auto\">Tho\u1ea3i m\u00e1i c\u00e0i Mods, Workshop, Trainer theo \u00fd mu\u1ed1n<\/span><\/li>\n<li style=\"text-align: left;\"><span style=\"font-family: arial, helvetica, sans-serif; font-size: 12pt;\" data-contrast=\"auto\"> D\u00f9ng cho 1 thi\u1ebft b\u1ecb, kh\u00f4ng \u0111\u1ed5i \u0111\u01b0\u1ee3c email\/m\u1eadt kh\u1ea9u, kh\u00f4ng d\u00f9ng cho Net v\u00e0 Cloud Gaming<\/span><\/li>\n<li style=\"text-align: left;\"><span style=\"font-family: arial, helvetica, sans-serif; font-size: 12pt;\" data-contrast=\"auto\"> B\u1ea3o h\u00e0nh nhanh ch\u00f3ng n\u1ebfu g\u1eb7p s\u1ef1 c\u1ed1 v\u1ec1 t\u00e0i kho\u1ea3n<\/span><\/li>\n<li style=\"text-align: left;\"><span style=\"font-family: arial, helvetica, sans-serif; font-size: 12pt;\">H\u01b0\u1edbng d\u1eabn s\u1eed d\u1ee5ng chi ti\u1ebft t\u00e0i kho\u1ea3n Steam Offline v\u00e0 b\u1ea3o h\u00e0nh trong su\u1ed1t qu\u00e1 tr\u00ecnh ch\u01a1i Game<\/span><\/li>\n<\/ul>\n<div class=\"game_page_autocollapse_ctn expanded\">\n<div id=\"aboutThisGame\" class=\"game_page_autocollapse\" data-panel=\"{&quot;type&quot;:&quot;PanelGroup&quot;}\">\n<div id=\"game_area_description\" class=\"game_area_description\">\n<h2>V\u1ec1 tr\u00f2 ch\u01a1i n\u00e0y<\/h2>\n<p class=\"bb_paragraph\"><video class=\"bb_img\" poster=\"https:\/\/shared.fastly.steamstatic.com\/store_item_assets\/steam\/apps\/1962700\/extras\/34226ae5474b62567bd6d27764836ebf.poster.avif?t=1778510411\" autoplay=\"autoplay\" loop=\"loop\" muted=\"muted\" width=\"780\" height=\"250\" data-mce-fragment=\"1\"><source src=\"https:\/\/shared.fastly.steamstatic.com\/store_item_assets\/steam\/apps\/1962700\/extras\/34226ae5474b62567bd6d27764836ebf.webm?t=1778510411\" \/><\/video><\/p>\n<div class=\"bb_img_icons\"><\/div>\n<p class=\"bb_paragraph\">Subnautica 2 l\u00e0 m\u1ed9t t\u1ef1a game phi\u00eau l\u01b0u sinh t\u1ed3n d\u01b0\u1edbi \u0111\u1ea1i d\u01b0\u01a1ng l\u1ea5y b\u1ed1i c\u1ea3nh tr\u00ean m\u1ed9t th\u1ebf gi\u1edbi ngo\u00e0i h\u00e0nh tinh ho\u00e0n to\u00e0n m\u1edbi. \u0110\u00e2y l\u00e0 ch\u01b0\u01a1ng ti\u1ebfp theo trong v\u0169 tr\u1ee5 Subnautica, \u0111\u01b0\u1ee3c ph\u00e1t tri\u1ec3n b\u1edfi Unknown Worlds.<\/p>\n<p class=\"bb_paragraph\">B\u1ecb bu\u1ed9c ph\u1ea3i r\u1eddi b\u1ecf qu\u00ea h\u01b0\u01a1ng b\u1edfi nh\u1eefng cu\u1ed9c xung \u0111\u1ed9t k\u00e9o d\u00e0i, Alterra trao cho b\u1ea1n c\u01a1 h\u1ed9i b\u1eaft \u0111\u1ea7u m\u1ed9t cu\u1ed9c s\u1ed1ng m\u1edbi. Nh\u01b0ng khi con t\u00e0u thu\u1ed9c \u0111\u1ecba CICADA \u0111\u01b0a b\u1ea1n c\u00f9ng nh\u1eefng Pioneer kh\u00e1c \u0111\u1ebfn m\u00e1i nh\u00e0 m\u1edbi, m\u1ecdi th\u1ee9 b\u1ea5t ng\u1edd \u0111i ch\u1ec7ch h\u01b0\u1edbng. AI c\u1ee7a con t\u00e0u kh\u0103ng kh\u0103ng r\u1eb1ng nhi\u1ec7m v\u1ee5 ph\u1ea3i ti\u1ebfp t\u1ee5c. B\u1ecb m\u1eafc k\u1eb9t v\u00e0 \u0111\u1ed1i m\u1eb7t v\u1edbi nh\u1eefng th\u1eed th\u00e1ch g\u1ea7n nh\u01b0 kh\u00f4ng th\u1ec3 v\u01b0\u1ee3t qua, b\u1ea1n ph\u1ea3i l\u00e0m m\u1ecdi c\u00e1ch \u0111\u1ec3 sinh t\u1ed3n. T\u01b0\u01a1ng lai c\u1ee7a nh\u00e2n lo\u1ea1i tr\u00ean th\u1ebf gi\u1edbi n\u00e0y gi\u1edd n\u1eb1m trong tay b\u1ea1n.<\/p>\n<p class=\"bb_paragraph\">\n<p class=\"bb_paragraph\"><video class=\"bb_img\" poster=\"https:\/\/shared.fastly.steamstatic.com\/store_item_assets\/steam\/apps\/1962700\/extras\/5bbfb234503bd6c56af7d1c13152c98f.poster.avif?t=1778510411\" autoplay=\"autoplay\" loop=\"loop\" muted=\"muted\" width=\"780\" height=\"250\" data-mce-fragment=\"1\"><source src=\"https:\/\/shared.fastly.steamstatic.com\/store_item_assets\/steam\/apps\/1962700\/extras\/5bbfb234503bd6c56af7d1c13152c98f.webm?t=1778510411\" \/><\/video><\/p>\n<div class=\"bb_img_icons\"><\/div>\n<h2 class=\"bb_tag\"><strong data-start=\"695\" data-end=\"729\">CH\u01a0I M\u1ed8T M\u00ccNH HO\u1eb6C C\u00d9NG B\u1ea0N B\u00c8<\/strong><\/h2>\n<p class=\"bb_paragraph\">Subnautica 2 \u0111\u01b0\u1ee3c x\u00e2y d\u1ef1ng ch\u1ee7 y\u1ebfu nh\u01b0 m\u1ed9t tr\u1ea3i nghi\u1ec7m ch\u01a1i \u0111\u01a1n, nh\u01b0ng b\u1ea1n c\u0169ng c\u00f3 th\u1ec3 tham gia ch\u1ebf \u0111\u1ed9 co-op tr\u1ef1c tuy\u1ebfn v\u1edbi t\u1ed1i \u0111a ba ng\u01b0\u1eddi b\u1ea1n. B\u1ea1n c\u00f3 th\u1ec3 ch\u1ecdn m\u1ed9t trong b\u1ed1n nh\u00e2n v\u1eadt \u0111\u01b0\u1ee3c thi\u1ebft k\u1ebf s\u1eb5n, c\u00f9ng nhi\u1ec1u nh\u00e2n v\u1eadt v\u00e0 t\u00f9y ch\u1ecdn t\u00f9y bi\u1ebfn s\u1ebd \u0111\u01b0\u1ee3c b\u1ed5 sung xuy\u00ean su\u1ed1t giai \u0111o\u1ea1n Early Access. H\u1ee3p t\u00e1c \u0111\u1ec3 kh\u00e1m ph\u00e1 nh\u1eefng t\u00e0n t\u00edch b\u1ecb l\u00e3ng qu\u00ean t\u1eeb l\u00e2u v\u00e0 h\u1ecdc c\u00e1ch th\u00edch nghi v\u1edbi m\u1ed9t h\u00e0nh tinh d\u01b0\u1eddng nh\u01b0 kh\u00f4ng h\u1ec1 ch\u00e0o \u0111\u00f3n b\u1ea1n.<\/p>\n<p class=\"bb_paragraph\">\n<p class=\"bb_paragraph\"><video class=\"bb_img\" poster=\"https:\/\/shared.fastly.steamstatic.com\/store_item_assets\/steam\/apps\/1962700\/extras\/232014bae618b6623aa51783c0392db3.poster.avif?t=1778510411\" autoplay=\"autoplay\" loop=\"loop\" muted=\"muted\" width=\"780\" height=\"250\" data-mce-fragment=\"1\"><source src=\"https:\/\/shared.fastly.steamstatic.com\/store_item_assets\/steam\/apps\/1962700\/extras\/232014bae618b6623aa51783c0392db3.webm?t=1778510411\" \/><\/video><\/p>\n<div class=\"bb_img_icons\"><\/div>\n<h2 class=\"bb_tag\"><strong data-start=\"1160\" data-end=\"1186\">TH\u00cdCH NGHI \u0110\u1ec2 SINH T\u1ed2N<\/strong><\/h2>\n<p class=\"bb_paragraph\">\u0110\u1ec3 s\u1ed1ng s\u00f3t d\u01b0\u1edbi \u0111\u00e1y s\u00e2u v\u00e0 bi\u1ebfn h\u00e0nh tinh n\u00e0y th\u00e0nh m\u00e1i nh\u00e0 m\u1edbi, b\u1ea1n s\u1ebd c\u1ea7n t\u1eadn d\u1ee5ng m\u1ecdi c\u00f4ng c\u1ee5 trong tay. Kh\u00e1m ph\u00e1 nh\u1eefng qu\u1ea7n x\u00e3 sinh v\u1eadt r\u1ef1c r\u1ee1 v\u00e0 ngo\u1ea1n m\u1ee5c b\u1eb1ng t\u00e0u l\u1eb7n Tadpole. Thi\u1ebft k\u1ebf v\u00e0 t\u00f9y ch\u1ec9nh c\u0103n c\u1ee9 \u0111\u1ec3 tr\u1edf v\u1ec1 sau nh\u1eefng chuy\u1ebfn phi\u00eau l\u01b0u v\u01b0\u1ee3t xa v\u00f9ng n\u01b0\u1edbc n\u00f4ng an to\u00e0n. Trong su\u1ed1t qu\u00e1 tr\u00ecnh ph\u00e1t tri\u1ec3n Early Access, kho c\u00f4ng c\u1ee5, trang b\u1ecb v\u00e0 ph\u01b0\u01a1ng ti\u1ec7n c\u1ee7a b\u1ea1n c\u0169ng s\u1ebd ng\u00e0y c\u00e0ng m\u1edf r\u1ed9ng. Nh\u1eefng n\u00e2ng c\u1ea5p m\u1edbi s\u1ebd gi\u00fap b\u1ea1n v\u01b0\u1ee3t qua gi\u1edbi h\u1ea1n b\u1ea3n th\u00e2n v\u00e0 h\u00e9 l\u1ed9 c\u00e1c b\u00ed m\u1eadt c\u1ee7a th\u1ebf gi\u1edbi k\u1ef3 l\u1ea1 n\u00e0y.<\/p>\n<p class=\"bb_paragraph\">\n<p class=\"bb_paragraph\"><video class=\"bb_img\" poster=\"https:\/\/shared.fastly.steamstatic.com\/store_item_assets\/steam\/apps\/1962700\/extras\/3485865fd0e44523071058f2a9a169c0.poster.avif?t=1778510411\" autoplay=\"autoplay\" loop=\"loop\" muted=\"muted\" width=\"780\" height=\"250\" data-mce-fragment=\"1\"><source src=\"https:\/\/shared.fastly.steamstatic.com\/store_item_assets\/steam\/apps\/1962700\/extras\/3485865fd0e44523071058f2a9a169c0.webm?t=1778510411\" \/><\/video><\/p>\n<div class=\"bb_img_icons\"><\/div>\n<h2 class=\"bb_tag\"><strong data-start=\"1694\" data-end=\"1727\">KH\u00c1M PH\u00c1 NH\u1eeeNG \u0110I\u1ec0U CH\u01afA BI\u1ebeT<\/strong><\/h2>\n<p class=\"bb_paragraph\">Qu\u00e9t v\u00e0 nghi\u00ean c\u1ee9u m\u1ed9t h\u1ec7 sinh th\u00e1i phong ph\u00fa \u0111\u1ec3 hi\u1ec3u r\u00f5 s\u1ef1 s\u1ed1ng n\u01a1i \u0111\u00e2y. Kh\u00e1m ph\u00e1 m\u1ecdi th\u1ee9, t\u1eeb nh\u1eefng sinh v\u1eadt nh\u1ecf b\u00e9 nh\u1ea5t \u0111\u1ebfn c\u00e1c Leviathan kh\u1ed5ng l\u1ed3. Tr\u1ea3i nghi\u1ec7m v\u1ebb k\u1ef3 di\u1ec7u \u2014 v\u00e0 \u0111\u00f4i khi l\u00e0 hi\u1ec3m nguy \u2014 lu\u00f4n r\u00ecnh r\u1eadp sau m\u1ed7i g\u00f3c khu\u1ea5t. M\u1ed7i l\u1ea7n l\u1eb7n xu\u1ed1ng \u0111\u1ec1u l\u00e0 c\u01a1 h\u1ed9i \u0111\u1ec3 b\u1ea1n t\u00ecm hi\u1ec3u v\u00ec sao AI c\u1ee7a con t\u00e0u l\u1ea1i quy\u1ebft t\u00e2m ho\u00e0n th\u00e0nh nhi\u1ec7m v\u1ee5 \u0111\u1ebfn v\u1eady, c\u0169ng nh\u01b0 nh\u1eefng b\u00ed \u1ea9n \u0111ang n\u1eb1m s\u00e2u d\u01b0\u1edbi b\u1ec1 m\u1eb7t c\u1ee7a v\u00f9ng \u0111\u1ea5t m\u1edbi tuy\u1ec7t \u0111\u1eb9p n\u00e0y.<\/p>\n<p class=\"bb_paragraph\">\n<p class=\"bb_paragraph\"><video class=\"bb_img\" poster=\"https:\/\/shared.fastly.steamstatic.com\/store_item_assets\/steam\/apps\/1962700\/extras\/9855b8fff80f80109ef0952aed530251.poster.avif?t=1778510411\" autoplay=\"autoplay\" loop=\"loop\" muted=\"muted\" width=\"780\" height=\"250\" data-mce-fragment=\"1\"><source src=\"https:\/\/shared.fastly.steamstatic.com\/store_item_assets\/steam\/apps\/1962700\/extras\/9855b8fff80f80109ef0952aed530251.webm?t=1778510411\" \/><\/video><\/p>\n<div class=\"bb_img_icons\"><\/div>\n<h2 class=\"bb_tag\"><strong data-start=\"2159\" data-end=\"2193\">\u0110\u01af\u1ee2C THI\u1ebeT K\u1ebe CHO EARLY ACCESS<\/strong><\/h2>\n<p class=\"bb_paragraph\">Subnautica 2 l\u00e0 m\u1ed9t t\u1ef1a game Early Access v\u1eabn \u0111ang trong qu\u00e1 tr\u00ecnh ph\u00e1t tri\u1ec3n. Trong su\u1ed1t h\u00e0nh tr\u00ecnh n\u00e0y, th\u1ebf gi\u1edbi game s\u1ebd li\u00ean t\u1ee5c \u0111\u01b0\u1ee3c m\u1edf r\u1ed9ng v\u1edbi nhi\u1ec1u qu\u1ea7n x\u00e3 sinh v\u1eadt, sinh v\u1eadt v\u00e0 v\u1eadt ph\u1ea9m ch\u1ebf t\u1ea1o m\u1edbi, \u0111\u1ed3ng th\u1eddi c\u1ed1t truy\u1ec7n c\u0169ng s\u1ebd \u0111\u01b0\u1ee3c ph\u00e1t tri\u1ec3n th\u00eam. B\u1ea1n c\u00f3 th\u1ec3 g\u1eb7p l\u1ed7i, t\u00ednh n\u0103ng ch\u01b0a ho\u00e0n thi\u1ec7n ho\u1eb7c v\u1ea5n \u0111\u1ec1 hi\u1ec7u n\u0103ng. Ph\u1ea3n h\u1ed3i t\u1eeb ng\u01b0\u1eddi ch\u01a1i ch\u00ednh l\u00e0 n\u1ec1n t\u1ea3ng quan tr\u1ecdng trong qu\u00e1 tr\u00ecnh ph\u00e1t tri\u1ec3n c\u1ee7a ch\u00fang t\u00f4i. H\u00e3y \u0111\u1ed3ng h\u00e0nh c\u00f9ng ch\u00fang t\u00f4i \u0111\u1ec3 g\u00f3p ph\u1ea7n \u0111\u1ecbnh h\u00ecnh ch\u01b0\u01a1ng ti\u1ebfp theo c\u1ee7a v\u0169 tr\u1ee5 Subnautica.<\/p>\n<p class=\"bb_paragraph\">\n<p class=\"bb_paragraph\"><video class=\"bb_img\" poster=\"https:\/\/shared.fastly.steamstatic.com\/store_item_assets\/steam\/apps\/1962700\/extras\/853dc0de0cea2aa34f792291fccf72d2.poster.avif?t=1778510411\" autoplay=\"autoplay\" loop=\"loop\" muted=\"muted\" width=\"780\" height=\"250\" data-mce-fragment=\"1\"><source src=\"https:\/\/shared.fastly.steamstatic.com\/store_item_assets\/steam\/apps\/1962700\/extras\/853dc0de0cea2aa34f792291fccf72d2.webm?t=1778510411\" \/><\/video><\/p>\n<div class=\"bb_img_icons\"><\/div>\n<h2 class=\"bb_tag\"><strong data-start=\"2712\" data-end=\"2747\">\u0110\u01af\u1ee2C T\u1ea0O N\u00caN B\u1edeI UNKNOWN WORLDS<\/strong><\/h2>\n<p class=\"bb_paragraph\">Subnautica 2 \u0111\u01b0\u1ee3c ph\u00e1t tri\u1ec3n b\u1edfi Unknown Worlds, studio \u0111\u1ee9ng sau nh\u1eefng t\u1ef1a game \u0111o\u1ea1t gi\u1ea3i th\u01b0\u1edfng nh\u01b0 Subnautica v\u00e0 Subnautica: Below Zero. H\u00e0nh tr\u00ecnh c\u1ee7a h\u1ecd b\u1eaft \u0111\u1ea7u t\u1eeb b\u1ea3n mod Natural Selection cho Half-Life n\u0103m 2003, v\u00e0 gi\u1edd \u0111\u00e2y \u0111\u00e3 tr\u1edf th\u00e0nh m\u1ed9t \u0111\u1ed9i ng\u0169 l\u00e0m vi\u1ec7c t\u1eeb xa tr\u00ean quy m\u00f4 to\u00e0n c\u1ea7u, tr\u1ea3i d\u00e0i t\u1eeb M\u1ef9, Anh, Ph\u00e1p \u0111\u1ebfn \u00dac v\u00e0 nhi\u1ec1u qu\u1ed1c gia kh\u00e1c. V\u1edbi tri\u1ebft l\u00fd ph\u00e1t tri\u1ec3n c\u1edfi m\u1edf c\u00f9ng h\u01a1n m\u1ed9t th\u1eadp k\u1ef7 \u0111\u1ed5i m\u1edbi d\u1ef1a tr\u00ean c\u1ed9ng \u0111\u1ed3ng, studio mong mu\u1ed1n ti\u1ebfp t\u1ee5c \u0111\u01b0a ng\u01b0\u1eddi ch\u01a1i quay tr\u1edf l\u1ea1i \u0111\u1ea1i d\u01b0\u01a1ng s\u00e2u th\u1eb3m v\u1edbi m\u1ed9t tr\u1ea3i nghi\u1ec7m sinh t\u1ed3n v\u01b0\u1ee3t xa gi\u1edbi h\u1ea1n tr\u01b0\u1edbc \u0111\u00e2y.<\/p>\n<h2 class=\"bb_tag\">Ch\u00e0o m\u1eebng l\u00ean t\u00e0u, Pioneer.<\/h2>\n<\/div>\n<\/div>\n<\/div>\n<div class=\"game_page_autocollapse_ctn expanded\">\n<div class=\"game_page_autocollapse sys_req\">\n<h2>Y\u00eau c\u1ea7u h\u1ec7 th\u1ed1ng<\/h2>\n<div class=\"sysreq_contents\">\n<div class=\"game_area_sys_req sysreq_content active\" data-os=\"win\">\n<div class=\"game_area_sys_req_leftCol\"><strong>T\u1ed1i thi\u1ec3u:<\/strong><\/p>\n<ul>\n<li style=\"list-style-type: none;\">\n<ul class=\"bb_ul\">\n<li><strong>H\u0110H:<\/strong> Windows 10\/11<\/li>\n<li><strong>B\u1ed9 x\u1eed l\u00fd:<\/strong> Intel Core i5-8400 \/ AMD Ryzen 5 2600<\/li>\n<li><strong>B\u1ed9 nh\u1edb:<\/strong> 12 GB RAM<\/li>\n<li><strong>\u0110\u1ed3 h\u1ecda:<\/strong> GeForce GTX 1660 6GB \/ RX 5500 XT 6GB<\/li>\n<li><strong>DirectX:<\/strong> Phi\u00ean b\u1ea3n 12<\/li>\n<li><strong>K\u1ebft n\u1ed1i:<\/strong> C\u00e1p m\u1ea1ng Internet<\/li>\n<li><strong>L\u01b0u tr\u1eef:<\/strong> 50 GB ch\u1ed7 tr\u1ed1ng kh\u1ea3 d\u1ee5ng<\/li>\n<li><strong>Ghi ch\u00fa th\u00eam:<\/strong> Requires a 64-bit processor and operating system<\/li>\n<\/ul>\n<\/li>\n<\/ul>\n<\/div>\n<div class=\"game_area_sys_req_rightCol\"><strong>Khuy\u1ebfn ngh\u1ecb:<\/strong><\/p>\n<ul>\n<li style=\"list-style-type: none;\">\n<ul class=\"bb_ul\">\n<li><strong>H\u0110H:<\/strong> Windows 11<\/li>\n<li><strong>B\u1ed9 x\u1eed l\u00fd:<\/strong> Intel Core i7-13700 \/ AMD Ryzen 7 7700X<\/li>\n<li><strong>B\u1ed9 nh\u1edb:<\/strong> 16 GB RAM<\/li>\n<li><strong>\u0110\u1ed3 h\u1ecda:<\/strong> Geforce RTX 3070 8GB \/ RX 6700 XT 8GB<\/li>\n<li><strong>DirectX:<\/strong> Phi\u00ean b\u1ea3n 12<\/li>\n<li><strong>K\u1ebft n\u1ed1i:<\/strong> C\u00e1p m\u1ea1ng Internet<\/li>\n<li><strong>L\u01b0u tr\u1eef:<\/strong> 50 GB ch\u1ed7 tr\u1ed1ng kh\u1ea3 d\u1ee5ng<\/li>\n<li><strong>Ghi ch\u00fa th\u00eam:<\/strong> Requires a 64-bit processor and operating system<\/li>\n<\/ul>\n<\/li>\n<\/ul>\n<\/div>\n<\/div>\n<\/div>\n<\/div>\n<\/div>","protected":false},"excerpt":{"rendered":"<p>Subnautica 2 l\u00e0 m\u1ed9t t\u1ef1a game phi\u00eau l\u01b0u sinh t\u1ed3n d\u01b0\u1edbi \u0111\u1ea1i d\u01b0\u01a1ng l\u1ea5y b\u1ed1i c\u1ea3nh tr\u00ean m\u1ed9t th\u1ebf gi\u1edbi ngo\u00e0i h\u00e0nh tinh ho\u00e0n to\u00e0n m\u1edbi, \u0111\u01b0\u1ee3c ph\u00e1t tri\u1ec3n b\u1edfi Unknown Worlds. Th\u00edch nghi \u0111\u1ec3 sinh t\u1ed3n b\u1eb1ng c\u00e1ch x\u00e2y d\u1ef1ng c\u0103n c\u1ee9 theo \u00fd mu\u1ed1n v\u00e0 ch\u1ebf t\u1ea1o c\u00f4ng c\u1ee5. Kh\u00e1m ph\u00e1 v\u00f9ng \u0111\u1ea5t ch\u01b0a bi\u1ebft \u0111\u1ec3 v\u00e9n m\u00e0n nh\u1eefng b\u00ed \u1ea9n \u1ea9n s\u00e2u d\u01b0\u1edbi l\u00f2ng \u0111\u1ea1i d\u01b0\u01a1ng.<\/p>","protected":false},"author":8,"featured_media":19756,"comment_status":"open","ping_status":"closed","template":"","meta":[],"product_brand":[],"product_cat":[345,368,350,349,343,351,353,352],"product_tag":[],"loai-tai-khoan":[422],"nam-phat-hanh":[419],"class_list":{"0":"post-19755","1":"product","2":"type-product","3":"status-publish","4":"has-post-thumbnail","6":"product_cat-chien-thuat","7":"product_cat-goc-nhin-thu-nhat","8":"product_cat-indie","9":"product_cat-kinh-di","10":"product_cat-phieu-luu","11":"product_cat-sandbox","12":"product_cat-sinh-ton","13":"product_cat-the-gioi-mo","14":"loai-tai-khoan-game-offline","15":"nam-phat-hanh-419","17":"first","18":"instock","19":"sale","20":"featured","21":"downloadable","22":"virtual","23":"purchasable","24":"product-type-simple"},"_links":{"self":[{"href":"https:\/\/toimuagame.com\/en\/wp-json\/wp\/v2\/product\/19755","targetHints":{"allow":["GET"]}}],"collection":[{"href":"https:\/\/toimuagame.com\/en\/wp-json\/wp\/v2\/product"}],"about":[{"href":"https:\/\/toimuagame.com\/en\/wp-json\/wp\/v2\/types\/product"}],"author":[{"embeddable":true,"href":"https:\/\/toimuagame.com\/en\/wp-json\/wp\/v2\/users\/8"}],"replies":[{"embeddable":true,"href":"https:\/\/toimuagame.com\/en\/wp-json\/wp\/v2\/comments?post=19755"}],"version-history":[{"count":0,"href":"https:\/\/toimuagame.com\/en\/wp-json\/wp\/v2\/product\/19755\/revisions"}],"wp:featuredmedia":[{"embeddable":true,"href":"https:\/\/toimuagame.com\/en\/wp-json\/wp\/v2\/media\/19756"}],"wp:attachment":[{"href":"https:\/\/toimuagame.com\/en\/wp-json\/wp\/v2\/media?parent=19755"}],"wp:term":[{"taxonomy":"product_brand","embeddable":true,"href":"https:\/\/toimuagame.com\/en\/wp-json\/wp\/v2\/product_brand?post=19755"},{"taxonomy":"product_cat","embeddable":true,"href":"https:\/\/toimuagame.com\/en\/wp-json\/wp\/v2\/product_cat?post=19755"},{"taxonomy":"product_tag","embeddable":true,"href":"https:\/\/toimuagame.com\/en\/wp-json\/wp\/v2\/product_tag?post=19755"},{"taxonomy":"loai-tai-khoan","embeddable":true,"href":"https:\/\/toimuagame.com\/en\/wp-json\/wp\/v2\/loai-tai-khoan?post=19755"},{"taxonomy":"nam-phat-hanh","embeddable":true,"href":"https:\/\/toimuagame.com\/en\/wp-json\/wp\/v2\/nam-phat-hanh?post=19755"}],"curies":[{"name":"wp","href":"https:\/\/api.w.org\/{rel}","templated":true}]}}