{"id":19729,"date":"2026-05-13T14:19:51","date_gmt":"2026-05-13T07:19:51","guid":{"rendered":"https:\/\/toimuagame.com\/?post_type=product&#038;p=19729"},"modified":"2026-05-13T14:20:03","modified_gmt":"2026-05-13T07:20:03","slug":"subnautica-steam-offline","status":"publish","type":"product","link":"https:\/\/toimuagame.com\/en\/subnautica-steam-offline\/","title":{"rendered":"Subnautica &#8211; Steam Offline"},"content":{"rendered":"<p><strong><span style=\"font-size: 18pt; color: #333333; font-family: arial, helvetica, sans-serif;\">Nh\u1eadn t\u00e0i kho\u1ea3n Steam s\u1eb5n Game sau khi thanh to\u00e1n<\/span><\/strong><\/p>\n<ul>\n<li><span style=\"font-family: arial, helvetica, sans-serif; font-size: 12pt;\" data-contrast=\"auto\">Ch\u01a1i Offline, l\u01b0u ti\u1ebfn tr\u00ecnh ri\u00eang, kh\u00f4ng lo m\u1ea5t Save, tho\u1ea3i m\u00e1i Update<\/span><\/li>\n<li style=\"text-align: left;\"><span style=\"font-family: arial, helvetica, sans-serif; font-size: 12pt;\" data-contrast=\"auto\">S\u1edf h\u1eefu v\u0129nh vi\u1ec5n, kh\u00f4ng gi\u1edbi h\u1ea1n th\u1eddi gian<\/span><\/li>\n<li style=\"text-align: left;\"><span style=\"font-family: arial, helvetica, sans-serif; font-size: 12pt;\" data-contrast=\"auto\">Ti\u1ebft ki\u1ec7m t\u1edbi h\u01a1n 90% so v\u1edbi mua t\u1eeb Steam<\/span><\/li>\n<li style=\"text-align: left;\"><span style=\"font-family: arial, helvetica, sans-serif; font-size: 12pt;\" data-contrast=\"auto\"> H\u1ed7 tr\u1ee3 Vi\u1ec7t H\u00f3a mi\u1ec5n ph\u00ed, mang l\u1ea1i tr\u1ea3i nghi\u1ec7m \u0111\u1ea7y \u0111\u1ee7<\/span><\/li>\n<li style=\"text-align: left;\"><span style=\"font-family: arial, helvetica, sans-serif; font-size: 12pt;\" data-contrast=\"auto\">Tho\u1ea3i m\u00e1i c\u00e0i Mods, Workshop, Trainer theo \u00fd mu\u1ed1n<\/span><\/li>\n<li style=\"text-align: left;\"><span style=\"font-family: arial, helvetica, sans-serif; font-size: 12pt;\" data-contrast=\"auto\"> D\u00f9ng cho 1 thi\u1ebft b\u1ecb, kh\u00f4ng \u0111\u1ed5i \u0111\u01b0\u1ee3c email\/m\u1eadt kh\u1ea9u, kh\u00f4ng d\u00f9ng cho Net v\u00e0 Cloud Gaming<\/span><\/li>\n<li style=\"text-align: left;\"><span style=\"font-family: arial, helvetica, sans-serif; font-size: 12pt;\" data-contrast=\"auto\"> B\u1ea3o h\u00e0nh nhanh ch\u00f3ng n\u1ebfu g\u1eb7p s\u1ef1 c\u1ed1 v\u1ec1 t\u00e0i kho\u1ea3n<\/span><\/li>\n<li style=\"text-align: left;\"><span style=\"font-family: arial, helvetica, sans-serif; font-size: 12pt;\">H\u01b0\u1edbng d\u1eabn s\u1eed d\u1ee5ng chi ti\u1ebft t\u00e0i kho\u1ea3n Steam Offline v\u00e0 b\u1ea3o h\u00e0nh trong su\u1ed1t qu\u00e1 tr\u00ecnh ch\u01a1i Game<\/span><\/li>\n<\/ul>\n<div class=\"game_page_autocollapse_ctn expanded\">\n<div id=\"aboutThisGame\" class=\"game_page_autocollapse\" data-panel=\"{&quot;type&quot;:&quot;PanelGroup&quot;}\">\n<div id=\"game_area_description\" class=\"game_area_description\">\n<h2>V\u1ec1 tr\u00f2 ch\u01a1i n\u00e0y<\/h2>\n<p>Subnautica l\u00e0 m\u1ed9t t\u1ef1a game phi\u00eau l\u01b0u d\u01b0\u1edbi \u0111\u1ea1i d\u01b0\u01a1ng l\u1ea5y b\u1ed1i c\u1ea3nh tr\u00ean m\u1ed9t h\u00e0nh tinh \u0111\u1ea1i d\u01b0\u01a1ng ngo\u00e0i h\u00e0nh tinh. M\u1ed9t th\u1ebf gi\u1edbi m\u1edf kh\u1ed5ng l\u1ed3 \u0111\u1ea7y k\u1ef3 quan nh\u01b0ng c\u0169ng ch\u1ea5t ch\u1ee9a v\u00f4 v\u00e0n hi\u1ec3m nguy \u0111ang ch\u1edd \u0111\u1ee3i b\u1ea1n!<\/p>\n<h2 class=\"bb_tag\"><strong data-start=\"226\" data-end=\"269\">L\u1eb7n s\u00e2u v\u00e0o th\u1ebf gi\u1edbi \u0111\u1ea1i d\u01b0\u01a1ng r\u1ed9ng l\u1edbn<\/strong><\/h2>\n<p><span class=\"bb_img_ctn\"><img decoding=\"async\" class=\"bb_img\" src=\"https:\/\/toimuagame.com\/wp-content\/uploads\/2026\/05\/42f09af30130250fda342551860c59cb.webp\" width=\"596\" height=\"10\" \/><\/span><\/p>\n<div class=\"bb_img_icons\"><\/div>\n<p><span class=\"bb_img_ctn\"><img fetchpriority=\"high\" decoding=\"async\" class=\"bb_img\" src=\"https:\/\/toimuagame.com\/wp-content\/uploads\/2026\/05\/7467366cba4d2d4ea918e34e86c0a409.\" width=\"596\" height=\"118\" \/><\/span><\/p>\n<div class=\"bb_img_icons\"><\/div>\n<p>B\u1ea1n \u0111\u00e3 r\u01a1i xu\u1ed1ng m\u1ed9t h\u00e0nh tinh \u0111\u1ea1i d\u01b0\u01a1ng ngo\u00e0i h\u00e0nh tinh, v\u00e0 con \u0111\u01b0\u1eddng duy nh\u1ea5t l\u00e0 ti\u1ebfn xu\u1ed1ng ph\u00eda d\u01b0\u1edbi. \u0110\u1ea1i d\u01b0\u01a1ng c\u1ee7a Subnautica tr\u1ea3i d\u00e0i t\u1eeb nh\u1eefng r\u1ea1n san h\u00f4 n\u00f4ng ng\u1eadp n\u1eafng \u0111\u1ebfn c\u00e1c v\u1ef1c s\u00e2u nguy hi\u1ec3m, v\u00f9ng dung nham b\u1ecfng ch\u00e1y v\u00e0 nh\u1eefng d\u00f2ng s\u00f4ng d\u01b0\u1edbi n\u01b0\u1edbc ph\u00e1t quang sinh h\u1ecdc. Qu\u1ea3n l\u00fd l\u01b0\u1ee3ng oxy khi b\u1ea1n kh\u00e1m ph\u00e1 r\u1eebng t\u1ea3o b\u1eb9, cao nguy\u00ean, r\u1ea1n san h\u00f4 v\u00e0 nh\u1eefng h\u1ec7 th\u1ed1ng hang \u0111\u1ed9ng ngo\u1eb1n ngo\u00e8o. \u0110\u1ea1i d\u01b0\u01a1ng tr\u00e0n ng\u1eadp s\u1ef1 s\u1ed1ng \u2014 c\u00f3 lo\u00e0i h\u1eefu \u00edch, nh\u01b0ng ph\u1ea7n l\u1edbn l\u1ea1i \u0111\u1ea7y nguy hi\u1ec3m.<\/p>\n<h2 class=\"bb_tag\"><strong data-start=\"745\" data-end=\"778\">Thu th\u1eadp, ch\u1ebf t\u1ea1o v\u00e0 sinh t\u1ed3n<\/strong><\/h2>\n<p><span class=\"bb_img_ctn\"><img decoding=\"async\" class=\"bb_img\" src=\"https:\/\/toimuagame.com\/wp-content\/uploads\/2026\/05\/42f09af30130250fda342551860c59cb.webp\" width=\"596\" height=\"10\" \/><\/span><\/p>\n<div class=\"bb_img_icons\"><\/div>\n<p><span class=\"bb_img_ctn\"><img decoding=\"async\" class=\"bb_img\" src=\"https:\/\/toimuagame.com\/wp-content\/uploads\/2026\/05\/19239ef1229b4b2ed98fe6185dac23a8.\" width=\"596\" height=\"118\" \/><\/span><\/p>\n<div class=\"bb_img_icons\"><\/div>\n<p>Sau khi s\u1ed1ng s\u00f3t trong khoang c\u1ee9u sinh (Life Pod), th\u1eddi gian kh\u00f4ng \u0111\u1ee9ng v\u1ec1 ph\u00eda b\u1ea1n. B\u1ea1n ph\u1ea3i nhanh ch\u00f3ng t\u00ecm n\u01b0\u1edbc u\u1ed1ng, th\u1ee9c \u0103n v\u00e0 ch\u1ebf t\u1ea1o nh\u1eefng thi\u1ebft b\u1ecb c\u1ea7n thi\u1ebft \u0111\u1ec3 kh\u00e1m ph\u00e1. Thu th\u1eadp t\u00e0i nguy\u00ean t\u1eeb v\u00f9ng bi\u1ec3n xung quanh, ch\u1ebf t\u1ea1o trang b\u1ecb l\u1eb7n, \u0111\u00e8n chi\u1ebfu s\u00e1ng, m\u00f4-\u0111un c\u0103n c\u1ee9 v\u00e0 t\u00e0u l\u1eb7n. Ti\u1ebfn s\u00e2u h\u01a1n v\u00e0 \u0111i xa h\u01a1n \u0111\u1ec3 t\u00ecm ki\u1ebfm t\u00e0i nguy\u00ean qu\u00fd hi\u1ebfm, m\u1edf kh\u00f3a c\u00e1c v\u1eadt ph\u1ea9m c\u00f4ng ngh\u1ec7 cao h\u01a1n.<\/p>\n<h2 class=\"bb_tag\"><strong data-start=\"1171\" data-end=\"1204\">X\u00e2y d\u1ef1ng c\u0103n c\u1ee9 d\u01b0\u1edbi \u0111\u00e1y bi\u1ec3n<\/strong><\/h2>\n<p><span class=\"bb_img_ctn\"><img decoding=\"async\" class=\"bb_img\" src=\"https:\/\/toimuagame.com\/wp-content\/uploads\/2026\/05\/42f09af30130250fda342551860c59cb.webp\" width=\"596\" height=\"10\" \/><\/span><\/p>\n<div class=\"bb_img_icons\"><\/div>\n<p><span class=\"bb_img_ctn\"><img loading=\"lazy\" decoding=\"async\" class=\"bb_img\" src=\"https:\/\/toimuagame.com\/wp-content\/uploads\/2026\/05\/dfd52923a7f306996d865cb0463b4624.\" width=\"596\" height=\"118\" \/><\/span><\/p>\n<div class=\"bb_img_icons\"><\/div>\n<p>D\u1ef1ng c\u0103n c\u1ee9 ngay d\u01b0\u1edbi \u0111\u00e1y \u0111\u1ea1i d\u01b0\u01a1ng. T\u00f9y ch\u1ec9nh b\u1ed1 c\u1ee5c, c\u00e1c m\u00f4-\u0111un v\u00e0 qu\u1ea3n l\u00fd \u0111\u1ed9 b\u1ec1n k\u1ebft c\u1ea5u khi \u0111\u1ed9 s\u00e2u c\u00f9ng \u00e1p su\u1ea5t ng\u00e0y c\u00e0ng t\u0103ng. S\u1eed d\u1ee5ng c\u0103n c\u1ee9 \u0111\u1ec3 l\u01b0u tr\u1eef t\u00e0i nguy\u00ean, c\u1ea5t gi\u1eef ph\u01b0\u01a1ng ti\u1ec7n v\u00e0 n\u1ea1p l\u1ea1i oxy trong l\u00fac kh\u00e1m ph\u00e1 v\u00f9ng bi\u1ec3n r\u1ed9ng l\u1edbn.<\/p>\n<h2 class=\"bb_tag\"><strong data-start=\"1455\" data-end=\"1473\">Kh\u00e1m ph\u00e1 b\u00ed \u1ea9n<\/strong><\/h2>\n<p><span class=\"bb_img_ctn\"><img decoding=\"async\" class=\"bb_img\" src=\"https:\/\/toimuagame.com\/wp-content\/uploads\/2026\/05\/42f09af30130250fda342551860c59cb.webp\" width=\"596\" height=\"10\" \/><\/span><\/p>\n<div class=\"bb_img_icons\"><\/div>\n<p><span class=\"bb_img_ctn\"><img loading=\"lazy\" decoding=\"async\" class=\"bb_img\" src=\"https:\/\/shared.fastly.steamstatic.com\/store_item_assets\/steam\/apps\/264710\/extras\/2fb99bb223fe272b4bf110e3bec73a90.avif?t=1777456112\" width=\"596\" height=\"116\" \/><\/span><\/p>\n<div class=\"bb_img_icons\"><\/div>\n<p>\u0110i\u1ec1u g\u00ec \u0111\u00e3 x\u1ea3y ra v\u1edbi h\u00e0nh tinh n\u00e0y? C\u00f3 v\u00f4 s\u1ed1 d\u1ea5u hi\u1ec7u cho th\u1ea5y m\u1ecdi th\u1ee9 \u0111\u1ec1u kh\u00f4ng \u1ed5n. \u0110i\u1ec1u g\u00ec khi\u1ebfn t\u00e0u c\u1ee7a b\u1ea1n g\u1eb7p n\u1ea1n? Th\u1ee9 g\u00ec \u0111ang l\u00e2y nhi\u1ec5m l\u00ean sinh v\u1eadt bi\u1ec3n? Ai \u0111\u00e3 x\u00e2y n\u00ean nh\u1eefng c\u00f4ng tr\u00ecnh b\u00ed \u1ea9n r\u1ea3i r\u00e1c kh\u1eafp \u0111\u1ea1i d\u01b0\u01a1ng? V\u00e0 li\u1ec7u b\u1ea1n c\u00f3 th\u1ec3 t\u00ecm \u0111\u01b0\u1ee3c c\u00e1ch r\u1eddi kh\u1ecfi h\u00e0nh tinh n\u00e0y c\u00f2n s\u1ed1ng hay kh\u00f4ng?<\/p>\n<h2 class=\"bb_tag\"><strong data-start=\"1779\" data-end=\"1803\">Ph\u00e1 v\u1ee1 chu\u1ed7i th\u1ee9c \u0103n<\/strong><\/h2>\n<p><span class=\"bb_img_ctn\"><img decoding=\"async\" class=\"bb_img\" src=\"https:\/\/toimuagame.com\/wp-content\/uploads\/2026\/05\/42f09af30130250fda342551860c59cb.webp\" width=\"596\" height=\"10\" \/><\/span><\/p>\n<div class=\"bb_img_icons\"><\/div>\n<p><span class=\"bb_img_ctn\"><img loading=\"lazy\" decoding=\"async\" class=\"bb_img\" src=\"https:\/\/toimuagame.com\/wp-content\/uploads\/2026\/05\/cf82548e2c6801af52c37d1943bc538f.\" width=\"596\" height=\"118\" \/><\/span><\/p>\n<div class=\"bb_img_icons\"><\/div>\n<p>\u0110\u1ea1i d\u01b0\u01a1ng tr\u00e0n \u0111\u1ea7y sinh v\u1eadt \u2014 h\u00e3y t\u1eadn d\u1ee5ng ch\u00ednh h\u1ec7 sinh th\u00e1i \u0111\u1ec3 sinh t\u1ed3n. D\u1ee5 d\u1ed7 v\u00e0 \u0111\u00e1nh l\u1ea1c h\u01b0\u1edbng m\u1ed9t sinh v\u1eadt nguy hi\u1ec3m b\u1eb1ng con c\u00e1 t\u01b0\u01a1i, ho\u1eb7c \u0111\u01a1n gi\u1ea3n l\u00e0 b\u01a1i th\u1eadt nhanh \u0111\u1ec3 tr\u00e1nh kh\u1ecfi nh\u1eefng b\u1ed9 h\u00e0m s\u1eafc nh\u1ecdn c\u1ee7a c\u00e1c lo\u00e0i s\u0103n m\u1ed3i lang thang.<\/p>\n<h2 class=\"bb_tag\"><strong data-start=\"2051\" data-end=\"2083\">Ch\u1ecbu \u0111\u1ef1ng \u00e1p l\u1ef1c kh\u1eafc nghi\u1ec7t<\/strong><\/h2>\n<p><span class=\"bb_img_ctn\"><img decoding=\"async\" class=\"bb_img\" src=\"https:\/\/toimuagame.com\/wp-content\/uploads\/2026\/05\/42f09af30130250fda342551860c59cb.webp\" width=\"596\" height=\"10\" \/><\/span><\/p>\n<div class=\"bb_img_icons\"><\/div>\n<p><span class=\"bb_img_ctn\"><img loading=\"lazy\" decoding=\"async\" class=\"bb_img\" src=\"https:\/\/shared.fastly.steamstatic.com\/store_item_assets\/steam\/apps\/264710\/extras\/ace246738bbff38d01ae9a8ca86016ca.avif?t=1777456112\" width=\"596\" height=\"118\" \/><\/span><\/p>\n<div class=\"bb_img_icons\"><\/div>\n<p>Ch\u1ebf t\u1ea1o b\u1ed9 gi\u00e1p ch\u1ed1ng n\u01b0\u1edbc ph\u1ea3n \u1ee9ng \u00e1p su\u1ea5t PRAWN Suit v\u00e0 kh\u00e1m ph\u00e1 nh\u1eefng \u0111\u1ed9 s\u00e2u c\u1ef1c h\u1ea1n c\u00f9ng nhi\u1ec7t \u0111\u1ed9 kh\u1eafc nghi\u1ec7t. N\u00e2ng c\u1ea5p b\u1ed9 gi\u00e1p v\u1edbi m\u0169i khoan khai th\u00e1c, b\u1ec7 ph\u00f3ng ng\u01b0 l\u00f4i, s\u00fang \u0111\u1ea9y, m\u00f3c k\u00e9o v\u00e0 nhi\u1ec1u c\u00f4ng c\u1ee5 kh\u00e1c.<\/p>\n<h2 class=\"bb_tag\"><strong data-start=\"2306\" data-end=\"2330\">H\u00e3y d\u00e8 ch\u1eebng m\u00e0n \u0111\u00eam<\/strong><\/h2>\n<p><span class=\"bb_img_ctn\"><img decoding=\"async\" class=\"bb_img\" src=\"https:\/\/toimuagame.com\/wp-content\/uploads\/2026\/05\/42f09af30130250fda342551860c59cb.webp\" width=\"596\" height=\"10\" \/><\/span><\/p>\n<div class=\"bb_img_icons\"><\/div>\n<p><span class=\"bb_img_ctn\"><img loading=\"lazy\" decoding=\"async\" class=\"bb_img\" src=\"https:\/\/toimuagame.com\/wp-content\/uploads\/2026\/05\/5a3c2320f3bb31c593f143e523a49a5e.\" width=\"596\" height=\"118\" \/><\/span><\/p>\n<div class=\"bb_img_icons\"><\/div>\n<p>Khi m\u1eb7t tr\u1eddi l\u1eb7n, nh\u1eefng k\u1ebb s\u0103n m\u1ed3i b\u1eaft \u0111\u1ea7u xu\u1ea5t hi\u1ec7n. \u0110\u1ea1i d\u01b0\u01a1ng kh\u00f4ng khoan nh\u01b0\u1ee3ng v\u1edbi nh\u1eefng ai thi\u1ebfu chu\u1ea9n b\u1ecb trong b\u00f3ng t\u1ed1i. Nh\u1eefng khu v\u1ef1c an to\u00e0n v\u00e0o ban ng\u00e0y c\u00f3 th\u1ec3 tr\u1edf n\u00ean c\u1ef1c k\u1ef3 nguy hi\u1ec3m khi \u0111\u00eam xu\u1ed1ng, nh\u01b0ng \u0111\u1ed3ng th\u1eddi c\u0169ng h\u00e9 l\u1ed9 v\u1ebb \u0111\u1eb9p m\u00e0 nh\u1eefng ai s\u1ee3 h\u00e3i b\u00f3ng t\u1ed1i s\u1ebd kh\u00f4ng bao gi\u1edd \u0111\u01b0\u1ee3c ch\u1ee9ng ki\u1ebfn.<\/p>\n<h2 class=\"bb_tag\"><strong data-start=\"2642\" data-end=\"2674\">L\u1eb7n xu\u1ed1ng d\u01b0\u1edbi \u0111\u00e1y \u0111\u1ea1i d\u01b0\u01a1ng<\/strong><\/h2>\n<p><span class=\"bb_img_ctn\"><img decoding=\"async\" class=\"bb_img\" src=\"https:\/\/toimuagame.com\/wp-content\/uploads\/2026\/05\/42f09af30130250fda342551860c59cb.webp\" width=\"596\" height=\"10\" \/><\/span><\/p>\n<div class=\"bb_img_icons\"><\/div>\n<p><span class=\"bb_img_ctn\"><img loading=\"lazy\" decoding=\"async\" class=\"bb_img\" src=\"https:\/\/toimuagame.com\/wp-content\/uploads\/2026\/05\/08e8cd56163b32773a9f59f652791045.\" width=\"596\" height=\"116\" \/><\/span><\/p>\n<div class=\"bb_img_icons\"><\/div>\n<p>C\u00e1c h\u1ec7 th\u1ed1ng hang \u0111\u1ed9ng k\u00e9o d\u00e0i b\u00ean d\u01b0\u1edbi \u0111\u00e1y bi\u1ec3n, t\u1eeb nh\u1eefng l\u1ed1i \u0111i ch\u1eadt h\u1eb9p t\u1ed1i t\u0103m g\u00e2y ng\u1ed9t ng\u1ea1t cho \u0111\u1ebfn c\u00e1c hang \u0111\u1ed9ng \u0111\u01b0\u1ee3c th\u1eafp s\u00e1ng b\u1edfi sinh v\u1eadt ph\u00e1t quang sinh h\u1ecdc v\u00e0 d\u00f2ng dung nham n\u00f3ng r\u1ef1c. Kh\u00e1m ph\u00e1 th\u1ebf gi\u1edbi b\u00ean d\u01b0\u1edbi l\u00f2ng \u0111\u1ea1i d\u01b0\u01a1ng, nh\u01b0ng lu\u00f4n \u0111\u1ec3 m\u1eaft \u0111\u1ebfn l\u01b0\u1ee3ng oxy v\u00e0 c\u1ea9n th\u1eadn tr\u01b0\u1edbc nh\u1eefng hi\u1ec3m h\u1ecda \u1ea9n m\u00ecnh trong b\u00f3ng t\u1ed1i.<\/p>\n<h2 class=\"bb_tag\"><strong data-start=\"3008\" data-end=\"3033\">V\u1ec1 \u0111\u1ed9i ng\u0169 ph\u00e1t tri\u1ec3n<\/strong><\/h2>\n<p><span class=\"bb_img_ctn\"><img decoding=\"async\" class=\"bb_img\" src=\"https:\/\/toimuagame.com\/wp-content\/uploads\/2026\/05\/42f09af30130250fda342551860c59cb.webp\" width=\"596\" height=\"10\" \/><\/span><\/p>\n<div class=\"bb_img_icons\"><\/div>\n<p><span class=\"bb_img_ctn\"><img loading=\"lazy\" decoding=\"async\" class=\"bb_img\" src=\"https:\/\/toimuagame.com\/wp-content\/uploads\/2026\/05\/b97330f912084cfb4cf71695989c0869.\" width=\"596\" height=\"116\" \/><\/span><\/p>\n<div class=\"bb_img_icons\"><\/div>\n<p>Subnautica \u0111\u01b0\u1ee3c ph\u00e1t tri\u1ec3n b\u1edfi Unknown Worlds, m\u1ed9t studio nh\u1ecf do Charlie Cleveland v\u00e0 Max McGuire s\u00e1ng l\u1eadp, c\u00f3 ngu\u1ed3n g\u1ed1c t\u1eeb b\u1ea3n mod Natural Selection c\u1ee7a Half-Life ra m\u1eaft n\u0103m 2003. \u0110\u1ed9i ng\u0169 ph\u00e1t tri\u1ec3n ph\u00e2n b\u1ed1 tr\u00ean to\u00e0n th\u1ebf gi\u1edbi, t\u1eeb M\u1ef9, Anh, Ph\u00e1p, C\u1ed9ng h\u00f2a S\u00e9c, Nga, Th\u00e1i Lan, \u00dac v\u00e0 nhi\u1ec1u n\u01a1i kh\u00e1c. Tr\u1ee5 s\u1edf ch\u00ednh c\u1ee7a studio \u0111\u1eb7t t\u1ea1i San Francisco, California, \u0111\u00f3ng vai tr\u00f2 trung t\u00e2m ho\u1ea1t \u0111\u1ed9ng c\u1ee7a c\u1ea3 \u0111\u1ed9i ng\u0169.<br \/>\n<span class=\"bb_img_ctn\"><img decoding=\"async\" class=\"bb_img\" src=\"https:\/\/toimuagame.com\/wp-content\/uploads\/2026\/05\/42f09af30130250fda342551860c59cb.webp\" width=\"596\" height=\"10\" \/><\/span><\/p>\n<div class=\"bb_img_icons\"><\/div>\n<p><span class=\"bb_img_ctn\"><img loading=\"lazy\" decoding=\"async\" class=\"bb_img\" src=\"https:\/\/toimuagame.com\/wp-content\/uploads\/2026\/05\/2621d9b4b0b90d014ad910b0191e34d4.\" width=\"596\" height=\"116\" \/><\/span><\/p>\n<div class=\"bb_img_icons\"><\/div>\n<\/div>\n<\/div>\n<\/div>\n<div class=\"game_page_autocollapse_ctn expanded\">\n<div class=\"game_page_autocollapse sys_req\">\n<h2>Y\u00eau c\u1ea7u h\u1ec7 th\u1ed1ng<\/h2>\n<div class=\"sysreq_tabs\">\n<div class=\"sysreq_tab active\" data-os=\"win\">Windows<\/div>\n<div class=\"sysreq_tab\" data-os=\"mac\">macOS<\/div>\n<div><\/div>\n<\/div>\n<div class=\"sysreq_contents\">\n<div class=\"game_area_sys_req sysreq_content active\" data-os=\"win\">\n<div class=\"game_area_sys_req_leftCol\"><strong>T\u1ed1i thi\u1ec3u:<\/strong><\/p>\n<ul>\n<li style=\"list-style-type: none;\">\n<ul class=\"bb_ul\">\n<li>Y\u00eau c\u1ea7u vi x\u1eed l\u00fd v\u00e0 h\u1ec7 \u0111i\u1ec1u h\u00e0nh \u0111\u1ec1u ch\u1ea1y 64-bit<\/li>\n<li><strong>H\u0110H *:<\/strong> Windows Vista SP2 or newer, 64-bit<\/li>\n<li><strong>B\u1ed9 x\u1eed l\u00fd:<\/strong> Intel Haswell 2 cores \/ 4 threads @ 2.5Ghz or equivalent<\/li>\n<li><strong>B\u1ed9 nh\u1edb:<\/strong> 4 GB RAM<\/li>\n<li><strong>\u0110\u1ed3 h\u1ecda:<\/strong> Intel HD 4600 or equivalent &#8211; This includes most GPUs scoring greater than 950 points in the 3DMark Fire Strike benchmark<\/li>\n<li><strong>DirectX:<\/strong> Phi\u00ean b\u1ea3n 11<\/li>\n<li><strong>L\u01b0u tr\u1eef:<\/strong> 20 GB ch\u1ed7 tr\u1ed1ng kh\u1ea3 d\u1ee5ng<\/li>\n<li><strong>H\u1ed7 tr\u1ee3 VR:<\/strong> SteamVR. Keyboard or gamepad required<\/li>\n<\/ul>\n<\/li>\n<\/ul>\n<\/div>\n<div class=\"game_area_sys_req_rightCol\"><strong>Khuy\u1ebfn ngh\u1ecb:<\/strong><\/p>\n<ul>\n<li style=\"list-style-type: none;\">\n<ul class=\"bb_ul\">\n<li>Y\u00eau c\u1ea7u vi x\u1eed l\u00fd v\u00e0 h\u1ec7 \u0111i\u1ec1u h\u00e0nh \u0111\u1ec1u ch\u1ea1y 64-bit<\/li>\n<li><strong>H\u0110H *:<\/strong> Windows Vista SP2 or newer, 64-bit<\/li>\n<li><strong>B\u1ed9 x\u1eed l\u00fd:<\/strong> Intel Haswell 4 cores \/ 4 threads @ 3.2Ghz or equivalent<\/li>\n<li><strong>B\u1ed9 nh\u1edb:<\/strong> 8 GB RAM<\/li>\n<li><strong>\u0110\u1ed3 h\u1ecda:<\/strong> Nvidia GTX 550 Ti or equivalent, 2GB VRAM<\/li>\n<li><strong>DirectX:<\/strong> Phi\u00ean b\u1ea3n 11<\/li>\n<li><strong>L\u01b0u tr\u1eef:<\/strong> 20 GB ch\u1ed7 tr\u1ed1ng kh\u1ea3 d\u1ee5ng<\/li>\n<\/ul>\n<\/li>\n<\/ul>\n<\/div>\n<\/div>\n<\/div>\n<\/div>\n<\/div>\n<p>&nbsp;<\/p>","protected":false},"excerpt":{"rendered":"<p>L\u1eb7n s\u00e2u xu\u1ed1ng th\u1ebf gi\u1edbi \u0111\u1ea1i d\u01b0\u01a1ng ngo\u00e0i h\u00e0nh tinh \u0111\u1ea7y k\u1ef3 quan nh\u01b0ng c\u0169ng ch\u1ea5t ch\u1ee9a hi\u1ec3m nguy. Ch\u1ebf t\u1ea1o trang b\u1ecb, \u0111i\u1ec1u khi\u1ec3n t\u00e0u ng\u1ea7m v\u00e0 d\u00f9ng s\u1ef1 kh\u00f4n kh\u00e9o \u0111\u1ec3 \u0111\u1ed1i ph\u00f3 v\u1edbi sinh v\u1eadt hoang d\u00e3 trong l\u00fac kh\u00e1m ph\u00e1 nh\u1eefng r\u1ea1n san h\u00f4 r\u1ef1c r\u1ee1, n\u00fai l\u1eeda, h\u1ec7 th\u1ed1ng hang \u0111\u1ed9ng v\u00e0 nhi\u1ec1u \u0111\u1ecba \u0111i\u1ec3m kh\u00e1c \u2014 t\u1ea5t c\u1ea3 trong h\u00e0nh tr\u00ecnh sinh t\u1ed3n c\u1ee7a b\u1ea1n.<\/p>","protected":false},"author":8,"featured_media":19731,"comment_status":"open","ping_status":"closed","template":"","meta":[],"product_brand":[],"product_cat":[345,368,350,349,343,351,353,352],"product_tag":[],"loai-tai-khoan":[422],"nam-phat-hanh":[412],"class_list":{"0":"post-19729","1":"product","2":"type-product","3":"status-publish","4":"has-post-thumbnail","6":"product_cat-chien-thuat","7":"product_cat-goc-nhin-thu-nhat","8":"product_cat-indie","9":"product_cat-kinh-di","10":"product_cat-phieu-luu","11":"product_cat-sandbox","12":"product_cat-sinh-ton","13":"product_cat-the-gioi-mo","14":"loai-tai-khoan-game-offline","15":"nam-phat-hanh-412","17":"first","18":"instock","19":"sale","20":"downloadable","21":"virtual","22":"purchasable","23":"product-type-simple"},"_links":{"self":[{"href":"https:\/\/toimuagame.com\/en\/wp-json\/wp\/v2\/product\/19729","targetHints":{"allow":["GET"]}}],"collection":[{"href":"https:\/\/toimuagame.com\/en\/wp-json\/wp\/v2\/product"}],"about":[{"href":"https:\/\/toimuagame.com\/en\/wp-json\/wp\/v2\/types\/product"}],"author":[{"embeddable":true,"href":"https:\/\/toimuagame.com\/en\/wp-json\/wp\/v2\/users\/8"}],"replies":[{"embeddable":true,"href":"https:\/\/toimuagame.com\/en\/wp-json\/wp\/v2\/comments?post=19729"}],"version-history":[{"count":0,"href":"https:\/\/toimuagame.com\/en\/wp-json\/wp\/v2\/product\/19729\/revisions"}],"wp:featuredmedia":[{"embeddable":true,"href":"https:\/\/toimuagame.com\/en\/wp-json\/wp\/v2\/media\/19731"}],"wp:attachment":[{"href":"https:\/\/toimuagame.com\/en\/wp-json\/wp\/v2\/media?parent=19729"}],"wp:term":[{"taxonomy":"product_brand","embeddable":true,"href":"https:\/\/toimuagame.com\/en\/wp-json\/wp\/v2\/product_brand?post=19729"},{"taxonomy":"product_cat","embeddable":true,"href":"https:\/\/toimuagame.com\/en\/wp-json\/wp\/v2\/product_cat?post=19729"},{"taxonomy":"product_tag","embeddable":true,"href":"https:\/\/toimuagame.com\/en\/wp-json\/wp\/v2\/product_tag?post=19729"},{"taxonomy":"loai-tai-khoan","embeddable":true,"href":"https:\/\/toimuagame.com\/en\/wp-json\/wp\/v2\/loai-tai-khoan?post=19729"},{"taxonomy":"nam-phat-hanh","embeddable":true,"href":"https:\/\/toimuagame.com\/en\/wp-json\/wp\/v2\/nam-phat-hanh?post=19729"}],"curies":[{"name":"wp","href":"https:\/\/api.w.org\/{rel}","templated":true}]}}