{"id":19727,"date":"2026-05-13T14:23:06","date_gmt":"2026-05-13T07:23:06","guid":{"rendered":"https:\/\/toimuagame.com\/?post_type=product&#038;p=19727"},"modified":"2026-05-13T14:23:06","modified_gmt":"2026-05-13T07:23:06","slug":"subnautica-below-zero-steam-offline","status":"publish","type":"product","link":"https:\/\/toimuagame.com\/en\/subnautica-below-zero-steam-offline\/","title":{"rendered":"Subnautica: Below Zero &#8211; Steam Offline"},"content":{"rendered":"<p><strong><span style=\"font-size: 18pt; color: #333333; font-family: arial, helvetica, sans-serif;\">Nh\u1eadn t\u00e0i kho\u1ea3n Steam s\u1eb5n Game sau khi thanh to\u00e1n<\/span><\/strong><\/p>\n<ul>\n<li><span style=\"font-family: arial, helvetica, sans-serif; font-size: 12pt;\" data-contrast=\"auto\">Ch\u01a1i Offline, l\u01b0u ti\u1ebfn tr\u00ecnh ri\u00eang, kh\u00f4ng lo m\u1ea5t Save, tho\u1ea3i m\u00e1i Update<\/span><\/li>\n<li style=\"text-align: left;\"><span style=\"font-family: arial, helvetica, sans-serif; font-size: 12pt;\" data-contrast=\"auto\">S\u1edf h\u1eefu v\u0129nh vi\u1ec5n, kh\u00f4ng gi\u1edbi h\u1ea1n th\u1eddi gian<\/span><\/li>\n<li style=\"text-align: left;\"><span style=\"font-family: arial, helvetica, sans-serif; font-size: 12pt;\" data-contrast=\"auto\">Ti\u1ebft ki\u1ec7m t\u1edbi h\u01a1n 90% so v\u1edbi mua t\u1eeb Steam<\/span><\/li>\n<li style=\"text-align: left;\"><span style=\"font-family: arial, helvetica, sans-serif; font-size: 12pt;\" data-contrast=\"auto\"> H\u1ed7 tr\u1ee3 Vi\u1ec7t H\u00f3a mi\u1ec5n ph\u00ed, mang l\u1ea1i tr\u1ea3i nghi\u1ec7m \u0111\u1ea7y \u0111\u1ee7<\/span><\/li>\n<li style=\"text-align: left;\"><span style=\"font-family: arial, helvetica, sans-serif; font-size: 12pt;\" data-contrast=\"auto\">Tho\u1ea3i m\u00e1i c\u00e0i Mods, Workshop, Trainer theo \u00fd mu\u1ed1n<\/span><\/li>\n<li style=\"text-align: left;\"><span style=\"font-family: arial, helvetica, sans-serif; font-size: 12pt;\" data-contrast=\"auto\"> D\u00f9ng cho 1 thi\u1ebft b\u1ecb, kh\u00f4ng \u0111\u1ed5i \u0111\u01b0\u1ee3c email\/m\u1eadt kh\u1ea9u, kh\u00f4ng d\u00f9ng cho Net v\u00e0 Cloud Gaming<\/span><\/li>\n<li style=\"text-align: left;\"><span style=\"font-family: arial, helvetica, sans-serif; font-size: 12pt;\" data-contrast=\"auto\"> B\u1ea3o h\u00e0nh nhanh ch\u00f3ng n\u1ebfu g\u1eb7p s\u1ef1 c\u1ed1 v\u1ec1 t\u00e0i kho\u1ea3n<\/span><\/li>\n<li style=\"text-align: left;\"><span style=\"font-family: arial, helvetica, sans-serif; font-size: 12pt;\">H\u01b0\u1edbng d\u1eabn s\u1eed d\u1ee5ng chi ti\u1ebft t\u00e0i kho\u1ea3n Steam Offline v\u00e0 b\u1ea3o h\u00e0nh trong su\u1ed1t qu\u00e1 tr\u00ecnh ch\u01a1i Game<\/span><\/li>\n<\/ul>\n<div class=\"game_page_autocollapse_ctn expanded\">\n<div id=\"aboutThisGame\" class=\"game_page_autocollapse\" data-panel=\"{&quot;type&quot;:&quot;PanelGroup&quot;}\">\n<div id=\"game_area_description\" class=\"game_area_description\">\n<h2>V\u1ec1 tr\u00f2 ch\u01a1i n\u00e0y<\/h2>\n<p>Subnautica: Below Zero l\u00e0 m\u1ed9t t\u1ef1a game phi\u00eau l\u01b0u d\u01b0\u1edbi \u0111\u1ea1i d\u01b0\u01a1ng l\u1ea5y b\u1ed1i c\u1ea3nh tr\u00ean m\u1ed9t th\u1ebf gi\u1edbi \u0111\u1ea1i d\u01b0\u01a1ng ngo\u00e0i h\u00e0nh tinh. \u0110\u00e2y l\u00e0 ch\u01b0\u01a1ng ti\u1ebfp theo trong v\u0169 tr\u1ee5 Subnautica, \u0111\u01b0\u1ee3c ph\u00e1t tri\u1ec3n b\u1edfi Unknown Worlds.<\/p>\n<h2 class=\"bb_tag\"><strong data-start=\"217\" data-end=\"244\">Tr\u1edf l\u1ea1i h\u00e0nh tinh 4546B<\/strong><\/h2>\n<p>\u0110\u1eafm m\u00ecnh v\u00e0o m\u1ed9t chuy\u1ebfn th\u00e1m hi\u1ec3m ho\u00e0n to\u00e0n m\u1edbi gi\u1eefa v\u00f9ng b\u0103ng gi\u00e1 \u1edf khu v\u1ef1c B\u1eafc C\u1ef1c c\u1ee7a h\u00e0nh tinh 4546B. Ch\u1ec9 v\u1edbi ch\u00fat \u00edt trang b\u1ecb sinh t\u1ed3n v\u00e0 s\u1ef1 nhanh tr\u00ed c\u1ee7a b\u1ea3n th\u00e2n, b\u1ea1n b\u1eaft \u0111\u1ea7u h\u00e0nh tr\u00ecnh \u0111i\u1ec1u tra chuy\u1ec7n g\u00ec \u0111\u00e3 x\u1ea3y ra v\u1edbi ch\u1ecb\/em g\u00e1i c\u1ee7a m\u00ecnh\u2026<\/p>\n<h2 class=\"bb_tag\"><strong data-start=\"498\" data-end=\"518\">Kh\u00e1m ph\u00e1 s\u1ef1 th\u1eadt<\/strong><\/h2>\n<p>Alterra \u0111\u00e3 r\u1eddi \u0111i trong v\u1ed9i v\u00e3 sau m\u1ed9t s\u1ef1 c\u1ed1 b\u00ed \u1ea9n. Nh\u1eefng tr\u1ea1m nghi\u00ean c\u1ee9u b\u1ecb b\u1ecf hoang n\u1eb1m r\u1ea3i r\u00e1c kh\u1eafp khu v\u1ef1c. \u0110i\u1ec1u g\u00ec \u0111\u00e3 x\u1ea3y ra v\u1edbi c\u00e1c nh\u00e0 khoa h\u1ecdc t\u1eebng s\u1ed1ng v\u00e0 l\u00e0m vi\u1ec7c t\u1ea1i \u0111\u00e2y? Nh\u1eadt k\u00fd, v\u1eadt ph\u1ea9m v\u00e0 d\u1eef li\u1ec7u c\u00f2n s\u00f3t l\u1ea1i gi\u1eefa \u0111\u1ed1ng \u0111\u1ed5 n\u00e1t d\u1ea7n h\u00e9 l\u1ed9 m\u1ed9t b\u1ee9c tranh m\u1edbi v\u1ec1 s\u1ef1 c\u1ed1 n\u00e0y. V\u1edbi ngu\u1ed3n t\u00e0i nguy\u00ean h\u1ea1n ch\u1ebf, b\u1ea1n s\u1ebd ph\u1ea3i \u1ee9ng bi\u1ebfn \u0111\u1ec3 sinh t\u1ed3n m\u1ed9t m\u00ecnh.<\/p>\n<h2 class=\"bb_tag\"><strong data-start=\"880\" data-end=\"932\">Kh\u00e1m ph\u00e1 nh\u1eefng qu\u1ea7n x\u00e3 sinh v\u1eadt ch\u01b0a ai bi\u1ebft \u0111\u1ebfn<\/strong><\/h2>\n<p>B\u01a1i l\u1ed9i b\u00ean d\u01b0\u1edbi nh\u1eefng c\u00e2y c\u1ea7u u\u1ed1n l\u01b0\u1ee3n Twisty Bridges ph\u00e1t s\u00e1ng xanh lam. Cho\u00e1ng ng\u1ee3p tr\u01b0\u1edbc nh\u1eefng kh\u1ed1i pha l\u00ea kh\u1ed5ng l\u1ed3 l\u1ea5p l\u00e1nh trong Crystal Caverns. Leo l\u00ean c\u00e1c \u0111\u1ec9nh n\u00fai ph\u1ee7 tuy\u1ebft v\u00e0 ti\u1ebfn s\u00e2u v\u00e0o hang \u0111\u1ed9ng b\u0103ng gi\u00e1 c\u1ee7a Glacial Basin. Lu\u1ed3n l\u00e1ch gi\u1eefa nh\u1eefng mi\u1ec7ng phun nhi\u1ec7t \u0111ang ho\u1ea1t \u0111\u1ed9ng \u0111\u1ec3 kh\u00e1m ph\u00e1 c\u00e1c c\u1ed5 v\u1eadt ngo\u00e0i h\u00e0nh tinh c\u1ed5 \u0111\u1ea1i. Below Zero mang \u0111\u1ebfn h\u00e0ng lo\u1ea1t m\u00f4i tr\u01b0\u1eddng ho\u00e0n to\u00e0n m\u1edbi \u0111\u1ec3 b\u1ea1n sinh t\u1ed3n, nghi\u00ean c\u1ee9u v\u00e0 kh\u00e1m ph\u00e1.<\/p>\n<h2 class=\"bb_tag\"><strong data-start=\"1372\" data-end=\"1406\">X\u00e2y d\u1ef1ng c\u0103n c\u1ee9 v\u00e0 ph\u01b0\u01a1ng ti\u1ec7n<\/strong><\/h2>\n<p>S\u1ed1ng s\u00f3t tr\u01b0\u1edbc kh\u00ed h\u1eadu kh\u1eafc nghi\u1ec7t b\u1eb1ng c\u00e1ch x\u00e2y d\u1ef1ng c\u00e1c c\u0103n c\u1ee9 quy m\u00f4 l\u1edbn, thu th\u1eadp t\u00e0i nguy\u00ean v\u00e0 ch\u1ebf t\u1ea1o trang b\u1ecb. Ph\u00f3ng b\u0103ng b\u0103ng tr\u00ean v\u00f9ng tuy\u1ebft ph\u1ee7 b\u1eb1ng xe hoverbike Snowfox ho\u1eb7c du h\u00e0nh qua nh\u1eefng qu\u1ea7n x\u00e3 sinh v\u1eadt v\u1eeba tuy\u1ec7t \u0111\u1eb9p v\u1eeba nguy hi\u1ec3m v\u1edbi chi\u1ebfc Seatruck m\u00f4-\u0111un h\u00f3a c\u1ee7a b\u1ea1n.<\/p>\n<h2 class=\"bb_tag\"><strong data-start=\"1700\" data-end=\"1739\">Nghi\u00ean c\u1ee9u sinh v\u1eadt ngo\u00e0i h\u00e0nh tinh<\/strong><\/h2>\n<p>Lu\u00f4n c\u00f3 \u0111i\u1ec1u g\u00ec \u0111\u00f3 ch\u01b0a \u0111\u01b0\u1ee3c kh\u00e1m ph\u00e1 \u0111ang \u1ea9n n\u1ea5p quanh m\u1ed7i g\u00f3c khu\u1ea5t. B\u01a1i c\u1ea1nh Titan Holefish kh\u1ed5ng l\u1ed3, ch\u1ea1m tr\u00e1n Shadow Leviathan \u0111\u1ea7y \u00e1m \u1ea3nh v\u00e0 g\u1eb7p g\u1ee1 nh\u1eefng Pengwing \u0111\u00e1ng y\u00eau. H\u00e3y lu\u00f4n c\u1ea3nh gi\u00e1c \u2014 kh\u00f4ng ph\u1ea3i sinh v\u1eadt n\u00e0o trong th\u1ebf gi\u1edbi k\u1ef3 l\u1ea1 n\u00e0y c\u0169ng th\u00e2n thi\u1ec7n.<\/p>\n<h2 class=\"bb_tag\"><strong data-start=\"2011\" data-end=\"2049\">Sinh t\u1ed3n gi\u1eefa gi\u00e1 l\u1ea1nh kh\u1eafc nghi\u1ec7t<\/strong><\/h2>\n<p>C\u1ee9 nh\u1ea3y xu\u1ed1ng \u0111i, n\u01b0\u1edbc v\u1eabn \u1ea5m m\u00e0. Tuy nhi\u00ean, nhi\u1ec7t \u0111\u1ed9 d\u01b0\u1edbi m\u1ee9c \u0111\u00f3ng b\u0103ng c\u1ee7a v\u00f9ng B\u1eafc C\u1ef1c n\u00e0y s\u1ebd mang \u0111\u1ebfn m\u1ed1i \u0111e d\u1ecda ho\u00e0n to\u00e0n m\u1edbi. Th\u1eddi ti\u1ebft kh\u1eafc nghi\u1ec7t bao tr\u00f9m c\u00e1c khu v\u1ef1c tr\u00ean m\u1eb7t \u0111\u1ea5t. H\u00e3y ch\u1ebf t\u1ea1o b\u1ed9 \u0111\u1ed3 gi\u1eef nhi\u1ec7t, nh\u00e2m nhi c\u00e0 ph\u00ea n\u00f3ng v\u00e0 s\u01b0\u1edfi \u1ea5m c\u1ea1nh Thermal Lilies \u0111\u1ec3 ch\u1ed1ng ch\u1ecdi v\u1edbi c\u00e1i l\u1ea1nh.<\/p>\n<h2 class=\"bb_tag\"><strong data-start=\"2354\" data-end=\"2377\">\u0110\u1ea1i d\u01b0\u01a1ng \u0111\u1ea7y b\u00ed \u1ea9n<\/strong><\/h2>\n<p>\u0110i\u1ec1u g\u00ec th\u1ef1c s\u1ef1 \u0111\u00e3 x\u1ea3y ra v\u1edbi ch\u1ecb\/em g\u00e1i c\u1ee7a b\u1ea1n? Nh\u1eefng ng\u01b0\u1eddi ngo\u00e0i h\u00e0nh tinh t\u1eebng \u0111\u1eb7t ch\u00e2n \u0111\u1ebfn \u0111\u00e2y l\u00e0 ai? V\u00ec sao h\u1ecd c\u00f3 m\u1eb7t tr\u00ean h\u00e0nh tinh n\u00e0y? Li\u1ec7u s\u1ef1 th\u1eadt c\u00f3 th\u1ec3 xoa d\u1ecbu n\u1ed7i \u0111au m\u1ea5t m\u00e1t? Below Zero ti\u1ebfp n\u1ed1i c\u00e2u chuy\u1ec7n c\u1ee7a v\u0169 tr\u1ee5 Subnautica, \u0111\u00e0o s\u00e2u h\u01a1n v\u00e0o b\u00ed \u1ea9n \u0111\u00e3 \u0111\u01b0\u1ee3c \u0111\u1eb7t n\u1ec1n m\u00f3ng t\u1eeb ph\u1ea7n game \u0111\u1ea7u ti\u00ean.<\/p>\n<h2 class=\"bb_tag\"><strong data-start=\"2693\" data-end=\"2718\">V\u1ec1 \u0111\u1ed9i ng\u0169 ph\u00e1t tri\u1ec3n<\/strong><\/h2>\n<p>Below Zero \u0111\u01b0\u1ee3c t\u1ea1o ra b\u1edfi Unknown Worlds, m\u1ed9t studio nh\u1ecf c\u00f3 ngu\u1ed3n g\u1ed1c t\u1eeb b\u1ea3n mod Natural Selection c\u1ee7a Half-Life ra m\u1eaft n\u0103m 2002. \u0110\u00e2y c\u0169ng ch\u00ednh l\u00e0 studio \u0111\u00e3 t\u1ea1o n\u00ean ph\u1ea7n Subnautica \u0111\u1ea7u ti\u00ean. \u0110\u1ed9i ng\u0169 ph\u00e1t tri\u1ec3n ph\u00e2n b\u1ed1 tr\u00ean kh\u1eafp th\u1ebf gi\u1edbi, t\u1eeb M\u1ef9, Anh, Ph\u00e1p, Nga, \u00c1o, \u00dac, Canada v\u00e0 nhi\u1ec1u qu\u1ed1c gia kh\u00e1c.<\/p><\/div>\n<\/div>\n<\/div>\n<div class=\"game_page_autocollapse_ctn expanded\">\n<div class=\"game_page_autocollapse sys_req\">\n<h2>Y\u00eau c\u1ea7u h\u1ec7 th\u1ed1ng<\/h2>\n<div class=\"sysreq_tabs\">\n<div class=\"sysreq_tab active\" data-os=\"win\">Windows<\/div>\n<div class=\"sysreq_tab\" data-os=\"mac\">macOS<\/div>\n<div><\/div>\n<\/div>\n<div class=\"sysreq_contents\">\n<div class=\"game_area_sys_req sysreq_content active\" data-os=\"win\">\n<div class=\"game_area_sys_req_leftCol\"><strong>T\u1ed1i thi\u1ec3u:<\/strong><\/p>\n<ul>\n<li style=\"list-style-type: none;\">\n<ul class=\"bb_ul\">\n<li>Y\u00eau c\u1ea7u vi x\u1eed l\u00fd v\u00e0 h\u1ec7 \u0111i\u1ec1u h\u00e0nh \u0111\u1ec1u ch\u1ea1y 64-bit<\/li>\n<li><strong>H\u0110H *:<\/strong> Windows 7 64-bit<\/li>\n<li><strong>B\u1ed9 x\u1eed l\u00fd:<\/strong> Intel Core i3 4XXX series \/ AMD Ryzen 3 2.6ghz+<\/li>\n<li><strong>B\u1ed9 nh\u1edb:<\/strong> 8 GB RAM<\/li>\n<li><strong>\u0110\u1ed3 h\u1ecda:<\/strong> Intel HD 530 or better<\/li>\n<li><strong>DirectX:<\/strong> Phi\u00ean b\u1ea3n 11<\/li>\n<li><strong>L\u01b0u tr\u1eef:<\/strong> 15 GB ch\u1ed7 tr\u1ed1ng kh\u1ea3 d\u1ee5ng<\/li>\n<\/ul>\n<\/li>\n<\/ul>\n<\/div>\n<div class=\"game_area_sys_req_rightCol\"><strong>Khuy\u1ebfn ngh\u1ecb:<\/strong><\/p>\n<ul>\n<li style=\"list-style-type: none;\">\n<ul class=\"bb_ul\">\n<li>Y\u00eau c\u1ea7u vi x\u1eed l\u00fd v\u00e0 h\u1ec7 \u0111i\u1ec1u h\u00e0nh \u0111\u1ec1u ch\u1ea1y 64-bit<\/li>\n<li><strong>H\u0110H:<\/strong> Windows 10 64-bit<\/li>\n<li><strong>B\u1ed9 x\u1eed l\u00fd:<\/strong> Intel Core i5 4XXX series\/ AMD Ryzen 5 @ 3Ghz +<\/li>\n<li><strong>B\u1ed9 nh\u1edb:<\/strong> 8 GB RAM<\/li>\n<li><strong>\u0110\u1ed3 h\u1ecda:<\/strong> Nvidia 1050 Ti \/ AMD Radeon 570, 4GB VRAM<\/li>\n<li><strong>DirectX:<\/strong> Phi\u00ean b\u1ea3n 11<\/li>\n<li><strong>L\u01b0u tr\u1eef:<\/strong> 15 GB ch\u1ed7 tr\u1ed1ng kh\u1ea3 d\u1ee5ng<\/li>\n<\/ul>\n<\/li>\n<\/ul>\n<\/div>\n<\/div>\n<\/div>\n<\/div>\n<\/div>","protected":false},"excerpt":{"rendered":"<p>\u0110\u1eafm m\u00ecnh v\u00e0o cu\u1ed9c phi\u00eau l\u01b0u d\u01b0\u1edbi \u0111\u1ea1i d\u01b0\u01a1ng b\u0103ng gi\u00e1 tr\u00ean m\u1ed9t h\u00e0nh tinh ngo\u00e0i h\u00e0nh tinh. Below Zero l\u1ea5y b\u1ed1i c\u1ea3nh hai n\u0103m sau c\u00e1c s\u1ef1 ki\u1ec7n c\u1ee7a Subnautica g\u1ed1c. Quay tr\u1edf l\u1ea1i h\u00e0nh tinh 4546B \u0111\u1ec3 kh\u00e1m ph\u00e1 s\u1ef1 th\u1eadt \u0111\u1eb1ng sau m\u1ed9t \u00e2m m\u01b0u che \u0111\u1eady ch\u1ebft ng\u01b0\u1eddi. Sinh t\u1ed3n b\u1eb1ng c\u00e1ch x\u00e2y d\u1ef1ng c\u0103n c\u1ee9, ch\u1ebf t\u1ea1o c\u00f4ng c\u1ee5 v\u00e0 l\u1eb7n s\u00e2u h\u01a1n v\u00e0o th\u1ebf gi\u1edbi c\u1ee7a Subnautica.<\/p>","protected":false},"author":8,"featured_media":19749,"comment_status":"open","ping_status":"closed","template":"","meta":[],"product_brand":[],"product_cat":[345,368,350,349,343,351,353,352],"product_tag":[],"loai-tai-khoan":[422],"nam-phat-hanh":[415],"class_list":{"0":"post-19727","1":"product","2":"type-product","3":"status-publish","4":"has-post-thumbnail","6":"product_cat-chien-thuat","7":"product_cat-goc-nhin-thu-nhat","8":"product_cat-indie","9":"product_cat-kinh-di","10":"product_cat-phieu-luu","11":"product_cat-sandbox","12":"product_cat-sinh-ton","13":"product_cat-the-gioi-mo","14":"loai-tai-khoan-game-offline","15":"nam-phat-hanh-415","17":"first","18":"instock","19":"sale","20":"downloadable","21":"virtual","22":"purchasable","23":"product-type-simple"},"_links":{"self":[{"href":"https:\/\/toimuagame.com\/en\/wp-json\/wp\/v2\/product\/19727","targetHints":{"allow":["GET"]}}],"collection":[{"href":"https:\/\/toimuagame.com\/en\/wp-json\/wp\/v2\/product"}],"about":[{"href":"https:\/\/toimuagame.com\/en\/wp-json\/wp\/v2\/types\/product"}],"author":[{"embeddable":true,"href":"https:\/\/toimuagame.com\/en\/wp-json\/wp\/v2\/users\/8"}],"replies":[{"embeddable":true,"href":"https:\/\/toimuagame.com\/en\/wp-json\/wp\/v2\/comments?post=19727"}],"version-history":[{"count":0,"href":"https:\/\/toimuagame.com\/en\/wp-json\/wp\/v2\/product\/19727\/revisions"}],"wp:featuredmedia":[{"embeddable":true,"href":"https:\/\/toimuagame.com\/en\/wp-json\/wp\/v2\/media\/19749"}],"wp:attachment":[{"href":"https:\/\/toimuagame.com\/en\/wp-json\/wp\/v2\/media?parent=19727"}],"wp:term":[{"taxonomy":"product_brand","embeddable":true,"href":"https:\/\/toimuagame.com\/en\/wp-json\/wp\/v2\/product_brand?post=19727"},{"taxonomy":"product_cat","embeddable":true,"href":"https:\/\/toimuagame.com\/en\/wp-json\/wp\/v2\/product_cat?post=19727"},{"taxonomy":"product_tag","embeddable":true,"href":"https:\/\/toimuagame.com\/en\/wp-json\/wp\/v2\/product_tag?post=19727"},{"taxonomy":"loai-tai-khoan","embeddable":true,"href":"https:\/\/toimuagame.com\/en\/wp-json\/wp\/v2\/loai-tai-khoan?post=19727"},{"taxonomy":"nam-phat-hanh","embeddable":true,"href":"https:\/\/toimuagame.com\/en\/wp-json\/wp\/v2\/nam-phat-hanh?post=19727"}],"curies":[{"name":"wp","href":"https:\/\/api.w.org\/{rel}","templated":true}]}}