{"id":19708,"date":"2026-05-12T15:55:07","date_gmt":"2026-05-12T08:55:07","guid":{"rendered":"https:\/\/toimuagame.com\/?post_type=product&#038;p=19708"},"modified":"2026-05-12T15:55:08","modified_gmt":"2026-05-12T08:55:08","slug":"dead-as-disco-steam-offline","status":"publish","type":"product","link":"https:\/\/toimuagame.com\/en\/dead-as-disco-steam-offline\/","title":{"rendered":"Dead as Disco &#8211; Steam Offline"},"content":{"rendered":"<p><strong><span style=\"font-size: 18pt; color: #333333; font-family: arial, helvetica, sans-serif;\">Nh\u1eadn t\u00e0i kho\u1ea3n Steam s\u1eb5n Game sau khi thanh to\u00e1n<\/span><\/strong><\/p>\n<ul>\n<li><span style=\"font-family: arial, helvetica, sans-serif; font-size: 12pt;\" data-contrast=\"auto\">Ch\u01a1i Offline, l\u01b0u ti\u1ebfn tr\u00ecnh ri\u00eang, kh\u00f4ng lo m\u1ea5t Save, tho\u1ea3i m\u00e1i Update<\/span><\/li>\n<li style=\"text-align: left;\"><span style=\"font-family: arial, helvetica, sans-serif; font-size: 12pt;\" data-contrast=\"auto\">S\u1edf h\u1eefu v\u0129nh vi\u1ec5n, kh\u00f4ng gi\u1edbi h\u1ea1n th\u1eddi gian<\/span><\/li>\n<li style=\"text-align: left;\"><span style=\"font-family: arial, helvetica, sans-serif; font-size: 12pt;\" data-contrast=\"auto\">Ti\u1ebft ki\u1ec7m t\u1edbi h\u01a1n 90% so v\u1edbi mua t\u1eeb Steam<\/span><\/li>\n<li style=\"text-align: left;\"><span style=\"font-family: arial, helvetica, sans-serif; font-size: 12pt;\" data-contrast=\"auto\"> H\u1ed7 tr\u1ee3 Vi\u1ec7t H\u00f3a mi\u1ec5n ph\u00ed, mang l\u1ea1i tr\u1ea3i nghi\u1ec7m \u0111\u1ea7y \u0111\u1ee7<\/span><\/li>\n<li style=\"text-align: left;\"><span style=\"font-family: arial, helvetica, sans-serif; font-size: 12pt;\" data-contrast=\"auto\">Tho\u1ea3i m\u00e1i c\u00e0i Mods, Workshop, Trainer theo \u00fd mu\u1ed1n<\/span><\/li>\n<li style=\"text-align: left;\"><span style=\"font-family: arial, helvetica, sans-serif; font-size: 12pt;\" data-contrast=\"auto\"> D\u00f9ng cho 1 thi\u1ebft b\u1ecb, kh\u00f4ng \u0111\u1ed5i \u0111\u01b0\u1ee3c email\/m\u1eadt kh\u1ea9u, kh\u00f4ng d\u00f9ng cho Net v\u00e0 Cloud Gaming<\/span><\/li>\n<li style=\"text-align: left;\"><span style=\"font-family: arial, helvetica, sans-serif; font-size: 12pt;\" data-contrast=\"auto\"> B\u1ea3o h\u00e0nh nhanh ch\u00f3ng n\u1ebfu g\u1eb7p s\u1ef1 c\u1ed1 v\u1ec1 t\u00e0i kho\u1ea3n<\/span><\/li>\n<li style=\"text-align: left;\"><span style=\"font-family: arial, helvetica, sans-serif; font-size: 12pt;\">H\u01b0\u1edbng d\u1eabn s\u1eed d\u1ee5ng chi ti\u1ebft t\u00e0i kho\u1ea3n Steam Offline v\u00e0 b\u1ea3o h\u00e0nh trong su\u1ed1t qu\u00e1 tr\u00ecnh ch\u01a1i Game<\/span><\/li>\n<\/ul>\n<div class=\"game_page_autocollapse_ctn expanded\">\n<div id=\"aboutThisGame\" class=\"game_page_autocollapse\" data-panel=\"{&quot;type&quot;:&quot;PanelGroup&quot;}\">\n<div id=\"game_area_description\" class=\"game_area_description\">\n<h2>V\u1ec1 tr\u00f2 ch\u01a1i n\u00e0y<\/h2>\n<p class=\"bb_paragraph\"><strong>Dead as Disco<\/strong> \u0111\u01b0a b\u1ea1n v\u00e0o vai <strong>Charlie Disco<\/strong>, m\u1ed9t bi\u1ec3u t\u01b0\u1ee3ng \u0111\u00e3 l\u1ee5i t\u00e0n ch\u1ec9 c\u00f2n m\u1ed9t c\u01a1 h\u1ed9i cu\u1ed1i c\u00f9ng \u0111\u1ec3 gi\u00e0nh l\u1ea1i \u00e1nh h\u00e0o quang t\u1eeb tay nh\u1eefng <strong>Idols <\/strong>\u2013 c\u00e1c th\u00e0nh vi\u00ean c\u0169 trong ban nh\u1ea1c v\u00e0 c\u0169ng l\u00e0 nh\u1eefng huy\u1ec1n tho\u1ea1i \u00e2m nh\u1ea1c. \u0110\u1ed1i \u0111\u1ea7u v\u1edbi c\u00e1c Idols trong nh\u1eefng tr\u1eadn chi\u1ebfn \u0111\u1ea7y phong c\u00e1ch, n\u01a1i m\u1ecdi \u0111\u00f2n \u0111\u00e1nh \u0111\u1ec1u h\u00f2a nh\u1ecbp v\u1edbi \u00e2m nh\u1ea1c, v\u00e0 s\u1ed1ng s\u00f3t trong m\u1ed9t th\u1ebf gi\u1edbi b\u1ecb x\u00e9 n\u00e1t b\u1edfi danh v\u1ecdng, \u00e2m nh\u1ea1c v\u00e0 s\u1ef1 ph\u1ea3n b\u1ed9i trong t\u1ef1a game h\u00e0nh \u0111\u1ed9ng Beat \u2018Em Up \u0111\u00fang ngh\u0129a n\u00e0y.<\/p>\n<p class=\"bb_paragraph\"><video class=\"bb_img\" poster=\"https:\/\/shared.fastly.steamstatic.com\/store_item_assets\/steam\/apps\/3404260\/extras\/18eb6ab6fe17279477146776372058cb.poster.avif?t=1778394434\" autoplay=\"autoplay\" loop=\"loop\" muted=\"muted\" width=\"616\" height=\"546\" data-mce-fragment=\"1\"><source src=\"https:\/\/shared.fastly.steamstatic.com\/store_item_assets\/steam\/apps\/3404260\/extras\/18eb6ab6fe17279477146776372058cb.webm?t=1778394434\" \/><\/video><\/p>\n<div class=\"bb_img_icons\"><\/div>\n<p class=\"bb_paragraph\"><video class=\"bb_img\" poster=\"https:\/\/shared.fastly.steamstatic.com\/store_item_assets\/steam\/apps\/3404260\/extras\/3342b87164b4725cf15f2be57f395237.poster.avif?t=1778394434\" autoplay=\"autoplay\" loop=\"loop\" muted=\"muted\" width=\"616\" height=\"260\" data-mce-fragment=\"1\"><source src=\"https:\/\/shared.fastly.steamstatic.com\/store_item_assets\/steam\/apps\/3404260\/extras\/3342b87164b4725cf15f2be57f395237.webm?t=1778394434\" \/><\/video><\/p>\n<div class=\"bb_img_icons\"><\/div>\n<p class=\"bb_paragraph\"><video class=\"bb_img\" poster=\"https:\/\/shared.fastly.steamstatic.com\/store_item_assets\/steam\/apps\/3404260\/extras\/2f3853e6aba2013cb89794ad0e662d18.poster.avif?t=1778394434\" autoplay=\"autoplay\" loop=\"loop\" muted=\"muted\" width=\"616\" height=\"230\" data-mce-fragment=\"1\"><source src=\"https:\/\/shared.fastly.steamstatic.com\/store_item_assets\/steam\/apps\/3404260\/extras\/2f3853e6aba2013cb89794ad0e662d18.webm?t=1778394434\" \/><\/video><\/p>\n<div class=\"bb_img_icons\"><\/div>\n<p class=\"bb_paragraph\"><video class=\"bb_img\" poster=\"https:\/\/shared.fastly.steamstatic.com\/store_item_assets\/steam\/apps\/3404260\/extras\/a8ba88df3b019bd3a893ce9ceca1ccf7.poster.avif?t=1778394434\" autoplay=\"autoplay\" loop=\"loop\" muted=\"muted\" width=\"616\" height=\"240\" data-mce-fragment=\"1\"><source src=\"https:\/\/shared.fastly.steamstatic.com\/store_item_assets\/steam\/apps\/3404260\/extras\/a8ba88df3b019bd3a893ce9ceca1ccf7.webm?t=1778394434\" \/><\/video><\/p>\n<div class=\"bb_img_icons\"><\/div>\n<h2 class=\"bb_tag\"><strong data-start=\"477\" data-end=\"505\">CHI\u1ebeN \u0110\u1ea4U THEO NH\u1ecaP NH\u1ea0C<\/strong><\/h2>\n<p class=\"bb_paragraph\">T\u1ea5n c\u00f4ng, n\u00e9 tr\u00e1nh v\u00e0 h\u1ea1 g\u1ee5c k\u1ebb \u0111\u1ecbch trong s\u1ef1 \u0111\u1ed3ng b\u1ed9 ho\u00e0n h\u1ea3o v\u1edbi \u00e2m nh\u1ea1c. L\u00e0m ch\u1ee7 phong c\u00e1ch \u00e2m nh\u1ea1c ri\u00eang c\u1ee7a t\u1eebng Idol \u0111\u1ec3 m\u1edf kh\u00f3a k\u1ef9 n\u0103ng, chi\u00eau th\u1ee9c v\u00e0 \u0111i\u1ec7u nh\u1ea3y m\u1edbi. Nh\u1ecbp \u0111i\u1ec7u kh\u00f4ng ch\u1ec9 \u0111\u1ec3 tr\u00ecnh di\u1ec5n \u2014 \u0111\u00f3 ch\u00ednh l\u00e0 <strong>Beat Kune Do<\/strong>, phong c\u00e1ch chi\u1ebfn \u0111\u1ea5u t\u1ed1i th\u01b0\u1ee3ng c\u1ee7a b\u1ea1n.<\/p>\n<p class=\"bb_paragraph\">\n<h2 class=\"bb_tag\"><strong data-start=\"787\" data-end=\"814\">GI\u00c0NH L\u1ea0I \u00c1NH H\u00c0O QUANG<\/strong><\/h2>\n<p data-start=\"818\" data-end=\"923\">B\u01b0\u1edbc v\u00e0o h\u00e0nh tr\u00ecnh phi tuy\u1ebfn t\u00ednh \u0111\u01b0\u1ee3c x\u00e2y d\u1ef1ng th\u1ee7 c\u00f4ng, xoay quanh s\u1ef1 t\u00e1i ng\u1ed9, b\u00e1o th\u00f9 v\u00e0 chu\u1ed9c l\u1ed7i.<\/p>\n<p data-start=\"925\" data-end=\"1098\">L\u1ea7n \u0111\u1ea7u ti\u00ean sau 10 n\u0103m, nh\u1eefng th\u00e0nh vi\u00ean c\u00f2n s\u1ed1ng c\u1ee7a ban nh\u1ea1c huy\u1ec1n tho\u1ea1i <strong>Dead as Disco<\/strong> t\u00e1i h\u1ee3p \u2014 trong m\u1ed9t bu\u1ed5i h\u00f2a nh\u1ea1c nh\u1eb1m t\u01b0\u1edfng nh\u1edb tay tr\u1ed1ng qu\u00e1 c\u1ed1, Charlie Disco.<\/p>\n<p data-start=\"1100\" data-end=\"1186\">B\u1ea1n ch\u00ednh l\u00e0 Charlie Disco, v\u00e0 ch\u1ec9 trong m\u1ed9t \u0111\u00eam duy nh\u1ea5t, b\u1ea1n c\u00f3 c\u01a1 h\u1ed9i \u0111\u1ec3 tr\u1ea3 th\u00f9.<\/p>\n<p data-start=\"1188\" data-end=\"1367\">\u0110\u1ed1i m\u1eb7t v\u1edbi nh\u1eefng ng\u01b0\u1eddi \u0111\u1ed3ng \u0111\u1ed9i c\u0169 nay \u0111\u00e3 tr\u1edf th\u00e0nh c\u00e1c Idols l\u1edbn h\u01a1n c\u1ea3 huy\u1ec1n tho\u1ea1i, \u0111\u1ed3ng th\u1eddi kh\u00e1m ph\u00e1 nh\u1eefng b\u00ed m\u1eadt c\u1ee7a qu\u00e1 kh\u1ee9 \u0111\u1ec3 t\u00ecm ra s\u1ef1 th\u1eadt v\u1ec1 k\u1ebb th\u1ef1c s\u1ef1 \u0111\u00e3 gi\u1ebft Disco.<\/p>\n<p class=\"bb_paragraph\">\n<h2 class=\"bb_tag\"><strong data-start=\"1369\" data-end=\"1393\">NH\u1ea0C N\u1ec0N \u0110A TH\u1ec2 LO\u1ea0I<\/strong><\/h2>\n<p class=\"bb_paragraph\">Bao g\u1ed3m soundtrack g\u1ed1c ho\u00e0n to\u00e0n m\u1edbi (an to\u00e0n cho streamer), c\u00f9ng h\u00e0ng lo\u1ea1t b\u1ea3n nh\u1ea1c b\u00f9ng n\u1ed5 \u0111\u01b0\u1ee3c c\u1ea5p ph\u00e9p t\u1eeb c\u1ea3 qu\u00e1 kh\u1ee9 l\u1eabn hi\u1ec7n t\u1ea1i.<\/p>\n<p class=\"bb_paragraph\">\n<h2 class=\"bb_tag\"><strong data-start=\"1535\" data-end=\"1561\">T\u00d9Y BI\u1ebeN CH\u1ea4T ROCKSTAR<\/strong><\/h2>\n<p data-start=\"1565\" data-end=\"1713\">Thu th\u1eadp nh\u1eefng b\u1ed9 trang ph\u1ee5c c\u1ef1c k\u1ef3 n\u1ed5i b\u1eadt t\u1eeb c\u00e1c ng\u00f4i sao trong th\u1ebf gi\u1edbi Disco. D\u00f9 b\u1ea1n ch\u1ecdn phong c\u00e1ch n\u00e0o, b\u1ea1n v\u1eabn s\u1ebd lu\u00f4n \u0111\u1ec3 l\u1ea1i d\u1ea5u \u1ea5n ri\u00eang.<\/p>\n<p data-start=\"1715\" data-end=\"1910\">T\u00f9y ch\u1ec9nh \u201cng\u00f4i nh\u00e0 th\u1ee9 hai\u201d c\u1ee7a b\u1ea1n \u2014 Dive Bar \u2014 b\u1eb1ng c\u00e1ch s\u01b0u t\u1ea7m c\u00e1c m\u00f3n k\u1ef7 v\u1eadt t\u1eeb qu\u00e1 kh\u1ee9 v\u00e0 hi\u1ec7n t\u1ea1i, \u0111\u1ed3ng th\u1eddi t\u1eebng b\u01b0\u1edbc h\u00e9 l\u1ed9 c\u00e2u chuy\u1ec7n th\u1eadt s\u1ef1 \u0111\u1eb1ng sau nh\u1eefng g\u00ec \u0111\u00e3 x\u1ea3y ra v\u1edbi ban nh\u1ea1c.<\/p>\n<h2 class=\"bb_tag\"><strong data-start=\"1912\" data-end=\"1950\">PH\u00c1T NH\u1ea0C THEO C\u00c1CH C\u1ee6A RI\u00caNG B\u1ea0N!<\/strong><\/h2>\n<p class=\"bb_paragraph\">S\u1eed d\u1ee5ng b\u1ea5t k\u1ef3 b\u00e0i h\u00e1t n\u00e0o trong th\u01b0 vi\u1ec7n nh\u1ea1c c\u1ee7a b\u1ea1n, ch\u1ec9nh s\u1eeda video \u00e2m nh\u1ea1c v\u00e0 t\u1ef1 t\u1ea1o n\u00ean nh\u1eefng m\u00e0n tr\u00ecnh di\u1ec5n gameplay \u0111\u1ed3ng b\u1ed9 v\u1edbi \u00e2m nh\u1ea1c theo phong c\u00e1ch ri\u00eang. Dead as Disco l\u00e0 m\u1ed9t \u201cmosh pit\u201d n\u1ed9i dung do ng\u01b0\u1eddi d\u00f9ng t\u1ea1o (UGC), s\u1eb5n s\u00e0ng \u0111\u1ec3 b\u1ea1n mod v\u00e0 s\u00e1ng t\u1ea1o kh\u00f4ng gi\u1edbi h\u1ea1n.<\/p>\n<p class=\"bb_paragraph\">\n<\/div>\n<\/div>\n<\/div>\n<div class=\"game_page_autocollapse_ctn\">\n<div class=\"game_page_autocollapse sys_req\">\n<h2>Y\u00eau c\u1ea7u h\u1ec7 th\u1ed1ng<\/h2>\n<div class=\"sysreq_contents\">\n<div class=\"game_area_sys_req sysreq_content active\" data-os=\"win\">\n<div class=\"game_area_sys_req_full\"><strong>T\u1ed1i thi\u1ec3u:<\/strong><\/p>\n<ul>\n<li style=\"list-style-type: none;\">\n<ul class=\"bb_ul\">\n<li><strong>H\u0110H:<\/strong> Windows 10<\/li>\n<li><strong>B\u1ed9 x\u1eed l\u00fd:<\/strong> Intel Core i5-6500, AMD Ryzen 5 1400, or equivalent<\/li>\n<li><strong>B\u1ed9 nh\u1edb:<\/strong> 8 GB RAM<\/li>\n<li><strong>\u0110\u1ed3 h\u1ecda:<\/strong> Nvidia GTX 1060 6GB, AMD Radeon RX 580, or equivalent<\/li>\n<li><strong>L\u01b0u tr\u1eef:<\/strong> 20 GB ch\u1ed7 tr\u1ed1ng kh\u1ea3 d\u1ee5ng<\/li>\n<\/ul>\n<\/li>\n<\/ul>\n<\/div>\n<\/div>\n<\/div>\n<\/div>\n<\/div>","protected":false},"excerpt":{"rendered":"<p>V\u00f5 thu\u1eadt h\u00f2a quy\u1ec7n c\u00f9ng phong c\u00e1ch video \u00e2m nh\u1ea1c trong Dead as Disco \u2014 t\u1ef1a game Beat \u2018Em Up ng\u1eadp tr\u00e0n \u00e1nh \u0111\u00e8n neon, n\u01a1i m\u1ecdi c\u00fa \u0111\u1ea5m, c\u00fa \u0111\u00e1 v\u00e0 chu\u1ed7i combo \u0111\u1ec1u chuy\u1ec3n \u0111\u1ed9ng theo nh\u1ecbp nh\u1ea1c. \u0110\u1ed3ng h\u00e0nh c\u00f9ng Charlie Disco tr\u00ean h\u00e0nh tr\u00ecnh \u0111\u1ed1i \u0111\u1ea7u v\u1edbi nh\u1eefng Idols ph\u1ea3n di\u1ec7n v\u00e0 \u0111\u01b0a ban nh\u1ea1c t\u00e1i h\u1ee3p.<\/p>","protected":false},"author":8,"featured_media":19709,"comment_status":"open","ping_status":"closed","template":"","meta":[],"product_brand":[],"product_cat":[369,342,344,343],"product_tag":[],"loai-tai-khoan":[422],"nam-phat-hanh":[419],"class_list":{"0":"post-19708","1":"product","2":"type-product","3":"status-publish","4":"has-post-thumbnail","6":"product_cat-goc-nhin-thu-ba","7":"product_cat-hanh-dong","8":"product_cat-nhap-vai","9":"product_cat-phieu-luu","10":"loai-tai-khoan-game-offline","11":"nam-phat-hanh-419","13":"first","14":"instock","15":"sale","16":"downloadable","17":"virtual","18":"purchasable","19":"product-type-simple"},"_links":{"self":[{"href":"https:\/\/toimuagame.com\/en\/wp-json\/wp\/v2\/product\/19708","targetHints":{"allow":["GET"]}}],"collection":[{"href":"https:\/\/toimuagame.com\/en\/wp-json\/wp\/v2\/product"}],"about":[{"href":"https:\/\/toimuagame.com\/en\/wp-json\/wp\/v2\/types\/product"}],"author":[{"embeddable":true,"href":"https:\/\/toimuagame.com\/en\/wp-json\/wp\/v2\/users\/8"}],"replies":[{"embeddable":true,"href":"https:\/\/toimuagame.com\/en\/wp-json\/wp\/v2\/comments?post=19708"}],"version-history":[{"count":0,"href":"https:\/\/toimuagame.com\/en\/wp-json\/wp\/v2\/product\/19708\/revisions"}],"wp:featuredmedia":[{"embeddable":true,"href":"https:\/\/toimuagame.com\/en\/wp-json\/wp\/v2\/media\/19709"}],"wp:attachment":[{"href":"https:\/\/toimuagame.com\/en\/wp-json\/wp\/v2\/media?parent=19708"}],"wp:term":[{"taxonomy":"product_brand","embeddable":true,"href":"https:\/\/toimuagame.com\/en\/wp-json\/wp\/v2\/product_brand?post=19708"},{"taxonomy":"product_cat","embeddable":true,"href":"https:\/\/toimuagame.com\/en\/wp-json\/wp\/v2\/product_cat?post=19708"},{"taxonomy":"product_tag","embeddable":true,"href":"https:\/\/toimuagame.com\/en\/wp-json\/wp\/v2\/product_tag?post=19708"},{"taxonomy":"loai-tai-khoan","embeddable":true,"href":"https:\/\/toimuagame.com\/en\/wp-json\/wp\/v2\/loai-tai-khoan?post=19708"},{"taxonomy":"nam-phat-hanh","embeddable":true,"href":"https:\/\/toimuagame.com\/en\/wp-json\/wp\/v2\/nam-phat-hanh?post=19708"}],"curies":[{"name":"wp","href":"https:\/\/api.w.org\/{rel}","templated":true}]}}