{"id":19697,"date":"2026-05-12T15:40:34","date_gmt":"2026-05-12T08:40:34","guid":{"rendered":"https:\/\/toimuagame.com\/?post_type=product&#038;p=19697"},"modified":"2026-05-12T15:40:37","modified_gmt":"2026-05-12T08:40:37","slug":"heroes-of-might-and-magic-olden-era-steam-offline","status":"publish","type":"product","link":"https:\/\/toimuagame.com\/en\/heroes-of-might-and-magic-olden-era-steam-offline\/","title":{"rendered":"Heroes of Might and Magic: Olden Era &#8211; Steam Offline"},"content":{"rendered":"<p><strong><span style=\"font-size: 18pt; color: #333333; font-family: arial, helvetica, sans-serif;\">Nh\u1eadn t\u00e0i kho\u1ea3n Steam s\u1eb5n Game sau khi thanh to\u00e1n<\/span><\/strong><\/p>\n<ul>\n<li><span style=\"font-family: arial, helvetica, sans-serif; font-size: 12pt;\" data-contrast=\"auto\">Ch\u01a1i Offline, l\u01b0u ti\u1ebfn tr\u00ecnh ri\u00eang, kh\u00f4ng lo m\u1ea5t Save, tho\u1ea3i m\u00e1i Update<\/span><\/li>\n<li style=\"text-align: left;\"><span style=\"font-family: arial, helvetica, sans-serif; font-size: 12pt;\" data-contrast=\"auto\">S\u1edf h\u1eefu v\u0129nh vi\u1ec5n, kh\u00f4ng gi\u1edbi h\u1ea1n th\u1eddi gian<\/span><\/li>\n<li style=\"text-align: left;\"><span style=\"font-family: arial, helvetica, sans-serif; font-size: 12pt;\" data-contrast=\"auto\">Ti\u1ebft ki\u1ec7m t\u1edbi h\u01a1n 90% so v\u1edbi mua t\u1eeb Steam<\/span><\/li>\n<li style=\"text-align: left;\"><span style=\"font-family: arial, helvetica, sans-serif; font-size: 12pt;\" data-contrast=\"auto\"> H\u1ed7 tr\u1ee3 Vi\u1ec7t H\u00f3a mi\u1ec5n ph\u00ed, mang l\u1ea1i tr\u1ea3i nghi\u1ec7m \u0111\u1ea7y \u0111\u1ee7<\/span><\/li>\n<li style=\"text-align: left;\"><span style=\"font-family: arial, helvetica, sans-serif; font-size: 12pt;\" data-contrast=\"auto\">Tho\u1ea3i m\u00e1i c\u00e0i Mods, Workshop, Trainer theo \u00fd mu\u1ed1n<\/span><\/li>\n<li style=\"text-align: left;\"><span style=\"font-family: arial, helvetica, sans-serif; font-size: 12pt;\" data-contrast=\"auto\"> D\u00f9ng cho 1 thi\u1ebft b\u1ecb, kh\u00f4ng \u0111\u1ed5i \u0111\u01b0\u1ee3c email\/m\u1eadt kh\u1ea9u, kh\u00f4ng d\u00f9ng cho Net v\u00e0 Cloud Gaming<\/span><\/li>\n<li style=\"text-align: left;\"><span style=\"font-family: arial, helvetica, sans-serif; font-size: 12pt;\" data-contrast=\"auto\"> B\u1ea3o h\u00e0nh nhanh ch\u00f3ng n\u1ebfu g\u1eb7p s\u1ef1 c\u1ed1 v\u1ec1 t\u00e0i kho\u1ea3n<\/span><\/li>\n<li style=\"text-align: left;\"><span style=\"font-family: arial, helvetica, sans-serif; font-size: 12pt;\">H\u01b0\u1edbng d\u1eabn s\u1eed d\u1ee5ng chi ti\u1ebft t\u00e0i kho\u1ea3n Steam Offline v\u00e0 b\u1ea3o h\u00e0nh trong su\u1ed1t qu\u00e1 tr\u00ecnh ch\u01a1i Game<\/span><\/li>\n<\/ul>\n<div class=\"game_page_autocollapse_ctn expanded\">\n<div id=\"aboutThisGame\" class=\"game_page_autocollapse\" data-panel=\"{&quot;type&quot;:&quot;PanelGroup&quot;}\">\n<div id=\"game_area_description\" class=\"game_area_description\">\n<h2>V\u1ec1 tr\u00f2 ch\u01a1i n\u00e0y<\/h2>\n<p class=\"bb_paragraph\">Ph\u1ea7n m\u1edbi nh\u1ea5t trong series Heroes of Might and Magic danh ti\u1ebfng mang \u0111\u1ebfn s\u1ef1 k\u1ebft h\u1ee3p gi\u1eefa x\u00e2y d\u1ef1ng \u0111\u1ebf ch\u1ebf chi\u1ebfn l\u01b0\u1ee3c, nh\u1eefng tr\u1eadn chi\u1ebfn chi\u1ebfn thu\u1eadt theo l\u01b0\u1ee3t ho\u00e0nh tr\u00e1ng v\u00e0 c\u01a1 ch\u1ebf RPG chuy\u00ean s\u00e2u trong m\u1ed9t th\u1ebf gi\u1edbi \u0111\u1ea7y qu\u00e1i th\u00fa huy\u1ec1n b\u00ed, ph\u00e1p s\u01b0 quy\u1ec1n n\u0103ng v\u00e0 nh\u1eefng v\u1ecb anh h\u00f9ng d\u0169ng m\u00e3nh. Kh\u00e1m ph\u00e1 m\u1ed9t th\u1ebf gi\u1edbi s\u1ed1ng \u0111\u1ed9ng ng\u1eadp tr\u00e0n b\u00ed m\u1eadt v\u00e0 hi\u1ec3m nguy qua chi\u1ebfn d\u1ecbch c\u1ed1t truy\u1ec7n s\u1eed thi b\u00e1o hi\u1ec7u ng\u00e0y t\u1eadn th\u1ebf \u0111ang \u0111\u1ebfn g\u1ea7n, ho\u1eb7c chinh ph\u1ee5c nh\u1eefng b\u1ea3n \u0111\u1ed3 \u0111\u01b0\u1ee3c t\u1ea1o ng\u1eabu nhi\u00ean l\u1eabn thi\u1ebft k\u1ebf th\u1ee7 c\u00f4ng, x\u00e2y d\u1ef1ng c\u00e1c th\u00e0nh ph\u1ed1 tr\u00e1ng l\u1ec7 v\u00e0 d\u1eabn d\u1eaft nh\u1eefng \u0111\u1ea1o qu\u00e2n sinh v\u1eadt th\u1ea7n tho\u1ea1i \u0111\u1ec3 nghi\u1ec1n n\u00e1t k\u1ebb th\u00f9.<\/p>\n<p class=\"bb_paragraph\">\n<p class=\"bb_paragraph\">\u0110\u01b0\u1ee3c t\u1ea1o ra cho c\u1ea3 fan k\u1ef3 c\u1ef1u l\u1eabn ng\u01b0\u1eddi ch\u01a1i m\u1edbi, Heroes of Might and Magic: Olden Era k\u1ebf th\u1eeba n\u1ec1n t\u1ea3ng quen thu\u1ed9c c\u1ee7a nh\u1eefng t\u1ef1a game chi\u1ebfn thu\u1eadt \u0111\u01b0\u1ee3c \u0111\u00e1nh gi\u00e1 cao nh\u1ea5t m\u1ecdi th\u1eddi \u0111\u1ea1i, \u0111\u1ed3ng th\u1eddi b\u1ed5 sung nhi\u1ec1u ch\u1ebf \u0111\u1ed9 ch\u01a1i c\u1ed5 \u0111i\u1ec3n l\u1eabn m\u1edbi, d\u00f9 b\u1ea1n ch\u01a1i m\u1ed9t m\u00ecnh hay c\u00f9ng b\u1ea1n b\u00e8 tr\u1ef1c tuy\u1ebfn.<\/p>\n<p class=\"bb_paragraph\">\n<p class=\"bb_paragraph\"><video class=\"bb_img\" poster=\"https:\/\/shared.fastly.steamstatic.com\/store_item_assets\/steam\/apps\/3105440\/extras\/ef1d3adecf9ed2636dd589abfec9c86b.poster.avif?t=1777899549\" autoplay=\"autoplay\" loop=\"loop\" muted=\"muted\" width=\"780\" height=\"362\" data-mce-fragment=\"1\"><source src=\"https:\/\/shared.fastly.steamstatic.com\/store_item_assets\/steam\/apps\/3105440\/extras\/ef1d3adecf9ed2636dd589abfec9c86b.webm?t=1777899549\" \/><\/video><\/p>\n<div class=\"bb_img_icons\"><\/div>\n<p class=\"bb_paragraph\">\n<p class=\"bb_paragraph\"><span class=\"bb_img_ctn\"><img fetchpriority=\"high\" decoding=\"async\" class=\"bb_img\" src=\"https:\/\/toimuagame.com\/wp-content\/uploads\/2026\/05\/3173500d101732527a04fa9312a6d10a.\" width=\"1560\" height=\"156\" \/><\/span><\/p>\n<div class=\"bb_img_icons\"><\/div>\n<p class=\"bb_paragraph\"><span class=\"bb_img_ctn\"><img decoding=\"async\" class=\"bb_img\" src=\"https:\/\/toimuagame.com\/wp-content\/uploads\/2026\/05\/ea5b6c59ad7ad19aca8a73ed6c28cb90.\" width=\"600\" height=\"130\" \/><\/span><\/p>\n<div class=\"bb_img_icons\"><\/div>\n<p class=\"bb_paragraph\">L\u1ef1a ch\u1ecdn m\u1ed9t trong s\u00e1u phe ph\u00e1i h\u00f9ng m\u1ea1nh \u0111\u1ec3 d\u1eabn d\u1eaft trong th\u1ebf gi\u1edbi gi\u1ea3 t\u01b0\u1edfng n\u01a1i c\u00e1c anh h\u00f9ng qu\u1ea3 c\u1ea3m ch\u1ec9 huy \u0111\u1ed9i qu\u00e2n chi\u1ebfn binh d\u0169ng m\u00e3nh v\u00e0 sinh v\u1eadt ph\u00e9p thu\u1eadt tr\u00ean chi\u1ebfn tr\u01b0\u1eddng. T\u1eeb c\u00e1c hi\u1ec7p s\u0129 gi\u00e1p tr\u1ee5 c\u1ee7a Temple v\u00e0 nh\u1eefng linh h\u1ed3n nguy\u00ean t\u1ed1 thu\u1ed9c Grove, \u0111\u1ebfn c\u00e1c con r\u1ed3ng phun l\u1eeda c\u1ee7a Dungeon hay x\u00e1c s\u1ed1ng c\u1ee7a Necropolis, m\u1ed7i phe ph\u00e1i \u0111\u1ec1u s\u1edf h\u1eefu d\u00e0n \u0111\u01a1n v\u1ecb v\u00e0 anh h\u00f9ng ri\u00eang bi\u1ec7t v\u1edbi phong c\u00e1ch chi\u1ebfn \u0111\u1ea5u \u0111\u1ed9c \u0111\u00e1o.<\/p>\n<ul class=\"bb_ul\">\n<li>\n<p class=\"bb_paragraph\">M\u1ed7i phe trong Olden Era \u0111\u1ec1u c\u00f3 v\u00f4 s\u1ed1 \u0111\u01a1n v\u1ecb \u0111\u1eb7c tr\u01b0ng gi\u00fap b\u1ea1n x\u00e2y d\u1ef1ng l\u1ed1i ch\u01a1i v\u00e0 chi\u1ebfn thu\u1eadt theo \u00fd th\u00edch. B\u1ea1n s\u1ebd ch\u1ecdn \u0111\u1ed9i qu\u00e2n ma c\u00e0 r\u1ed3ng v\u00e0 lich ch\u1ebft ch\u00f3c nh\u01b0ng mong manh, c\u00f3 th\u1ec3 h\u00fat sinh l\u1ef1c k\u1ebb \u0111\u1ecbch v\u00e0 h\u1ed3i sinh chi\u1ebfn binh \u0111\u00e3 ng\u00e3 xu\u1ed1ng? Hay \u01b0u ti\u00ean nh\u1eefng chi\u1ebfn binh b\u1ec1n b\u1ec9 nh\u01b0 griffin cao qu\u00fd v\u1edbi kh\u1ea3 n\u0103ng ph\u1ea3n c\u00f4ng nhi\u1ec1u l\u1ea7n, ho\u1eb7c c\u00e1c hi\u1ec7p s\u0129 danh d\u1ef1 d\u1eabn \u0111\u1ea7u nh\u1eefng \u0111\u1ee3t xung phong h\u1ee7y di\u1ec7t? H\u00e3y t\u1eadn d\u1ee5ng c\u00e1c k\u1ef9 n\u0103ng ch\u1ee7 \u0111\u1ed9ng v\u00e0 b\u1ecb \u0111\u1ed9ng \u0111a d\u1ea1ng \u0111\u1ec3 d\u1ecbch chuy\u1ec3n qu\u00e2n xa h\u01a1n gi\u1edbi h\u1ea1n di chuy\u1ec3n, tri\u1ec7u h\u1ed3i vi\u1ec7n binh, c\u1ea3n tr\u1edf ph\u00e9p thu\u1eadt c\u1ee7a \u0111\u1ed1i ph\u01b0\u01a1ng ho\u1eb7c xoay chuy\u1ec3n c\u1ee5c di\u1ec7n chi\u1ebfn tr\u01b0\u1eddng.<\/p>\n<\/li>\n<li>\n<p class=\"bb_paragraph\">X\u00e2y d\u1ef1ng c\u00e1c c\u00f4ng tr\u00ecnh ph\u00f9 h\u1ee3p trong th\u00e0nh ph\u1ed1 \u0111\u1ec3 tuy\u1ec3n m\u1ed9 v\u00e0 n\u00e2ng c\u1ea5p \u0111\u01a1n v\u1ecb th\u00e0nh nh\u1eefng bi\u1ebfn th\u1ec3 m\u1ea1nh m\u1ebd h\u01a1n, ho\u1eb7c t\u00ecm ki\u1ebfm n\u01a1i c\u01b0 ng\u1ee5 tr\u00ean b\u1ea3n \u0111\u1ed3 chi\u1ebfn l\u01b0\u1ee3c \u0111\u1ec3 chi\u00eau m\u1ed9 sinh v\u1eadt t\u1eeb c\u00e1c phe kh\u00e1c, m\u1edf ra c\u01a1 h\u1ed9i v\u00e0 s\u1ef1 k\u1ebft h\u1ee3p m\u1edbi nh\u1eb1m \u0111\u00e1nh b\u1ea1i k\u1ebb th\u00f9.<\/p>\n<\/li>\n<li>\n<p class=\"bb_paragraph\">Tuy\u1ec3n d\u1ee5ng c\u00e1c anh h\u00f9ng m\u1ea1nh m\u1ebd \u0111\u1ec3 d\u1eabn d\u1eaft qu\u00e2n \u0111\u1ed9i; m\u1ed7i ng\u01b0\u1eddi \u0111\u1ec1u t\u1ea1o \u1ea3nh h\u01b0\u1edfng ri\u00eang l\u00ean \u0111\u1ebf ch\u1ebf v\u00e0 binh l\u00ednh khi ng\u00e0y c\u00e0ng gi\u00e0u kinh nghi\u1ec7m. C\u00f3 ng\u01b0\u1eddi gi\u00fap qu\u00e2n \u0111\u1ed9i di chuy\u1ec3n nhanh h\u01a1n tr\u00ean b\u1ea3n \u0111\u1ed3, c\u00f3 ng\u01b0\u1eddi t\u0103ng t\u1ed1c \u0111\u1ed9 h\u00e0nh \u0111\u1ed9ng c\u1ee7a to\u00e0n qu\u00e2n, \u01b0u ti\u00ean tuy\u1ec3n m\u1ed9 m\u1ed9t lo\u1ea1i \u0111\u01a1n v\u1ecb nh\u1ea5t \u0111\u1ecbnh ho\u1eb7c t\u1ea1o th\u00eam t\u00e0i nguy\u00ean cho n\u1ec1n kinh t\u1ebf. V\u1edbi h\u01a1n m\u1ed9t tr\u0103m anh h\u00f9ng \u0111\u1ed9c \u0111\u00e1o s\u1edf h\u1eefu qu\u00e2n kh\u1edfi \u0111\u1ea7u, k\u1ef9 n\u0103ng v\u00e0 ph\u00e9p thu\u1eadt ri\u00eang, tr\u00f2 ch\u01a1i mang \u0111\u1ebfn v\u00f4 s\u1ed1 chi\u1ebfn l\u01b0\u1ee3c \u0111\u1ec3 th\u1eed nghi\u1ec7m.<\/p>\n<\/li>\n<\/ul>\n<p class=\"bb_paragraph\">\n<p class=\"bb_paragraph\"><span class=\"bb_img_ctn\"><img decoding=\"async\" class=\"bb_img\" src=\"https:\/\/toimuagame.com\/wp-content\/uploads\/2026\/05\/18df1aedca6f3a7c5fc3525089c77323.\" width=\"1560\" height=\"156\" \/><\/span><\/p>\n<div class=\"bb_img_icons\"><\/div>\n<p class=\"bb_paragraph\"><video class=\"bb_img\" poster=\"https:\/\/shared.fastly.steamstatic.com\/store_item_assets\/steam\/apps\/3105440\/extras\/c78e9b49a0555018f692dcba050c0174.poster.avif?t=1777899549\" autoplay=\"autoplay\" loop=\"loop\" muted=\"muted\" width=\"780\" height=\"362\" data-mce-fragment=\"1\"><source src=\"https:\/\/shared.fastly.steamstatic.com\/store_item_assets\/steam\/apps\/3105440\/extras\/c78e9b49a0555018f692dcba050c0174.webm?t=1777899549\" \/><\/video><\/p>\n<div class=\"bb_img_icons\"><\/div>\n<p class=\"bb_paragraph\">D\u00f9 chi\u1ebfn \u0111\u1ea5u \u0111\u1ec3 gi\u00e0nh quy\u1ec1n th\u1ed1ng tr\u1ecb tr\u00ean c\u00e1c th\u1ebf gi\u1edbi t\u1ea1o ng\u1eabu nhi\u00ean hay kh\u00e1m ph\u00e1 nh\u1eefng b\u1ea3n \u0111\u1ed3 th\u1ee7 c\u00f4ng do nh\u00e0 ph\u00e1t tri\u1ec3n v\u00e0 c\u1ed9ng \u0111\u1ed3ng t\u1ea1o ra b\u1eb1ng c\u00f4ng c\u1ee5 ch\u1ec9nh s\u1eeda b\u1ea3n \u0111\u1ed3 trong game, Heroes of Might and Magic lu\u00f4n \u0111\u01b0a b\u1ea1n \u0111\u1ebfn nh\u1eefng v\u00f9ng \u0111\u1ea5t xa l\u1ea1 ch\u1edd \u0111\u01b0\u1ee3c kh\u00e1m ph\u00e1. D\u1eabn qu\u00e2n v\u00e9n m\u00e0n b\u00ed m\u1eadt \u0111\u1ec3 t\u00ecm ki\u1ebfm c\u01a1 h\u1ed9i v\u00e0 hi\u1ec3m h\u1ecda, ch\u1ea1y \u0111ua v\u1edbi k\u1ebb \u0111\u1ecbch nh\u1eb1m chi\u1ebfm gi\u1eef c\u00e1c \u0111i\u1ec3m tr\u1ecdng y\u1ebfu v\u00e0 x\u00e2y d\u1ef1ng n\u1ec1n kinh t\u1ebf v\u1eefng ch\u1eafc. B\u0103ng qua \u0111\u1ecba h\u00ecnh hi\u1ec3m tr\u1edf, h\u1ec7 sinh th\u00e1i \u0111a d\u1ea1ng v\u00e0 t\u00ecm ki\u1ebfm nh\u1eefng l\u1ed1i \u0111i tr\u00ean n\u00fai, \u0111i\u1ec3m ngh\u1ebdn chi\u1ebfn thu\u1eadt ho\u1eb7c con \u0111\u01b0\u1eddng b\u00ed m\u1eadt \u0111\u01b0\u1ee3c canh gi\u1eef b\u1edfi qu\u00e1i v\u1eadt \u0111\u00e1ng s\u1ee3 v\u00e0 \u0111\u1ed9i qu\u00e2n h\u00f9ng h\u1eadu.<\/p>\n<ul class=\"bb_ul\">\n<li>\n<p class=\"bb_paragraph\">B\u1eaft \u0111\u1ea7u v\u1edbi m\u1ed9t th\u1ecb tr\u1ea5n duy nh\u1ea5t n\u01a1i b\u1ea1n c\u00f3 th\u1ec3 x\u00e2y d\u1ef1ng c\u00f4ng tr\u00ecnh, tuy\u1ec3n m\u1ed9 v\u00e0 n\u00e2ng c\u1ea5p \u0111\u01a1n v\u1ecb, c\u0169ng nh\u01b0 thu\u00ea th\u00eam anh h\u00f9ng. Sau \u0111\u00f3, ti\u1ebfn ra th\u1ebf gi\u1edbi r\u1ed9ng l\u1edbn \u0111\u1ec3 t\u00ecm ki\u1ebfm c\u00f4ng tr\u00ecnh t\u1ea1o t\u00e0i nguy\u00ean, cung c\u1ea5p s\u1ee9c m\u1ea1nh ph\u00e9p thu\u1eadt ho\u1eb7c h\u1ed7 tr\u1ee3 ph\u00f2ng th\u1ee7. V\u1edbi l\u01b0\u1ee3ng \u0111i\u1ec3m di chuy\u1ec3n gi\u1edbi h\u1ea1n m\u1ed7i l\u01b0\u1ee3t, m\u1ecdi ng\u00e3 r\u1ebd \u0111\u1ec1u l\u00e0 m\u1ed9t quy\u1ebft \u0111\u1ecbnh chi\u1ebfn l\u01b0\u1ee3c \u2013 li\u1ec7u b\u1ea1n s\u1ebd lao \u0111\u1ebfn gi\u1ebfng n\u01b0\u1edbc \u0111\u1ec3 h\u1ed3i mana cho anh h\u00f9ng, d\u00f9 bi\u1ebft k\u1ebb \u0111\u1ecbch c\u00f3 th\u1ec3 \u0111ang ph\u1ee5c k\u00edch ngay ph\u00eda tr\u01b0\u1edbc? Hay kho b\u00e1u l\u1ea5p l\u00e1nh v\u1edbi ph\u1ea7n th\u01b0\u1edfng h\u1ea5p d\u1eabn s\u1ebd l\u00e0 \u01b0u ti\u00ean h\u01a1n?<\/p>\n<\/li>\n<li>\n<p class=\"bb_paragraph\">C\u00e1c \u0111\u1ecba danh gi\u00e1 tr\u1ecb th\u01b0\u1eddng \u0111\u01b0\u1ee3c b\u1ea3o v\u1ec7 b\u1edfi \u0111\u1ed9i qu\u00e2n h\u00f9ng m\u1ea1nh, v\u00e0 ng\u01b0\u1eddi \u0111\u1ea7u ti\u00ean \u0111\u00e1nh b\u1ea1i ch\u00fang s\u1ebd nh\u1eadn ph\u1ea7n th\u01b0\u1edfng qu\u00fd gi\u00e1 \u2013 th\u1ee9 c\u00f3 th\u1ec3 n\u1eafm gi\u1eef ch\u00eca kh\u00f3a chi\u1ebfn th\u1eafng. T\u1eeb v\u0169 kh\u00ed, \u00e1o gi\u00e1p cho \u0111\u1ebfn nh\u1eabn ph\u00e9p v\u00e0 b\u00f9a h\u1ed9 m\u1ec7nh, nh\u1eefng m\u00f3n c\u1ed5 v\u1eadt ph\u00f9 h\u1ee3p c\u00f3 th\u1ec3 bi\u1ebfn m\u1ed9t \u0111\u1ed9i qu\u00e2n t\u01b0\u1edfng ch\u1eebng y\u1ebfu \u1edbt th\u00e0nh th\u1ebf l\u1ef1c \u0111\u00e1ng g\u1eddm ho\u1eb7c m\u1edf kh\u00f3a nh\u1eefng s\u1ef1 k\u1ebft h\u1ee3p \u0111\u1ea7y b\u1ea5t ng\u1edd.<\/p>\n<\/li>\n<li>\n<p class=\"bb_paragraph\">Chi\u1ebfm th\u00eam th\u00e0nh ph\u1ed1 \u0111\u1ec3 ti\u1ebfp c\u1eadn vi\u1ec7n binh g\u1ea7n chi\u1ebfn tuy\u1ebfn lu\u00f4n thay \u0111\u1ed5i, \u0111\u1ed3ng th\u1eddi c\u1ee7ng c\u1ed1 quy\u1ec1n ki\u1ec3m so\u00e1t b\u1eb1ng c\u00e1c \u0111\u1ed9i qu\u00e2n \u0111\u1ed3n tr\u00fa. Ph\u00e1t tri\u1ec3n m\u1ed7i th\u00e0nh ph\u1ed1 theo h\u01b0\u1edbng kh\u00e1c nhau \u0111\u1ec3 \u0111\u00e1p \u1ee9ng nhu c\u1ea7u c\u1ee7a t\u1eebng m\u1eb7t tr\u1eadn khi \u0111\u1ed1i \u0111\u1ea7u k\u1ebb th\u00f9.<\/p>\n<\/li>\n<\/ul>\n<p class=\"bb_paragraph\">\n<p class=\"bb_paragraph\"><span class=\"bb_img_ctn\"><img loading=\"lazy\" decoding=\"async\" class=\"bb_img\" src=\"https:\/\/toimuagame.com\/wp-content\/uploads\/2026\/05\/4209a373c17c3ae5fd2e677bd89466bf.\" width=\"1560\" height=\"156\" \/><\/span><\/p>\n<div class=\"bb_img_icons\"><\/div>\n<p class=\"bb_paragraph\"><video class=\"bb_img\" poster=\"https:\/\/shared.fastly.steamstatic.com\/store_item_assets\/steam\/apps\/3105440\/extras\/a045f8a07c2be366572c38162b74c1b5.poster.avif?t=1777899549\" autoplay=\"autoplay\" loop=\"loop\" muted=\"muted\" width=\"780\" height=\"390\" data-mce-fragment=\"1\"><source src=\"https:\/\/shared.fastly.steamstatic.com\/store_item_assets\/steam\/apps\/3105440\/extras\/a045f8a07c2be366572c38162b74c1b5.webm?t=1777899549\" \/><\/video><\/p>\n<div class=\"bb_img_icons\"><\/div>\n<p class=\"bb_paragraph\">Chi\u1ebfn tr\u01b0\u1eddng c\u1ee7a Olden Era th\u1eed th\u00e1ch c\u1ea3 chi\u1ebfn binh l\u1eabn ph\u00e1p s\u01b0, n\u01a1i nh\u1eefng b\u1ed9 binh b\u00ecnh th\u01b0\u1eddng s\u00e1t c\u00e1nh ho\u1eb7c \u0111\u1ed1i \u0111\u1ea7u v\u1edbi hydra, ph\u01b0\u1ee3ng ho\u00e0ng, minotaur v\u00e0 nhi\u1ec1u sinh v\u1eadt huy\u1ec1n tho\u1ea1i kh\u00e1c. Ph\u00e9p thu\u1eadt quy\u1ec1n n\u0103ng bao tr\u00f9m chi\u1ebfn \u0111\u1ecba khi c\u00e1c anh h\u00f9ng tri\u1ec7u h\u1ed3i s\u1ee9c m\u1ea1nh b\u00ed thu\u1eadt t\u1eeb b\u1ed1n tr\u01b0\u1eddng ph\u00e1i ma thu\u1eadt kh\u00e1c nhau \u0111\u1ec3 ti\u00eau di\u1ec7t k\u1ebb th\u00f9 ho\u1eb7c ti\u1ebfp s\u1ee9c \u0111\u1ed3ng minh.<\/p>\n<ul class=\"bb_ul\">\n<li>\n<p class=\"bb_paragraph\">Nh\u1eefng tr\u1eadn chi\u1ebfn chi\u1ebfn thu\u1eadt theo l\u01b0\u1ee3t s\u1ebd th\u1eed th\u00e1ch t\u01b0 duy chi\u1ebfn l\u01b0\u1ee3c c\u1ee7a b\u1ea1n khi t\u00ecm ki\u1ebfm c\u00e1c s\u1ef1 k\u1ebft h\u1ee3p h\u1ee7y di\u1ec7t gi\u1eefa \u0111\u01a1n v\u1ecb, anh h\u00f9ng, ph\u00e9p thu\u1eadt v\u00e0 c\u1ed5 v\u1eadt. Ch\u1ec9 c\u1ea7n k\u1ebft h\u1ee3p \u0111\u00fang, ngay c\u1ea3 b\u1ed9 x\u01b0\u01a1ng chi\u1ebfn binh y\u1ebfu \u1edbt c\u0169ng c\u00f3 th\u1ec3 tr\u1edf th\u00e0nh \u0111\u1ed1i th\u1ee7 \u0111\u00e1ng g\u1eddm. Chi\u1ebfn tr\u01b0\u1eddng Olden Era khuy\u1ebfn kh\u00edch l\u1ed1i ch\u01a1i th\u00f4ng minh nh\u01b0ng quy\u1ebft \u0111o\u00e1n \u2013 \u0111\u01a1n v\u1ecb \u0111\u00e1nh xa c\u00f3 th\u1ec3 b\u1eafn xuy\u00ean b\u1ea3n \u0111\u1ed3, kho\u1ea3ng c\u00e1ch \u0111\u01b0\u1ee3c r\u00fat ng\u1eafn nhanh ch\u00f3ng v\u00e0 ph\u00e9p thu\u1eadt c\u00f3 th\u1ec3 tung ra t\u1eeb b\u1ea5t k\u1ef3 \u0111\u00e2u.<\/p>\n<\/li>\n<li>\n<p class=\"bb_paragraph\">Ki\u1ebfm Focus b\u1eb1ng c\u00e1ch g\u00e2y v\u00e0 nh\u1eadn s\u00e1t th\u01b0\u01a1ng, sau \u0111\u00f3 ti\u00eau hao n\u00f3 \u0111\u1ec3 k\u00edch ho\u1ea1t k\u1ef9 n\u0103ng m\u1ea1nh m\u1ebd v\u00e0 \u0111\u1ed9c \u0111\u00e1o c\u1ee7a t\u1eebng \u0111\u01a1n v\u1ecb, t\u1eeb t\u0103ng s\u00e1t th\u01b0\u01a1ng, ph\u00f2ng th\u1ee7 cho \u0111\u1ebfn t\u1ed1c \u0111\u1ed9 h\u00e0nh \u0111\u1ed9ng v\u00e0 kh\u1ea3 n\u0103ng c\u01a1 \u0111\u1ed9ng. T\u1eeb Graverobber c\u00f3 th\u1ec3 tri\u1ec7u h\u1ed3i Skeleton cho t\u1edbi Locust nh\u1ea3y \u0111\u1ebfn x\u00e1c ch\u1ebft g\u1ea7n \u0111\u00f3 \u0111\u1ec3 h\u1ea5p th\u1ee5 s\u1ee9c m\u1ea1nh, m\u1ed7i \u0111\u01a1n v\u1ecb \u0111\u1ec1u mang \u0111\u1ebfn v\u00f4 s\u1ed1 l\u1ef1a ch\u1ecdn chi\u1ebfn \u0111\u1ea5u th\u00fa v\u1ecb. B\u1ea1n s\u1ebd d\u00f9ng t\u00e0i nguy\u00ean qu\u00fd gi\u00e1 n\u00e0y \u0111\u1ec3 ch\u1eefa tr\u1ecb \u0111\u1ed3ng minh v\u1edbi s\u1ef1 tr\u1ee3 gi\u00fap c\u1ee7a Hierophant, hay d\u00f9ng Arbitrator \u0111\u1ec3 d\u1ecbch chuy\u1ec3n m\u1ed9t \u0111\u01a1n v\u1ecb m\u1ea1nh l\u00ean tuy\u1ebfn \u0111\u1ea7u khi\u1ebfn \u0111\u1ed1i th\u1ee7 b\u1ea5t ng\u1edd? M\u1ecdi quy\u1ebft \u0111\u1ecbnh \u0111\u1ec1u quan tr\u1ecdng, v\u00e0 n\u1ebfu t\u00ecnh th\u1ebf qu\u00e1 b\u1ea5t l\u1ee3i, b\u1ea1n lu\u00f4n c\u00f3 th\u1ec3 tr\u1ea3 gi\u00e1 \u0111\u1ec3 r\u00fat lui v\u00e0 chi\u1ebfn \u0111\u1ea5u v\u00e0o ng\u00e0y kh\u00e1c.<\/p>\n<\/li>\n<\/ul>\n<p class=\"bb_paragraph\">\n<p class=\"bb_paragraph\">D\u00f9 b\u1ea1n mu\u1ed1n tr\u1ea3i nghi\u1ec7m chi\u1ebfn d\u1ecbch c\u1ed1t truy\u1ec7n phi tuy\u1ebfn t\u00ednh, c\u00e1c tr\u1eadn \u0111\u1ea5u v\u1edbi AI hay so t\u00e0i c\u00f9ng b\u1ea1n b\u00e8 v\u00e0 ng\u01b0\u1eddi ch\u01a1i kh\u00e1c qua ba ch\u1ebf \u0111\u1ed9 ch\u01a1i kh\u00e1c nhau, Heroes of Might and Magic: Olden Era mang \u0111\u1ebfn m\u1ed9t th\u1ebf gi\u1edbi gi\u1ea3 t\u01b0\u1edfng s\u1ed1ng \u0111\u1ed9ng v\u1edbi s\u1ed1 l\u01b0\u1ee3ng phe ph\u00e1i, \u0111\u01a1n v\u1ecb, ph\u00e9p thu\u1eadt v\u00e0 kh\u1ea3 n\u0103ng kh\u1ed5ng l\u1ed3, c\u00f9ng v\u00f4 s\u1ed1 c\u00e1ch \u0111\u1ec3 \u0111\u1ecbnh h\u00ecnh phong c\u00e1ch ch\u01a1i c\u1ee7a ri\u00eang b\u1ea1n.<\/p>\n<\/div>\n<\/div>\n<\/div>\n<div class=\"game_page_autocollapse_ctn\">\n<div class=\"game_page_autocollapse sys_req\">\n<h2>Y\u00eau c\u1ea7u h\u1ec7 th\u1ed1ng<\/h2>\n<div class=\"sysreq_contents\">\n<div class=\"game_area_sys_req sysreq_content active\" data-os=\"win\">\n<div class=\"game_area_sys_req_leftCol\"><strong>T\u1ed1i thi\u1ec3u:<\/strong><\/p>\n<ul>\n<li style=\"list-style-type: none;\">\n<ul class=\"bb_ul\">\n<li>Y\u00eau c\u1ea7u vi x\u1eed l\u00fd v\u00e0 h\u1ec7 \u0111i\u1ec1u h\u00e0nh \u0111\u1ec1u ch\u1ea1y 64-bit<\/li>\n<li><strong>H\u0110H:<\/strong> Windows\u00ae 10 (64-bit)<\/li>\n<li><strong>B\u1ed9 x\u1eed l\u00fd:<\/strong> Intel\u00ae Core\u2122 i3-10300 (quad-core) \/ AMD\u00ae Ryzen\u2122 3 3100 (quad-core)<\/li>\n<li><strong>B\u1ed9 nh\u1edb:<\/strong> 8 GB RAM<\/li>\n<li><strong>\u0110\u1ed3 h\u1ecda:<\/strong> NVIDIA\u00ae GeForce\u00ae GTX 1650 (4 GB) \/ AMD\u00ae Radeon\u2122 RX 5500 XT (4 GB) \/ Intel\u00ae Arc\u2122 A580 (8 GB)<\/li>\n<li><strong>DirectX:<\/strong> Phi\u00ean b\u1ea3n 11<\/li>\n<li><strong>L\u01b0u tr\u1eef:<\/strong> 8 GB ch\u1ed7 tr\u1ed1ng kh\u1ea3 d\u1ee5ng<\/li>\n<li><strong>Ghi ch\u00fa th\u00eam:<\/strong> SSD required<\/li>\n<\/ul>\n<\/li>\n<\/ul>\n<\/div>\n<div class=\"game_area_sys_req_rightCol\"><strong>Khuy\u1ebfn ngh\u1ecb:<\/strong><\/p>\n<ul>\n<li style=\"list-style-type: none;\">\n<ul class=\"bb_ul\">\n<li>Y\u00eau c\u1ea7u vi x\u1eed l\u00fd v\u00e0 h\u1ec7 \u0111i\u1ec1u h\u00e0nh \u0111\u1ec1u ch\u1ea1y 64-bit<\/li>\n<li><strong>H\u0110H:<\/strong> Windows\u00ae 10 (64-bit)<\/li>\n<li><strong>B\u1ed9 x\u1eed l\u00fd:<\/strong> Intel\u00ae Core\u2122 i5-12400T (hexa-core) \/ AMD\u00ae Ryzen\u2122 5 5500 (hexa-core)<\/li>\n<li><strong>B\u1ed9 nh\u1edb:<\/strong> 16 GB RAM<\/li>\n<li><strong>\u0110\u1ed3 h\u1ecda:<\/strong> NVIDIA\u00ae GeForce\u00ae GTX 1660 (6 GB) \/ AMD\u00ae Radeon\u2122 RX 5600 OEM (6 GB) \/ Intel\u00ae Arc\u2122 A750 (8 GB)<\/li>\n<li><strong>DirectX:<\/strong> Phi\u00ean b\u1ea3n 12<\/li>\n<li><strong>L\u01b0u tr\u1eef:<\/strong> 8 GB ch\u1ed7 tr\u1ed1ng kh\u1ea3 d\u1ee5ng<\/li>\n<li><strong>Ghi ch\u00fa th\u00eam:<\/strong> SSD required<\/li>\n<\/ul>\n<\/li>\n<\/ul>\n<\/div>\n<\/div>\n<\/div>\n<\/div>\n<\/div>","protected":false},"excerpt":{"rendered":"<p>Heroes of Might and Magic: Olden Era l\u00e0 ph\u1ea7n ti\u1ec1n truy\u1ec7n ch\u00ednh th\u1ee9c, \u0111\u01b0a ng\u01b0\u1eddi ch\u01a1i tr\u1edf v\u1ec1 ngu\u1ed3n g\u1ed1c c\u1ee7a series game chi\u1ebfn thu\u1eadt theo l\u01b0\u1ee3t huy\u1ec1n tho\u1ea1i t\u1eebng \u0111\u1ecbnh h\u00ecnh c\u1ea3 th\u1ec3 lo\u1ea1i v\u00e0 \u0111\u01b0\u1ee3c gi\u1edbi ph\u00ea b\u00ecnh \u0111\u00e1nh gi\u00e1 cao. X\u00e2y d\u1ef1ng nh\u1eefng \u0111\u1ea1o qu\u00e2n h\u00f9ng m\u1ea1nh v\u00e0 s\u1eed d\u1ee5ng c\u00e1c ph\u00e9p thu\u1eadt h\u1ee7y di\u1ec7t \u0111\u1ec3 \u0111\u00e1nh b\u1ea1i k\u1ebb th\u00f9 trong c\u1ea3 ch\u1ebf \u0111\u1ed9 ch\u01a1i \u0111\u01a1n l\u1eabn nhi\u1ec1u ng\u01b0\u1eddi ch\u01a1i.<\/p>","protected":false},"author":8,"featured_media":19698,"comment_status":"open","ping_status":"closed","template":"","meta":[],"product_brand":[],"product_cat":[345,346,344,351,371],"product_tag":[],"loai-tai-khoan":[422],"nam-phat-hanh":[419],"class_list":{"0":"post-19697","1":"product","2":"type-product","3":"status-publish","4":"has-post-thumbnail","6":"product_cat-chien-thuat","7":"product_cat-mo-phong","8":"product_cat-nhap-vai","9":"product_cat-sandbox","10":"product_cat-viet-hoa","11":"loai-tai-khoan-game-offline","12":"nam-phat-hanh-419","14":"first","15":"instock","16":"sale","17":"downloadable","18":"virtual","19":"purchasable","20":"product-type-simple"},"_links":{"self":[{"href":"https:\/\/toimuagame.com\/en\/wp-json\/wp\/v2\/product\/19697","targetHints":{"allow":["GET"]}}],"collection":[{"href":"https:\/\/toimuagame.com\/en\/wp-json\/wp\/v2\/product"}],"about":[{"href":"https:\/\/toimuagame.com\/en\/wp-json\/wp\/v2\/types\/product"}],"author":[{"embeddable":true,"href":"https:\/\/toimuagame.com\/en\/wp-json\/wp\/v2\/users\/8"}],"replies":[{"embeddable":true,"href":"https:\/\/toimuagame.com\/en\/wp-json\/wp\/v2\/comments?post=19697"}],"version-history":[{"count":0,"href":"https:\/\/toimuagame.com\/en\/wp-json\/wp\/v2\/product\/19697\/revisions"}],"wp:featuredmedia":[{"embeddable":true,"href":"https:\/\/toimuagame.com\/en\/wp-json\/wp\/v2\/media\/19698"}],"wp:attachment":[{"href":"https:\/\/toimuagame.com\/en\/wp-json\/wp\/v2\/media?parent=19697"}],"wp:term":[{"taxonomy":"product_brand","embeddable":true,"href":"https:\/\/toimuagame.com\/en\/wp-json\/wp\/v2\/product_brand?post=19697"},{"taxonomy":"product_cat","embeddable":true,"href":"https:\/\/toimuagame.com\/en\/wp-json\/wp\/v2\/product_cat?post=19697"},{"taxonomy":"product_tag","embeddable":true,"href":"https:\/\/toimuagame.com\/en\/wp-json\/wp\/v2\/product_tag?post=19697"},{"taxonomy":"loai-tai-khoan","embeddable":true,"href":"https:\/\/toimuagame.com\/en\/wp-json\/wp\/v2\/loai-tai-khoan?post=19697"},{"taxonomy":"nam-phat-hanh","embeddable":true,"href":"https:\/\/toimuagame.com\/en\/wp-json\/wp\/v2\/nam-phat-hanh?post=19697"}],"curies":[{"name":"wp","href":"https:\/\/api.w.org\/{rel}","templated":true}]}}