{"id":19540,"date":"2026-04-16T12:48:13","date_gmt":"2026-04-16T05:48:13","guid":{"rendered":"https:\/\/toimuagame.com\/?post_type=product&#038;p=19540"},"modified":"2026-04-16T12:49:39","modified_gmt":"2026-04-16T05:49:39","slug":"pragmata-deluxe-edition-steam-offline","status":"publish","type":"product","link":"https:\/\/toimuagame.com\/en\/pragmata-deluxe-edition-steam-offline\/","title":{"rendered":"PRAGMATA Deluxe Edition &#8211; Steam Offline"},"content":{"rendered":"<p><strong><span style=\"font-size: 18pt; color: #333333; font-family: arial, helvetica, sans-serif;\">Nh\u1eadn t\u00e0i kho\u1ea3n Steam s\u1eb5n Game sau khi thanh to\u00e1n<\/span><\/strong><\/p>\n<ul>\n<li><span style=\"font-family: arial, helvetica, sans-serif; font-size: 12pt;\" data-contrast=\"auto\">Ch\u01a1i Offline, l\u01b0u ti\u1ebfn tr\u00ecnh ri\u00eang, kh\u00f4ng lo m\u1ea5t Save, tho\u1ea3i m\u00e1i Update<\/span><\/li>\n<li style=\"text-align: left;\"><span style=\"font-family: arial, helvetica, sans-serif; font-size: 12pt;\" data-contrast=\"auto\">S\u1edf h\u1eefu v\u0129nh vi\u1ec5n, kh\u00f4ng gi\u1edbi h\u1ea1n th\u1eddi gian<\/span><\/li>\n<li style=\"text-align: left;\"><span style=\"font-family: arial, helvetica, sans-serif; font-size: 12pt;\" data-contrast=\"auto\">Ti\u1ebft ki\u1ec7m t\u1edbi h\u01a1n 90% so v\u1edbi mua t\u1eeb Steam<\/span><\/li>\n<li style=\"text-align: left;\"><span style=\"font-family: arial, helvetica, sans-serif; font-size: 12pt;\" data-contrast=\"auto\"> H\u1ed7 tr\u1ee3 Vi\u1ec7t H\u00f3a mi\u1ec5n ph\u00ed, mang l\u1ea1i tr\u1ea3i nghi\u1ec7m \u0111\u1ea7y \u0111\u1ee7<\/span><\/li>\n<li style=\"text-align: left;\"><span style=\"font-family: arial, helvetica, sans-serif; font-size: 12pt;\" data-contrast=\"auto\">Tho\u1ea3i m\u00e1i c\u00e0i Mods, Workshop, Trainer theo \u00fd mu\u1ed1n<\/span><\/li>\n<li style=\"text-align: left;\"><span style=\"font-family: arial, helvetica, sans-serif; font-size: 12pt;\" data-contrast=\"auto\"> D\u00f9ng cho 1 thi\u1ebft b\u1ecb, kh\u00f4ng \u0111\u1ed5i \u0111\u01b0\u1ee3c email\/m\u1eadt kh\u1ea9u, kh\u00f4ng d\u00f9ng cho Net v\u00e0 Cloud Gaming<\/span><\/li>\n<li style=\"text-align: left;\"><span style=\"font-family: arial, helvetica, sans-serif; font-size: 12pt;\" data-contrast=\"auto\"> B\u1ea3o h\u00e0nh nhanh ch\u00f3ng n\u1ebfu g\u1eb7p s\u1ef1 c\u1ed1 v\u1ec1 t\u00e0i kho\u1ea3n<\/span><\/li>\n<li style=\"text-align: left;\"><span style=\"font-family: arial, helvetica, sans-serif; font-size: 12pt;\">H\u01b0\u1edbng d\u1eabn s\u1eed d\u1ee5ng chi ti\u1ebft t\u00e0i kho\u1ea3n Steam Offline v\u00e0 b\u1ea3o h\u00e0nh trong su\u1ed1t qu\u00e1 tr\u00ecnh ch\u01a1i Game<\/span><\/li>\n<\/ul>\n<div class=\"game_page_autocollapse_ctn expanded\">\n<div id=\"aboutThisGame\" class=\"game_page_autocollapse\" data-panel=\"{&quot;type&quot;:&quot;PanelGroup&quot;}\">\n<div id=\"game_area_description\" class=\"game_area_description\">\n<h2>V\u1ec1 tr\u00f2 ch\u01a1i n\u00e0y<\/h2>\n<h2 class=\"bb_tag\">\u201cD\u00f9 b\u1ea1n \u0111i \u0111\u00e2u, t\u00f4i c\u0169ng s\u1ebd \u1edf b\u00ean.\u201d<\/h2>\n<p data-start=\"58\" data-end=\"147\">Pragmata l\u00e0 m\u1ed9t t\u1ef1a game h\u00e0nh \u0111\u1ed9ng phi\u00eau l\u01b0u khoa h\u1ecdc vi\u1ec5n t\u01b0\u1edfng \u0111\u1ed9c \u0111\u00e1o \u0111\u1ebfn t\u1eeb Capcom.<\/p>\n<p data-start=\"149\" data-end=\"372\">Theo ch\u00e2n Hugh, m\u1ed9t th\u00e0nh vi\u00ean c\u1ee7a \u0111\u1ed9i \u0111i\u1ec1u tra g\u1eb7p th\u1ea3m h\u1ecda, v\u00e0 Diana, m\u1ed9t android tr\u1ebb tu\u1ed5i, khi h\u1ecd t\u00ecm \u0111\u01b0\u1eddng sinh t\u1ed3n trong m\u1ed9t c\u01a1 s\u1edf tr\u00ean M\u1eb7t Tr\u0103ng \u0111\u00e3 b\u1ecb AI n\u1ed5i lo\u1ea1n chi\u1ebfm quy\u1ec1n ki\u1ec3m so\u00e1t, v\u1edbi m\u1ee5c ti\u00eau tr\u1edf v\u1ec1 Tr\u00e1i \u0110\u1ea5t.<\/p>\n<h2 class=\"bb_tag\">M\u1ed8T BI K\u1ecaCH. M\u1ed8T C\u1eb6P \u0110\u00d4I KH\u00d4NG NG\u1edc T\u1edaI.<\/h2>\n<p data-start=\"417\" data-end=\"615\">T\u1ea1i m\u1ed9t c\u01a1 s\u1edf nghi\u00ean c\u1ee9u tr\u00ean M\u1eb7t Tr\u0103ng h\u1ebbo l\u00e1nh, nh\u00e2n lo\u1ea1i ph\u00e1t hi\u1ec7n ra m\u1ed9t lo\u1ea1i qu\u1eb7ng m\u1edbi \u2014 khi \u0111\u01b0\u1ee3c tinh ch\u1ebf \u0111\u00fang c\u00e1ch, n\u00f3 c\u00f3 th\u1ec3 d\u00f9ng \u0111\u1ec3 t\u1ea1o ra g\u1ea7n nh\u01b0 b\u1ea5t c\u1ee9 th\u1ee9 g\u00ec th\u00f4ng qua c\u00f4ng ngh\u1ec7 in 3D.<\/p>\n<p data-start=\"617\" data-end=\"723\">Khi c\u01a1 s\u1edf \u0111\u1ed9t ng\u1ed9t m\u1ea5t li\u00ean l\u1ea1c, Hugh v\u00e0 \u0111\u1ed9i c\u1ee7a anh \u0111\u01b0\u1ee3c c\u1eed \u0111\u1ebfn \u0111\u1ec3 \u0111i\u1ec1u tra\u2026 nh\u01b0ng r\u1ed3i th\u1ea3m h\u1ecda x\u1ea3y ra.<\/p>\n<p data-start=\"725\" data-end=\"931\">Hugh \u0111\u01b0\u1ee3c c\u1ee9u b\u1edfi Diana, m\u1ed9t android \u0111\u01a1n \u0111\u1ed9c lang thang trong khu ph\u1ee9c h\u1ee3p. C\u1ea3 hai bu\u1ed9c ph\u1ea3i h\u1ee3p t\u00e1c \u0111\u1ec3 t\u00ecm \u0111\u01b0\u1eddng r\u1eddi kh\u1ecfi M\u1eb7t Tr\u0103ng, \u0111\u1ed3ng th\u1eddi b\u0103ng qua m\u1ed9t c\u01a1 s\u1edf b\u1ecb AI ki\u1ec3m so\u00e1t v\u00e0 quy\u1ebft t\u00e2m ng\u0103n c\u1ea3n h\u1ecd.<\/p>\n<p><video class=\"bb_img\" poster=\"https:\/\/shared.akamai.steamstatic.com\/store_item_assets\/steam\/apps\/3357650\/extras\/ce1eada577169b54f37ad9fdd589a69e.poster.avif?t=1776235822\" autoplay=\"autoplay\" loop=\"loop\" muted=\"muted\" width=\"1170\" height=\"658\" data-mce-fragment=\"1\"><source src=\"https:\/\/shared.akamai.steamstatic.com\/store_item_assets\/steam\/apps\/3357650\/extras\/ce1eada577169b54f37ad9fdd589a69e.webm?t=1776235822\" \/><\/video><\/p>\n<p>Nh\u1eefng b\u1ea3n sao dang d\u1edf c\u1ee7a n\u1ec1n v\u0103n minh nh\u00e2n lo\u1ea1i tr\u1ea3i d\u00e0i tr\u00ean b\u1ec1 m\u1eb7t M\u1eb7t Tr\u0103ng, trong khi b\u00ean trong, ch\u1ec9 c\u00f2n l\u1ea1i nh\u1eefng d\u1ea5u v\u1ebft r\u1eddi r\u1ea1c c\u1ee7a nh\u1eefng con ng\u01b0\u1eddi \u0111\u00e3 bi\u1ebfn m\u1ea5t. S\u1ef1 th\u1eadt n\u00e0o \u0111ang ch\u1edd \u0111\u1ee3i \u1edf cu\u1ed1i h\u00e0nh tr\u00ecnh c\u1ee7a Hugh v\u00e0 Diana?<br \/>\n<video class=\"bb_img\" poster=\"https:\/\/shared.akamai.steamstatic.com\/store_item_assets\/steam\/apps\/3357650\/extras\/d834acc0dcdf5753029206c2e5515612.poster.avif?t=1776235822\" autoplay=\"autoplay\" loop=\"loop\" muted=\"muted\" width=\"1170\" height=\"658\" data-mce-fragment=\"1\"><source src=\"https:\/\/shared.akamai.steamstatic.com\/store_item_assets\/steam\/apps\/3357650\/extras\/d834acc0dcdf5753029206c2e5515612.webm?t=1776235822\" \/><\/video><\/p>\n<h2 class=\"bb_tag\">\u0110I\u1ec0U KHI\u1ec2N HAI NH\u00c2N V\u1eacT C\u00d9NG L\u00daC.<\/h2>\n<p data-start=\"1204\" data-end=\"1331\">D\u1eabn d\u1eaft Hugh khi anh di chuy\u1ec3n, b\u1eafn v\u00e0 nh\u1ea3y, \u0111\u1ed3ng th\u1eddi \u0111i\u1ec1u khi\u1ec3n Diana th\u1ef1c hi\u1ec7n c\u00e1c thao t\u00e1c hack trong c\u00f9ng m\u1ed9t th\u1eddi \u0111i\u1ec3m.<\/p>\n<p data-start=\"1333\" data-end=\"1447\" data-is-last-node=\"\" data-is-only-node=\"\">Tr\u1ea3i nghi\u1ec7m l\u1ed1i ch\u01a1i ho\u00e0n to\u00e0n m\u1edbi v\u1edbi s\u1ef1 k\u1ebft h\u1ee3p \u0111\u1ed9c \u0111\u00e1o n\u00e0y \u2014 m\u1ed9t h\u1ec7 th\u1ed1ng s\u1ebd th\u1eed th\u00e1ch gi\u1edbi h\u1ea1n t\u01b0 duy c\u1ee7a b\u1ea1n.<\/p>\n<p><video class=\"bb_img\" poster=\"https:\/\/shared.akamai.steamstatic.com\/store_item_assets\/steam\/apps\/3357650\/extras\/776dcd2b7abf8452d9b3251781bfdc7b.poster.avif?t=1776235822\" autoplay=\"autoplay\" loop=\"loop\" muted=\"muted\" width=\"1170\" height=\"658\" data-mce-fragment=\"1\"><source src=\"https:\/\/shared.akamai.steamstatic.com\/store_item_assets\/steam\/apps\/3357650\/extras\/776dcd2b7abf8452d9b3251781bfdc7b.webm?t=1776235822\" \/><\/video><\/p>\n<\/div>\n<\/div>\n<\/div>\n<div class=\"game_page_autocollapse_ctn expanded\">\n<div class=\"game_page_autocollapse sys_req\">\n<h2>Y\u00eau c\u1ea7u h\u1ec7 th\u1ed1ng<\/h2>\n<div class=\"sysreq_contents\">\n<div class=\"game_area_sys_req sysreq_content active\" data-os=\"win\">\n<div class=\"game_area_sys_req_leftCol\">\n<p><strong>T\u1ed1i thi\u1ec3u:<\/strong><\/p>\n<ul>\n<li style=\"list-style-type: none;\">\n<ul class=\"bb_ul\">\n<li>Y\u00eau c\u1ea7u vi x\u1eed l\u00fd v\u00e0 h\u1ec7 \u0111i\u1ec1u h\u00e0nh \u0111\u1ec1u ch\u1ea1y 64-bit<\/li>\n<li><strong>H\u0110H:<\/strong> Windows 11 (64 bit)<\/li>\n<li><strong>B\u1ed9 x\u1eed l\u00fd:<\/strong> Intel Core i5-8500 \/ AMD Ryzen 5 3500<\/li>\n<li><strong>B\u1ed9 nh\u1edb:<\/strong> 16 GB RAM<\/li>\n<li><strong>\u0110\u1ed3 h\u1ecda:<\/strong> NVIDIA GeForce GTX 1660 6 GB \/ Radeon RX 5500 XT 8 GB<\/li>\n<li><strong>DirectX:<\/strong> Phi\u00ean b\u1ea3n 12<\/li>\n<li><strong>K\u1ebft n\u1ed1i:<\/strong> C\u00e1p m\u1ea1ng Internet<\/li>\n<li><strong>L\u01b0u tr\u1eef:<\/strong> 40 GB ch\u1ed7 tr\u1ed1ng kh\u1ea3 d\u1ee5ng<\/li>\n<li><strong>Ghi ch\u00fa th\u00eam:<\/strong> Estimated performance when set to &#8220;Performance&#8221; preset: 1080p\/45 fps. Framerate might drop in graphics-intensive scenes. SSD recommended.<\/li>\n<\/ul>\n<\/li>\n<\/ul>\n<\/div>\n<div class=\"game_area_sys_req_rightCol\">\n<p><strong>Khuy\u1ebfn ngh\u1ecb:<\/strong><\/p>\n<ul>\n<li style=\"list-style-type: none;\">\n<ul class=\"bb_ul\">\n<li>Y\u00eau c\u1ea7u vi x\u1eed l\u00fd v\u00e0 h\u1ec7 \u0111i\u1ec1u h\u00e0nh \u0111\u1ec1u ch\u1ea1y 64-bit<\/li>\n<li><strong>H\u0110H:<\/strong> Windows 11 (64 bit)<\/li>\n<li><strong>B\u1ed9 x\u1eed l\u00fd:<\/strong> Intel Core i7-8700 \/ AMD Ryzen 5 5500<\/li>\n<li><strong>B\u1ed9 nh\u1edb:<\/strong> 16 GB RAM<\/li>\n<li><strong>\u0110\u1ed3 h\u1ecda:<\/strong> NVIDIA GeForce RTX 2060 Super 8GB \/ Radeon RX 6600 8GB<\/li>\n<li><strong>DirectX:<\/strong> Phi\u00ean b\u1ea3n 12<\/li>\n<li><strong>K\u1ebft n\u1ed1i:<\/strong> C\u00e1p m\u1ea1ng Internet<\/li>\n<li><strong>L\u01b0u tr\u1eef:<\/strong> 40 GB ch\u1ed7 tr\u1ed1ng kh\u1ea3 d\u1ee5ng<\/li>\n<li><strong>Ghi ch\u00fa th\u00eam:<\/strong> Estimated performance when set to &#8220;Balanced&#8221; preset: 1080p\/60 fps. Frame rate might drop in graphics-intensive scenes. AMD Radeon RX 6700 XT 12GB or NVIDIA GeForce RTX 3060 12GB required to support ray tracing. SSD recommended.<\/li>\n<\/ul>\n<\/li>\n<\/ul>\n<\/div>\n<\/div>\n<\/div>\n<\/div>\n<\/div>","protected":false},"excerpt":{"rendered":"<p>Pragmata l\u00e0 m\u1ed9t t\u1ef1a game h\u00e0nh \u0111\u1ed9ng phi\u00eau l\u01b0u khoa h\u1ecdc vi\u1ec5n t\u01b0\u1edfng \u0111\u1ed9c \u0111\u00e1o \u0111\u1ebfn t\u1eeb Capcom. Theo ch\u00e2n Hugh, m\u1ed9t th\u00e0nh vi\u00ean c\u1ee7a \u0111\u1ed9i \u0111i\u1ec1u tra g\u1eb7p th\u1ea3m h\u1ecda, v\u00e0 Diana, m\u1ed9t android tr\u1ebb tu\u1ed5i, khi h\u1ecd t\u00ecm \u0111\u01b0\u1eddng v\u01b0\u1ee3t qua m\u1ed9t c\u01a1 s\u1edf tr\u00ean M\u1eb7t Tr\u0103ng b\u1ecb AI n\u1ed5i lo\u1ea1n chi\u1ebfm quy\u1ec1n ki\u1ec3m so\u00e1t, v\u1edbi m\u1ee5c ti\u00eau tr\u1edf v\u1ec1 Tr\u00e1i \u0110\u1ea5t.<\/p>","protected":false},"author":8,"featured_media":19541,"comment_status":"open","ping_status":"closed","template":"","meta":[],"product_brand":[287],"product_cat":[354,429,369,342,344,343],"product_tag":[],"loai-tai-khoan":[422],"nam-phat-hanh":[419],"class_list":{"0":"post-19540","1":"product","2":"type-product","3":"status-publish","4":"has-post-thumbnail","6":"product_brand-capcom","7":"product_cat-ban-sung-fps-tps","8":"product_cat-denuvo","9":"product_cat-goc-nhin-thu-ba","10":"product_cat-hanh-dong","11":"product_cat-nhap-vai","12":"product_cat-phieu-luu","13":"loai-tai-khoan-game-offline","14":"nam-phat-hanh-419","16":"first","17":"instock","18":"sale","19":"featured","20":"downloadable","21":"virtual","22":"purchasable","23":"product-type-simple"},"_links":{"self":[{"href":"https:\/\/toimuagame.com\/en\/wp-json\/wp\/v2\/product\/19540","targetHints":{"allow":["GET"]}}],"collection":[{"href":"https:\/\/toimuagame.com\/en\/wp-json\/wp\/v2\/product"}],"about":[{"href":"https:\/\/toimuagame.com\/en\/wp-json\/wp\/v2\/types\/product"}],"author":[{"embeddable":true,"href":"https:\/\/toimuagame.com\/en\/wp-json\/wp\/v2\/users\/8"}],"replies":[{"embeddable":true,"href":"https:\/\/toimuagame.com\/en\/wp-json\/wp\/v2\/comments?post=19540"}],"version-history":[{"count":0,"href":"https:\/\/toimuagame.com\/en\/wp-json\/wp\/v2\/product\/19540\/revisions"}],"wp:featuredmedia":[{"embeddable":true,"href":"https:\/\/toimuagame.com\/en\/wp-json\/wp\/v2\/media\/19541"}],"wp:attachment":[{"href":"https:\/\/toimuagame.com\/en\/wp-json\/wp\/v2\/media?parent=19540"}],"wp:term":[{"taxonomy":"product_brand","embeddable":true,"href":"https:\/\/toimuagame.com\/en\/wp-json\/wp\/v2\/product_brand?post=19540"},{"taxonomy":"product_cat","embeddable":true,"href":"https:\/\/toimuagame.com\/en\/wp-json\/wp\/v2\/product_cat?post=19540"},{"taxonomy":"product_tag","embeddable":true,"href":"https:\/\/toimuagame.com\/en\/wp-json\/wp\/v2\/product_tag?post=19540"},{"taxonomy":"loai-tai-khoan","embeddable":true,"href":"https:\/\/toimuagame.com\/en\/wp-json\/wp\/v2\/loai-tai-khoan?post=19540"},{"taxonomy":"nam-phat-hanh","embeddable":true,"href":"https:\/\/toimuagame.com\/en\/wp-json\/wp\/v2\/nam-phat-hanh?post=19540"}],"curies":[{"name":"wp","href":"https:\/\/api.w.org\/{rel}","templated":true}]}}