{"id":19417,"date":"2026-03-18T01:48:34","date_gmt":"2026-03-17T18:48:34","guid":{"rendered":"https:\/\/toimuagame.com\/?post_type=product&#038;p=19417"},"modified":"2026-03-18T01:52:38","modified_gmt":"2026-03-17T18:52:38","slug":"death-stranding-2-on-the-beach-digital-deluxe-edition-steam-offline","status":"publish","type":"product","link":"https:\/\/toimuagame.com\/en\/death-stranding-2-on-the-beach-digital-deluxe-edition-steam-offline\/","title":{"rendered":"DEATH STRANDING 2: ON THE BEACH Digital Deluxe Edition &#8211; Steam Offline"},"content":{"rendered":"<p><strong><span style=\"font-size: 18pt; color: #333333; font-family: arial, helvetica, sans-serif;\">Nh\u1eadn t\u00e0i kho\u1ea3n Steam s\u1eb5n Game sau khi thanh to\u00e1n<\/span><\/strong><\/p>\n<ul>\n<li><span style=\"font-family: arial, helvetica, sans-serif; font-size: 12pt;\" data-contrast=\"auto\">Ch\u01a1i Offline, l\u01b0u ti\u1ebfn tr\u00ecnh ri\u00eang, kh\u00f4ng lo m\u1ea5t Save, tho\u1ea3i m\u00e1i Update<\/span><\/li>\n<li style=\"text-align: left;\"><span style=\"font-family: arial, helvetica, sans-serif; font-size: 12pt;\" data-contrast=\"auto\">S\u1edf h\u1eefu v\u0129nh vi\u1ec5n, kh\u00f4ng gi\u1edbi h\u1ea1n th\u1eddi gian<\/span><\/li>\n<li style=\"text-align: left;\"><span style=\"font-family: arial, helvetica, sans-serif; font-size: 12pt;\" data-contrast=\"auto\">Ti\u1ebft ki\u1ec7m t\u1edbi h\u01a1n 90% so v\u1edbi mua t\u1eeb Steam<\/span><\/li>\n<li style=\"text-align: left;\"><span style=\"font-family: arial, helvetica, sans-serif; font-size: 12pt;\" data-contrast=\"auto\"> H\u1ed7 tr\u1ee3 Vi\u1ec7t H\u00f3a mi\u1ec5n ph\u00ed, mang l\u1ea1i tr\u1ea3i nghi\u1ec7m \u0111\u1ea7y \u0111\u1ee7<\/span><\/li>\n<li style=\"text-align: left;\"><span style=\"font-family: arial, helvetica, sans-serif; font-size: 12pt;\" data-contrast=\"auto\">Tho\u1ea3i m\u00e1i c\u00e0i Mods, Workshop, Trainer theo \u00fd mu\u1ed1n<\/span><\/li>\n<li style=\"text-align: left;\"><span style=\"font-family: arial, helvetica, sans-serif; font-size: 12pt;\" data-contrast=\"auto\"> D\u00f9ng cho 1 thi\u1ebft b\u1ecb, kh\u00f4ng \u0111\u1ed5i \u0111\u01b0\u1ee3c email\/m\u1eadt kh\u1ea9u, kh\u00f4ng d\u00f9ng cho Net v\u00e0 Cloud Gaming<\/span><\/li>\n<li style=\"text-align: left;\"><span style=\"font-family: arial, helvetica, sans-serif; font-size: 12pt;\" data-contrast=\"auto\"> B\u1ea3o h\u00e0nh nhanh ch\u00f3ng n\u1ebfu g\u1eb7p s\u1ef1 c\u1ed1 v\u1ec1 t\u00e0i kho\u1ea3n<\/span><\/li>\n<li style=\"text-align: left;\"><span style=\"font-family: arial, helvetica, sans-serif; font-size: 12pt;\">H\u01b0\u1edbng d\u1eabn s\u1eed d\u1ee5ng chi ti\u1ebft t\u00e0i kho\u1ea3n Steam Offline v\u00e0 b\u1ea3o h\u00e0nh trong su\u1ed1t qu\u00e1 tr\u00ecnh ch\u01a1i Game<\/span><\/li>\n<\/ul>\n<div class=\"game_page_autocollapse_ctn expanded\">\n<div id=\"aboutThisGame\" class=\"game_page_autocollapse\" data-panel=\"{&quot;type&quot;:&quot;PanelGroup&quot;}\">\n<div id=\"game_area_description\" class=\"game_area_description\">\n<h2>V\u1ec1 tr\u00f2 ch\u01a1i n\u00e0y<\/h2>\n<p class=\"bb_paragraph\">T\u1eeb nh\u00e0 s\u00e1ng t\u1ea1o game huy\u1ec1n tho\u1ea1i Hideo Kojima, t\u1ef1a game l\u00e0 m\u1ed9t b\u01b0\u1edbc ti\u1ebfn \u0111\u1ea7y c\u1ea3m x\u00fac c\u1ee7a tr\u1ea3i nghi\u1ec7m ph\u00e1 v\u1ee1 m\u1ecdi khu\u00f4n m\u1eabu. Khi \u0111\u01b0a t\u1ef1a game n\u00e0y l\u00ean PC, KOJIMA PRODUCTIONS \u0111\u00e3 h\u1ee3p t\u00e1c v\u1edbi Nixxes Software nh\u1eb1m mang \u0111\u1ebfn phi\u00ean b\u1ea3n ho\u00e0n ch\u1ec9nh nh\u1ea5t tr\u00ean m\u00e1y ch\u01a1i game t\u1eebng nh\u1eadn \u0111\u01b0\u1ee3c v\u00f4 s\u1ed1 l\u1eddi khen t\u1eeb gi\u1edbi ph\u00ea b\u00ecnh.<\/p>\n<h2 class=\"bb_tag\"><strong>M\u1ed9t th\u1ebf gi\u1edbi \u0111\u1ed9c \u0111\u00e1o v\u00e0 ch\u00e2n th\u1ef1c<\/strong><\/h2>\n<p class=\"bb_paragraph\">Trong th\u1ebf gi\u1edbi m\u1edf r\u1ed9ng l\u1edbn c\u1ee7a DEATH STRANDING 2: ON THE BEACH, v\u00f4 s\u1ed1 khu v\u1ef1c v\u1edbi \u0111\u1ecba h\u00ecnh v\u00e0 m\u00f4i tr\u01b0\u1eddng kh\u00e1c nhau \u0111\u01b0\u1ee3c k\u1ebft n\u1ed1i li\u1ec1n m\u1ea1ch, v\u00e0 th\u1eddi gian, th\u1eddi ti\u1ebft c\u00f9ng thi\u00ean nhi\u00ean thay \u0111\u1ed5i t\u1ea1o n\u00ean nhi\u1ec1u c\u1ea3nh quan \u0111a d\u1ea1ng v\u00e0 c\u00f9ng h\u00e0ng lo\u1ea1t th\u1eed th\u00e1ch kh\u00f4ng ng\u1eebng bi\u1ebfn \u0111\u1ed5i.<\/p>\n<p><video class=\"bb_img\" poster=\"https:\/\/shared.fastly.steamstatic.com\/store_item_assets\/steam\/apps\/3280350\/extras\/c3580fabcce862e1bec0ebc2c595d570.poster.avif?t=1772106438\" autoplay=\"autoplay\" loop=\"loop\" muted=\"muted\" width=\"1084\" height=\"350\" data-mce-fragment=\"1\"><source src=\"https:\/\/shared.fastly.steamstatic.com\/store_item_assets\/steam\/apps\/3280350\/extras\/c3580fabcce862e1bec0ebc2c595d570.webm?t=1772106438\" \/><\/video><\/p>\n<div class=\"bb_img_icons\"><\/div>\n<h2 class=\"bb_tag\"><strong>H\u00e0nh \u0111\u1ed9ng \u0111\u01b0\u1ee3c c\u1ea3i ti\u1ebfn v\u00e0 linh ho\u1ea1t h\u01a1n<\/strong><\/h2>\n<p class=\"bb_paragraph\">C\u00f3 nhi\u1ec1u tr\u1edf ng\u1ea1i s\u1ebd ng\u0103n c\u1ea3n Sam ho\u00e0n th\u00e0nh nhi\u1ec7m v\u1ee5. \u0110\u1ed1i m\u1eb7t tr\u1ef1c di\u1ec7n, l\u00e9n l\u00fat di chuy\u1ec3n, ho\u1eb7c ho\u00e0n to\u00e0n tr\u00e1nh xa c\u00e1c khu v\u1ef1c nguy hi\u1ec3m. H\u00e3y l\u1ef1a ch\u1ecdn c\u00e1ch ti\u1ebfp c\u1eadn ph\u00f9 h\u1ee3p v\u1edbi m\u1ecdi t\u00ecnh hu\u1ed1ng.<\/p>\n<p><video class=\"bb_img\" poster=\"https:\/\/shared.fastly.steamstatic.com\/store_item_assets\/steam\/apps\/3280350\/extras\/c60e48b9a09a841a8c48ebcca657d53f.poster.avif?t=1772106438\" autoplay=\"autoplay\" loop=\"loop\" muted=\"muted\" width=\"1084\" height=\"350\" data-mce-fragment=\"1\"><source src=\"https:\/\/shared.fastly.steamstatic.com\/store_item_assets\/steam\/apps\/3280350\/extras\/c60e48b9a09a841a8c48ebcca657d53f.webm?t=1772106438\" \/><\/video><\/p>\n<div class=\"bb_img_icons\"><\/div>\n<h2 class=\"bb_tag\"><strong>C\u1ed1t truy\u1ec7n s\u00e2u s\u1eafc, cu\u1ed1n h\u00fat<\/strong><\/h2>\n<p class=\"bb_paragraph\">M\u01b0\u1eddi m\u1ed9t th\u00e1ng sau c\u00e1c s\u1ef1 ki\u1ec7n c\u1ee7a DEATH STRANDING phi\u00ean b\u1ea3n g\u1ed1c, h\u00e3y c\u00f9ng Sam v\u00e0 nh\u1eefng ng\u01b0\u1eddi b\u1ea1n \u0111\u1ed3ng h\u00e0nh tham gia v\u00e0o m\u1ed9t cu\u1ed9c h\u00e0nh tr\u00ecnh m\u1edbi nh\u1eb1m c\u1ee9u l\u1ea5y nh\u00e2n lo\u1ea1i kh\u1ecfi b\u1edd v\u1ef1c di\u1ec7t vong v\u00e0 t\u00ecm ra l\u1eddi gi\u1ea3i cho c\u00e2u h\u1ecfi \u00e1m \u1ea3nh n\u00e0y: Li\u1ec7u ch\u00fang ta c\u00f3 n\u00ean k\u1ebft n\u1ed1i v\u1edbi nhau kh\u00f4ng?<\/p>\n<p><video class=\"bb_img\" poster=\"https:\/\/shared.fastly.steamstatic.com\/store_item_assets\/steam\/apps\/3280350\/extras\/400e45d4568245a365584334b0952570.poster.avif?t=1772106438\" autoplay=\"autoplay\" loop=\"loop\" muted=\"muted\" width=\"1084\" height=\"350\" data-mce-fragment=\"1\"><source src=\"https:\/\/shared.fastly.steamstatic.com\/store_item_assets\/steam\/apps\/3280350\/extras\/400e45d4568245a365584334b0952570.webm?t=1772106438\" \/><\/video><\/p>\n<div class=\"bb_img_icons\"><\/div>\n<h2 class=\"bb_tag\"><strong>V\u01b0\u1ee3t ra ngo\u00e0i khu\u00f4n kh\u1ed5 UCA<\/strong><\/h2>\n<p class=\"bb_paragraph\">H\u00e3y c\u00f9ng Sam b\u01b0\u1edbc v\u00e0o ch\u01b0\u01a1ng ti\u1ebfp theo c\u1ee7a h\u00e0nh tr\u00ecnh k\u1ebft n\u1ed1i n\u01b0\u1edbc \u00dac v\u1edbi M\u1ea1ng l\u01b0\u1edbi Chiral. Kh\u00e1m ph\u00e1 m\u1ed9t m\u00f4i tr\u01b0\u1eddng s\u1ed1ng \u0111\u1ed9ng v\u1edbi chu k\u1ef3 ng\u00e0y &#8211; \u0111\u00eam, c\u00e1c th\u1ea3m h\u1ecda t\u1ef1 nhi\u00ean \u2013 bao g\u1ed3m \u0111\u1ed9ng \u0111\u1ea5t, b\u00e3o c\u00e1t v\u00e0 ch\u00e1y r\u1eebng \u2013 v\u00e0 Timefall, m\u1ed9t c\u01a1n m\u01b0a khi\u1ebfn m\u1ecdi th\u1ee9 n\u00f3 ch\u1ea1m v\u00e0o \u0111\u1ec1u l\u1eadp t\u1ee9c gi\u00e0 \u0111i.<\/p>\n<p class=\"bb_paragraph\">\u0110\u1ec3 v\u01b0\u1ee3t qua v\u00f9ng \u0111\u1ea5t nguy hi\u1ec3m n\u00e0y, b\u1ea1n s\u1ebd c\u1ea7n x\u00e2y d\u1ef1ng c\u00e1c lo\u1ea1i c\u01a1 s\u1edf h\u1ea1 t\u1ea7ng m\u1edbi, l\u00e0m ch\u1ee7 c\u00e1c trang b\u1ecb chuy\u00ean d\u1ee5ng v\u00e0 \u0111\u1ed1i \u0111\u1ea7u (ho\u1eb7c n\u00e9 tr\u00e1nh) nh\u1eefng sinh v\u1eadt \u0111\u1ebfn t\u1eeb th\u1ebf gi\u1edbi kh\u00e1c \u0111ang lang thang trong th\u1ebf gi\u1edbi tan v\u1ee1.<\/p>\n<p><video class=\"bb_img\" poster=\"https:\/\/shared.fastly.steamstatic.com\/store_item_assets\/steam\/apps\/3280350\/extras\/4effa2f91ce3ff9dd597d1e289c3f590.poster.avif?t=1772106438\" autoplay=\"autoplay\" loop=\"loop\" muted=\"muted\" width=\"1084\" height=\"350\" data-mce-fragment=\"1\"><source src=\"https:\/\/shared.fastly.steamstatic.com\/store_item_assets\/steam\/apps\/3280350\/extras\/4effa2f91ce3ff9dd597d1e289c3f590.webm?t=1772106438\" \/><\/video><\/p>\n<div class=\"bb_img_icons\"><\/div>\n<h2 class=\"bb_tag\"><strong>Chi\u1ebfn \u0111\u1ea5u v\u00ec t\u01b0\u01a1ng lai<\/strong><\/h2>\n<p class=\"bb_paragraph\">\u0110\u1ed1i m\u1eb7t v\u1edbi nh\u1eefng binh l\u00ednh c\u01a1 kh\u00ed Mech b\u00ed \u1ea9n, nh\u1eefng BT ch\u01b0a t\u1eebng xu\u1ea5t hi\u1ec7n v\u00e0 c\u00e1c lo\u1ea1i tr\u00f9m m\u1edbi s\u1ebd \u0111\u1ea9y Sam \u0111\u1ebfn gi\u1edbi h\u1ea1n c\u1ee7a m\u00ecnh. Trong qu\u00e1 tr\u00ecnh chu\u1ea9n b\u1ecb cho m\u1ed7i cu\u1ed9c h\u00e0nh tr\u00ecnh, b\u1ea1n s\u1ebd c\u00f3 th\u1ec3 ch\u1ebf t\u1ea1o c\u00e1c lo\u1ea1i v\u0169 kh\u00ed nh\u01b0 s\u00fang m\u00e1y, s\u00fang s\u0103n v\u00e0 s\u00fang ph\u00f3ng l\u1ef1u \u0111\u1ec3 \u0111\u1ed1i ph\u00f3 v\u1edbi c\u00e1c m\u1ed1i \u0111e d\u1ecda. Ho\u1eb7c, l\u1ef1a ch\u1ecdn tr\u00e1nh \u0111\u1ed1i \u0111\u1ea7u ho\u00e0n to\u00e0n b\u1eb1ng c\u00e1ch l\u1ed1i ch\u01a1i l\u00e9n l\u00fat \u2013 s\u1eed d\u1ee5ng \u1ea3o \u1ea3nh ba chi\u1ec1u \u0111\u00e1nh l\u1ea1c h\u01b0\u1edbng, h\u1ea1 g\u1ee5c \u0111\u1ed1i th\u1ee7 trong im l\u1eb7ng v\u00e0 trang b\u1ecb t\u1ea7m xa.<\/p>\n<p class=\"bb_paragraph\">Th\u00f4ng qua c\u00e1c n\u00e2ng c\u1ea5p APAS, Sam c\u00f3 th\u1ec3 h\u1ecdc \u0111\u01b0\u1ee3c nh\u1eefng k\u1ef9 n\u0103ng m\u1edbi gi\u00fap t\u0103ng kh\u1ea3 n\u0103ng s\u1ed1ng s\u00f3t, ch\u1eb3ng h\u1ea1n nh\u01b0 t\u0103ng t\u1ed1c \u0111\u1ed9 b\u1eafn c\u1ee7a v\u0169 kh\u00ed ho\u1eb7c gi\u1ea3m ti\u1ebfng \u1ed3n khi di chuy\u1ec3n \u0111\u1ec3 \u1ea9n m\u00ecnh t\u1ed1t h\u01a1n.<\/p>\n<p><video class=\"bb_img\" poster=\"https:\/\/shared.fastly.steamstatic.com\/store_item_assets\/steam\/apps\/3280350\/extras\/7373a6889ed53729987f156b44380f6a.poster.avif?t=1772106438\" autoplay=\"autoplay\" loop=\"loop\" muted=\"muted\" width=\"1084\" height=\"350\" data-mce-fragment=\"1\"><source src=\"https:\/\/shared.fastly.steamstatic.com\/store_item_assets\/steam\/apps\/3280350\/extras\/7373a6889ed53729987f156b44380f6a.webm?t=1772106438\" \/><\/video><\/p>\n<div class=\"bb_img_icons\"><\/div>\n<h2 class=\"bb_tag\"><strong>Nh\u1eefng b\u00e0n tay n\u1ed1i d\u00e0i kh\u1eafp n\u01b0\u1edbc \u00dac<\/strong><\/h2>\n<p class=\"bb_paragraph\">H\u1ec7 th\u1ed1ng M\u1ea1ng X\u00e3 H\u1ed9i Strand bi\u1ec3u t\u01b0\u1ee3ng c\u1ee7a DEATH STRANDING tr\u1edf l\u1ea1i, khuy\u1ebfn kh\u00edch s\u1ef1 k\u1ebft n\u1ed1i kh\u00f4ng \u0111\u1ed3ng b\u1ed9 tr\u00ean to\u00e0n c\u1ea7u. H\u00e0nh \u0111\u1ed9ng c\u1ee7a b\u1ea1n trong game s\u1ebd \u1ea3nh h\u01b0\u1edfng \u0111\u1ebfn c\u00e1ch nh\u1eefng ng\u01b0\u1eddi ch\u01a1i kh\u00e1c t\u01b0\u01a1ng t\u00e1c v\u1edbi th\u1ebf gi\u1edbi v\u00e0 ng\u01b0\u1ee3c l\u1ea1i \u2013 v\u00ec v\u1eady h\u00e3y k\u1ebft n\u1ed1i, h\u1ee3p t\u00e1c v\u00e0 gi\u00fap \u0111\u1ee1 nh\u1eefng ng\u01b0\u1eddi ch\u01a1i kh\u00e1c tr\u00ean h\u00e0nh tr\u00ecnh c\u1ee7a h\u1ecd.<\/p>\n<p class=\"bb_paragraph\">H\u00e3y nh\u1ea5n n\u00fat &#8220;Th\u00edch&#8221; cho m\u1ed9t c\u00e2y c\u1ea7u h\u1eefu \u00edch, quy\u00ean g\u00f3p t\u00e0i nguy\u00ean cho c\u00e1c d\u1ef1 \u00e1n c\u1ed9ng \u0111\u1ed3ng, c\u1ea5t gi\u1eef trang b\u1ecb d\u00e3 chi\u1ebfn trong t\u1ee7 kh\u00f3a d\u00f9ng chung v\u00e0 ho\u00e0n th\u00e0nh c\u00e1c \u0111\u01a1n h\u00e0ng c\u00f2n dang d\u1edf khi b\u1eaft g\u1eb7p h\u00e0ng h\u00f3a b\u1ecb b\u1ecf l\u1ea1i t\u1eeb nh\u1eefng Porter kh\u00e1c. Khi b\u1ea1n h\u1ed7 tr\u1ee3 nh\u1eefng ng\u01b0\u1eddi ch\u01a1i kh\u00e1c tr\u00ean h\u00e0nh tr\u00ecnh c\u1ee7a h\u1ecd, danh ti\u1ebfng c\u1ee7a b\u1ea1n c\u0169ng s\u1ebd t\u0103ng l\u00ean, gi\u00fap b\u1ea1n ti\u1ebfp c\u1eadn \u0111\u01b0\u1ee3c c\u00e1c ngu\u1ed3n t\u00e0i nguy\u00ean qu\u00fd gi\u00e1 v\u00e0 trang b\u1ecb m\u1edbi.<\/p>\n<p><video class=\"bb_img\" poster=\"https:\/\/shared.fastly.steamstatic.com\/store_item_assets\/steam\/apps\/3280350\/extras\/d412835c9dc6354c3a811ea13661fcf3.poster.avif?t=1772106438\" autoplay=\"autoplay\" loop=\"loop\" muted=\"muted\" width=\"1084\" height=\"350\" data-mce-fragment=\"1\"><source src=\"https:\/\/shared.fastly.steamstatic.com\/store_item_assets\/steam\/apps\/3280350\/extras\/d412835c9dc6354c3a811ea13661fcf3.webm?t=1772106438\" \/><\/video><\/p>\n<\/div>\n<\/div>\n<\/div>\n<div class=\"game_page_autocollapse_ctn\">\n<div class=\"game_page_autocollapse sys_req\">\n<h2>Y\u00eau c\u1ea7u h\u1ec7 th\u1ed1ng<\/h2>\n<div class=\"sysreq_contents\">\n<div class=\"game_area_sys_req sysreq_content active\" data-os=\"win\">\n<div class=\"game_area_sys_req_leftCol\"><strong>T\u1ed1i thi\u1ec3u:<\/strong><\/p>\n<ul>\n<li style=\"list-style-type: none;\">\n<ul class=\"bb_ul\">\n<li><strong>H\u0110H:<\/strong> Windows 10\/11 Version 1909 or newer<\/li>\n<li><strong>B\u1ed9 x\u1eed l\u00fd:<\/strong> Intel Core i3-10100, AMD Ryzen 3 3100<\/li>\n<li><strong>B\u1ed9 nh\u1edb:<\/strong> 16 GB RAM<\/li>\n<li><strong>\u0110\u1ed3 h\u1ecda:<\/strong> NVIDIA GeForce GTX 1660, AMD Radeon RX 5500 XT 8GB<\/li>\n<li><strong>L\u01b0u tr\u1eef:<\/strong> 150 GB ch\u1ed7 tr\u1ed1ng kh\u1ea3 d\u1ee5ng<\/li>\n<li><strong>Ghi ch\u00fa th\u00eam:<\/strong> SSD Required<\/li>\n<\/ul>\n<\/li>\n<\/ul>\n<\/div>\n<div class=\"game_area_sys_req_rightCol\"><strong>Khuy\u1ebfn ngh\u1ecb:<\/strong><\/p>\n<ul>\n<li style=\"list-style-type: none;\">\n<ul class=\"bb_ul\">\n<li><strong>H\u0110H:<\/strong> Windows 10\/11 Version 1909 or newer<\/li>\n<li><strong>B\u1ed9 x\u1eed l\u00fd:<\/strong> Intel Core i3-10100, AMD Ryzen 3 3100<\/li>\n<li><strong>B\u1ed9 nh\u1edb:<\/strong> 16 GB RAM<\/li>\n<li><strong>\u0110\u1ed3 h\u1ecda:<\/strong> NVIDIA GeForce GTX 1660, AMD Radeon RX 5500 XT 8GB<\/li>\n<li><strong>L\u01b0u tr\u1eef:<\/strong> 150 GB ch\u1ed7 tr\u1ed1ng kh\u1ea3 d\u1ee5ng<\/li>\n<li><strong>Ghi ch\u00fa th\u00eam:<\/strong> SSD Required<\/li>\n<\/ul>\n<\/li>\n<\/ul>\n<\/div>\n<\/div>\n<\/div>\n<\/div>\n<\/div>","protected":false},"excerpt":{"rendered":"<p>Sam \u2013 c\u00f9ng v\u1edbi nh\u1eefng ng\u01b0\u1eddi b\u1ea1n \u0111\u1ed3ng h\u00e0nh \u2013 b\u1eaft \u0111\u1ea7u m\u1ed9t cu\u1ed9c h\u00e0nh tr\u00ecnh m\u1edbi \u0111\u1ec3 c\u1ee9u nh\u00e2n lo\u1ea1i kh\u1ecfi nguy c\u01a1 di\u1ec7t vong. C\u00f9ng h\u1ecd kh\u00e1m ph\u00e1 m\u1ed9t th\u1ebf gi\u1edbi \u0111\u1ea7y r\u1eaby k\u1ebb th\u00f9 \u0111\u1ebfn t\u1eeb th\u1ebf gi\u1edbi kh\u00e1c, nh\u1eefng tr\u1edf ng\u1ea1i v\u00e0 c\u00e2u h\u1ecfi \u00e1m \u1ea3nh: li\u1ec7u ch\u00fang ta c\u00f3 n\u00ean k\u1ebft n\u1ed1i v\u1edbi nhau?<\/p>","protected":false},"author":8,"featured_media":19418,"comment_status":"open","ping_status":"closed","template":"","meta":[],"product_brand":[],"product_cat":[354,369,342,349,344,343,352],"product_tag":[],"loai-tai-khoan":[422],"nam-phat-hanh":[419],"class_list":{"0":"post-19417","1":"product","2":"type-product","3":"status-publish","4":"has-post-thumbnail","6":"product_cat-ban-sung-fps-tps","7":"product_cat-goc-nhin-thu-ba","8":"product_cat-hanh-dong","9":"product_cat-kinh-di","10":"product_cat-nhap-vai","11":"product_cat-phieu-luu","12":"product_cat-the-gioi-mo","13":"loai-tai-khoan-game-offline","14":"nam-phat-hanh-419","16":"first","17":"instock","18":"sale","19":"featured","20":"downloadable","21":"virtual","22":"purchasable","23":"product-type-simple"},"_links":{"self":[{"href":"https:\/\/toimuagame.com\/en\/wp-json\/wp\/v2\/product\/19417","targetHints":{"allow":["GET"]}}],"collection":[{"href":"https:\/\/toimuagame.com\/en\/wp-json\/wp\/v2\/product"}],"about":[{"href":"https:\/\/toimuagame.com\/en\/wp-json\/wp\/v2\/types\/product"}],"author":[{"embeddable":true,"href":"https:\/\/toimuagame.com\/en\/wp-json\/wp\/v2\/users\/8"}],"replies":[{"embeddable":true,"href":"https:\/\/toimuagame.com\/en\/wp-json\/wp\/v2\/comments?post=19417"}],"version-history":[{"count":0,"href":"https:\/\/toimuagame.com\/en\/wp-json\/wp\/v2\/product\/19417\/revisions"}],"wp:featuredmedia":[{"embeddable":true,"href":"https:\/\/toimuagame.com\/en\/wp-json\/wp\/v2\/media\/19418"}],"wp:attachment":[{"href":"https:\/\/toimuagame.com\/en\/wp-json\/wp\/v2\/media?parent=19417"}],"wp:term":[{"taxonomy":"product_brand","embeddable":true,"href":"https:\/\/toimuagame.com\/en\/wp-json\/wp\/v2\/product_brand?post=19417"},{"taxonomy":"product_cat","embeddable":true,"href":"https:\/\/toimuagame.com\/en\/wp-json\/wp\/v2\/product_cat?post=19417"},{"taxonomy":"product_tag","embeddable":true,"href":"https:\/\/toimuagame.com\/en\/wp-json\/wp\/v2\/product_tag?post=19417"},{"taxonomy":"loai-tai-khoan","embeddable":true,"href":"https:\/\/toimuagame.com\/en\/wp-json\/wp\/v2\/loai-tai-khoan?post=19417"},{"taxonomy":"nam-phat-hanh","embeddable":true,"href":"https:\/\/toimuagame.com\/en\/wp-json\/wp\/v2\/nam-phat-hanh?post=19417"}],"curies":[{"name":"wp","href":"https:\/\/api.w.org\/{rel}","templated":true}]}}