{"id":19404,"date":"2026-03-18T01:38:42","date_gmt":"2026-03-17T18:38:42","guid":{"rendered":"https:\/\/toimuagame.com\/?post_type=product&#038;p=19404"},"modified":"2026-03-18T01:38:42","modified_gmt":"2026-03-17T18:38:42","slug":"death-stranding-directors-cut-steam-offline","status":"publish","type":"product","link":"https:\/\/toimuagame.com\/en\/death-stranding-directors-cut-steam-offline\/","title":{"rendered":"DEATH STRANDING DIRECTOR&#8217;S CUT &#8211; Steam Offline"},"content":{"rendered":"<p><strong><span style=\"font-size: 18pt; color: #333333; font-family: arial, helvetica, sans-serif;\">Nh\u1eadn t\u00e0i kho\u1ea3n Steam s\u1eb5n Game sau khi thanh to\u00e1n<\/span><\/strong><\/p>\n<ul>\n<li><span style=\"font-family: arial, helvetica, sans-serif; font-size: 12pt;\" data-contrast=\"auto\">Ch\u01a1i Offline, l\u01b0u ti\u1ebfn tr\u00ecnh ri\u00eang, kh\u00f4ng lo m\u1ea5t Save, tho\u1ea3i m\u00e1i Update<\/span><\/li>\n<li style=\"text-align: left;\"><span style=\"font-family: arial, helvetica, sans-serif; font-size: 12pt;\" data-contrast=\"auto\">S\u1edf h\u1eefu v\u0129nh vi\u1ec5n, kh\u00f4ng gi\u1edbi h\u1ea1n th\u1eddi gian<\/span><\/li>\n<li style=\"text-align: left;\"><span style=\"font-family: arial, helvetica, sans-serif; font-size: 12pt;\" data-contrast=\"auto\">Ti\u1ebft ki\u1ec7m t\u1edbi h\u01a1n 90% so v\u1edbi mua t\u1eeb Steam<\/span><\/li>\n<li style=\"text-align: left;\"><span style=\"font-family: arial, helvetica, sans-serif; font-size: 12pt;\" data-contrast=\"auto\"> H\u1ed7 tr\u1ee3 Vi\u1ec7t H\u00f3a mi\u1ec5n ph\u00ed, mang l\u1ea1i tr\u1ea3i nghi\u1ec7m \u0111\u1ea7y \u0111\u1ee7<\/span><\/li>\n<li style=\"text-align: left;\"><span style=\"font-family: arial, helvetica, sans-serif; font-size: 12pt;\" data-contrast=\"auto\">Tho\u1ea3i m\u00e1i c\u00e0i Mods, Workshop, Trainer theo \u00fd mu\u1ed1n<\/span><\/li>\n<li style=\"text-align: left;\"><span style=\"font-family: arial, helvetica, sans-serif; font-size: 12pt;\" data-contrast=\"auto\"> D\u00f9ng cho 1 thi\u1ebft b\u1ecb, kh\u00f4ng \u0111\u1ed5i \u0111\u01b0\u1ee3c email\/m\u1eadt kh\u1ea9u, kh\u00f4ng d\u00f9ng cho Net v\u00e0 Cloud Gaming<\/span><\/li>\n<li style=\"text-align: left;\"><span style=\"font-family: arial, helvetica, sans-serif; font-size: 12pt;\" data-contrast=\"auto\"> B\u1ea3o h\u00e0nh nhanh ch\u00f3ng n\u1ebfu g\u1eb7p s\u1ef1 c\u1ed1 v\u1ec1 t\u00e0i kho\u1ea3n<\/span><\/li>\n<li style=\"text-align: left;\"><span style=\"font-family: arial, helvetica, sans-serif; font-size: 12pt;\">H\u01b0\u1edbng d\u1eabn s\u1eed d\u1ee5ng chi ti\u1ebft t\u00e0i kho\u1ea3n Steam Offline v\u00e0 b\u1ea3o h\u00e0nh trong su\u1ed1t qu\u00e1 tr\u00ecnh ch\u01a1i Game<\/span><\/li>\n<\/ul>\n<div class=\"game_page_autocollapse_ctn\">\n<div id=\"aboutThisGame\" class=\"game_page_autocollapse\" data-panel=\"{&quot;type&quot;:&quot;PanelGroup&quot;}\">\n<div id=\"game_area_description\" class=\"game_area_description\">\n<h2>V\u1ec1 tr\u00f2 ch\u01a1i n\u00e0y<\/h2>\n<p>T\u1eeb ng\u01b0\u1eddi s\u00e1ng t\u1ea1o tr\u00f2 ch\u01a1i huy\u1ec1n tho\u1ea1i Hideo Kojima, mang \u0111\u1ebfn m\u1ed9t tr\u1ea3i nghi\u1ec7m th\u00e1ch th\u1ee9c theo th\u1ec3 lo\u1ea1i, gi\u1edd \u0111\u00e2y \u0111\u00e3 \u0111\u01b0\u1ee3c m\u1edf r\u1ed9ng trong B\u1ea2N D\u1ef0NG C\u1ee6A \u0110\u1ea0O DI\u1ec6N cu\u1ed1i c\u00f9ng n\u00e0y.<\/p>\n<p>Trong t\u01b0\u01a1ng lai, m\u1ed9t s\u1ef1 ki\u1ec7n b\u00ed \u1ea9n \u0111\u01b0\u1ee3c g\u1ecdi l\u00e0 Death Stranding \u0111\u00e3 m\u1edf ra m\u1ed9t c\u00e1nh c\u1eeda gi\u1eefa ng\u01b0\u1eddi s\u1ed1ng v\u00e0 ng\u01b0\u1eddi ch\u1ebft, d\u1eabn \u0111\u1ebfn nh\u1eefng sinh v\u1eadt k\u1ef3 d\u1ecb t\u1eeb th\u1ebf gi\u1edbi b\u00ean kia \u0111i lang thang trong th\u1ebf gi\u1edbi s\u1ee5p \u0111\u1ed5 b\u1edfi m\u1ed9t x\u00e3 h\u1ed9i hoang t\u00e0n.<\/p>\n<p>V\u1edbi t\u01b0 c\u00e1ch l\u00e0 Sam Bridges, nhi\u1ec7m v\u1ee5 c\u1ee7a b\u1ea1n l\u00e0 mang l\u1ea1i hy v\u1ecdng cho nh\u00e2n lo\u1ea1i b\u1eb1ng c\u00e1ch k\u1ebft n\u1ed1i nh\u1eefng ng\u01b0\u1eddi s\u1ed1ng s\u00f3t cu\u1ed1i c\u00f9ng c\u1ee7a m\u1ed9t n\u01b0\u1edbc M\u1ef9 \u0111\u00e3 l\u1ee5i t\u00e0n.<br \/>\nB\u1ea1n c\u00f3 th\u1ec3 t\u1eebng b\u01b0\u1edbc h\u00e0n g\u1eafn th\u1ebf gi\u1edbi \u0111\u1ed5 n\u00e1t kh\u00f4ng?<\/p>\n<p>B\u1ea2N D\u1ef0NG C\u1ee6A \u0110\u1ea0O DI\u1ec4N DEATH STRANDING tr\u00ean PC bao g\u1ed3m T\u1ed0C \u0110\u1ed8 KHUNG CAO, CH\u1ebe \u0110\u1ed8 \u1ea2NH v\u00e0 H\u1ed6 TR\u1ee2 M\u00c0N H\u00ccNH R\u1ed8NG. C\u0169ng bao g\u1ed3m n\u1ed9i dung xuy\u00ean su\u1ed1t t\u1eeb s\u00ea-ri HALF-LIFE c\u1ee7a Valve Corporation v\u00e0 Cyberpunk 2077 c\u1ee7a CD Projekt Red. K\u1ebft n\u1ed1i v\u1edbi nh\u1eefng ng\u01b0\u1eddi ch\u01a1i tr\u00ean to\u00e0n c\u1ea7u v\u1edbi Social Strand System\u2122.<\/p>\n<p>T\u1ea5t c\u1ea3 c\u00e1c b\u1ea3n sao c\u1ee7a tr\u00f2 ch\u01a1i c\u0169ng s\u1ebd bao g\u1ed3m:<br \/>\n\u2022 S\u00e1ch k\u1ef9 thu\u1eadt s\u1ed1 \u201cSelections From \u2018The Art of DEATH STRANDING\u2019\u201d (c\u1ee7a Titan Books)<br \/>\n\u2022 C\u00e1c b\u1ea3n v\u00e1 l\u1ed7i<br \/>\n\u2022 Bridges Special Delivery Team Suit (V\u00e0ng)<br \/>\n\u2022 T\u00f9y ch\u1ec9nh k\u00e9n BB (V\u00e0ng Chiral)<br \/>\n\u2022 G\u0103ng tay Power Gloves (V\u00e0ng)<br \/>\n\u2022 Bridges Special Delivery Team Suit (B\u1ea1c)<br \/>\n\u2022 T\u00f9y ch\u1ec9nh k\u00e9n BB (Omnireflector)<br \/>\n\u2022 G\u0103ng tay Power Gloves (B\u1ea1c)<\/p><\/div>\n<\/div>\n<\/div>\n<div class=\"game_page_autocollapse_ctn\">\n<div class=\"game_page_autocollapse sys_req\">\n<h2>Y\u00eau c\u1ea7u h\u1ec7 th\u1ed1ng<\/h2>\n<div class=\"sysreq_contents\">\n<div class=\"game_area_sys_req sysreq_content active\" data-os=\"win\">\n<div class=\"game_area_sys_req_leftCol\"><strong>T\u1ed1i thi\u1ec3u:<\/strong><\/p>\n<ul>\n<li style=\"list-style-type: none;\">\n<ul class=\"bb_ul\">\n<li>Y\u00eau c\u1ea7u vi x\u1eed l\u00fd v\u00e0 h\u1ec7 \u0111i\u1ec1u h\u00e0nh \u0111\u1ec1u ch\u1ea1y 64-bit<\/li>\n<li><strong>H\u0110H:<\/strong> Windows\u00ae 10<\/li>\n<li><strong>B\u1ed9 x\u1eed l\u00fd:<\/strong> Intel\u00ae Core\u2122 i5-3470 or AMD Ryzen\u2122 3 1200<\/li>\n<li><strong>B\u1ed9 nh\u1edb:<\/strong> 8 GB RAM<\/li>\n<li><strong>\u0110\u1ed3 h\u1ecda:<\/strong> GeForce GTX 1050 4 GB or AMD Radeon\u2122 RX 560 4 GB<\/li>\n<li><strong>DirectX:<\/strong> Phi\u00ean b\u1ea3n 12<\/li>\n<li><strong>L\u01b0u tr\u1eef:<\/strong> 80 GB ch\u1ed7 tr\u1ed1ng kh\u1ea3 d\u1ee5ng<\/li>\n<li><strong>Card \u00e2m thanh:<\/strong> DirectX compatible<\/li>\n<li><strong>Ghi ch\u00fa th\u00eam:<\/strong> AVX instruction set required<\/li>\n<\/ul>\n<\/li>\n<\/ul>\n<\/div>\n<div class=\"game_area_sys_req_rightCol\"><strong>Khuy\u1ebfn ngh\u1ecb:<\/strong><\/p>\n<ul>\n<li style=\"list-style-type: none;\">\n<ul class=\"bb_ul\">\n<li>Y\u00eau c\u1ea7u vi x\u1eed l\u00fd v\u00e0 h\u1ec7 \u0111i\u1ec1u h\u00e0nh \u0111\u1ec1u ch\u1ea1y 64-bit<\/li>\n<li><strong>H\u0110H:<\/strong> Windows\u00ae 10<\/li>\n<li><strong>B\u1ed9 x\u1eed l\u00fd:<\/strong> Intel\u2122 Core i7-3770 or AMD Ryzen\u2122 5 1600<\/li>\n<li><strong>B\u1ed9 nh\u1edb:<\/strong> 8 GB RAM<\/li>\n<li><strong>\u0110\u1ed3 h\u1ecda:<\/strong> GeForce GTX 1060 6 GB or AMD Radeon\u2122 RX 590<\/li>\n<li><strong>DirectX:<\/strong> Phi\u00ean b\u1ea3n 12<\/li>\n<li><strong>L\u01b0u tr\u1eef:<\/strong> 80 GB ch\u1ed7 tr\u1ed1ng kh\u1ea3 d\u1ee5ng<\/li>\n<li><strong>Card \u00e2m thanh:<\/strong> DirectX compatible<\/li>\n<li><strong>Ghi ch\u00fa th\u00eam:<\/strong> AVX instruction set required<\/li>\n<\/ul>\n<\/li>\n<\/ul>\n<\/div>\n<\/div>\n<\/div>\n<\/div>\n<\/div>","protected":false},"excerpt":{"rendered":"<p>T\u1eeb nh\u00e0 s\u00e1ng t\u1ea1o game huy\u1ec1n tho\u1ea1i Hideo Kojima, m\u1ed9t tr\u1ea3i nghi\u1ec7m ph\u00e1 v\u1ee1 m\u1ecdi khu\u00f4n m\u1eabu th\u1ec3 lo\u1ea1i \u0111\u00e3 ra \u0111\u1eddi, nay \u0111\u01b0\u1ee3c m\u1edf r\u1ed9ng trong phi\u00ean b\u1ea3n DIRECTOR\u2019S CUT ho\u00e0n ch\u1ec9nh. Trong vai Sam Bridges, nhi\u1ec7m v\u1ee5 c\u1ee7a b\u1ea1n l\u00e0 mang hy v\u1ecdng \u0111\u1ebfn cho nh\u00e2n lo\u1ea1i b\u1eb1ng c\u00e1ch k\u1ebft n\u1ed1i nh\u1eefng ng\u01b0\u1eddi s\u1ed1ng s\u00f3t cu\u1ed1i c\u00f9ng c\u1ee7a m\u1ed9t n\u01b0\u1edbc M\u1ef9 tan hoang. Li\u1ec7u b\u1ea1n c\u00f3 th\u1ec3 g\u1eafn k\u1ebft l\u1ea1i th\u1ebf gi\u1edbi \u0111\u00e3 v\u1ee1 v\u1ee5n, t\u1eebng b\u01b0\u1edbc m\u1ed9t?<\/p>","protected":false},"author":8,"featured_media":19406,"comment_status":"open","ping_status":"closed","template":"","meta":[],"product_brand":[],"product_cat":[371,354,369,342,349,344,343,352],"product_tag":[],"loai-tai-khoan":[422],"nam-phat-hanh":[416],"class_list":{"0":"post-19404","1":"product","2":"type-product","3":"status-publish","4":"has-post-thumbnail","6":"product_cat-viet-hoa","7":"product_cat-ban-sung-fps-tps","8":"product_cat-goc-nhin-thu-ba","9":"product_cat-hanh-dong","10":"product_cat-kinh-di","11":"product_cat-nhap-vai","12":"product_cat-phieu-luu","13":"product_cat-the-gioi-mo","14":"loai-tai-khoan-game-offline","15":"nam-phat-hanh-416","17":"first","18":"instock","19":"sale","20":"downloadable","21":"virtual","22":"purchasable","23":"product-type-simple"},"_links":{"self":[{"href":"https:\/\/toimuagame.com\/en\/wp-json\/wp\/v2\/product\/19404","targetHints":{"allow":["GET"]}}],"collection":[{"href":"https:\/\/toimuagame.com\/en\/wp-json\/wp\/v2\/product"}],"about":[{"href":"https:\/\/toimuagame.com\/en\/wp-json\/wp\/v2\/types\/product"}],"author":[{"embeddable":true,"href":"https:\/\/toimuagame.com\/en\/wp-json\/wp\/v2\/users\/8"}],"replies":[{"embeddable":true,"href":"https:\/\/toimuagame.com\/en\/wp-json\/wp\/v2\/comments?post=19404"}],"version-history":[{"count":0,"href":"https:\/\/toimuagame.com\/en\/wp-json\/wp\/v2\/product\/19404\/revisions"}],"wp:featuredmedia":[{"embeddable":true,"href":"https:\/\/toimuagame.com\/en\/wp-json\/wp\/v2\/media\/19406"}],"wp:attachment":[{"href":"https:\/\/toimuagame.com\/en\/wp-json\/wp\/v2\/media?parent=19404"}],"wp:term":[{"taxonomy":"product_brand","embeddable":true,"href":"https:\/\/toimuagame.com\/en\/wp-json\/wp\/v2\/product_brand?post=19404"},{"taxonomy":"product_cat","embeddable":true,"href":"https:\/\/toimuagame.com\/en\/wp-json\/wp\/v2\/product_cat?post=19404"},{"taxonomy":"product_tag","embeddable":true,"href":"https:\/\/toimuagame.com\/en\/wp-json\/wp\/v2\/product_tag?post=19404"},{"taxonomy":"loai-tai-khoan","embeddable":true,"href":"https:\/\/toimuagame.com\/en\/wp-json\/wp\/v2\/loai-tai-khoan?post=19404"},{"taxonomy":"nam-phat-hanh","embeddable":true,"href":"https:\/\/toimuagame.com\/en\/wp-json\/wp\/v2\/nam-phat-hanh?post=19404"}],"curies":[{"name":"wp","href":"https:\/\/api.w.org\/{rel}","templated":true}]}}