{"id":19373,"date":"2026-03-12T01:39:26","date_gmt":"2026-03-11T18:39:26","guid":{"rendered":"https:\/\/toimuagame.com\/?post_type=product&#038;p=19373"},"modified":"2026-03-18T01:53:06","modified_gmt":"2026-03-17T18:53:06","slug":"fatal-frame-ii-crimson-butterfly-remake-digital-deluxe-edition-steam-offline","status":"publish","type":"product","link":"https:\/\/toimuagame.com\/en\/fatal-frame-ii-crimson-butterfly-remake-digital-deluxe-edition-steam-offline\/","title":{"rendered":"FATAL FRAME II: Crimson Butterfly REMAKE Digital Deluxe Edition &#8211; Steam Offline"},"content":{"rendered":"<p><strong><span style=\"font-size: 18pt; color: #333333; font-family: arial, helvetica, sans-serif;\">Nh\u1eadn t\u00e0i kho\u1ea3n Steam s\u1eb5n Game sau khi thanh to\u00e1n<\/span><\/strong><\/p>\n<ul>\n<li><span style=\"font-family: arial, helvetica, sans-serif; font-size: 12pt;\" data-contrast=\"auto\">Ch\u01a1i Offline, l\u01b0u ti\u1ebfn tr\u00ecnh ri\u00eang, kh\u00f4ng lo m\u1ea5t Save, tho\u1ea3i m\u00e1i Update<\/span><\/li>\n<li style=\"text-align: left;\"><span style=\"font-family: arial, helvetica, sans-serif; font-size: 12pt;\" data-contrast=\"auto\">S\u1edf h\u1eefu v\u0129nh vi\u1ec5n, kh\u00f4ng gi\u1edbi h\u1ea1n th\u1eddi gian<\/span><\/li>\n<li style=\"text-align: left;\"><span style=\"font-family: arial, helvetica, sans-serif; font-size: 12pt;\" data-contrast=\"auto\">Ti\u1ebft ki\u1ec7m t\u1edbi h\u01a1n 90% so v\u1edbi mua t\u1eeb Steam<\/span><\/li>\n<li style=\"text-align: left;\"><span style=\"font-family: arial, helvetica, sans-serif; font-size: 12pt;\" data-contrast=\"auto\"> H\u1ed7 tr\u1ee3 Vi\u1ec7t H\u00f3a mi\u1ec5n ph\u00ed, mang l\u1ea1i tr\u1ea3i nghi\u1ec7m \u0111\u1ea7y \u0111\u1ee7<\/span><\/li>\n<li style=\"text-align: left;\"><span style=\"font-family: arial, helvetica, sans-serif; font-size: 12pt;\" data-contrast=\"auto\">Tho\u1ea3i m\u00e1i c\u00e0i Mods, Workshop, Trainer theo \u00fd mu\u1ed1n<\/span><\/li>\n<li style=\"text-align: left;\"><span style=\"font-family: arial, helvetica, sans-serif; font-size: 12pt;\" data-contrast=\"auto\"> D\u00f9ng cho 1 thi\u1ebft b\u1ecb, kh\u00f4ng \u0111\u1ed5i \u0111\u01b0\u1ee3c email\/m\u1eadt kh\u1ea9u, kh\u00f4ng d\u00f9ng cho Net v\u00e0 Cloud Gaming<\/span><\/li>\n<li style=\"text-align: left;\"><span style=\"font-family: arial, helvetica, sans-serif; font-size: 12pt;\" data-contrast=\"auto\"> B\u1ea3o h\u00e0nh nhanh ch\u00f3ng n\u1ebfu g\u1eb7p s\u1ef1 c\u1ed1 v\u1ec1 t\u00e0i kho\u1ea3n<\/span><\/li>\n<li style=\"text-align: left;\"><span style=\"font-family: arial, helvetica, sans-serif; font-size: 12pt;\">H\u01b0\u1edbng d\u1eabn s\u1eed d\u1ee5ng chi ti\u1ebft t\u00e0i kho\u1ea3n Steam Offline v\u00e0 b\u1ea3o h\u00e0nh trong su\u1ed1t qu\u00e1 tr\u00ecnh ch\u01a1i Game<\/span><\/li>\n<\/ul>\n<div class=\"game_page_autocollapse_ctn expanded\">\n<div id=\"aboutThisGame\" class=\"game_page_autocollapse\" data-panel=\"{&quot;type&quot;:&quot;PanelGroup&quot;}\">\n<div id=\"game_area_description\" class=\"game_area_description\">\n<h2>V\u1ec1 tr\u00f2 ch\u01a1i n\u00e0y<\/h2>\n<div class=\"game_page_autocollapse_ctn expanded\">\n<div id=\"aboutThisGame\" class=\"game_page_autocollapse\" data-panel=\"{&quot;type&quot;:&quot;PanelGroup&quot;}\">\n<div id=\"game_area_description\" class=\"game_area_description\">\n<h2 class=\"bb_tag\"><strong data-start=\"0\" data-end=\"47\">V\u1ec1 FATAL FRAME II: Crimson Butterfly REMAKE<\/strong><\/h2>\n<p>\u0110\u00e2y l\u00e0 b\u1ea3n l\u00e0m l\u1ea1i ho\u00e0n ch\u1ec9nh c\u1ee7a ph\u1ea7n th\u1ee9 hai trong series FATAL FRAME (PROJECT ZERO), mang t\u00ean FATAL FRAME \/ PROJECT ZERO II: Crimson Butterfly. T\u1ef1a game phi\u00eau l\u01b0u kinh d\u1ecb mang phong c\u00e1ch Nh\u1eadt B\u1ea3n n\u00e0y theo ch\u00e2n hai ch\u1ecb em song sinh b\u1ecb l\u1ea1c v\u00e0o m\u1ed9t ng\u00f4i l\u00e0ng hoang ph\u1ebf, n\u01a1i b\u1ecb \u00e1m b\u1edfi nh\u1eefng linh h\u1ed3n \u0111\u1ea7y o\u00e1n h\u1eadn. S\u1eed d\u1ee5ng Camera Obscura \u2014 thi\u1ebft b\u1ecb c\u00f3 kh\u1ea3 n\u0103ng ghi l\u1ea1i v\u00e0 phong \u1ea5n nh\u1eefng th\u1ee9 kh\u00f4ng th\u1ec3 t\u1ed3n t\u1ea1i \u2014 h\u1ecd ph\u1ea3i \u0111\u1ed1i \u0111\u1ea7u v\u1edbi c\u00e1c h\u1ed3n ma khi c\u00e2u chuy\u1ec7n d\u1ea7n \u0111\u01b0\u1ee3c h\u00e9 m\u1edf.<br \/>\nPhi\u00ean b\u1ea3n n\u00e0y \u0111\u01b0\u1ee3c \u0111\u1ea1i tu to\u00e0n di\u1ec7n, t\u1eeb \u0111\u1ed3 h\u1ecda v\u00e0 \u00e2m thanh cho \u0111\u1ebfn c\u00e1c h\u1ec7 th\u1ed1ng gameplay c\u1ed1t l\u00f5i v\u00e0 \u0111i\u1ec1u khi\u1ec3n. C\u01a1 ch\u1ebf Camera Obscura \u0111\u1eb7c tr\u01b0ng \u2014 d\u00f9ng \u0111\u1ec3 ch\u1ee5p v\u00e0 xua \u0111u\u1ed5i linh h\u1ed3n \u2014 v\u1eabn l\u00e0 y\u1ebfu t\u1ed1 trung t\u00e2m, nay \u0111\u01b0\u1ee3c n\u00e2ng c\u1ea5p \u0111\u1ec3 mang l\u1ea1i tr\u1ea3i nghi\u1ec7m phong ph\u00fa v\u00e0 h\u1ea5p d\u1eabn h\u01a1n trong c\u1ea3 kh\u00e1m ph\u00e1 l\u1eabn chi\u1ebfn \u0111\u1ea5u. Ngo\u00e0i ra, c\u01a1 ch\u1ebf m\u1edbi \u201cHolding Hands with Mayu\u201d mang \u0111\u1ebfn c\u1ea3m x\u00fac s\u00e2u s\u1eafc h\u01a1n, cho ph\u00e9p b\u1ea1n c\u1ea3m nh\u1eadn m\u1ed1i li\u00ean k\u1ebft gi\u1eefa hai ch\u1ecb em theo c\u00e1ch ch\u01b0a t\u1eebng c\u00f3.<\/p>\n<p class=\"bb_paragraph\"><video class=\"bb_img\" poster=\"https:\/\/shared.fastly.steamstatic.com\/store_item_assets\/steam\/apps\/3920610\/extras\/44fce9608af7c9625859a48c39833093.poster.avif?t=1772765500\" autoplay=\"autoplay\" loop=\"loop\" muted=\"muted\" width=\"1170\" height=\"658\" data-mce-fragment=\"1\"><source src=\"https:\/\/shared.fastly.steamstatic.com\/store_item_assets\/steam\/apps\/3920610\/extras\/44fce9608af7c9625859a48c39833093.webm?t=1772765500\" \/><\/video><\/p>\n<div class=\"bb_img_icons\"><\/div>\n<p class=\"bb_paragraph\"><video class=\"bb_img\" poster=\"https:\/\/shared.fastly.steamstatic.com\/store_item_assets\/steam\/apps\/3920610\/extras\/267a8859b68dc1c38dee3a787ca942f0.poster.avif?t=1772765500\" autoplay=\"autoplay\" loop=\"loop\" muted=\"muted\" width=\"1170\" height=\"658\" data-mce-fragment=\"1\"><source src=\"https:\/\/shared.fastly.steamstatic.com\/store_item_assets\/steam\/apps\/3920610\/extras\/267a8859b68dc1c38dee3a787ca942f0.webm?t=1772765500\" \/><\/video><\/p>\n<div class=\"bb_img_icons\"><\/div>\n<h2 class=\"bb_tag\"><strong data-start=\"986\" data-end=\"1047\">FATAL FRAME II: Crimson Butterfly \u0111\u01b0\u1ee3c t\u00e1i hi\u1ec7n tuy\u1ec7t \u0111\u1eb9p<\/strong><\/h2>\n<p>\u0110\u1ed3 h\u1ecda, \u00e2m thanh v\u00e0 h\u1ec7 th\u1ed1ng \u0111i\u1ec1u khi\u1ec3n \u0111\u1ec1u \u0111\u01b0\u1ee3c x\u00e2y d\u1ef1ng l\u1ea1i t\u1eeb \u0111\u1ea7u. K\u1ebft c\u1ea5u nh\u00e2n v\u1eadt, bao g\u1ed3m l\u00e0n da v\u00e0 trang ph\u1ee5c, \u0111\u01b0\u1ee3c tinh ch\u1ec9nh v\u1edbi m\u1ee9c \u0111\u1ed9 chi ti\u1ebft cao, c\u00f2n l\u00e0ng Minakami \u0111\u01b0\u1ee3c t\u00e1i hi\u1ec7n t\u1ec9 m\u1ec9 v\u1edbi s\u1ef1 ch\u00fa tr\u1ecdng v\u00e0o \u00e1nh s\u00e1ng v\u00e0 b\u00f3ng t\u1ed1i, t\u00e1i hi\u1ec7n b\u1ea7u kh\u00f4ng kh\u00ed u \u00e1m v\u00e0 \u0111\u00e1ng s\u1ee3 m\u1ed9t c\u00e1ch ch\u00e2n th\u1ef1c.<br \/>\nV\u1edbi \u00e2m thanh 3D, b\u1ea1n c\u00f3 th\u1ec3 c\u1ea3m nh\u1eadn s\u1ef1 hi\u1ec7n di\u1ec7n c\u1ee7a c\u00e1c linh h\u1ed3n r\u00f5 r\u00e0ng v\u00e0 g\u1ea7n g\u0169i h\u01a1n. H\u00e3y \u0111\u1eafm m\u00ecnh trong tr\u1ea3i nghi\u1ec7m r\u00f9ng r\u1ee3n khi kh\u00e1m ph\u00e1 ng\u00f4i l\u00e0ng b\u1ecb ma \u00e1m.<br \/>\nC\u00e1c c\u00e2u chuy\u1ec7n ph\u1ee5 v\u00e0 khu v\u1ef1c m\u1edbi c\u0169ng \u0111\u01b0\u1ee3c b\u1ed5 sung, mang \u0111\u1ebfn cho ng\u01b0\u1eddi ch\u01a1i tr\u1ea3i nghi\u1ec7m s\u00e2u s\u1eafc v\u00e0 nh\u1eadp vai h\u01a1n trong th\u1ebf gi\u1edbi c\u1ee7a FATAL FRAME II: Crimson Butterfly.<\/p>\n<p class=\"bb_paragraph\"><video class=\"bb_img\" poster=\"https:\/\/shared.fastly.steamstatic.com\/store_item_assets\/steam\/apps\/3920610\/extras\/4bb333eb4d54c9ed43720ba5c0bd7eb6.poster.avif?t=1772765500\" autoplay=\"autoplay\" loop=\"loop\" muted=\"muted\" width=\"1170\" height=\"658\" data-mce-fragment=\"1\"><source src=\"https:\/\/shared.fastly.steamstatic.com\/store_item_assets\/steam\/apps\/3920610\/extras\/4bb333eb4d54c9ed43720ba5c0bd7eb6.webm?t=1772765500\" \/><\/video><\/p>\n<div class=\"bb_img_icons\"><\/div>\n<h2 class=\"bb_tag\"><strong data-start=\"1690\" data-end=\"1737\">C\u00e1c tr\u1eadn chi\u1ebfn Camera Obscura \u0111\u01b0\u1ee3c n\u00e2ng c\u1ea5p<\/strong><\/h2>\n<p>L\u1ed1i ch\u01a1i bi\u1ec3u t\u01b0\u1ee3ng s\u1eed d\u1ee5ng Camera Obscura \u0111\u1ec3 xua \u0111u\u1ed5i linh h\u1ed3n v\u1eabn \u0111\u01b0\u1ee3c gi\u1eef nguy\u00ean, \u0111\u1ed3ng th\u1eddi b\u1ed5 sung c\u00e1c t\u00ednh n\u0103ng m\u1edbi nh\u01b0 Focus, Zoom v\u00e0 chuy\u1ec3n \u0111\u1ed5i Filter.<br \/>\nC\u00e1c Filter mang \u0111\u1ebfn nh\u1eefng ch\u1ee9c n\u0103ng ri\u00eang cho c\u1ea3 chi\u1ebfn \u0111\u1ea5u l\u1eabn kh\u00e1m ph\u00e1, gi\u00fap ng\u01b0\u1eddi ch\u01a1i th\u00edch nghi khi \u0111\u1ed1i \u0111\u1ea7u v\u1edbi linh h\u1ed3n v\u00e0 kh\u00e1m ph\u00e1 nh\u1eefng b\u00ed \u1ea9n c\u1ee7a ng\u00f4i l\u00e0ng b\u1ecb nguy\u1ec1n r\u1ee7a.<\/p>\n<p class=\"bb_paragraph\"><video class=\"bb_img\" poster=\"https:\/\/shared.fastly.steamstatic.com\/store_item_assets\/steam\/apps\/3920610\/extras\/586bfd6c553b58b29b3e574f8b7d79ac.poster.avif?t=1772765500\" autoplay=\"autoplay\" loop=\"loop\" muted=\"muted\" width=\"1170\" height=\"658\" data-mce-fragment=\"1\"><source src=\"https:\/\/shared.fastly.steamstatic.com\/store_item_assets\/steam\/apps\/3920610\/extras\/586bfd6c553b58b29b3e574f8b7d79ac.webm?t=1772765500\" \/><\/video><\/p>\n<\/div>\n<\/div>\n<\/div>\n<div class=\"game_page_autocollapse_ctn expanded\">\n<div class=\"game_page_autocollapse sys_req\">\n<h2>Y\u00eau c\u1ea7u h\u1ec7 th\u1ed1ng<\/h2>\n<div class=\"sysreq_contents\">\n<div class=\"game_area_sys_req sysreq_content active\" data-os=\"win\">\n<div class=\"game_area_sys_req_leftCol\">\n<p><strong>T\u1ed1i thi\u1ec3u:<\/strong><\/p>\n<ul>\n<li style=\"list-style-type: none;\">\n<ul class=\"bb_ul\">\n<li>Y\u00eau c\u1ea7u vi x\u1eed l\u00fd v\u00e0 h\u1ec7 \u0111i\u1ec1u h\u00e0nh \u0111\u1ec1u ch\u1ea1y 64-bit<\/li>\n<li><strong>H\u0110H:<\/strong> Windows 11, 64bit<\/li>\n<li><strong>B\u1ed9 x\u1eed l\u00fd:<\/strong> Intel Core i5-8400, AMD Ryzen 5 3400G or higher<\/li>\n<li><strong>B\u1ed9 nh\u1edb:<\/strong> 16 GB RAM<\/li>\n<li><strong>\u0110\u1ed3 h\u1ecda:<\/strong> GeForce RTX 1050 Ti 4GB, Radeon R9 380X 4GB or higher<\/li>\n<li><strong>DirectX:<\/strong> Phi\u00ean b\u1ea3n 12<\/li>\n<li><strong>K\u1ebft n\u1ed1i:<\/strong> C\u00e1p m\u1ea1ng Internet<\/li>\n<li><strong>L\u01b0u tr\u1eef:<\/strong> 30 GB ch\u1ed7 tr\u1ed1ng kh\u1ea3 d\u1ee5ng<\/li>\n<li><strong>Card \u00e2m thanh:<\/strong> 48000Hz 16bit Stereo<\/li>\n<li><strong>Ghi ch\u00fa th\u00eam:<\/strong> \u30fbSSD required, 1280\u00d7720, 30FPS using the &#8220;Best Performance&#8221; graphics preset \u30fbViewfinder Style: Classic \u30fbOutfit during cutscenes: Default Outfit<\/li>\n<\/ul>\n<\/li>\n<\/ul>\n<\/div>\n<div class=\"game_area_sys_req_rightCol\">\n<p><strong>Khuy\u1ebfn ngh\u1ecb:<\/strong><\/p>\n<ul>\n<li style=\"list-style-type: none;\">\n<ul class=\"bb_ul\">\n<li>Y\u00eau c\u1ea7u vi x\u1eed l\u00fd v\u00e0 h\u1ec7 \u0111i\u1ec1u h\u00e0nh \u0111\u1ec1u ch\u1ea1y 64-bit<\/li>\n<li><strong>H\u0110H:<\/strong> Windows 11, 64bit<\/li>\n<li><strong>B\u1ed9 x\u1eed l\u00fd:<\/strong> Intel Core i7-8700, AMD Ryzen 5 3600XT or higher<\/li>\n<li><strong>B\u1ed9 nh\u1edb:<\/strong> 16 GB RAM<\/li>\n<li><strong>\u0110\u1ed3 h\u1ecda:<\/strong> GeForce RTX 2060 6GB, Radeon RX 5700XT 8GB or higher<\/li>\n<li><strong>DirectX:<\/strong> Phi\u00ean b\u1ea3n 12<\/li>\n<li><strong>K\u1ebft n\u1ed1i:<\/strong> C\u00e1p m\u1ea1ng Internet<\/li>\n<li><strong>L\u01b0u tr\u1eef:<\/strong> 30 GB ch\u1ed7 tr\u1ed1ng kh\u1ea3 d\u1ee5ng<\/li>\n<li><strong>Card \u00e2m thanh:<\/strong> 48000Hz 16bit Stereo<\/li>\n<li><strong>Ghi ch\u00fa th\u00eam:<\/strong> \u30fbSSD required, 1920\u00d71080, 30FPS using the &#8220;Standard&#8221; graphics preset \u30fbViewfinder Style: Default \u30fbOutfit during cutscenes: Current outfit<\/li>\n<\/ul>\n<\/li>\n<\/ul>\n<\/div>\n<\/div>\n<\/div>\n<\/div>\n<\/div>\n<p>&nbsp;<\/p>\n<\/div>\n<\/div>\n<\/div>","protected":false},"excerpt":{"rendered":"<p>B\u00ean nhau, m\u00e3i m\u00e3i.<\/p>","protected":false},"author":8,"featured_media":19374,"comment_status":"open","ping_status":"closed","template":"","meta":[],"product_brand":[],"product_cat":[371,369,342,349,344,343,353],"product_tag":[],"loai-tai-khoan":[422],"nam-phat-hanh":[419],"class_list":{"0":"post-19373","1":"product","2":"type-product","3":"status-publish","4":"has-post-thumbnail","6":"product_cat-viet-hoa","7":"product_cat-goc-nhin-thu-ba","8":"product_cat-hanh-dong","9":"product_cat-kinh-di","10":"product_cat-nhap-vai","11":"product_cat-phieu-luu","12":"product_cat-sinh-ton","13":"loai-tai-khoan-game-offline","14":"nam-phat-hanh-419","16":"first","17":"instock","18":"sale","19":"downloadable","20":"virtual","21":"purchasable","22":"product-type-simple"},"_links":{"self":[{"href":"https:\/\/toimuagame.com\/en\/wp-json\/wp\/v2\/product\/19373","targetHints":{"allow":["GET"]}}],"collection":[{"href":"https:\/\/toimuagame.com\/en\/wp-json\/wp\/v2\/product"}],"about":[{"href":"https:\/\/toimuagame.com\/en\/wp-json\/wp\/v2\/types\/product"}],"author":[{"embeddable":true,"href":"https:\/\/toimuagame.com\/en\/wp-json\/wp\/v2\/users\/8"}],"replies":[{"embeddable":true,"href":"https:\/\/toimuagame.com\/en\/wp-json\/wp\/v2\/comments?post=19373"}],"version-history":[{"count":0,"href":"https:\/\/toimuagame.com\/en\/wp-json\/wp\/v2\/product\/19373\/revisions"}],"wp:featuredmedia":[{"embeddable":true,"href":"https:\/\/toimuagame.com\/en\/wp-json\/wp\/v2\/media\/19374"}],"wp:attachment":[{"href":"https:\/\/toimuagame.com\/en\/wp-json\/wp\/v2\/media?parent=19373"}],"wp:term":[{"taxonomy":"product_brand","embeddable":true,"href":"https:\/\/toimuagame.com\/en\/wp-json\/wp\/v2\/product_brand?post=19373"},{"taxonomy":"product_cat","embeddable":true,"href":"https:\/\/toimuagame.com\/en\/wp-json\/wp\/v2\/product_cat?post=19373"},{"taxonomy":"product_tag","embeddable":true,"href":"https:\/\/toimuagame.com\/en\/wp-json\/wp\/v2\/product_tag?post=19373"},{"taxonomy":"loai-tai-khoan","embeddable":true,"href":"https:\/\/toimuagame.com\/en\/wp-json\/wp\/v2\/loai-tai-khoan?post=19373"},{"taxonomy":"nam-phat-hanh","embeddable":true,"href":"https:\/\/toimuagame.com\/en\/wp-json\/wp\/v2\/nam-phat-hanh?post=19373"}],"curies":[{"name":"wp","href":"https:\/\/api.w.org\/{rel}","templated":true}]}}