{"id":19156,"date":"2026-02-14T14:19:43","date_gmt":"2026-02-14T07:19:43","guid":{"rendered":"https:\/\/toimuagame.com\/?post_type=product&#038;p=19156"},"modified":"2026-02-14T16:02:13","modified_gmt":"2026-02-14T09:02:13","slug":"reanimal-deluxe-edition-steam-offline","status":"publish","type":"product","link":"https:\/\/toimuagame.com\/en\/reanimal-deluxe-edition-steam-offline\/","title":{"rendered":"REANIMAL Deluxe Edition &#8211; Steam Offline"},"content":{"rendered":"<p><strong><span style=\"font-size: 18pt; color: #333333; font-family: arial, helvetica, sans-serif;\">Nh\u1eadn t\u00e0i kho\u1ea3n Steam s\u1eb5n Game sau khi thanh to\u00e1n<\/span><\/strong><\/p>\n<ul>\n<li><span style=\"font-family: arial, helvetica, sans-serif; font-size: 12pt;\" data-contrast=\"auto\">Ch\u01a1i Offline, l\u01b0u ti\u1ebfn tr\u00ecnh ri\u00eang, kh\u00f4ng lo m\u1ea5t Save, tho\u1ea3i m\u00e1i Update<\/span><\/li>\n<li style=\"text-align: left;\"><span style=\"font-family: arial, helvetica, sans-serif; font-size: 12pt;\" data-contrast=\"auto\">S\u1edf h\u1eefu v\u0129nh vi\u1ec5n, kh\u00f4ng gi\u1edbi h\u1ea1n th\u1eddi gian<\/span><\/li>\n<li style=\"text-align: left;\"><span style=\"font-family: arial, helvetica, sans-serif; font-size: 12pt;\" data-contrast=\"auto\">Ti\u1ebft ki\u1ec7m t\u1edbi h\u01a1n 90% so v\u1edbi mua t\u1eeb Steam<\/span><\/li>\n<li style=\"text-align: left;\"><span style=\"font-family: arial, helvetica, sans-serif; font-size: 12pt;\" data-contrast=\"auto\"> H\u1ed7 tr\u1ee3 Vi\u1ec7t H\u00f3a mi\u1ec5n ph\u00ed, mang l\u1ea1i tr\u1ea3i nghi\u1ec7m \u0111\u1ea7y \u0111\u1ee7<\/span><\/li>\n<li style=\"text-align: left;\"><span style=\"font-family: arial, helvetica, sans-serif; font-size: 12pt;\" data-contrast=\"auto\">Tho\u1ea3i m\u00e1i c\u00e0i Mods, Workshop, Trainer theo \u00fd mu\u1ed1n<\/span><\/li>\n<li style=\"text-align: left;\"><span style=\"font-family: arial, helvetica, sans-serif; font-size: 12pt;\" data-contrast=\"auto\"> D\u00f9ng cho 1 thi\u1ebft b\u1ecb, kh\u00f4ng \u0111\u1ed5i \u0111\u01b0\u1ee3c email\/m\u1eadt kh\u1ea9u, kh\u00f4ng d\u00f9ng cho Net v\u00e0 Cloud Gaming<\/span><\/li>\n<li style=\"text-align: left;\"><span style=\"font-family: arial, helvetica, sans-serif; font-size: 12pt;\" data-contrast=\"auto\"> B\u1ea3o h\u00e0nh nhanh ch\u00f3ng n\u1ebfu g\u1eb7p s\u1ef1 c\u1ed1 v\u1ec1 t\u00e0i kho\u1ea3n<\/span><\/li>\n<li style=\"text-align: left;\"><span style=\"font-family: arial, helvetica, sans-serif; font-size: 12pt;\">H\u01b0\u1edbng d\u1eabn s\u1eed d\u1ee5ng chi ti\u1ebft t\u00e0i kho\u1ea3n Steam Offline v\u00e0 b\u1ea3o h\u00e0nh trong su\u1ed1t qu\u00e1 tr\u00ecnh ch\u01a1i Game<\/span><\/li>\n<\/ul>\n<div class=\"game_page_autocollapse_ctn expanded\">\n<div id=\"aboutThisGame\" class=\"game_page_autocollapse\" data-panel=\"{&quot;type&quot;:&quot;PanelGroup&quot;}\">\n<div id=\"game_area_description\" class=\"game_area_description\">\n<h2><span dir=\"auto\">V\u1ec1 tr\u00f2 ch\u01a1i n\u00e0y<\/span><\/h2>\n<h2 class=\"bb_tag\"><strong data-start=\"0\" data-end=\"19\">REANIMAL L\u00c0 G\u00cc?<\/strong><\/h2>\n<p class=\"bb_paragraph\">Nh\u1eefng nh\u00e0 s\u00e1ng t\u1ea1o ban \u0111\u1ea7u c\u1ee7a <strong data-start=\"52\" data-end=\"98\">Little Nightmares\u2122 & Little Nightmares\u2122 II<\/strong> \u0111\u00e3 tr\u1edf l\u1ea1i \u0111\u1ec3 \u0111\u01b0a b\u1ea1n v\u00e0o m\u1ed9t h\u00e0nh tr\u00ecnh c\u00f2n kinh ho\u00e0ng h\u01a1n bao gi\u1edd h\u1ebft. Trong t\u1ef1a game phi\u00eau l\u01b0u kinh d\u1ecb co-op n\u00e0y, b\u1ea1n v\u00e0o vai m\u1ed9t c\u1eb7p anh em c\u00f9ng nhau b\u01b0\u1edbc qua \u0111\u1ecba ng\u1ee5c \u0111\u1ec3 gi\u1ea3i c\u1ee9u nh\u1eefng ng\u01b0\u1eddi b\u1ea1n m\u1ea5t t\u00edch. Kh\u00e1m ph\u00e1 b\u1eb1ng thuy\u1ec1n v\u00e0 tr\u00ean \u0111\u1ea5t li\u1ec1n, b\u1ea1n ph\u1ea3i v\u1eadn d\u1ee5ng tr\u00ed th\u00f4ng minh \u0111\u1ec3 sinh t\u1ed3n, ph\u1ed1i h\u1ee3p c\u00f9ng nhau \u0111\u1ec3 tr\u1ed1n tho\u00e1t kh\u1ecfi h\u00f2n \u0111\u1ea3o \u0111\u1ecba ng\u1ee5c v\u00e0 b\u00ed m\u1eadt \u0111en t\u1ed1i \u0111ang \u00e1m \u1ea3nh m\u00ecnh.<\/p>\n<p class=\"bb_paragraph\"><video class=\"bb_img\" poster=\"https:\/\/shared.fastly.steamstatic.com\/store_item_assets\/steam\/apps\/2129530\/extras\/9655639c19baf59912e126b071441096.poster.avif?t=1770997391\" autoplay=\"autoplay\" loop=\"loop\" muted=\"\" width=\"616\" height=\"230\" data-mce-fragment=\"1\"><source src=\"https:\/\/shared.fastly.steamstatic.com\/store_item_assets\/steam\/apps\/2129530\/extras\/9655639c19baf59912e126b071441096.webm?t=1770997391\" \/><\/video><\/p>\n<div class=\"bb_img_icons\">\n<div class=\"bb_img_play_pause playing\" role=\"button\" data-panel=\"{&quot;focusable&quot;:true,&quot;clickOnActivate&quot;:true}\" data-tooltip=\"Tr\u00ecnh duy\u1ec7t c\u1ee7a b\u1ea1n \u0111\u00e3 b\u1eadt thi\u1ebft l\u1eadp gi\u1ea3m chuy\u1ec3n \u0111\u1ed9ng tr\u00ean m\u00e0n h\u00ecnh, n\u00ean \u1ea3nh \u0111\u1ed9ng n\u00e0y s\u1ebd m\u1eb7c \u0111\u1ecbnh t\u1ea1m d\u1eebng.\" data-tooltip-visible=\"false\"><\/div>\n<\/div>\n<h2 class=\"bb_tag\"><strong data-start=\"486\" data-end=\"519\">KINH D\u1eca NH\u01afNG V\u1eaaN C\u00d2N HY V\u1eccNG<\/strong><\/h2>\n<p class=\"bb_paragraph\">Trong c\u00e2u chuy\u1ec7n \u0111\u1ea7y b\u1ea5t an n\u00e0y, tr\u1ecdng t\u00e2m l\u00e0 b\u1ea7u kh\u00f4ng kh\u00ed c\u0103ng th\u1eb3ng v\u00e0 ng\u1ed9t ng\u1ea1t, khi b\u1ea1n \u0111\u1ed3ng h\u00e0nh c\u00f9ng hai \u0111\u1ee9a tr\u1ebb m\u1ed3 c\u00f4i trong h\u00e0nh tr\u00ecnh tuy\u1ec7t v\u1ecdng t\u00ecm ki\u1ebfm hy v\u1ecdng v\u00e0 s\u1ef1 c\u1ee9u r\u1ed7i gi\u1eefa ho\u00e0n c\u1ea3nh kh\u1eafc nghi\u1ec7t nh\u1ea5t.<\/p>\n<p class=\"bb_paragraph\"><video class=\"bb_img\" poster=\"https:\/\/shared.fastly.steamstatic.com\/store_item_assets\/steam\/apps\/2129530\/extras\/61e12838f2abf7149ecd25cdf06cf7bd.poster.avif?t=1770997391\" autoplay=\"autoplay\" loop=\"loop\" muted=\"\" width=\"616\" height=\"230\" data-mce-fragment=\"1\"><source src=\"https:\/\/shared.fastly.steamstatic.com\/store_item_assets\/steam\/apps\/2129530\/extras\/61e12838f2abf7149ecd25cdf06cf7bd.webm?t=1770997391\" \/><\/video><\/p>\n<div class=\"bb_img_icons\">\n<div class=\"bb_img_play_pause playing\" role=\"button\" data-panel=\"{&quot;focusable&quot;:true,&quot;clickOnActivate&quot;:true}\" data-tooltip=\"Tr\u00ecnh duy\u1ec7t c\u1ee7a b\u1ea1n \u0111\u00e3 b\u1eadt thi\u1ebft l\u1eadp gi\u1ea3m chuy\u1ec3n \u0111\u1ed9ng tr\u00ean m\u00e0n h\u00ecnh, n\u00ean \u1ea3nh \u0111\u1ed9ng n\u00e0y s\u1ebd m\u1eb7c \u0111\u1ecbnh t\u1ea1m d\u1eebng.\" data-tooltip-visible=\"false\"><\/div>\n<\/div>\n<h2 class=\"bb_tag\"><strong data-start=\"741\" data-end=\"784\">B\u01af\u1edaC QUA M\u1ed8T TH\u1ebe GI\u1edaI T\u0102M T\u1ed0I V\u00c0 M\u00c9O M\u00d3<\/strong><\/h2>\n<p class=\"bb_paragraph\">Kh\u00e1m ph\u00e1 m\u1ed9t th\u1ebf gi\u1edbi v\u1eeba l\u00f4i cu\u1ed1n v\u1eeba \u0111\u00e1ng s\u1ee3, n\u01a1i con \u0111\u01b0\u1eddng ch\u00ednh ch\u1ec9 l\u00e0 m\u1ed9t ph\u1ea7n c\u1ee7a c\u00e2u chuy\u1ec7n r\u1eddi r\u1ea1c. Tr\u00ean h\u00e0nh tr\u00ecnh \u0111\u1ea7y hi\u1ec3m nguy, b\u1ea1n s\u1ebd ph\u00e1t hi\u1ec7n nhi\u1ec1u \u0111\u1ecba \u0111i\u1ec3m b\u00ed \u1ea9n, m\u1ed7i n\u01a1i \u0111\u1ec1u mang trong m\u00ecnh m\u1ed9t c\u00e2u chuy\u1ec7n ri\u00eang.<\/p>\n<p class=\"bb_paragraph\"><video class=\"bb_img\" poster=\"https:\/\/shared.fastly.steamstatic.com\/store_item_assets\/steam\/apps\/2129530\/extras\/47847ebd48ca8fa8147e7772b019cc39.poster.avif?t=1770997391\" autoplay=\"autoplay\" loop=\"loop\" muted=\"\" width=\"616\" height=\"230\" data-mce-fragment=\"1\"><source src=\"https:\/\/shared.fastly.steamstatic.com\/store_item_assets\/steam\/apps\/2129530\/extras\/47847ebd48ca8fa8147e7772b019cc39.webm?t=1770997391\" \/><\/video><\/p>\n<div class=\"bb_img_icons\">\n<div class=\"bb_img_play_pause playing\" role=\"button\" data-panel=\"{&quot;focusable&quot;:true,&quot;clickOnActivate&quot;:true}\" data-tooltip=\"Tr\u00ecnh duy\u1ec7t c\u1ee7a b\u1ea1n \u0111\u00e3 b\u1eadt thi\u1ebft l\u1eadp gi\u1ea3m chuy\u1ec3n \u0111\u1ed9ng tr\u00ean m\u00e0n h\u00ecnh, n\u00ean \u1ea3nh \u0111\u1ed9ng n\u00e0y s\u1ebd m\u1eb7c \u0111\u1ecbnh t\u1ea1m d\u1eebng.\" data-tooltip-visible=\"false\"><\/div>\n<\/div>\n<h2 class=\"bb_tag\"><strong data-start=\"1015\" data-end=\"1044\">CU\u1ed8C PHI\u00caU L\u01afU \u0110\u1ea6Y \u00c1M \u1ea2NH<\/strong><\/h2>\n<p class=\"bb_paragraph\">Tarsier Studios mang phong c\u00e1ch h\u00ecnh \u1ea3nh \u0111\u1ed9c \u0111\u00e1o c\u1ee7a h\u1ecd v\u00e0o h\u00e0ng lo\u1ea1t qu\u00e1i v\u1eadt m\u00e9o m\u00f3 m\u1edbi c\u00f9ng nh\u1eefng \u0111\u1ee9a tr\u1ebb tan v\u1ee1 nh\u01b0ng ki\u00ean c\u01b0\u1eddng. Nh\u1eefng m\u1ea3nh k\u00fd \u1ee9c \u0111au th\u01b0\u01a1ng trong qu\u00e1 kh\u1ee9 c\u1ee7a c\u00e1c nh\u00e2n v\u1eadt nh\u00ed \u0111\u00e3 tr\u1edf th\u00e0nh ngu\u1ed3n c\u1ea3m h\u1ee9ng cho thi\u1ebft k\u1ebf nh\u00e2n v\u1eadt v\u00e0 nh\u1eefng con qu\u00e1i v\u1eadt \u0111ang h\u00e0nh h\u1ea1 h\u1ecd.<\/p>\n<p class=\"bb_paragraph\"><video class=\"bb_img\" poster=\"https:\/\/shared.fastly.steamstatic.com\/store_item_assets\/steam\/apps\/2129530\/extras\/481fa62c1fd99ed997b8667d1851c8fe.poster.avif?t=1770997391\" autoplay=\"autoplay\" loop=\"loop\" muted=\"\" width=\"616\" height=\"230\" data-mce-fragment=\"1\"><source src=\"https:\/\/shared.fastly.steamstatic.com\/store_item_assets\/steam\/apps\/2129530\/extras\/481fa62c1fd99ed997b8667d1851c8fe.webm?t=1770997391\" \/><\/video><\/p>\n<div class=\"bb_img_icons\">\n<div class=\"bb_img_play_pause playing\" role=\"button\" data-panel=\"{&quot;focusable&quot;:true,&quot;clickOnActivate&quot;:true}\" data-tooltip=\"Tr\u00ecnh duy\u1ec7t c\u1ee7a b\u1ea1n \u0111\u00e3 b\u1eadt thi\u1ebft l\u1eadp gi\u1ea3m chuy\u1ec3n \u0111\u1ed9ng tr\u00ean m\u00e0n h\u00ecnh, n\u00ean \u1ea3nh \u0111\u1ed9ng n\u00e0y s\u1ebd m\u1eb7c \u0111\u1ecbnh t\u1ea1m d\u1eebng.\" data-tooltip-visible=\"false\"><\/div>\n<\/div>\n<h2 class=\"bb_tag\"><span dir=\"auto\">CHIA S\u1eba N\u1ed6I S\u1ee2<\/span><\/h2>\n<p class=\"bb_paragraph\">Kh\u00f4ng ai n\u00ean ph\u1ea3i m\u1ed9t m\u00ecnh b\u01b0\u1edbc qua \u0111\u1ecba ng\u1ee5c! C\u00f3 th\u1ec3 ch\u01a1i ho\u00e0n to\u00e0n \u1edf ch\u1ebf \u0111\u1ed9 ch\u01a1i \u0111\u01a1n, co-op n\u1ed9i b\u1ed9 ho\u1eb7c tr\u1ef1c tuy\u1ebfn, REANIMAL s\u1eed d\u1ee5ng h\u1ec7 th\u1ed1ng camera chung \u0111\u01b0\u1ee3c \u0111\u1ecbnh h\u01b0\u1edbng s\u1eb5n nh\u1eb1m t\u1ed1i \u0111a h\u00f3a c\u1ea3m gi\u00e1c ng\u1ed9t ng\u1ea1t v\u00e0 c\u0103ng th\u1eb3ng.<\/p>\n<\/div>\n<\/div>\n<\/div>\n<div class=\"game_page_autocollapse_ctn\">\n<div class=\"game_page_autocollapse sys_req\">\n<h2>Y\u00eau c\u1ea7u h\u1ec7 th\u1ed1ng<\/h2>\n<div class=\"sysreq_contents\">\n<div class=\"game_area_sys_req sysreq_content active\" data-os=\"win\">\n<div class=\"game_area_sys_req_leftCol\">\n<p><strong>T\u1ed1i thi\u1ec3u:<\/strong><\/p>\n<ul>\n<li style=\"list-style-type: none;\">\n<ul class=\"bb_ul\">\n<li>Y\u00eau c\u1ea7u vi x\u1eed l\u00fd v\u00e0 h\u1ec7 \u0111i\u1ec1u h\u00e0nh \u0111\u1ec1u ch\u1ea1y 64-bit<\/li>\n<li><strong>H\u0110H:<\/strong> Windows 10\/11<\/li>\n<li><strong>B\u1ed9 x\u1eed l\u00fd:<\/strong> Ryzen 5 2400G \/ Core i5-9400F<\/li>\n<li><strong>B\u1ed9 nh\u1edb:<\/strong> 8 GB RAM<\/li>\n<li><strong>\u0110\u1ed3 h\u1ecda:<\/strong> GeForce GTX 1060 \/ Radeon RX 480<\/li>\n<li><strong>DirectX:<\/strong> Phi\u00ean b\u1ea3n 12<\/li>\n<li><strong>K\u1ebft n\u1ed1i:<\/strong> C\u00e1p m\u1ea1ng Internet<\/li>\n<li><strong>L\u01b0u tr\u1eef:<\/strong> 18 GB ch\u1ed7 tr\u1ed1ng kh\u1ea3 d\u1ee5ng<\/li>\n<\/ul>\n<\/li>\n<\/ul>\n<\/div>\n<div class=\"game_area_sys_req_rightCol\">\n<p><strong>Khuy\u1ebfn ngh\u1ecb:<\/strong><\/p>\n<ul>\n<li style=\"list-style-type: none;\">\n<ul class=\"bb_ul\">\n<li>Y\u00eau c\u1ea7u vi x\u1eed l\u00fd v\u00e0 h\u1ec7 \u0111i\u1ec1u h\u00e0nh \u0111\u1ec1u ch\u1ea1y 64-bit<\/li>\n<li><strong>H\u0110H:<\/strong> Windows 10\/11<\/li>\n<li><strong>B\u1ed9 x\u1eed l\u00fd:<\/strong> Ryzen 5 3600X \/ Core i7-7700KTBD<\/li>\n<li><strong>B\u1ed9 nh\u1edb:<\/strong> 16 GB RAM<\/li>\n<li><strong>\u0110\u1ed3 h\u1ecda:<\/strong> GeForce RTX 2060 \/ Radeon RX 6600XTTBD<\/li>\n<li><strong>DirectX:<\/strong> Phi\u00ean b\u1ea3n 12<\/li>\n<li><strong>K\u1ebft n\u1ed1i:<\/strong> C\u00e1p m\u1ea1ng Internet<\/li>\n<li><strong>L\u01b0u tr\u1eef:<\/strong> 18 GB ch\u1ed7 tr\u1ed1ng kh\u1ea3 d\u1ee5ng<\/li>\n<\/ul>\n<\/li>\n<\/ul>\n<\/div>\n<\/div>\n<\/div>\n<\/div>\n<\/div>","protected":false},"excerpt":{"rendered":"<div id=\"gameHeaderCtn\" class=\"game_header_ctn\">\n<div class=\"game_description_snippet\">Nh\u1eefng nh\u00e0 s\u00e1ng t\u1ea1o c\u1ee7a Little Nightmares\u2122 I &amp; II \u0111\u00e3 tr\u1edf l\u1ea1i \u0111\u1ec3 \u0111\u01b0a b\u1ea1n v\u00e0o m\u1ed9t h\u00e0nh tr\u00ecnh u \u00e1m v\u00e0 \u0111\u00e1ng s\u1ee3 h\u01a1n bao gi\u1edd h\u1ebft. Trong tr\u00f2 ch\u01a1i phi\u00eau l\u01b0u kinh d\u1ecb n\u00e0y, hai anh em trai v\u00e0 g\u00e1i ph\u1ea3i b\u01b0\u1edbc qua \u0111\u1ecba ng\u1ee5c \u0111\u1ec3 gi\u1ea3i c\u1ee9u nh\u1eefng ng\u01b0\u1eddi b\u1ea1n m\u1ea5t t\u00edch v\u00e0 tr\u1ed1n tho\u00e1t kh\u1ecfi h\u00f2n \u0111\u1ea3o m\u00e0 h\u1ecd t\u1eebng g\u1ecdi l\u00e0 nh\u00e0.<\/div>\n<\/div>","protected":false},"author":8,"featured_media":19159,"comment_status":"open","ping_status":"closed","template":"","meta":[],"product_brand":[],"product_cat":[370,342,349,344],"product_tag":[],"loai-tai-khoan":[422],"nam-phat-hanh":[419],"class_list":{"0":"post-19156","1":"product","2":"type-product","3":"status-publish","4":"has-post-thumbnail","6":"product_cat-coop","7":"product_cat-hanh-dong","8":"product_cat-kinh-di","9":"product_cat-nhap-vai","10":"loai-tai-khoan-game-offline","11":"nam-phat-hanh-419","13":"first","14":"instock","15":"sale","16":"shipping-taxable","17":"purchasable","18":"product-type-variable"},"_links":{"self":[{"href":"https:\/\/toimuagame.com\/en\/wp-json\/wp\/v2\/product\/19156","targetHints":{"allow":["GET"]}}],"collection":[{"href":"https:\/\/toimuagame.com\/en\/wp-json\/wp\/v2\/product"}],"about":[{"href":"https:\/\/toimuagame.com\/en\/wp-json\/wp\/v2\/types\/product"}],"author":[{"embeddable":true,"href":"https:\/\/toimuagame.com\/en\/wp-json\/wp\/v2\/users\/8"}],"replies":[{"embeddable":true,"href":"https:\/\/toimuagame.com\/en\/wp-json\/wp\/v2\/comments?post=19156"}],"version-history":[{"count":0,"href":"https:\/\/toimuagame.com\/en\/wp-json\/wp\/v2\/product\/19156\/revisions"}],"wp:featuredmedia":[{"embeddable":true,"href":"https:\/\/toimuagame.com\/en\/wp-json\/wp\/v2\/media\/19159"}],"wp:attachment":[{"href":"https:\/\/toimuagame.com\/en\/wp-json\/wp\/v2\/media?parent=19156"}],"wp:term":[{"taxonomy":"product_brand","embeddable":true,"href":"https:\/\/toimuagame.com\/en\/wp-json\/wp\/v2\/product_brand?post=19156"},{"taxonomy":"product_cat","embeddable":true,"href":"https:\/\/toimuagame.com\/en\/wp-json\/wp\/v2\/product_cat?post=19156"},{"taxonomy":"product_tag","embeddable":true,"href":"https:\/\/toimuagame.com\/en\/wp-json\/wp\/v2\/product_tag?post=19156"},{"taxonomy":"loai-tai-khoan","embeddable":true,"href":"https:\/\/toimuagame.com\/en\/wp-json\/wp\/v2\/loai-tai-khoan?post=19156"},{"taxonomy":"nam-phat-hanh","embeddable":true,"href":"https:\/\/toimuagame.com\/en\/wp-json\/wp\/v2\/nam-phat-hanh?post=19156"}],"curies":[{"name":"wp","href":"https:\/\/api.w.org\/{rel}","templated":true}]}}