{"id":18826,"date":"2026-02-03T22:18:43","date_gmt":"2026-02-03T15:18:43","guid":{"rendered":"https:\/\/toimuagame.com\/?post_type=product&#038;p=18826"},"modified":"2026-03-15T12:15:29","modified_gmt":"2026-03-15T05:15:29","slug":"resident-evil-requiem-deluxe-edition-steam-offline","status":"publish","type":"product","link":"https:\/\/toimuagame.com\/en\/resident-evil-requiem-deluxe-edition-steam-offline\/","title":{"rendered":"Resident Evil Requiem Deluxe Edition &#8211; Steam Offline"},"content":{"rendered":"<p><strong><span style=\"font-size: 18pt; color: #333333; font-family: arial, helvetica, sans-serif;\">Nh\u1eadn t\u00e0i kho\u1ea3n Steam s\u1eb5n Game sau khi thanh to\u00e1n<\/span><\/strong><\/p>\n<ul>\n<li><span style=\"font-family: arial, helvetica, sans-serif; font-size: 12pt;\" data-contrast=\"auto\">Ch\u01a1i Offline, l\u01b0u ti\u1ebfn tr\u00ecnh ri\u00eang, kh\u00f4ng lo m\u1ea5t Save, tho\u1ea3i m\u00e1i Update<\/span><\/li>\n<li style=\"text-align: left;\"><span style=\"font-family: arial, helvetica, sans-serif; font-size: 12pt;\" data-contrast=\"auto\">S\u1edf h\u1eefu v\u0129nh vi\u1ec5n, kh\u00f4ng gi\u1edbi h\u1ea1n th\u1eddi gian<\/span><\/li>\n<li style=\"text-align: left;\"><span style=\"font-family: arial, helvetica, sans-serif; font-size: 12pt;\" data-contrast=\"auto\">Ti\u1ebft ki\u1ec7m t\u1edbi h\u01a1n 90% so v\u1edbi mua t\u1eeb Steam<\/span><\/li>\n<li style=\"text-align: left;\"><span style=\"font-family: arial, helvetica, sans-serif; font-size: 12pt;\" data-contrast=\"auto\"> H\u1ed7 tr\u1ee3 Vi\u1ec7t H\u00f3a mi\u1ec5n ph\u00ed, mang l\u1ea1i tr\u1ea3i nghi\u1ec7m \u0111\u1ea7y \u0111\u1ee7<\/span><\/li>\n<li style=\"text-align: left;\"><span style=\"font-family: arial, helvetica, sans-serif; font-size: 12pt;\" data-contrast=\"auto\">Tho\u1ea3i m\u00e1i c\u00e0i Mods, Workshop, Trainer theo \u00fd mu\u1ed1n<\/span><\/li>\n<li style=\"text-align: left;\"><span style=\"font-family: arial, helvetica, sans-serif; font-size: 12pt;\" data-contrast=\"auto\"> D\u00f9ng cho 1 thi\u1ebft b\u1ecb, kh\u00f4ng \u0111\u1ed5i \u0111\u01b0\u1ee3c email\/m\u1eadt kh\u1ea9u, kh\u00f4ng d\u00f9ng cho Net v\u00e0 Cloud Gaming<\/span><\/li>\n<li style=\"text-align: left;\"><span style=\"font-family: arial, helvetica, sans-serif; font-size: 12pt;\" data-contrast=\"auto\"> B\u1ea3o h\u00e0nh nhanh ch\u00f3ng n\u1ebfu g\u1eb7p s\u1ef1 c\u1ed1 v\u1ec1 t\u00e0i kho\u1ea3n<\/span><\/li>\n<li style=\"text-align: left;\"><span style=\"font-family: arial, helvetica, sans-serif; font-size: 12pt;\">H\u01b0\u1edbng d\u1eabn s\u1eed d\u1ee5ng chi ti\u1ebft t\u00e0i kho\u1ea3n Steam Offline v\u00e0 b\u1ea3o h\u00e0nh trong su\u1ed1t qu\u00e1 tr\u00ecnh ch\u01a1i Game<\/span><\/li>\n<\/ul>\n<div class=\"game_page_autocollapse_ctn expanded\">\n<div id=\"aboutThisGame\" class=\"game_page_autocollapse\" data-panel=\"{&quot;type&quot;:&quot;PanelGroup&quot;}\">\n<div id=\"game_area_description\" class=\"game_area_description\">\n<h2>V\u1ec1 tr\u00f2 ch\u01a1i n\u00e0y<\/h2>\n<p><video class=\"bb_img\" poster=\"https:\/\/shared.fastly.steamstatic.com\/store_item_assets\/steam\/apps\/3764200\/extras\/9ec3e7bb75a26710a8a643eb89b04008.poster.avif?t=1769125588\" autoplay=\"autoplay\" loop=\"loop\" muted=\"\" width=\"600\" height=\"338\" data-mce-fragment=\"1\"><source src=\"https:\/\/shared.fastly.steamstatic.com\/store_item_assets\/steam\/apps\/3764200\/extras\/9ec3e7bb75a26710a8a643eb89b04008.webm?t=1769125588\" \/><\/video><\/p>\n<div class=\"bb_img_icons\">\n<div class=\"bb_img_play_pause playing\" role=\"button\" data-panel=\"{&quot;focusable&quot;:true,&quot;clickOnActivate&quot;:true}\" data-tooltip=\"Tr\u00ecnh duy\u1ec7t c\u1ee7a b\u1ea1n \u0111\u00e3 b\u1eadt thi\u1ebft l\u1eadp gi\u1ea3m chuy\u1ec3n \u0111\u1ed9ng tr\u00ean m\u00e0n h\u00ecnh, n\u00ean \u1ea3nh \u0111\u1ed9ng n\u00e0y s\u1ebd m\u1eb7c \u0111\u1ecbnh t\u1ea1m d\u1eebng.\" data-tooltip-visible=\"false\"><\/div>\n<\/div>\n<h2 class=\"bb_tag\">Kh\u00fac c\u1ea7u h\u1ed3n cho k\u1ebb \u0111\u00e3 ch\u1ebft. \u00c1c m\u1ed9ng cho ng\u01b0\u1eddi c\u00f2n s\u1ed1ng.<\/h2>\n<p>M\u1ed9t k\u1ef7 nguy\u00ean m\u1edbi c\u1ee7a d\u00f2ng game kinh d\u1ecb sinh t\u1ed3n ra m\u1eaft v\u1edbi Resident Evil Requiem \u2013 ph\u1ea7n m\u1edbi nh\u1ea5t v\u00e0 nh\u1eadp vai s\u00e2u s\u1eafc nh\u1ea5t trong series Resident Evil huy\u1ec1n tho\u1ea1i. Tr\u1ea3i nghi\u1ec7m n\u1ed7i kinh ho\u00e0ng sinh t\u1ed3n c\u00f9ng chuy\u00ean vi\u00ean ph\u00e2n t\u00edch FBI Grace Ashcroft, v\u00e0 tham gia nh\u1eefng pha h\u00e0nh \u0111\u1ed9ng ngh\u1eb9t th\u1edf v\u1edbi \u0111\u1eb7c v\u1ee5 huy\u1ec1n tho\u1ea1i Leon S. Kennedy. H\u00e0nh tr\u00ecnh v\u00e0 phong c\u00e1ch ch\u01a1i \u0111\u1ed9c \u0111\u00e1o c\u1ee7a c\u1ea3 hai \u0111an xen v\u00e0o nhau, t\u1ea1o n\u00ean m\u1ed9t tr\u1ea3i nghi\u1ec7m c\u1ea3m x\u00fac, c\u0103ng th\u1eb3ng \u0111\u1ebfn ngh\u1eb9t th\u1edf v\u00e0 \u00e1m \u1ea3nh t\u1eadn s\u00e2u trong t\u00e2m tr\u00ed.<\/p>\n<h2 class=\"bb_tag\"><span dir=\"auto\">Raccoon City<\/span><\/h2>\n<p data-start=\"691\" data-end=\"881\">H\u00e3y m\u1ed9t l\u1ea7n n\u1eefa tr\u1edf l\u1ea1i th\u00e0nh ph\u1ed1 c\u1ee7a th\u1ea3m h\u1ecda v\u00e0 tuy\u1ec7t v\u1ecdng.<br data-start=\"771\" data-end=\"774\" \/>M\u1ed9t th\u00e0nh ph\u1ed1 mi\u1ec1n Trung T\u00e2y Hoa K\u1ef3, t\u1eebng l\u00e0 tr\u1ee5 s\u1edf c\u1ee7a t\u1eadp \u0111o\u00e0n d\u01b0\u1ee3c ph\u1ea9m to\u00e0n c\u1ea7u tr\u01b0\u1edbc \u0111\u00e2y \u2013 Umbrella.<\/p>\n<p data-start=\"883\" data-end=\"1097\">Tr\u01b0\u1edbc s\u1ef1 b\u00f9ng ph\u00e1t c\u1ee7a \u0111\u1ea1i d\u1ecbch zombie n\u0103m 1998, ch\u00ednh ph\u1ee7 \u0111\u00e3 ph\u00ea duy\u1ec7t m\u1ed9t chi\u1ebfn d\u1ecbch \u201cthanh tr\u00f9ng\u201d \u2013 ph\u00f3ng t\u00ean l\u1eeda v\u00e0o th\u00e0nh ph\u1ed1 nh\u1eb1m nhanh ch\u00f3ng ki\u1ec3m so\u00e1t t\u00ecnh h\u00ecnh \u2013 nh\u01b0ng s\u1ef1 vi\u1ec7c n\u00e0y \u0111\u00e3 nhanh ch\u00f3ng b\u1ecb che \u0111\u1eady.<\/p>\n<p><video class=\"bb_img\" poster=\"https:\/\/shared.fastly.steamstatic.com\/store_item_assets\/steam\/apps\/3764200\/extras\/7345307a0ed36ad865c7651131f27fd1.poster.avif?t=1769125588\" autoplay=\"autoplay\" loop=\"loop\" muted=\"\" width=\"600\" height=\"338\" data-mce-fragment=\"1\"><source src=\"https:\/\/shared.fastly.steamstatic.com\/store_item_assets\/steam\/apps\/3764200\/extras\/7345307a0ed36ad865c7651131f27fd1.webm?t=1769125588\" \/><\/video><\/p>\n<div class=\"bb_img_icons\">\n<div class=\"bb_img_play_pause playing\" role=\"button\" data-panel=\"{&quot;focusable&quot;:true,&quot;clickOnActivate&quot;:true}\" data-tooltip=\"Tr\u00ecnh duy\u1ec7t c\u1ee7a b\u1ea1n \u0111\u00e3 b\u1eadt thi\u1ebft l\u1eadp gi\u1ea3m chuy\u1ec3n \u0111\u1ed9ng tr\u00ean m\u00e0n h\u00ecnh, n\u00ean \u1ea3nh \u0111\u1ed9ng n\u00e0y s\u1ebd m\u1eb7c \u0111\u1ecbnh t\u1ea1m d\u1eebng.\" data-tooltip-visible=\"false\"><\/div>\n<\/div>\n<h2 class=\"bb_tag\"><span dir=\"auto\">Grace Ashcroft<\/span><\/h2>\n<p>M\u1ed9t chuy\u00ean vi\u00ean ph\u00e2n t\u00edch t\u00ecnh b\u00e1o c\u1ee7a FBI v\u1edbi kh\u1ea3 n\u0103ng t\u1eadp trung cao \u0111\u1ed9 v\u00e0 t\u01b0 duy suy lu\u1eadn s\u1eafc b\u00e9n. C\u00e1i ch\u1ebft c\u1ee7a m\u1eb9 \u0111\u00e3 khi\u1ebfn c\u00f4 b\u1ecb t\u1ed5n th\u01b0\u01a1ng s\u00e2u s\u1eafc, khi\u1ebfn c\u00f4 tr\u1edf n\u00ean h\u01b0\u1edbng n\u1ed9i v\u00e0 v\u00f9i m\u00ecnh v\u00e0o c\u00f4ng vi\u1ec7c. V\u00ec v\u1eady, c\u00f4 m\u1ed9t m\u00ecnh \u0111\u1ebfn kh\u00e1ch s\u1ea1n b\u1ecf hoang \u0111\u1ec3 \u0111i\u1ec1u tra c\u00e1i ch\u1ebft \u0111\u1ea7y b\u00ed \u1ea9n n\u00e0y.<br \/>\n<video class=\"bb_img\" crossorigin=\"anonymous\" poster=\"https:\/\/shared.fastly.steamstatic.com\/store_item_assets\/steam\/apps\/3764200\/extras\/bde70e85e2178c0cde42b2b5474410ce.poster.avif?t=1769125588\" autoplay=\"autoplay\" loop=\"loop\" muted=\"\" width=\"600\" height=\"338\" data-mce-fragment=\"1\"><source src=\"https:\/\/shared.fastly.steamstatic.com\/store_item_assets\/steam\/apps\/3764200\/extras\/bde70e85e2178c0cde42b2b5474410ce.webm?t=1769125588\" \/><\/video><\/p>\n<div class=\"bb_img_icons\">\n<div class=\"bb_img_play_pause playing\" role=\"button\" data-panel=\"{&quot;focusable&quot;:true,&quot;clickOnActivate&quot;:true}\" data-tooltip=\"Tr\u00ecnh duy\u1ec7t c\u1ee7a b\u1ea1n \u0111\u00e3 b\u1eadt thi\u1ebft l\u1eadp gi\u1ea3m chuy\u1ec3n \u0111\u1ed9ng tr\u00ean m\u00e0n h\u00ecnh, n\u00ean \u1ea3nh \u0111\u1ed9ng n\u00e0y s\u1ebd m\u1eb7c \u0111\u1ecbnh t\u1ea1m d\u1eebng.\" data-tooltip-visible=\"false\"><\/div>\n<\/div>\n<h2 class=\"bb_tag\"><span dir=\"auto\">Leon S. Kennedy<\/span><\/h2>\n<p>M\u1ed9t trong nh\u1eefng ng\u01b0\u1eddi s\u1ed1ng s\u00f3t sau S\u1ef1 ki\u1ec7n Raccoon City. V\u1edbi tinh th\u1ea7n ch\u00ednh ngh\u0129a m\u1ea1nh m\u1ebd c\u00f9ng th\u1ec3 ch\u1ea5t v\u01b0\u1ee3t tr\u1ed9i, anh \u0111\u00e3 tham gia x\u1eed l\u00fd nhi\u1ec1u \u0111\u1ee3t b\u00f9ng ph\u00e1t k\u1ec3 t\u1eeb ng\u00e0y \u0111\u1ecbnh m\u1ec7nh \u0111\u00f3. Hi\u1ec7n l\u00e0 m\u1ed9t \u0111\u1eb7c v\u1ee5 k\u1ef3 c\u1ef1u c\u1ee7a DSO chuy\u00ean ch\u1ed1ng kh\u1ee7ng b\u1ed1 sinh h\u1ecdc, anh quay tr\u1edf l\u1ea1i \u0111\u1ec3 \u0111i\u1ec1u tra chu\u1ed7i c\u00e1i ch\u1ebft m\u1edbi nh\u1ea5t t\u1ea1i khu v\u1ef1c Trung T\u00e2y.<br \/>\n<video class=\"bb_img\" crossorigin=\"anonymous\" poster=\"https:\/\/shared.fastly.steamstatic.com\/store_item_assets\/steam\/apps\/3764200\/extras\/53011be9e77c33cd8964b4f8c0a6ff37.poster.avif?t=1769125588\" autoplay=\"autoplay\" loop=\"loop\" muted=\"\" width=\"600\" height=\"338\" data-mce-fragment=\"1\"><source src=\"https:\/\/shared.fastly.steamstatic.com\/store_item_assets\/steam\/apps\/3764200\/extras\/53011be9e77c33cd8964b4f8c0a6ff37.webm?t=1769125588\" \/><\/video><\/p>\n<div class=\"bb_img_icons\">\n<div class=\"bb_img_play_pause playing\" role=\"button\" data-panel=\"{&quot;focusable&quot;:true,&quot;clickOnActivate&quot;:true}\" data-tooltip=\"Tr\u00ecnh duy\u1ec7t c\u1ee7a b\u1ea1n \u0111\u00e3 b\u1eadt thi\u1ebft l\u1eadp gi\u1ea3m chuy\u1ec3n \u0111\u1ed9ng tr\u00ean m\u00e0n h\u00ecnh, n\u00ean \u1ea3nh \u0111\u1ed9ng n\u00e0y s\u1ebd m\u1eb7c \u0111\u1ecbnh t\u1ea1m d\u1eebng.\" data-tooltip-visible=\"false\"><\/div>\n<\/div>\n<h2 class=\"bb_tag\"><span dir=\"auto\">L\u1ed1i ch\u01a1i<\/span><\/h2>\n<p>Tr\u1ea3i nghi\u1ec7m phong c\u00e1ch kinh d\u1ecb sinh t\u1ed3n c\u1ed5 \u0111i\u1ec3n c\u1ee7a series th\u00f4ng qua chi\u1ebfn \u0111\u1ea5u, \u0111i\u1ec1u tra, gi\u1ea3i \u0111\u1ed1 v\u00e0 qu\u1ea3n l\u00fd t\u00e0i nguy\u00ean. Ng\u01b0\u1eddi ch\u01a1i c\u00f3 th\u1ec3 t\u1ef1 do chuy\u1ec3n \u0111\u1ed5i gi\u1eefa g\u00f3c nh\u00ecn th\u1ee9 nh\u1ea5t v\u00e0 th\u1ee9 ba \u0111\u1ec3 \u0111\u1ed1i m\u1eb7t v\u1edbi n\u1ed7i kinh ho\u00e0ng theo phong c\u00e1ch ph\u00f9 h\u1ee3p v\u1edbi m\u00ecnh.<br \/>\n<video class=\"bb_img\" poster=\"https:\/\/shared.fastly.steamstatic.com\/store_item_assets\/steam\/apps\/3764200\/extras\/aa1bba31091768dbe60322a55e3c4ea3.poster.avif?t=1769125588\" autoplay=\"autoplay\" loop=\"loop\" muted=\"\" width=\"600\" height=\"338\" data-mce-fragment=\"1\"><source src=\"https:\/\/shared.fastly.steamstatic.com\/store_item_assets\/steam\/apps\/3764200\/extras\/aa1bba31091768dbe60322a55e3c4ea3.webm?t=1769125588\" \/><\/video><br \/>\n<i><\/i><\/p>\n<\/div>\n<\/div>\n<\/div>\n<div class=\"game_page_autocollapse_ctn\">\n<div class=\"game_page_autocollapse sys_req\">\n<div class=\"sysreq_contents\">\n<div class=\"game_area_sys_req sysreq_content active\" data-os=\"win\">\n<div class=\"game_area_sys_req_rightCol\">\n<div class=\"sysreq_contents\">\n<div class=\"game_area_sys_req sysreq_content active\" data-os=\"win\">\n<div class=\"game_area_sys_req_rightCol\">\n<h2>Y\u00eau c\u1ea7u h\u1ec7 th\u1ed1ng<\/h2>\n<div class=\"sysreq_contents\">\n<div class=\"game_area_sys_req sysreq_content active\" data-os=\"win\">\n<div class=\"game_area_sys_req_leftCol\">\n<p><strong>T\u1ed1i thi\u1ec3u:<\/strong><\/p>\n<ul>\n<li style=\"list-style-type: none;\">\n<ul class=\"bb_ul\">\n<li>Y\u00eau c\u1ea7u vi x\u1eed l\u00fd v\u00e0 h\u1ec7 \u0111i\u1ec1u h\u00e0nh \u0111\u1ec1u ch\u1ea1y 64-bit<\/li>\n<li><strong>H\u0110H:<\/strong> Windows 11 (64bit required)<\/li>\n<li><strong>B\u1ed9 x\u1eed l\u00fd:<\/strong> Intel corei5-8500 \/ AMD Ryzen 5 3500<\/li>\n<li><strong>B\u1ed9 nh\u1edb:<\/strong> 16 GB RAM<\/li>\n<li><strong>\u0110\u1ed3 h\u1ecda:<\/strong> GeForce GTX 1660 6GB \/\u00a0 Radeon RX 5500 XT 8GB<\/li>\n<li><strong>DirectX:<\/strong> Phi\u00ean b\u1ea3n 12<\/li>\n<\/ul>\n<\/li>\n<\/ul>\n<\/div>\n<div class=\"game_area_sys_req_rightCol\">\n<p><strong>Khuy\u1ebfn ngh\u1ecb:<\/strong><\/p>\n<ul>\n<li style=\"list-style-type: none;\">\n<ul class=\"bb_ul\">\n<li>Y\u00eau c\u1ea7u vi x\u1eed l\u00fd v\u00e0 h\u1ec7 \u0111i\u1ec1u h\u00e0nh \u0111\u1ec1u ch\u1ea1y 64-bit<\/li>\n<li><strong>H\u0110H:<\/strong> Windows 11 (64bit required)<\/li>\n<li><strong>B\u1ed9 x\u1eed l\u00fd:<\/strong> Intel Core i7-8700 \/ AMD Ryzen 5 5500<\/li>\n<li><strong>B\u1ed9 nh\u1edb:<\/strong> 16 GB RAM<\/li>\n<li><strong>\u0110\u1ed3 h\u1ecda:<\/strong> GeForce RTX 2060 Super 8GB \/ Radeon RX 6600 8GB<\/li>\n<li><strong>DirectX:<\/strong> Phi\u00ean b\u1ea3n 12<\/li>\n<\/ul>\n<\/li>\n<\/ul>\n<\/div>\n<\/div>\n<\/div>\n<\/div>\n<\/div>\n<\/div>\n<\/div>\n<\/div>\n<\/div>\n<\/div>\n<\/div>","protected":false},"excerpt":{"rendered":"<div id=\"gameHeaderCtn\" class=\"game_header_ctn\">\n<div class=\"game_description_snippet\">\n<div id=\"gameHeaderCtn\" class=\"game_header_ctn\">\n<div class=\"game_description_snippet\">Kh\u00fac c\u1ea7u h\u1ed3n cho k\u1ebb \u0111\u00e3 khu\u1ea5t. C\u01a1n \u00e1c m\u1ed9ng cho ng\u01b0\u1eddi c\u00f2n s\u1ed1ng. H\u00e3y chu\u1ea9n b\u1ecb \u0111\u1ec3 tho\u00e1t kh\u1ecfi t\u1eed th\u1ea7n trong m\u1ed9t tr\u1ea3i nghi\u1ec7m ngh\u1eb9t th\u1edf khi\u1ebfn b\u1ea1n l\u1ea1nh s\u1ed1ng l\u01b0ng.<\/div>\n<\/div>\n<\/div>\n<\/div>\n<div id=\"glanceMidCtn\" class=\"glance_mid_ctn\">\n<div class=\"glance_ctn_responsive_left\">\n<div id=\"userReviews\" class=\"user_reviews\"><\/div>\n<\/div>\n<\/div>","protected":false},"author":8,"featured_media":18827,"comment_status":"open","ping_status":"closed","template":"","meta":[],"product_brand":[287],"product_cat":[429,354,369,368,342,349,344,343,353],"product_tag":[],"loai-tai-khoan":[422],"nam-phat-hanh":[419],"class_list":{"0":"post-18826","1":"product","2":"type-product","3":"status-publish","4":"has-post-thumbnail","6":"product_brand-capcom","7":"product_cat-denuvo","8":"product_cat-ban-sung-fps-tps","9":"product_cat-goc-nhin-thu-ba","10":"product_cat-goc-nhin-thu-nhat","11":"product_cat-hanh-dong","12":"product_cat-kinh-di","13":"product_cat-nhap-vai","14":"product_cat-phieu-luu","15":"product_cat-sinh-ton","16":"loai-tai-khoan-game-offline","17":"nam-phat-hanh-419","19":"first","20":"instock","21":"sale","22":"featured","23":"downloadable","24":"virtual","25":"purchasable","26":"product-type-simple"},"_links":{"self":[{"href":"https:\/\/toimuagame.com\/en\/wp-json\/wp\/v2\/product\/18826","targetHints":{"allow":["GET"]}}],"collection":[{"href":"https:\/\/toimuagame.com\/en\/wp-json\/wp\/v2\/product"}],"about":[{"href":"https:\/\/toimuagame.com\/en\/wp-json\/wp\/v2\/types\/product"}],"author":[{"embeddable":true,"href":"https:\/\/toimuagame.com\/en\/wp-json\/wp\/v2\/users\/8"}],"replies":[{"embeddable":true,"href":"https:\/\/toimuagame.com\/en\/wp-json\/wp\/v2\/comments?post=18826"}],"version-history":[{"count":0,"href":"https:\/\/toimuagame.com\/en\/wp-json\/wp\/v2\/product\/18826\/revisions"}],"wp:featuredmedia":[{"embeddable":true,"href":"https:\/\/toimuagame.com\/en\/wp-json\/wp\/v2\/media\/18827"}],"wp:attachment":[{"href":"https:\/\/toimuagame.com\/en\/wp-json\/wp\/v2\/media?parent=18826"}],"wp:term":[{"taxonomy":"product_brand","embeddable":true,"href":"https:\/\/toimuagame.com\/en\/wp-json\/wp\/v2\/product_brand?post=18826"},{"taxonomy":"product_cat","embeddable":true,"href":"https:\/\/toimuagame.com\/en\/wp-json\/wp\/v2\/product_cat?post=18826"},{"taxonomy":"product_tag","embeddable":true,"href":"https:\/\/toimuagame.com\/en\/wp-json\/wp\/v2\/product_tag?post=18826"},{"taxonomy":"loai-tai-khoan","embeddable":true,"href":"https:\/\/toimuagame.com\/en\/wp-json\/wp\/v2\/loai-tai-khoan?post=18826"},{"taxonomy":"nam-phat-hanh","embeddable":true,"href":"https:\/\/toimuagame.com\/en\/wp-json\/wp\/v2\/nam-phat-hanh?post=18826"}],"curies":[{"name":"wp","href":"https:\/\/api.w.org\/{rel}","templated":true}]}}