{"id":18283,"date":"2025-11-25T12:47:34","date_gmt":"2025-11-25T05:47:34","guid":{"rendered":"https:\/\/toimuagame.com\/?post_type=product&#038;p=18283"},"modified":"2026-02-13T00:50:10","modified_gmt":"2026-02-12T17:50:10","slug":"mortal-kombat-1-11-x-injustice-injustice-2-full-dlc-steam-offline","status":"publish","type":"product","link":"https:\/\/toimuagame.com\/en\/mortal-kombat-1-11-x-injustice-injustice-2-full-dlc-steam-offline\/","title":{"rendered":"Mortal Kombat 1 + 11 + X + Injustice + Injustice 2 + Full DLC &#8211; Steam Offline"},"content":{"rendered":"<div class=\"page_title_area game_title_area page_content\" data-gpnav=\"columns\">\n<div class=\"apphub_HomeHeaderContent\">\n<div class=\"apphub_HeaderStandardTop\">\n<p><span style=\"font-size: 18pt; color: #333333; font-family: arial, helvetica, sans-serif;\"><b>Nh\u1eadn t\u00e0i kho\u1ea3n qua mail sau khi thanh to\u00e1n<\/b><\/span><\/p>\n<ul>\n<li><span style=\"font-family: arial, helvetica, sans-serif; font-size: 14pt;\" data-contrast=\"auto\">Ch\u01a1i Offline, l\u01b0u ti\u1ebfn tr\u00ecnh ri\u00eang, kh\u00f4ng lo m\u1ea5t save<\/span><\/li>\n<li style=\"text-align: left;\"><span style=\"font-family: arial, helvetica, sans-serif; font-size: 14pt;\" data-contrast=\"auto\">S\u1edf h\u1eefu v\u0129nh vi\u1ec5n, kh\u00f4ng gi\u1edbi h\u1ea1n th\u1eddi gian<\/span><\/li>\n<li style=\"text-align: left;\"><span style=\"font-family: arial, helvetica, sans-serif; font-size: 14pt;\" data-contrast=\"auto\">Ti\u1ebft ki\u1ec7m t\u1edbi h\u01a1n 90% so v\u1edbi mua t\u1eeb Steam<\/span><\/li>\n<li style=\"text-align: left;\"><span style=\"font-family: arial, helvetica, sans-serif; font-size: 14pt;\" data-contrast=\"auto\"> H\u1ed7 tr\u1ee3 Vi\u1ec7t H\u00f3a, mang l\u1ea1i tr\u1ea3i nghi\u1ec7m \u0111\u1ea7y \u0111\u1ee7<\/span><\/li>\n<li style=\"text-align: left;\"><span style=\"font-family: arial, helvetica, sans-serif; font-size: 14pt;\" data-contrast=\"auto\">Tho\u1ea3i m\u00e1i c\u00e0i Mods, Workshop theo \u00fd mu\u1ed1n<\/span><\/li>\n<li style=\"text-align: left;\"><span style=\"font-family: arial, helvetica, sans-serif; font-size: 14pt;\" data-contrast=\"auto\"> D\u00f9ng cho 1 thi\u1ebft b\u1ecb, kh\u00f4ng \u0111\u1ed5i \u0111\u01b0\u1ee3c email\/m\u1eadt kh\u1ea9u, kh\u00f4ng d\u00f9ng cho Net v\u00e0 Cloud Gaming<\/span><\/li>\n<li style=\"text-align: left;\"><span style=\"font-family: arial, helvetica, sans-serif; font-size: 14pt;\" data-contrast=\"auto\"> B\u1ea3o h\u00e0nh nhanh ch\u00f3ng n\u1ebfu g\u1eb7p s\u1ef1 c\u1ed1<\/span><\/li>\n<li style=\"text-align: left;\"><span style=\"font-family: arial, helvetica, sans-serif; font-size: 14pt;\">H\u01b0\u1edbng d\u1eabn s\u1eed d\u1ee5ng chi ti\u1ebft t\u00e0i kho\u1ea3n Offline<\/span><\/li>\n<\/ul>\n<p data-start=\"0\" data-end=\"22\"><span style=\"font-size: 18pt;\"><strong data-start=\"0\" data-end=\"20\">C\u1ea5u h\u00ecnh y\u00eau c\u1ea7u<\/strong><\/span><\/p>\n<ul>\n<li><span style=\"font-size: 14pt;\">T\u1ed1i thi\u1ec3u (Minimum):<\/span><br \/>\n<span style=\"font-size: 14pt;\">CPU: Intel Core i5-6600 \/ AMD Ryzen 3 3100 \/ Ryzen 5 2600<\/span><br \/>\n<span style=\"font-size: 14pt;\">RAM: 8 GB<\/span><br \/>\n<span style=\"font-size: 14pt;\">GPU: Nvidia GTX 1660 \/ AMD Radeon RX 590 \/ Intel Arc A750<\/span><br \/>\n<span style=\"font-size: 14pt;\">OS: Windows 10 64-bit<\/span><br \/>\n<span style=\"font-size: 14pt;\">Storage: 140 GB<\/span><\/li>\n<li><span style=\"font-size: 14pt;\">Khuy\u1ebfn ngh\u1ecb (Recommended):<\/span><br \/>\n<span style=\"font-size: 14pt;\">CPU: Intel Core i5-8400 \/ AMD Ryzen 5 3600X<\/span><br \/>\n<span style=\"font-size: 14pt;\">RAM: 8 GB<\/span><br \/>\n<span style=\"font-size: 14pt;\">GPU: Nvidia GTX 2080 Ti \/ AMD Radeon RX 5700 XT \/ Intel Arc A770<\/span><br \/>\n<span style=\"font-size: 14pt;\">OS: Windows 10 \/ Windows 11 64-bit<\/span><br \/>\n<span style=\"font-size: 14pt;\">Storage: 140 GB<\/span><\/li>\n<\/ul>\n<\/div>\n<\/div>\n<\/div>\n<div class=\"block game_media_and_summary_ctn\">\n<div class=\"apphub_HomeHeaderContent\">\n<div class=\"apphub_HeaderStandardTop\"><\/div>\n<\/div>\n<\/div>\n<div role=\"heading\" aria-level=\"1\"><\/div>\n<div class=\"apphub_HomeHeaderContent\"><\/div>","protected":false},"excerpt":{"rendered":"<p>T\u00e0i kho\u1ea3n Steam Offline g\u1ed3m 5 game, c\u00f3 th\u1ec3 c\u1eadp nh\u1eadt th\u00eam game \u0111\u1ed1i kh\u00e1ng v\u00e0o t\u00e0i kho\u1ea3n sau n\u00e0y:<\/p>\n<div class=\"page_title_area game_title_area page_content\" data-gpnav=\"columns\">\n<div class=\"apphub_HomeHeaderContent\">\n<div class=\"apphub_HeaderStandardTop\">\n<ol>\n<li><span style=\"font-family: arial, helvetica, sans-serif;\">Mortal Kombat 1 Definitive Edition<\/span><\/li>\n<li><span style=\"font-family: arial, helvetica, sans-serif;\">Mortal Kombat 11 Ultimate Edition<\/span><\/li>\n<li><span style=\"font-family: arial, helvetica, sans-serif;\">Mortal Kombat XL<\/span><span style=\"color: #1b1919; font-family: arial, helvetica, sans-serif;\"><br \/>\n<\/span><\/li>\n<li><span style=\"font-family: arial, helvetica, sans-serif;\">Injustice: Gods Among Us Ultimate Edition<\/span><\/li>\n<li><span style=\"font-family: arial, helvetica, sans-serif;\">Injustice 2 Legendary Edition<\/span><\/li>\n<\/ol>\n<\/div>\n<\/div>\n<\/div>","protected":false},"author":8,"featured_media":18285,"comment_status":"open","ping_status":"closed","template":"","meta":[],"product_brand":[],"product_cat":[429,345,370,369,342,349,344],"product_tag":[],"loai-tai-khoan":[422],"nam-phat-hanh":[407,409,411,413,396],"class_list":{"0":"post-18283","1":"product","2":"type-product","3":"status-publish","4":"has-post-thumbnail","6":"product_cat-denuvo","7":"product_cat-chien-thuat","8":"product_cat-coop","9":"product_cat-goc-nhin-thu-ba","10":"product_cat-hanh-dong","11":"product_cat-kinh-di","12":"product_cat-nhap-vai","13":"loai-tai-khoan-game-offline","14":"nam-phat-hanh-407","15":"nam-phat-hanh-409","16":"nam-phat-hanh-411","17":"nam-phat-hanh-413","18":"nam-phat-hanh-396","20":"first","21":"instock","22":"sale","23":"featured","24":"downloadable","25":"virtual","26":"purchasable","27":"product-type-simple"},"_links":{"self":[{"href":"https:\/\/toimuagame.com\/en\/wp-json\/wp\/v2\/product\/18283","targetHints":{"allow":["GET"]}}],"collection":[{"href":"https:\/\/toimuagame.com\/en\/wp-json\/wp\/v2\/product"}],"about":[{"href":"https:\/\/toimuagame.com\/en\/wp-json\/wp\/v2\/types\/product"}],"author":[{"embeddable":true,"href":"https:\/\/toimuagame.com\/en\/wp-json\/wp\/v2\/users\/8"}],"replies":[{"embeddable":true,"href":"https:\/\/toimuagame.com\/en\/wp-json\/wp\/v2\/comments?post=18283"}],"version-history":[{"count":0,"href":"https:\/\/toimuagame.com\/en\/wp-json\/wp\/v2\/product\/18283\/revisions"}],"wp:featuredmedia":[{"embeddable":true,"href":"https:\/\/toimuagame.com\/en\/wp-json\/wp\/v2\/media\/18285"}],"wp:attachment":[{"href":"https:\/\/toimuagame.com\/en\/wp-json\/wp\/v2\/media?parent=18283"}],"wp:term":[{"taxonomy":"product_brand","embeddable":true,"href":"https:\/\/toimuagame.com\/en\/wp-json\/wp\/v2\/product_brand?post=18283"},{"taxonomy":"product_cat","embeddable":true,"href":"https:\/\/toimuagame.com\/en\/wp-json\/wp\/v2\/product_cat?post=18283"},{"taxonomy":"product_tag","embeddable":true,"href":"https:\/\/toimuagame.com\/en\/wp-json\/wp\/v2\/product_tag?post=18283"},{"taxonomy":"loai-tai-khoan","embeddable":true,"href":"https:\/\/toimuagame.com\/en\/wp-json\/wp\/v2\/loai-tai-khoan?post=18283"},{"taxonomy":"nam-phat-hanh","embeddable":true,"href":"https:\/\/toimuagame.com\/en\/wp-json\/wp\/v2\/nam-phat-hanh?post=18283"}],"curies":[{"name":"wp","href":"https:\/\/api.w.org\/{rel}","templated":true}]}}