{"id":17978,"date":"2025-11-11T20:25:21","date_gmt":"2025-11-11T13:25:21","guid":{"rendered":"https:\/\/toimuagame.com\/?post_type=product&#038;p=17978"},"modified":"2026-02-13T00:46:35","modified_gmt":"2026-02-12T17:46:35","slug":"persona-3-portable-steam-offline","status":"publish","type":"product","link":"https:\/\/toimuagame.com\/en\/persona-3-portable-steam-offline\/","title":{"rendered":"Persona 3 Portable &#8211; Steam Offline"},"content":{"rendered":"<p><span style=\"font-size: 18pt; color: #333333; font-family: arial, helvetica, sans-serif;\"><b>Nh\u1eadn t\u00e0i kho\u1ea3n qua mail sau khi thanh to\u00e1n<\/b><\/span><\/p>\n<ul>\n<li><span style=\"font-family: arial, helvetica, sans-serif; font-size: 14pt;\" data-contrast=\"auto\">Ch\u01a1i Offline, l\u01b0u ti\u1ebfn tr\u00ecnh ri\u00eang, kh\u00f4ng lo m\u1ea5t save<\/span><\/li>\n<li style=\"text-align: left;\"><span style=\"font-family: arial, helvetica, sans-serif; font-size: 14pt;\" data-contrast=\"auto\">S\u1edf h\u1eefu v\u0129nh vi\u1ec5n, kh\u00f4ng gi\u1edbi h\u1ea1n th\u1eddi gian<\/span><\/li>\n<li style=\"text-align: left;\"><span style=\"font-family: arial, helvetica, sans-serif; font-size: 14pt;\" data-contrast=\"auto\">Ti\u1ebft ki\u1ec7m t\u1edbi h\u01a1n 90% so v\u1edbi mua t\u1eeb Steam<\/span><\/li>\n<li style=\"text-align: left;\"><span style=\"font-family: arial, helvetica, sans-serif; font-size: 14pt;\" data-contrast=\"auto\"> H\u1ed7 tr\u1ee3 Vi\u1ec7t H\u00f3a, mang l\u1ea1i tr\u1ea3i nghi\u1ec7m \u0111\u1ea7y \u0111\u1ee7<\/span><\/li>\n<li style=\"text-align: left;\"><span style=\"font-family: arial, helvetica, sans-serif; font-size: 14pt;\" data-contrast=\"auto\">Tho\u1ea3i m\u00e1i c\u00e0i Mods, Workshop theo \u00fd mu\u1ed1n<\/span><\/li>\n<li style=\"text-align: left;\"><span style=\"font-family: arial, helvetica, sans-serif; font-size: 14pt;\" data-contrast=\"auto\"> D\u00f9ng cho 1 thi\u1ebft b\u1ecb, kh\u00f4ng \u0111\u1ed5i \u0111\u01b0\u1ee3c email\/m\u1eadt kh\u1ea9u, kh\u00f4ng d\u00f9ng cho Net v\u00e0 Cloud Gaming<\/span><\/li>\n<li style=\"text-align: left;\"><span style=\"font-family: arial, helvetica, sans-serif; font-size: 14pt;\" data-contrast=\"auto\"> B\u1ea3o h\u00e0nh nhanh ch\u00f3ng n\u1ebfu g\u1eb7p s\u1ef1 c\u1ed1<\/span><\/li>\n<li style=\"text-align: left;\"><span style=\"font-family: arial, helvetica, sans-serif; font-size: 14pt;\">H\u01b0\u1edbng d\u1eabn s\u1eed d\u1ee5ng chi ti\u1ebft t\u00e0i kho\u1ea3n Offline<\/span><\/li>\n<\/ul>\n<p data-start=\"0\" data-end=\"22\"><span style=\"font-size: 18pt;\"><strong data-start=\"0\" data-end=\"20\">C\u1ea5u h\u00ecnh y\u00eau c\u1ea7u<\/strong><\/span><\/p>\n<ul>\n<li><span style=\"font-size: 14pt;\">T\u1ed1i thi\u1ec3u (Minimum):<\/span><br \/>\n<span style=\"font-size: 14pt;\">CPU: Intel Core i3-540 \/ AMD Phenom II X4 940<\/span><br \/>\n<span style=\"font-size: 14pt;\">RAM: 4 GB<\/span><br \/>\n<span style=\"font-size: 14pt;\">GPU: GT 730 1GB \/ R7 240 1GB<\/span><br \/>\n<span style=\"font-size: 14pt;\">OS: Windows 10<\/span><br \/>\n<span style=\"font-size: 14pt;\">Storage: 10 GB<\/span><\/li>\n<li><span style=\"font-size: 14pt;\">Khuy\u1ebfn ngh\u1ecb (Recommended):<\/span><br \/>\n<span style=\"font-size: 14pt;\">CPU: Intel Core i5-650 \/ AMD FX-4100<\/span><br \/>\n<span style=\"font-size: 14pt;\">RAM: 4 GB<\/span><br \/>\n<span style=\"font-size: 14pt;\">GPU: GTX 650 1GB \/ HD 5770 1GB<\/span><br \/>\n<span style=\"font-size: 14pt;\">OS: Windows 10<\/span><br \/>\n<span style=\"font-size: 14pt;\">Storage: 10 GB<\/span><\/li>\n<\/ul>","protected":false},"excerpt":{"rendered":"<div id=\"gameHeaderCtn\" class=\"game_header_ctn\">\n<div class=\"game_description_snippet\">If I say there\u2019s an hour \u201chidden\u201d between one day and the next&#8230; would you believe me? Master the power of the heart, Persona, and uncover the tragic truth of the Dark Hour.<\/div>\n<\/div>\n<div id=\"glanceMidCtn\" class=\"glance_mid_ctn\">\n<div class=\"glance_ctn_responsive_left\">\n<div id=\"userReviews\" class=\"user_reviews\"><\/div>\n<\/div>\n<\/div>","protected":false},"author":8,"featured_media":18061,"comment_status":"open","ping_status":"closed","template":"","meta":[],"product_brand":[291],"product_cat":[429,345,369,346,344,343,351],"product_tag":[],"loai-tai-khoan":[422],"nam-phat-hanh":[396],"class_list":{"0":"post-17978","1":"product","2":"type-product","3":"status-publish","4":"has-post-thumbnail","6":"product_brand-sega","7":"product_cat-denuvo","8":"product_cat-chien-thuat","9":"product_cat-goc-nhin-thu-ba","10":"product_cat-mo-phong","11":"product_cat-nhap-vai","12":"product_cat-phieu-luu","13":"product_cat-sandbox","14":"loai-tai-khoan-game-offline","15":"nam-phat-hanh-396","17":"first","18":"instock","19":"sale","20":"downloadable","21":"virtual","22":"purchasable","23":"product-type-simple"},"_links":{"self":[{"href":"https:\/\/toimuagame.com\/en\/wp-json\/wp\/v2\/product\/17978","targetHints":{"allow":["GET"]}}],"collection":[{"href":"https:\/\/toimuagame.com\/en\/wp-json\/wp\/v2\/product"}],"about":[{"href":"https:\/\/toimuagame.com\/en\/wp-json\/wp\/v2\/types\/product"}],"author":[{"embeddable":true,"href":"https:\/\/toimuagame.com\/en\/wp-json\/wp\/v2\/users\/8"}],"replies":[{"embeddable":true,"href":"https:\/\/toimuagame.com\/en\/wp-json\/wp\/v2\/comments?post=17978"}],"version-history":[{"count":0,"href":"https:\/\/toimuagame.com\/en\/wp-json\/wp\/v2\/product\/17978\/revisions"}],"wp:featuredmedia":[{"embeddable":true,"href":"https:\/\/toimuagame.com\/en\/wp-json\/wp\/v2\/media\/18061"}],"wp:attachment":[{"href":"https:\/\/toimuagame.com\/en\/wp-json\/wp\/v2\/media?parent=17978"}],"wp:term":[{"taxonomy":"product_brand","embeddable":true,"href":"https:\/\/toimuagame.com\/en\/wp-json\/wp\/v2\/product_brand?post=17978"},{"taxonomy":"product_cat","embeddable":true,"href":"https:\/\/toimuagame.com\/en\/wp-json\/wp\/v2\/product_cat?post=17978"},{"taxonomy":"product_tag","embeddable":true,"href":"https:\/\/toimuagame.com\/en\/wp-json\/wp\/v2\/product_tag?post=17978"},{"taxonomy":"loai-tai-khoan","embeddable":true,"href":"https:\/\/toimuagame.com\/en\/wp-json\/wp\/v2\/loai-tai-khoan?post=17978"},{"taxonomy":"nam-phat-hanh","embeddable":true,"href":"https:\/\/toimuagame.com\/en\/wp-json\/wp\/v2\/nam-phat-hanh?post=17978"}],"curies":[{"name":"wp","href":"https:\/\/api.w.org\/{rel}","templated":true}]}}