{"id":17683,"date":"2025-10-04T15:27:56","date_gmt":"2025-10-04T08:27:56","guid":{"rendered":"https:\/\/toimuagame.com\/?post_type=product&#038;p=17683"},"modified":"2026-02-13T00:37:51","modified_gmt":"2026-02-12T17:37:51","slug":"streamer-life-simulator-1-2-steam-offline","status":"publish","type":"product","link":"https:\/\/toimuagame.com\/en\/streamer-life-simulator-1-2-steam-offline\/","title":{"rendered":"Streamer Life Simulator 1 + 2 &#8211; Steam Offline"},"content":{"rendered":"<p><span style=\"font-size: 18pt; color: #333333; font-family: arial, helvetica, sans-serif;\"><b>Nh\u1eadn t\u00e0i kho\u1ea3n qua mail sau khi thanh to\u00e1n<\/b><\/span><\/p>\n<ul>\n<li><span style=\"font-family: arial, helvetica, sans-serif; font-size: 14pt;\" data-contrast=\"auto\">Ch\u01a1i Offline, l\u01b0u ti\u1ebfn tr\u00ecnh ri\u00eang, kh\u00f4ng lo m\u1ea5t save<\/span><\/li>\n<li style=\"text-align: left;\"><span style=\"font-family: arial, helvetica, sans-serif; font-size: 14pt;\" data-contrast=\"auto\">S\u1edf h\u1eefu v\u0129nh vi\u1ec5n, kh\u00f4ng gi\u1edbi h\u1ea1n th\u1eddi gian<\/span><\/li>\n<li style=\"text-align: left;\"><span style=\"font-family: arial, helvetica, sans-serif; font-size: 14pt;\" data-contrast=\"auto\">Ti\u1ebft ki\u1ec7m t\u1edbi h\u01a1n 90% so v\u1edbi mua t\u1eeb Steam<\/span><\/li>\n<li style=\"text-align: left;\"><span style=\"font-family: arial, helvetica, sans-serif; font-size: 14pt;\" data-contrast=\"auto\"> H\u1ed7 tr\u1ee3 Vi\u1ec7t H\u00f3a, mang l\u1ea1i tr\u1ea3i nghi\u1ec7m \u0111\u1ea7y \u0111\u1ee7<\/span><\/li>\n<li style=\"text-align: left;\"><span style=\"font-family: arial, helvetica, sans-serif; font-size: 14pt;\" data-contrast=\"auto\">Tho\u1ea3i m\u00e1i c\u00e0i Mods, Workshop theo \u00fd mu\u1ed1n<\/span><\/li>\n<li style=\"text-align: left;\"><span style=\"font-family: arial, helvetica, sans-serif; font-size: 14pt;\" data-contrast=\"auto\"> D\u00f9ng cho 1 thi\u1ebft b\u1ecb, kh\u00f4ng \u0111\u1ed5i \u0111\u01b0\u1ee3c email\/m\u1eadt kh\u1ea9u, kh\u00f4ng d\u00f9ng cho Net v\u00e0 Cloud Gaming<\/span><\/li>\n<li style=\"text-align: left;\"><span style=\"font-family: arial, helvetica, sans-serif; font-size: 14pt;\" data-contrast=\"auto\"> B\u1ea3o h\u00e0nh nhanh ch\u00f3ng n\u1ebfu g\u1eb7p s\u1ef1 c\u1ed1<\/span><\/li>\n<li style=\"text-align: left;\"><span style=\"font-family: arial, helvetica, sans-serif; font-size: 14pt;\">H\u01b0\u1edbng d\u1eabn s\u1eed d\u1ee5ng chi ti\u1ebft t\u00e0i kho\u1ea3n Offline<\/span><\/li>\n<\/ul>\n<p data-start=\"0\" data-end=\"22\"><span style=\"font-size: 18pt;\"><strong data-start=\"0\" data-end=\"20\">C\u1ea5u h\u00ecnh y\u00eau c\u1ea7u<\/strong><\/span><\/p>\n<ul>\n<li><span style=\"font-size: 14pt;\">T\u1ed1i thi\u1ec3u (Minimum):<\/span><br \/>\n<span style=\"font-size: 14pt;\">CPU: Intel Core i5-4430 \/ AMD FX-6300<\/span><br \/>\n<span style=\"font-size: 14pt;\">RAM: 8 GB<\/span><br \/>\n<span style=\"font-size: 14pt;\">GPU: NVIDIA GeForce GTX 1050 Ti \/ AMD Radeon RX 570<\/span><br \/>\n<span style=\"font-size: 14pt;\">OS: Windows 10<\/span><br \/>\n<span style=\"font-size: 14pt;\">Storage: 10 GB<\/span><\/li>\n<li><span style=\"font-size: 14pt;\">Khuy\u1ebfn ngh\u1ecb (Recommended):<\/span><br \/>\n<span style=\"font-size: 14pt;\">CPU: Intel Core i5-10600 \/ AMD Ryzen 5 3600<\/span><br \/>\n<span style=\"font-size: 14pt;\">RAM: 8 GB<\/span><br \/>\n<span style=\"font-size: 14pt;\">GPU: NVIDIA GeForce RTX 2060 \/ AMD Radeon RX 5700<\/span><br \/>\n<span style=\"font-size: 14pt;\">OS: Windows 10<\/span><br \/>\n<span style=\"font-size: 14pt;\">Storage: 10 GB<\/span><\/li>\n<\/ul>","protected":false},"excerpt":{"rendered":"<div class=\"game_description_snippet\">\n<div class=\"elementor-element elementor-element-c5fda06 wd-single-short-desc text-left elementor-widget elementor-widget-wd_single_product_short_description\" data-id=\"c5fda06\" data-element_type=\"widget\" data-widget_type=\"wd_single_product_short_description.default\">\n<div class=\"elementor-widget-container\">\n<div class=\"woocommerce-product-details__short-description\">\n<p><span style=\"font-size: 12pt;\">T\u00e0i kho\u1ea3n Steam Offline g\u1ed3m 2 game:<\/span><\/p>\n<div class=\"apphub_HeaderStandardTop\">\n<ol>\n<li>Streamer Life Simulator 1<\/li>\n<li class=\"page_title_area game_title_area page_content\" data-gpnav=\"columns\">\n<div class=\"apphub_HomeHeaderContent\">\n<div class=\"apphub_HeaderStandardTop\">\n<div id=\"appHubAppName\" class=\"apphub_AppName\" role=\"heading\" aria-level=\"1\">Streamer Life Simulator 2<\/div>\n<\/div>\n<\/div>\n<\/li>\n<\/ol>\n<\/div>\n<\/div>\n<\/div>\n<\/div>\n<div class=\"elementor-element elementor-element-ee6a305 wd-btn-design-full wd-single-add-cart text-left wd-design-default wd-swatch-layout-default elementor-widget elementor-widget-wd_single_product_add_to_cart\" data-id=\"ee6a305\" data-element_type=\"widget\" data-widget_type=\"wd_single_product_add_to_cart.default\">\n<div class=\"elementor-widget-container\">\n<div class=\"yith-par-message yith-par-message-product\"><\/div>\n<\/div>\n<\/div>\n<\/div>\n<div class=\"glance_ctn_responsive_left\">\n<div id=\"userReviews\" class=\"user_reviews\">\n<div class=\"glance_ctn_responsive_left\">\n<div id=\"userReviews\" class=\"user_reviews\"><\/div>\n<\/div>\n<\/div>\n<\/div>","protected":false},"author":8,"featured_media":17684,"comment_status":"open","ping_status":"closed","template":"","meta":[],"product_brand":[],"product_cat":[368,346,344,351,352,371],"product_tag":[],"loai-tai-khoan":[422],"nam-phat-hanh":[418,414],"class_list":{"0":"post-17683","1":"product","2":"type-product","3":"status-publish","4":"has-post-thumbnail","6":"product_cat-goc-nhin-thu-nhat","7":"product_cat-mo-phong","8":"product_cat-nhap-vai","9":"product_cat-sandbox","10":"product_cat-the-gioi-mo","11":"product_cat-viet-hoa","12":"loai-tai-khoan-game-offline","13":"nam-phat-hanh-418","14":"nam-phat-hanh-414","16":"first","17":"instock","18":"downloadable","19":"virtual","20":"purchasable","21":"product-type-simple"},"_links":{"self":[{"href":"https:\/\/toimuagame.com\/en\/wp-json\/wp\/v2\/product\/17683","targetHints":{"allow":["GET"]}}],"collection":[{"href":"https:\/\/toimuagame.com\/en\/wp-json\/wp\/v2\/product"}],"about":[{"href":"https:\/\/toimuagame.com\/en\/wp-json\/wp\/v2\/types\/product"}],"author":[{"embeddable":true,"href":"https:\/\/toimuagame.com\/en\/wp-json\/wp\/v2\/users\/8"}],"replies":[{"embeddable":true,"href":"https:\/\/toimuagame.com\/en\/wp-json\/wp\/v2\/comments?post=17683"}],"version-history":[{"count":0,"href":"https:\/\/toimuagame.com\/en\/wp-json\/wp\/v2\/product\/17683\/revisions"}],"wp:featuredmedia":[{"embeddable":true,"href":"https:\/\/toimuagame.com\/en\/wp-json\/wp\/v2\/media\/17684"}],"wp:attachment":[{"href":"https:\/\/toimuagame.com\/en\/wp-json\/wp\/v2\/media?parent=17683"}],"wp:term":[{"taxonomy":"product_brand","embeddable":true,"href":"https:\/\/toimuagame.com\/en\/wp-json\/wp\/v2\/product_brand?post=17683"},{"taxonomy":"product_cat","embeddable":true,"href":"https:\/\/toimuagame.com\/en\/wp-json\/wp\/v2\/product_cat?post=17683"},{"taxonomy":"product_tag","embeddable":true,"href":"https:\/\/toimuagame.com\/en\/wp-json\/wp\/v2\/product_tag?post=17683"},{"taxonomy":"loai-tai-khoan","embeddable":true,"href":"https:\/\/toimuagame.com\/en\/wp-json\/wp\/v2\/loai-tai-khoan?post=17683"},{"taxonomy":"nam-phat-hanh","embeddable":true,"href":"https:\/\/toimuagame.com\/en\/wp-json\/wp\/v2\/nam-phat-hanh?post=17683"}],"curies":[{"name":"wp","href":"https:\/\/api.w.org\/{rel}","templated":true}]}}