{"id":17378,"date":"2025-09-12T21:19:55","date_gmt":"2025-09-12T14:19:55","guid":{"rendered":"https:\/\/toimuagame.com\/?post_type=product&#038;p=17378"},"modified":"2025-11-18T16:06:51","modified_gmt":"2025-11-18T09:06:51","slug":"the-sims-4-full-dlc","status":"publish","type":"product","link":"https:\/\/toimuagame.com\/en\/the-sims-4-full-dlc\/","title":{"rendered":"The Sims 4 + Full DLC"},"content":{"rendered":"<p><span style=\"font-size: 18pt; color: #333333; font-family: arial, helvetica, sans-serif;\"><b>Nh\u1eadn t\u00e0i kho\u1ea3n qua mail sau khi thanh to\u00e1n<\/b><\/span><\/p>\n<ul>\n<li><span style=\"font-family: arial, helvetica, sans-serif; font-size: 14pt;\" data-contrast=\"auto\">Ch\u01a1i Offline, l\u01b0u ti\u1ebfn tr\u00ecnh ri\u00eang, kh\u00f4ng lo m\u1ea5t save<\/span><\/li>\n<li><span style=\"font-family: arial, helvetica, sans-serif; font-size: 14pt;\" data-contrast=\"auto\">S\u1edf h\u1eefu v\u0129nh vi\u1ec5n, kh\u00f4ng gi\u1edbi h\u1ea1n th\u1eddi gian<\/span><\/li>\n<li style=\"text-align: left;\"><span style=\"font-family: arial, helvetica, sans-serif; font-size: 14pt;\" data-contrast=\"auto\">Ti\u1ebft ki\u1ec7m t\u1edbi h\u01a1n 90% so v\u1edbi mua t\u1eeb Steam<\/span><\/li>\n<li style=\"text-align: left;\"><span style=\"font-family: arial, helvetica, sans-serif; font-size: 14pt;\" data-contrast=\"auto\"> H\u1ed7 tr\u1ee3 Vi\u1ec7t H\u00f3a, mang l\u1ea1i tr\u1ea3i nghi\u1ec7m \u0111\u1ea7y \u0111\u1ee7<\/span><\/li>\n<li style=\"text-align: left;\"><span style=\"font-family: arial, helvetica, sans-serif; font-size: 14pt;\" data-contrast=\"auto\">Tho\u1ea3i m\u00e1i c\u00e0i Mods, Workshop theo \u00fd mu\u1ed1n<\/span><\/li>\n<li style=\"text-align: left;\"><span style=\"font-family: arial, helvetica, sans-serif; font-size: 14pt;\" data-contrast=\"auto\"> D\u00f9ng cho 1 thi\u1ebft b\u1ecb, kh\u00f4ng \u0111\u1ed5i \u0111\u01b0\u1ee3c email\/m\u1eadt kh\u1ea9u, kh\u00f4ng d\u00f9ng cho Net v\u00e0 Cloud Gaming<\/span><\/li>\n<li style=\"text-align: left;\"><span style=\"font-family: arial, helvetica, sans-serif; font-size: 14pt;\" data-contrast=\"auto\"> B\u1ea3o h\u00e0nh nhanh ch\u00f3ng n\u1ebfu g\u1eb7p s\u1ef1 c\u1ed1<\/span><\/li>\n<li style=\"text-align: left;\"><span style=\"font-family: arial, helvetica, sans-serif; font-size: 14pt;\">H\u01b0\u1edbng d\u1eabn s\u1eed d\u1ee5ng chi ti\u1ebft t\u00e0i kho\u1ea3n Offline<\/span><\/li>\n<\/ul>\n<p data-start=\"0\" data-end=\"22\"><span style=\"font-size: 18pt;\"><strong data-start=\"0\" data-end=\"20\">C\u1ea5u h\u00ecnh y\u00eau c\u1ea7u<\/strong><\/span><\/p>\n<ul>\n<li data-start=\"0\" data-end=\"285\"><span style=\"font-size: 14pt;\">T\u1ed1i thi\u1ec3u (Minimum):<\/span><br data-start=\"20\" data-end=\"23\" \/><span style=\"font-size: 14pt;\">CPU: 3.3 GHz Intel Core i3-3220 (2 cores, 4 threads), AMD Ryzen 3 1200 3.1 GHz (4 cores) ho\u1eb7c cao h\u01a1n<\/span><br data-start=\"124\" data-end=\"127\" \/><span style=\"font-size: 14pt;\">RAM: 4 GB<\/span><br data-start=\"136\" data-end=\"139\" \/><span style=\"font-size: 14pt;\">GPU: 128 MB Video RAM, h\u1ed7 tr\u1ee3 Pixel Shader 3.0 (NVIDIA GeForce 6600, ATI Radeon X1300, Intel GMA X4500)<\/span><br data-start=\"242\" data-end=\"245\" \/><span style=\"font-size: 14pt;\">OS: 64 Bit Windows 10<\/span><br data-start=\"266\" data-end=\"269\" \/><span style=\"font-size: 14pt;\">Storage: 26 GB<\/span><\/li>\n<li data-start=\"287\" data-end=\"495\"><span style=\"font-size: 14pt;\">Khuy\u1ebfn ngh\u1ecb (Recommended):<\/span><br data-start=\"313\" data-end=\"316\" \/><span style=\"font-size: 14pt;\">CPU: Intel Core i5 (4 cores), AMD Ryzen 5 ho\u1eb7c cao h\u01a1n<\/span><br data-start=\"370\" data-end=\"373\" \/><span style=\"font-size: 14pt;\">RAM: 8 GB<\/span><br data-start=\"382\" data-end=\"385\" \/><span style=\"font-size: 14pt;\">GPU: 1 GB Video RAM (NVIDIA GTX 650, AMD Radeon HD 7750 ho\u1eb7c cao h\u01a1n)<\/span><br data-start=\"454\" data-end=\"457\" \/><span style=\"font-size: 14pt;\">OS: 64 Bit Windows 10<\/span><br data-start=\"478\" data-end=\"481\" \/><span style=\"font-size: 14pt;\">Storage: 51 GB<\/span><\/li>\n<\/ul>","protected":false},"excerpt":{"rendered":"<p>Play with life and discover the possibilities. Unleash your imagination and create a world of Sims that\u2019s wholly unique. Explore and customize every detail from Sims to homes\u2013and much more.<\/p>","protected":false},"author":8,"featured_media":17382,"comment_status":"open","ping_status":"closed","template":"","meta":[],"product_brand":[283],"product_cat":[346,344,351,371],"product_tag":[],"loai-tai-khoan":[422],"nam-phat-hanh":[408],"class_list":{"0":"post-17378","1":"product","2":"type-product","3":"status-publish","4":"has-post-thumbnail","6":"product_brand-ea","7":"product_cat-mo-phong","8":"product_cat-nhap-vai","9":"product_cat-sandbox","10":"product_cat-viet-hoa","11":"loai-tai-khoan-game-offline","12":"nam-phat-hanh-408","14":"first","15":"instock","16":"downloadable","17":"virtual","18":"purchasable","19":"product-type-simple"},"_links":{"self":[{"href":"https:\/\/toimuagame.com\/en\/wp-json\/wp\/v2\/product\/17378","targetHints":{"allow":["GET"]}}],"collection":[{"href":"https:\/\/toimuagame.com\/en\/wp-json\/wp\/v2\/product"}],"about":[{"href":"https:\/\/toimuagame.com\/en\/wp-json\/wp\/v2\/types\/product"}],"author":[{"embeddable":true,"href":"https:\/\/toimuagame.com\/en\/wp-json\/wp\/v2\/users\/8"}],"replies":[{"embeddable":true,"href":"https:\/\/toimuagame.com\/en\/wp-json\/wp\/v2\/comments?post=17378"}],"version-history":[{"count":0,"href":"https:\/\/toimuagame.com\/en\/wp-json\/wp\/v2\/product\/17378\/revisions"}],"wp:featuredmedia":[{"embeddable":true,"href":"https:\/\/toimuagame.com\/en\/wp-json\/wp\/v2\/media\/17382"}],"wp:attachment":[{"href":"https:\/\/toimuagame.com\/en\/wp-json\/wp\/v2\/media?parent=17378"}],"wp:term":[{"taxonomy":"product_brand","embeddable":true,"href":"https:\/\/toimuagame.com\/en\/wp-json\/wp\/v2\/product_brand?post=17378"},{"taxonomy":"product_cat","embeddable":true,"href":"https:\/\/toimuagame.com\/en\/wp-json\/wp\/v2\/product_cat?post=17378"},{"taxonomy":"product_tag","embeddable":true,"href":"https:\/\/toimuagame.com\/en\/wp-json\/wp\/v2\/product_tag?post=17378"},{"taxonomy":"loai-tai-khoan","embeddable":true,"href":"https:\/\/toimuagame.com\/en\/wp-json\/wp\/v2\/loai-tai-khoan?post=17378"},{"taxonomy":"nam-phat-hanh","embeddable":true,"href":"https:\/\/toimuagame.com\/en\/wp-json\/wp\/v2\/nam-phat-hanh?post=17378"}],"curies":[{"name":"wp","href":"https:\/\/api.w.org\/{rel}","templated":true}]}}