{"id":17327,"date":"2025-09-12T00:02:55","date_gmt":"2025-09-11T17:02:55","guid":{"rendered":"https:\/\/toimuagame.com\/?post_type=product&#038;p=17327"},"modified":"2026-02-13T00:31:37","modified_gmt":"2026-02-12T17:31:37","slug":"borderlands-4-super-deluxe-edition-steam-offline","status":"publish","type":"product","link":"https:\/\/toimuagame.com\/en\/borderlands-4-super-deluxe-edition-steam-offline\/","title":{"rendered":"Borderlands 4 Super Deluxe Edition &#8211; Steam Offline"},"content":{"rendered":"<p><span style=\"font-size: 18pt; color: #333333; font-family: arial, helvetica, sans-serif;\"><b>Nh\u1eadn t\u00e0i kho\u1ea3n qua mail sau khi thanh to\u00e1n<\/b><\/span><\/p>\n<ul>\n<li><span style=\"font-family: arial, helvetica, sans-serif; font-size: 14pt;\" data-contrast=\"auto\">Ch\u01a1i Offline, l\u01b0u ti\u1ebfn tr\u00ecnh ri\u00eang, kh\u00f4ng lo m\u1ea5t save<\/span><\/li>\n<li><span style=\"font-family: arial, helvetica, sans-serif; font-size: 14pt;\" data-contrast=\"auto\">S\u1edf h\u1eefu v\u0129nh vi\u1ec5n, kh\u00f4ng gi\u1edbi h\u1ea1n th\u1eddi gian<\/span><\/li>\n<li style=\"text-align: left;\"><span style=\"font-family: arial, helvetica, sans-serif; font-size: 14pt;\" data-contrast=\"auto\">Ti\u1ebft ki\u1ec7m t\u1edbi h\u01a1n 90% so v\u1edbi mua t\u1eeb Steam<\/span><\/li>\n<li style=\"text-align: left;\"><span style=\"font-family: arial, helvetica, sans-serif; font-size: 14pt;\" data-contrast=\"auto\"> H\u1ed7 tr\u1ee3 Vi\u1ec7t H\u00f3a, mang l\u1ea1i tr\u1ea3i nghi\u1ec7m \u0111\u1ea7y \u0111\u1ee7<\/span><\/li>\n<li style=\"text-align: left;\"><span style=\"font-family: arial, helvetica, sans-serif; font-size: 14pt;\" data-contrast=\"auto\">Tho\u1ea3i m\u00e1i c\u00e0i Mods, Workshop theo \u00fd mu\u1ed1n<\/span><\/li>\n<li style=\"text-align: left;\"><span style=\"font-family: arial, helvetica, sans-serif; font-size: 14pt;\" data-contrast=\"auto\"> D\u00f9ng cho 1 thi\u1ebft b\u1ecb, kh\u00f4ng \u0111\u1ed5i \u0111\u01b0\u1ee3c email\/m\u1eadt kh\u1ea9u, kh\u00f4ng d\u00f9ng cho Net v\u00e0 Cloud Gaming<\/span><\/li>\n<li style=\"text-align: left;\"><span style=\"font-family: arial, helvetica, sans-serif; font-size: 14pt;\" data-contrast=\"auto\"> B\u1ea3o h\u00e0nh nhanh ch\u00f3ng n\u1ebfu g\u1eb7p s\u1ef1 c\u1ed1<\/span><\/li>\n<li style=\"text-align: left;\"><span style=\"font-family: arial, helvetica, sans-serif; font-size: 14pt;\">H\u01b0\u1edbng d\u1eabn s\u1eed d\u1ee5ng chi ti\u1ebft t\u00e0i kho\u1ea3n Offline<\/span><\/li>\n<\/ul>\n<p data-start=\"0\" data-end=\"22\"><span style=\"font-size: 18pt;\"><strong data-start=\"0\" data-end=\"20\">C\u1ea5u h\u00ecnh y\u00eau c\u1ea7u<\/strong><\/span><\/p>\n<ul>\n<li data-start=\"0\" data-end=\"201\"><span style=\"font-size: 14pt;\">T\u1ed1i thi\u1ec3u (Minimum):<\/span><br data-start=\"20\" data-end=\"23\" \/><span style=\"font-size: 14pt;\">CPU: Intel Core i7-9700 \/ AMD Ryzen 7 2700X<\/span><br data-start=\"66\" data-end=\"69\" \/><span style=\"font-size: 14pt;\">RAM: 16 GB<\/span><br data-start=\"79\" data-end=\"82\" \/><span style=\"font-size: 14pt;\">GPU: NVIDIA GeForce RTX 2070 \/ AMD Radeon RX 5700 XT \/ Intel Arc A580<\/span><br data-start=\"151\" data-end=\"154\" \/><span style=\"font-size: 14pt;\">OS: Windows 10 \/ Windows 11<\/span><br data-start=\"181\" data-end=\"184\" \/><span style=\"font-size: 14pt;\">Storage: 100 GB<\/span><\/li>\n<li data-start=\"203\" data-end=\"409\"><span style=\"font-size: 14pt;\">Khuy\u1ebfn ngh\u1ecb (Recommended):<\/span><br data-start=\"229\" data-end=\"232\" \/><span style=\"font-size: 14pt;\">CPU: Intel Core i7-12700 \/ AMD Ryzen 7 5800X<\/span><br data-start=\"276\" data-end=\"279\" \/><span style=\"font-size: 14pt;\">RAM: 32 GB<\/span><br data-start=\"289\" data-end=\"292\" \/><span style=\"font-size: 14pt;\">GPU: NVIDIA GeForce RTX 3080 \/ AMD Radeon RX 6800 XT \/ Intel Arc B580<\/span><br data-start=\"361\" data-end=\"364\" \/><span style=\"font-size: 14pt;\">OS: Windows 10 \/ Windows 11<\/span><br data-start=\"391\" data-end=\"394\" \/><span style=\"font-size: 14pt;\">Storage: 100 GB<\/span><\/li>\n<\/ul>","protected":false},"excerpt":{"rendered":"<div class=\"game_description_snippet\">Borderlands 4 is a mayhem-fueled looter shooter, jam-packed with billions of weapons, deadly enemies, and intense co-op action. Break free from a dangerous hidden planet as one of four new badass Vault Hunters.<\/div>\n<div class=\"glance_ctn_responsive_left\">\n<div id=\"userReviews\" class=\"user_reviews\"><\/div>\n<\/div>","protected":false},"author":8,"featured_media":17331,"comment_status":"open","ping_status":"closed","template":"","meta":[],"product_brand":[290],"product_cat":[429,354,370,368,344,343],"product_tag":[],"loai-tai-khoan":[422],"nam-phat-hanh":[418],"class_list":{"0":"post-17327","1":"product","2":"type-product","3":"status-publish","4":"has-post-thumbnail","6":"product_brand-2k","7":"product_cat-denuvo","8":"product_cat-ban-sung-fps-tps","9":"product_cat-coop","10":"product_cat-goc-nhin-thu-nhat","11":"product_cat-nhap-vai","12":"product_cat-phieu-luu","13":"loai-tai-khoan-game-offline","14":"nam-phat-hanh-418","16":"first","17":"instock","18":"sale","19":"downloadable","20":"virtual","21":"purchasable","22":"product-type-simple"},"_links":{"self":[{"href":"https:\/\/toimuagame.com\/en\/wp-json\/wp\/v2\/product\/17327","targetHints":{"allow":["GET"]}}],"collection":[{"href":"https:\/\/toimuagame.com\/en\/wp-json\/wp\/v2\/product"}],"about":[{"href":"https:\/\/toimuagame.com\/en\/wp-json\/wp\/v2\/types\/product"}],"author":[{"embeddable":true,"href":"https:\/\/toimuagame.com\/en\/wp-json\/wp\/v2\/users\/8"}],"replies":[{"embeddable":true,"href":"https:\/\/toimuagame.com\/en\/wp-json\/wp\/v2\/comments?post=17327"}],"version-history":[{"count":0,"href":"https:\/\/toimuagame.com\/en\/wp-json\/wp\/v2\/product\/17327\/revisions"}],"wp:featuredmedia":[{"embeddable":true,"href":"https:\/\/toimuagame.com\/en\/wp-json\/wp\/v2\/media\/17331"}],"wp:attachment":[{"href":"https:\/\/toimuagame.com\/en\/wp-json\/wp\/v2\/media?parent=17327"}],"wp:term":[{"taxonomy":"product_brand","embeddable":true,"href":"https:\/\/toimuagame.com\/en\/wp-json\/wp\/v2\/product_brand?post=17327"},{"taxonomy":"product_cat","embeddable":true,"href":"https:\/\/toimuagame.com\/en\/wp-json\/wp\/v2\/product_cat?post=17327"},{"taxonomy":"product_tag","embeddable":true,"href":"https:\/\/toimuagame.com\/en\/wp-json\/wp\/v2\/product_tag?post=17327"},{"taxonomy":"loai-tai-khoan","embeddable":true,"href":"https:\/\/toimuagame.com\/en\/wp-json\/wp\/v2\/loai-tai-khoan?post=17327"},{"taxonomy":"nam-phat-hanh","embeddable":true,"href":"https:\/\/toimuagame.com\/en\/wp-json\/wp\/v2\/nam-phat-hanh?post=17327"}],"curies":[{"name":"wp","href":"https:\/\/api.w.org\/{rel}","templated":true}]}}