{"id":17052,"date":"2025-09-10T20:56:54","date_gmt":"2025-09-10T13:56:54","guid":{"rendered":"https:\/\/toimuagame.com\/?post_type=product&#038;p=17052"},"modified":"2026-02-13T00:30:48","modified_gmt":"2026-02-12T17:30:48","slug":"monster-hunter-wilds-deluxe-edition-steam-offline","status":"publish","type":"product","link":"https:\/\/toimuagame.com\/en\/monster-hunter-wilds-deluxe-edition-steam-offline\/","title":{"rendered":"Monster Hunter Wilds Deluxe Edition &#8211; Steam Offline"},"content":{"rendered":"<p><span style=\"font-size: 18pt; color: #333333; font-family: arial, helvetica, sans-serif;\"><b>Nh\u1eadn t\u00e0i kho\u1ea3n qua mail sau khi thanh to\u00e1n<\/b><\/span><\/p>\n<ul>\n<li><span style=\"font-family: arial, helvetica, sans-serif; font-size: 14pt;\" data-contrast=\"auto\">Ch\u01a1i Offline, l\u01b0u ti\u1ebfn tr\u00ecnh ri\u00eang, kh\u00f4ng lo m\u1ea5t save<\/span><\/li>\n<li><span style=\"font-family: arial, helvetica, sans-serif; font-size: 14pt;\" data-contrast=\"auto\">S\u1edf h\u1eefu v\u0129nh vi\u1ec5n, kh\u00f4ng gi\u1edbi h\u1ea1n th\u1eddi gian<\/span><\/li>\n<li style=\"text-align: left;\"><span style=\"font-family: arial, helvetica, sans-serif; font-size: 14pt;\" data-contrast=\"auto\">Ti\u1ebft ki\u1ec7m t\u1edbi h\u01a1n 90% so v\u1edbi mua t\u1eeb Steam<\/span><\/li>\n<li style=\"text-align: left;\"><span style=\"font-family: arial, helvetica, sans-serif; font-size: 14pt;\" data-contrast=\"auto\"> H\u1ed7 tr\u1ee3 Vi\u1ec7t H\u00f3a, mang l\u1ea1i tr\u1ea3i nghi\u1ec7m \u0111\u1ea7y \u0111\u1ee7<\/span><\/li>\n<li style=\"text-align: left;\"><span style=\"font-family: arial, helvetica, sans-serif; font-size: 14pt;\" data-contrast=\"auto\">Tho\u1ea3i m\u00e1i c\u00e0i Mods, Workshop theo \u00fd mu\u1ed1n<\/span><\/li>\n<li style=\"text-align: left;\"><span style=\"font-family: arial, helvetica, sans-serif; font-size: 14pt;\" data-contrast=\"auto\"> D\u00f9ng cho 1 thi\u1ebft b\u1ecb, kh\u00f4ng \u0111\u1ed5i \u0111\u01b0\u1ee3c email\/m\u1eadt kh\u1ea9u, kh\u00f4ng d\u00f9ng cho Net v\u00e0 Cloud Gaming<\/span><\/li>\n<li style=\"text-align: left;\"><span style=\"font-family: arial, helvetica, sans-serif; font-size: 14pt;\" data-contrast=\"auto\"> B\u1ea3o h\u00e0nh nhanh ch\u00f3ng n\u1ebfu g\u1eb7p s\u1ef1 c\u1ed1<\/span><\/li>\n<li style=\"text-align: left;\"><span style=\"font-family: arial, helvetica, sans-serif; font-size: 14pt;\">H\u01b0\u1edbng d\u1eabn s\u1eed d\u1ee5ng chi ti\u1ebft t\u00e0i kho\u1ea3n Offline<\/span><\/li>\n<\/ul>\n<p data-start=\"0\" data-end=\"22\"><span style=\"font-size: 18pt;\"><strong data-start=\"0\" data-end=\"20\">C\u1ea5u h\u00ecnh y\u00eau c\u1ea7u<\/strong><\/span><\/p>\n<ul>\n<li data-start=\"24\" data-end=\"257\"><span style=\"font-size: 14pt;\">T\u1ed1i thi\u1ec3u (Minimum):<\/span><br data-start=\"44\" data-end=\"47\" \/><span style=\"font-size: 14pt;\">CPU: Intel Core i5-10400 \/ Intel Core i3-12100 \/ AMD Ryzen 5 3600<\/span><br data-start=\"112\" data-end=\"115\" data-is-only-node=\"\" \/><span style=\"font-size: 14pt;\">RAM: 16 GB<\/span><br data-start=\"125\" data-end=\"128\" \/><span style=\"font-size: 14pt;\">GPU: NVIDIA GeForce GTX 1660 6GB \/ AMD Radeon RX 5500 XT 8GB<\/span><br data-start=\"188\" data-end=\"191\" \/><span style=\"font-size: 14pt;\">OS: Windows 10 64-bit \/ Windows 11 64-bit<\/span><br data-start=\"232\" data-end=\"235\" \/><span style=\"font-size: 14pt;\">Storage: 75 GB tr\u1ed1ng<\/span><\/li>\n<li data-start=\"259\" data-end=\"499\"><span style=\"font-size: 14pt;\">Khuy\u1ebfn ngh\u1ecb (Recommended):<\/span><br data-start=\"285\" data-end=\"288\" \/><span style=\"font-size: 14pt;\">CPU: Intel Core i5-10400 \/ Intel Core i3-12100 \/ AMD Ryzen 5 3600<\/span><br data-start=\"353\" data-end=\"356\" data-is-only-node=\"\" \/><span style=\"font-size: 14pt;\">RAM: 16 GB<\/span><br data-start=\"366\" data-end=\"369\" \/><span style=\"font-size: 14pt;\">GPU: NVIDIA GeForce RTX 2060 Super 8GB \/ AMD Radeon RX 6600 8GB<\/span><br data-start=\"432\" data-end=\"435\" \/><span style=\"font-size: 14pt;\">OS: Windows 10 64-bit \/ Windows 11 64-bit<\/span><br data-start=\"476\" data-end=\"479\" \/><span style=\"font-size: 14pt;\">Storage: 75 GB tr\u1ed1ng<\/span><\/li>\n<\/ul>","protected":false},"excerpt":{"rendered":"<div class=\"game_description_snippet\">The unbridled force of nature runs wild and relentless, with environments transforming drastically from one moment to the next. This is a story of monsters and humans and their struggles to live in harmony in a world of duality.<\/div>\n<div class=\"glance_ctn_responsive_left\">\n<div id=\"userReviews\" class=\"user_reviews\"><\/div>\n<\/div>","protected":false},"author":8,"featured_media":17053,"comment_status":"open","ping_status":"closed","template":"","meta":[],"product_brand":[287],"product_cat":[429,369,342,346,344,343,353,352,371],"product_tag":[],"loai-tai-khoan":[422],"nam-phat-hanh":[418],"class_list":{"0":"post-17052","1":"product","2":"type-product","3":"status-publish","4":"has-post-thumbnail","6":"product_brand-capcom","7":"product_cat-denuvo","8":"product_cat-goc-nhin-thu-ba","9":"product_cat-hanh-dong","10":"product_cat-mo-phong","11":"product_cat-nhap-vai","12":"product_cat-phieu-luu","13":"product_cat-sinh-ton","14":"product_cat-the-gioi-mo","15":"product_cat-viet-hoa","16":"loai-tai-khoan-game-offline","17":"nam-phat-hanh-418","19":"first","20":"instock","21":"sale","22":"featured","23":"downloadable","24":"virtual","25":"purchasable","26":"product-type-simple"},"_links":{"self":[{"href":"https:\/\/toimuagame.com\/en\/wp-json\/wp\/v2\/product\/17052","targetHints":{"allow":["GET"]}}],"collection":[{"href":"https:\/\/toimuagame.com\/en\/wp-json\/wp\/v2\/product"}],"about":[{"href":"https:\/\/toimuagame.com\/en\/wp-json\/wp\/v2\/types\/product"}],"author":[{"embeddable":true,"href":"https:\/\/toimuagame.com\/en\/wp-json\/wp\/v2\/users\/8"}],"replies":[{"embeddable":true,"href":"https:\/\/toimuagame.com\/en\/wp-json\/wp\/v2\/comments?post=17052"}],"version-history":[{"count":0,"href":"https:\/\/toimuagame.com\/en\/wp-json\/wp\/v2\/product\/17052\/revisions"}],"wp:featuredmedia":[{"embeddable":true,"href":"https:\/\/toimuagame.com\/en\/wp-json\/wp\/v2\/media\/17053"}],"wp:attachment":[{"href":"https:\/\/toimuagame.com\/en\/wp-json\/wp\/v2\/media?parent=17052"}],"wp:term":[{"taxonomy":"product_brand","embeddable":true,"href":"https:\/\/toimuagame.com\/en\/wp-json\/wp\/v2\/product_brand?post=17052"},{"taxonomy":"product_cat","embeddable":true,"href":"https:\/\/toimuagame.com\/en\/wp-json\/wp\/v2\/product_cat?post=17052"},{"taxonomy":"product_tag","embeddable":true,"href":"https:\/\/toimuagame.com\/en\/wp-json\/wp\/v2\/product_tag?post=17052"},{"taxonomy":"loai-tai-khoan","embeddable":true,"href":"https:\/\/toimuagame.com\/en\/wp-json\/wp\/v2\/loai-tai-khoan?post=17052"},{"taxonomy":"nam-phat-hanh","embeddable":true,"href":"https:\/\/toimuagame.com\/en\/wp-json\/wp\/v2\/nam-phat-hanh?post=17052"}],"curies":[{"name":"wp","href":"https:\/\/api.w.org\/{rel}","templated":true}]}}