{"id":17015,"date":"2025-09-10T19:41:57","date_gmt":"2025-09-10T12:41:57","guid":{"rendered":"https:\/\/toimuagame.com\/?post_type=product&#038;p=17015"},"modified":"2026-02-12T23:00:24","modified_gmt":"2026-02-12T16:00:24","slug":"assassins-creed-shadows-digital-deluxe-edition-steam-offline","status":"publish","type":"product","link":"https:\/\/toimuagame.com\/en\/assassins-creed-shadows-digital-deluxe-edition-steam-offline\/","title":{"rendered":"Assassin&#8217;s Creed Shadows &#8211; Digital Deluxe Edition &#8211; Steam Offline"},"content":{"rendered":"<p><span style=\"font-size: 18pt; color: #333333; font-family: arial, helvetica, sans-serif;\"><b>Nh\u1eadn t\u00e0i kho\u1ea3n qua mail sau khi thanh to\u00e1n<\/b><\/span><\/p>\n<ul>\n<li><span style=\"font-family: arial, helvetica, sans-serif; font-size: 14pt;\" data-contrast=\"auto\">Ch\u01a1i Offline, l\u01b0u ti\u1ebfn tr\u00ecnh ri\u00eang, kh\u00f4ng lo m\u1ea5t save<\/span><\/li>\n<li style=\"text-align: left;\"><span style=\"font-family: arial, helvetica, sans-serif; font-size: 14pt;\" data-contrast=\"auto\">S\u1edf h\u1eefu v\u0129nh vi\u1ec5n, kh\u00f4ng gi\u1edbi h\u1ea1n th\u1eddi gian<\/span><\/li>\n<li style=\"text-align: left;\"><span style=\"font-family: arial, helvetica, sans-serif; font-size: 14pt;\" data-contrast=\"auto\">Ti\u1ebft ki\u1ec7m t\u1edbi h\u01a1n 90% so v\u1edbi mua t\u1eeb Steam<\/span><\/li>\n<li style=\"text-align: left;\"><span style=\"font-family: arial, helvetica, sans-serif; font-size: 14pt;\" data-contrast=\"auto\"> H\u1ed7 tr\u1ee3 Vi\u1ec7t H\u00f3a, mang l\u1ea1i tr\u1ea3i nghi\u1ec7m \u0111\u1ea7y \u0111\u1ee7<\/span><\/li>\n<li style=\"text-align: left;\"><span style=\"font-family: arial, helvetica, sans-serif; font-size: 14pt;\" data-contrast=\"auto\">Tho\u1ea3i m\u00e1i c\u00e0i Mods, Workshop theo \u00fd mu\u1ed1n<\/span><\/li>\n<li style=\"text-align: left;\"><span style=\"font-family: arial, helvetica, sans-serif; font-size: 14pt;\" data-contrast=\"auto\"> D\u00f9ng cho 1 thi\u1ebft b\u1ecb, kh\u00f4ng \u0111\u1ed5i \u0111\u01b0\u1ee3c email\/m\u1eadt kh\u1ea9u, kh\u00f4ng d\u00f9ng cho Net v\u00e0 Cloud Gaming<\/span><\/li>\n<li style=\"text-align: left;\"><span style=\"font-family: arial, helvetica, sans-serif; font-size: 14pt;\" data-contrast=\"auto\"> B\u1ea3o h\u00e0nh nhanh ch\u00f3ng n\u1ebfu g\u1eb7p s\u1ef1 c\u1ed1<\/span><\/li>\n<li><span style=\"font-family: arial, helvetica, sans-serif; font-size: 14pt;\" data-contrast=\"auto\"><span style=\"font-family: arial, helvetica, sans-serif; font-size: 14pt;\" data-contrast=\"auto\">H\u01b0\u1edbng d\u1eabn s\u1eed d\u1ee5ng chi ti\u1ebft t\u00e0i kho\u1ea3n Offline<\/span><\/span><span style=\"font-size: 14pt;\"><span style=\"font-size: 14pt;\"><span style=\"font-size: 14pt;\"><br \/>\n<\/span><\/span><\/span><\/li>\n<\/ul>\n<p><span style=\"font-size: 18pt;\"><strong data-start=\"248\" data-end=\"268\">C\u1ea5u h\u00ecnh y\u00eau c\u1ea7u<\/strong><\/span><\/p>\n<ul>\n<li><span style=\"font-size: 14pt;\">T\u1ed1i thi\u1ec3u (Minimum):<\/span><br data-start=\"334\" data-end=\"337\" \/><span style=\"font-size: 14pt;\">CPU: Intel\u00ae i7 8700K \/ AMD Ryzen 5 3600<\/span><br data-start=\"376\" data-end=\"379\" \/><span style=\"font-size: 14pt;\">RAM: 16 GB<\/span><br data-start=\"389\" data-end=\"392\" \/><span style=\"font-size: 14pt;\">GPU: NVIDIA\u00ae GTX 1650 4GB \/ AMD RX-5500 XT 8GB \/ Intel\u00ae Arc\u2122 A380 6GB<\/span><br data-start=\"461\" data-end=\"464\" \/><span style=\"font-size: 14pt;\">OS: Windows 10\/11 64-bit<\/span><br data-start=\"502\" data-end=\"505\" \/><span style=\"font-size: 14pt;\">Storage: 115 GB (SSD)<\/span><\/li>\n<li><span style=\"font-size: 14pt;\">Khuy\u1ebfn ngh\u1ecb (Recommended):<\/span><br data-start=\"556\" data-end=\"559\" \/><span style=\"font-size: 14pt;\">CPU: Intel\u00ae i5 11600K \/ AMD Ryzen 5 5600X<\/span><br data-start=\"600\" data-end=\"603\" \/><span style=\"font-size: 14pt;\">RAM: 16 GB<\/span><br data-start=\"613\" data-end=\"616\" \/><span style=\"font-size: 14pt;\">GPU: NVIDIA\u00ae RTX 3060 Ti 8GB \/ AMD RX 6700 XT 12GB \/ Intel\u00ae Arc\u2122 B580 12GB<\/span><br data-start=\"690\" data-end=\"693\" \/><span style=\"font-size: 14pt;\">OS: Windows 10\/11 64-bit<\/span><br data-start=\"731\" data-end=\"734\" \/><span style=\"font-size: 14pt;\">Storage: 115 GB (SSD)<\/span><\/li>\n<\/ul>","protected":false},"excerpt":{"rendered":"<div class=\"game_description_snippet\">Experience an epic action-adventure story set in feudal Japan! Become a lethal shinobi assassin and powerful legendary samurai as you explore a beautiful open world in a time of chaos.<\/div>\n<div class=\"glance_ctn_responsive_left\">\n<div id=\"userReviews\" class=\"user_reviews\"><\/div>\n<\/div>","protected":false},"author":8,"featured_media":17021,"comment_status":"open","ping_status":"closed","template":"","meta":[],"product_brand":[284],"product_cat":[429,369,342,344,343,353,352,371],"product_tag":[],"loai-tai-khoan":[422],"nam-phat-hanh":[418],"class_list":{"0":"post-17015","1":"product","2":"type-product","3":"status-publish","4":"has-post-thumbnail","6":"product_brand-ubisoft","7":"product_cat-denuvo","8":"product_cat-goc-nhin-thu-ba","9":"product_cat-hanh-dong","10":"product_cat-nhap-vai","11":"product_cat-phieu-luu","12":"product_cat-sinh-ton","13":"product_cat-the-gioi-mo","14":"product_cat-viet-hoa","15":"loai-tai-khoan-game-offline","16":"nam-phat-hanh-418","18":"first","19":"instock","20":"sale","21":"featured","22":"downloadable","23":"virtual","24":"purchasable","25":"product-type-simple"},"_links":{"self":[{"href":"https:\/\/toimuagame.com\/en\/wp-json\/wp\/v2\/product\/17015","targetHints":{"allow":["GET"]}}],"collection":[{"href":"https:\/\/toimuagame.com\/en\/wp-json\/wp\/v2\/product"}],"about":[{"href":"https:\/\/toimuagame.com\/en\/wp-json\/wp\/v2\/types\/product"}],"author":[{"embeddable":true,"href":"https:\/\/toimuagame.com\/en\/wp-json\/wp\/v2\/users\/8"}],"replies":[{"embeddable":true,"href":"https:\/\/toimuagame.com\/en\/wp-json\/wp\/v2\/comments?post=17015"}],"version-history":[{"count":0,"href":"https:\/\/toimuagame.com\/en\/wp-json\/wp\/v2\/product\/17015\/revisions"}],"wp:featuredmedia":[{"embeddable":true,"href":"https:\/\/toimuagame.com\/en\/wp-json\/wp\/v2\/media\/17021"}],"wp:attachment":[{"href":"https:\/\/toimuagame.com\/en\/wp-json\/wp\/v2\/media?parent=17015"}],"wp:term":[{"taxonomy":"product_brand","embeddable":true,"href":"https:\/\/toimuagame.com\/en\/wp-json\/wp\/v2\/product_brand?post=17015"},{"taxonomy":"product_cat","embeddable":true,"href":"https:\/\/toimuagame.com\/en\/wp-json\/wp\/v2\/product_cat?post=17015"},{"taxonomy":"product_tag","embeddable":true,"href":"https:\/\/toimuagame.com\/en\/wp-json\/wp\/v2\/product_tag?post=17015"},{"taxonomy":"loai-tai-khoan","embeddable":true,"href":"https:\/\/toimuagame.com\/en\/wp-json\/wp\/v2\/loai-tai-khoan?post=17015"},{"taxonomy":"nam-phat-hanh","embeddable":true,"href":"https:\/\/toimuagame.com\/en\/wp-json\/wp\/v2\/nam-phat-hanh?post=17015"}],"curies":[{"name":"wp","href":"https:\/\/api.w.org\/{rel}","templated":true}]}}