{"id":16945,"date":"2025-09-08T21:21:09","date_gmt":"2025-09-08T14:21:09","guid":{"rendered":"https:\/\/toimuagame.com\/?post_type=product&#038;p=16945"},"modified":"2026-02-12T22:56:20","modified_gmt":"2026-02-12T15:56:20","slug":"triangle-strategy-deluxe-edition-steam-offline","status":"publish","type":"product","link":"https:\/\/toimuagame.com\/en\/triangle-strategy-deluxe-edition-steam-offline\/","title":{"rendered":"TRIANGLE STRATEGY &#8211; Deluxe Edition &#8211; Steam Offline"},"content":{"rendered":"<p><span style=\"font-size: 18pt; color: #333333; font-family: arial, helvetica, sans-serif;\"><b>Nh\u1eadn t\u00e0i kho\u1ea3n qua mail sau khi thanh to\u00e1n<\/b><\/span><\/p>\n<ul>\n<li><span style=\"font-family: arial, helvetica, sans-serif; font-size: 14pt;\" data-contrast=\"auto\">Ch\u01a1i Offline, l\u01b0u ti\u1ebfn tr\u00ecnh ri\u00eang, kh\u00f4ng lo m\u1ea5t save<\/span><\/li>\n<li style=\"text-align: left;\"><span style=\"font-family: arial, helvetica, sans-serif; font-size: 14pt;\" data-contrast=\"auto\">S\u1edf h\u1eefu v\u0129nh vi\u1ec5n, kh\u00f4ng gi\u1edbi h\u1ea1n th\u1eddi gian<\/span><\/li>\n<li style=\"text-align: left;\"><span style=\"font-family: arial, helvetica, sans-serif; font-size: 14pt;\" data-contrast=\"auto\">Ti\u1ebft ki\u1ec7m t\u1edbi h\u01a1n 90% so v\u1edbi mua t\u1eeb Steam<\/span><\/li>\n<li style=\"text-align: left;\"><span style=\"font-family: arial, helvetica, sans-serif; font-size: 14pt;\" data-contrast=\"auto\"> H\u1ed7 tr\u1ee3 Vi\u1ec7t H\u00f3a, mang l\u1ea1i tr\u1ea3i nghi\u1ec7m \u0111\u1ea7y \u0111\u1ee7<\/span><\/li>\n<li style=\"text-align: left;\"><span style=\"font-family: arial, helvetica, sans-serif; font-size: 14pt;\" data-contrast=\"auto\">Tho\u1ea3i m\u00e1i c\u00e0i Mods, Workshop theo \u00fd mu\u1ed1n<\/span><\/li>\n<li style=\"text-align: left;\"><span style=\"font-family: arial, helvetica, sans-serif; font-size: 14pt;\" data-contrast=\"auto\"> D\u00f9ng cho 1 thi\u1ebft b\u1ecb, kh\u00f4ng \u0111\u1ed5i \u0111\u01b0\u1ee3c email\/m\u1eadt kh\u1ea9u, kh\u00f4ng d\u00f9ng cho Net v\u00e0 Cloud Gaming<\/span><\/li>\n<li style=\"text-align: left;\"><span style=\"font-family: arial, helvetica, sans-serif; font-size: 14pt;\" data-contrast=\"auto\"> B\u1ea3o h\u00e0nh nhanh ch\u00f3ng n\u1ebfu g\u1eb7p s\u1ef1 c\u1ed1<\/span><\/li>\n<li style=\"text-align: left;\"><span style=\"font-family: arial, helvetica, sans-serif; font-size: 14pt;\">H\u01b0\u1edbng d\u1eabn s\u1eed d\u1ee5ng chi ti\u1ebft t\u00e0i kho\u1ea3n Offline<\/span><\/li>\n<\/ul>\n<p data-start=\"0\" data-end=\"22\"><span style=\"font-size: 18pt;\"><strong data-start=\"0\" data-end=\"20\">C\u1ea5u h\u00ecnh y\u00eau c\u1ea7u<\/strong><\/span><\/p>\n<ul>\n<li data-start=\"24\" data-end=\"231\"><span style=\"font-size: 14pt;\">T\u1ed1i thi\u1ec3u (Minimum):<\/span><br data-start=\"44\" data-end=\"47\" \/><span style=\"font-size: 14pt;\">CPU: AMD A8-7600 \/ Intel\u00ae Core\u2122 i3-3210<\/span><br data-start=\"86\" data-end=\"89\" data-is-only-node=\"\" \/><span style=\"font-size: 14pt;\">RAM: 4 GB<\/span><br data-start=\"98\" data-end=\"101\" \/><span style=\"font-size: 14pt;\">GPU: AMD Radeon\u2122 RX 460 \/ NVIDIA\u00ae GeForce\u00ae GTX 950 \/ Intel\u00ae Iris\u00ae Xe Graphics G7<\/span><br data-start=\"181\" data-end=\"184\" \/><span style=\"font-size: 14pt;\">OS: Windows\u00ae 8.1 \/ 10 64-bit<\/span><br data-start=\"212\" data-end=\"215\" \/><span style=\"font-size: 14pt;\">Storage: 10 GB<\/span><\/li>\n<li data-start=\"233\" data-end=\"427\"><span style=\"font-size: 14pt;\">Khuy\u1ebfn ngh\u1ecb (Recommended):<\/span><br data-start=\"259\" data-end=\"262\" \/><span style=\"font-size: 14pt;\">CPU: AMD Ryzen\u2122 3 1200 \/ Intel\u00ae Core\u2122 i5-6400<\/span><br data-start=\"307\" data-end=\"310\" data-is-only-node=\"\" \/><span style=\"font-size: 14pt;\">RAM: 8 GB<\/span><br data-start=\"319\" data-end=\"322\" \/><span style=\"font-size: 14pt;\">GPU: AMD Radeon\u2122 RX 470 \/ NVIDIA\u00ae GeForce\u00ae GTX 1060 (3GB)<\/span><br data-start=\"379\" data-end=\"382\" \/><span style=\"font-size: 14pt;\">OS: Windows\u00ae 8.1 \/ 10 64-bit<\/span><br data-start=\"410\" data-end=\"413\" \/><span style=\"font-size: 14pt;\">Storage: 10 GB<\/span><\/li>\n<\/ul>","protected":false},"excerpt":{"rendered":"<div class=\"game_description_snippet\">A new tactics RPG from the team who brought you the Bravely series and Octopath Traveler. An epic tale, brought to life with stunning HD-2D graphics. Make difficult decisions in this story set against a backdrop of the war-torn continent of Norzelia.<\/div>\n<div class=\"glance_ctn_responsive_left\">\n<div id=\"userReviews\" class=\"user_reviews\"><\/div>\n<\/div>","protected":false},"author":8,"featured_media":16946,"comment_status":"open","ping_status":"closed","template":"","meta":[],"product_brand":[294],"product_cat":[345,346,371],"product_tag":[],"loai-tai-khoan":[422],"nam-phat-hanh":[416],"class_list":{"0":"post-16945","1":"product","2":"type-product","3":"status-publish","4":"has-post-thumbnail","6":"product_brand-squareenix","7":"product_cat-chien-thuat","8":"product_cat-mo-phong","9":"product_cat-viet-hoa","10":"loai-tai-khoan-game-offline","11":"nam-phat-hanh-416","13":"first","14":"instock","15":"sale","16":"downloadable","17":"virtual","18":"purchasable","19":"product-type-simple"},"_links":{"self":[{"href":"https:\/\/toimuagame.com\/en\/wp-json\/wp\/v2\/product\/16945","targetHints":{"allow":["GET"]}}],"collection":[{"href":"https:\/\/toimuagame.com\/en\/wp-json\/wp\/v2\/product"}],"about":[{"href":"https:\/\/toimuagame.com\/en\/wp-json\/wp\/v2\/types\/product"}],"author":[{"embeddable":true,"href":"https:\/\/toimuagame.com\/en\/wp-json\/wp\/v2\/users\/8"}],"replies":[{"embeddable":true,"href":"https:\/\/toimuagame.com\/en\/wp-json\/wp\/v2\/comments?post=16945"}],"version-history":[{"count":0,"href":"https:\/\/toimuagame.com\/en\/wp-json\/wp\/v2\/product\/16945\/revisions"}],"wp:featuredmedia":[{"embeddable":true,"href":"https:\/\/toimuagame.com\/en\/wp-json\/wp\/v2\/media\/16946"}],"wp:attachment":[{"href":"https:\/\/toimuagame.com\/en\/wp-json\/wp\/v2\/media?parent=16945"}],"wp:term":[{"taxonomy":"product_brand","embeddable":true,"href":"https:\/\/toimuagame.com\/en\/wp-json\/wp\/v2\/product_brand?post=16945"},{"taxonomy":"product_cat","embeddable":true,"href":"https:\/\/toimuagame.com\/en\/wp-json\/wp\/v2\/product_cat?post=16945"},{"taxonomy":"product_tag","embeddable":true,"href":"https:\/\/toimuagame.com\/en\/wp-json\/wp\/v2\/product_tag?post=16945"},{"taxonomy":"loai-tai-khoan","embeddable":true,"href":"https:\/\/toimuagame.com\/en\/wp-json\/wp\/v2\/loai-tai-khoan?post=16945"},{"taxonomy":"nam-phat-hanh","embeddable":true,"href":"https:\/\/toimuagame.com\/en\/wp-json\/wp\/v2\/nam-phat-hanh?post=16945"}],"curies":[{"name":"wp","href":"https:\/\/api.w.org\/{rel}","templated":true}]}}