{"id":16934,"date":"2025-09-08T20:27:21","date_gmt":"2025-09-08T13:27:21","guid":{"rendered":"https:\/\/toimuagame.com\/?post_type=product&#038;p=16934"},"modified":"2026-02-12T22:56:13","modified_gmt":"2026-02-12T15:56:13","slug":"super-robot-wars-y-ultimate-edition-steam-offline","status":"publish","type":"product","link":"https:\/\/toimuagame.com\/en\/super-robot-wars-y-ultimate-edition-steam-offline\/","title":{"rendered":"SUPER ROBOT WARS Y Ultimate Edition &#8211; Steam Offline"},"content":{"rendered":"<p><span style=\"font-size: 18pt; color: #333333; font-family: arial, helvetica, sans-serif;\"><b>Nh\u1eadn t\u00e0i kho\u1ea3n qua mail sau khi thanh to\u00e1n<\/b><\/span><\/p>\n<ul>\n<li><span style=\"font-family: arial, helvetica, sans-serif; font-size: 14pt;\" data-contrast=\"auto\">Ch\u01a1i Offline, l\u01b0u ti\u1ebfn tr\u00ecnh ri\u00eang, kh\u00f4ng lo m\u1ea5t save<\/span><\/li>\n<li style=\"text-align: left;\"><span style=\"font-family: arial, helvetica, sans-serif; font-size: 14pt;\" data-contrast=\"auto\">S\u1edf h\u1eefu v\u0129nh vi\u1ec5n, kh\u00f4ng gi\u1edbi h\u1ea1n th\u1eddi gian<\/span><\/li>\n<li style=\"text-align: left;\"><span style=\"font-family: arial, helvetica, sans-serif; font-size: 14pt;\" data-contrast=\"auto\">Ti\u1ebft ki\u1ec7m t\u1edbi h\u01a1n 90% so v\u1edbi mua t\u1eeb Steam<\/span><\/li>\n<li style=\"text-align: left;\"><span style=\"font-family: arial, helvetica, sans-serif; font-size: 14pt;\" data-contrast=\"auto\"> H\u1ed7 tr\u1ee3 Vi\u1ec7t H\u00f3a, mang l\u1ea1i tr\u1ea3i nghi\u1ec7m \u0111\u1ea7y \u0111\u1ee7<\/span><\/li>\n<li style=\"text-align: left;\"><span style=\"font-family: arial, helvetica, sans-serif; font-size: 14pt;\" data-contrast=\"auto\">Tho\u1ea3i m\u00e1i c\u00e0i Mods, Workshop theo \u00fd mu\u1ed1n<\/span><\/li>\n<li style=\"text-align: left;\"><span style=\"font-family: arial, helvetica, sans-serif; font-size: 14pt;\" data-contrast=\"auto\"> D\u00f9ng cho 1 thi\u1ebft b\u1ecb, kh\u00f4ng \u0111\u1ed5i \u0111\u01b0\u1ee3c email\/m\u1eadt kh\u1ea9u, kh\u00f4ng d\u00f9ng cho Net v\u00e0 Cloud Gaming<\/span><\/li>\n<li style=\"text-align: left;\"><span style=\"font-family: arial, helvetica, sans-serif; font-size: 14pt;\" data-contrast=\"auto\"> B\u1ea3o h\u00e0nh nhanh ch\u00f3ng n\u1ebfu g\u1eb7p s\u1ef1 c\u1ed1<\/span><\/li>\n<li style=\"text-align: left;\"><span style=\"font-family: arial, helvetica, sans-serif; font-size: 14pt;\">H\u01b0\u1edbng d\u1eabn s\u1eed d\u1ee5ng chi ti\u1ebft t\u00e0i kho\u1ea3n Offline<\/span><\/li>\n<\/ul>\n<article class=\"text-token-text-primary w-full focus:outline-none scroll-mt-[calc(var(--header-height)+min(200px,max(70px,20svh)))]\" dir=\"auto\" tabindex=\"-1\" data-turn-id=\"request-68c16d63-4c90-8333-b99a-b4db8ae8cd82-15\" data-testid=\"conversation-turn-274\" data-scroll-anchor=\"false\" data-turn=\"assistant\">\n<div class=\"text-base my-auto mx-auto [--thread-content-margin:--spacing(4)] thread-sm:[--thread-content-margin:--spacing(6)] thread-lg:[--thread-content-margin:--spacing(16)] px-(--thread-content-margin)\">\n<div class=\"[--thread-content-max-width:40rem] thread-sm:[--thread-content-max-width:40rem] thread-lg:[--thread-content-max-width:48rem] mx-auto max-w-(--thread-content-max-width) flex-1 group\/turn-messages focus-visible:outline-hidden relative flex w-full min-w-0 flex-col agent-turn\" tabindex=\"-1\">\n<div class=\"flex max-w-full flex-col grow\">\n<div class=\"min-h-8 text-message relative flex w-full flex-col items-end gap-2 text-start break-words whitespace-normal [.text-message+&]:mt-5\" dir=\"auto\" data-message-author-role=\"assistant\" data-message-id=\"bf997fab-cd75-4e9b-883d-4f315ddb8686\" data-message-model-slug=\"gpt-5-mini\">\n<div class=\"flex w-full flex-col gap-1 empty:hidden first:pt-[3px]\">\n<div class=\"markdown prose dark:prose-invert w-full break-words dark markdown-new-styling\">\n<p data-start=\"0\" data-end=\"22\"><span style=\"font-size: 18pt;\"><strong data-start=\"0\" data-end=\"20\">C\u1ea5u h\u00ecnh y\u00eau c\u1ea7u<\/strong><\/span><\/p>\n<ul>\n<li data-start=\"24\" data-end=\"242\"><span style=\"font-size: 14pt;\">T\u1ed1i thi\u1ec3u (Minimum):<\/span><br data-start=\"44\" data-end=\"47\" \/><span style=\"font-size: 14pt;\">CPU: Intel Core i3-8100 \/ AMD Ryzen 3 3100<\/span><br data-start=\"89\" data-end=\"92\" data-is-only-node=\"\" \/><span style=\"font-size: 14pt;\">RAM: 8 GB<\/span><br data-start=\"101\" data-end=\"104\" \/><span style=\"font-size: 14pt;\">GPU: Nvidia GeForce GTX 650 Ti [1 GB] \/ AMD Radeon HD 7770 [2 GB] \/ Intel Arc A310 [4 GB]<\/span><br data-start=\"193\" data-end=\"196\" \/><span style=\"font-size: 14pt;\">OS: Windows 10 \/ Windows 11<\/span><br data-start=\"223\" data-end=\"226\" \/><span style=\"font-size: 14pt;\">Storage: 17 GB<\/span><\/li>\n<li data-start=\"244\" data-end=\"466\"><span style=\"font-size: 14pt;\">Khuy\u1ebfn ngh\u1ecb (Recommended):<\/span><br data-start=\"270\" data-end=\"273\" \/><span style=\"font-size: 14pt;\">CPU: Intel Core i3-8100 \/ AMD Ryzen 3 3100<\/span><br data-start=\"315\" data-end=\"318\" data-is-only-node=\"\" \/><span style=\"font-size: 14pt;\">RAM: 8 GB<\/span><br data-start=\"327\" data-end=\"330\" \/><span style=\"font-size: 14pt;\">GPU: Nvidia GeForce GTX 650 Ti [1 GB] \/ AMD Radeon HD 8950 [3 GB] \/ Intel Arc A380 [6 GB]<\/span><br data-start=\"419\" data-end=\"422\" \/><span style=\"font-size: 14pt;\">OS: Windows 10 \/ Windows 11<\/span><br data-start=\"449\" data-end=\"452\" \/><span style=\"font-size: 14pt;\">Storage: 17 GB<\/span><\/li>\n<\/ul>\n<\/div>\n<\/div>\n<\/div>\n<\/div>\n<\/div>\n<\/div>\n<\/article>","protected":false},"excerpt":{"rendered":"<div class=\"game_description_snippet\">Super Robot Wars is a grid-based tactical combat RPG that brings units and pilots from a variety of anime together to battle their mutual foes. Rise, Unite, and Triumph!<\/div>\n<div class=\"glance_ctn_responsive_left\">\n<div id=\"userReviews\" class=\"user_reviews\"><\/div>\n<\/div>","protected":false},"author":8,"featured_media":16935,"comment_status":"open","ping_status":"closed","template":"","meta":[],"product_brand":[288],"product_cat":[345,429,346],"product_tag":[],"loai-tai-khoan":[422],"nam-phat-hanh":[418],"class_list":{"0":"post-16934","1":"product","2":"type-product","3":"status-publish","4":"has-post-thumbnail","6":"product_brand-bandai-namco","7":"product_cat-chien-thuat","8":"product_cat-denuvo","9":"product_cat-mo-phong","10":"loai-tai-khoan-game-offline","11":"nam-phat-hanh-418","13":"first","14":"instock","15":"sale","16":"downloadable","17":"virtual","18":"purchasable","19":"product-type-simple"},"_links":{"self":[{"href":"https:\/\/toimuagame.com\/en\/wp-json\/wp\/v2\/product\/16934","targetHints":{"allow":["GET"]}}],"collection":[{"href":"https:\/\/toimuagame.com\/en\/wp-json\/wp\/v2\/product"}],"about":[{"href":"https:\/\/toimuagame.com\/en\/wp-json\/wp\/v2\/types\/product"}],"author":[{"embeddable":true,"href":"https:\/\/toimuagame.com\/en\/wp-json\/wp\/v2\/users\/8"}],"replies":[{"embeddable":true,"href":"https:\/\/toimuagame.com\/en\/wp-json\/wp\/v2\/comments?post=16934"}],"version-history":[{"count":0,"href":"https:\/\/toimuagame.com\/en\/wp-json\/wp\/v2\/product\/16934\/revisions"}],"wp:featuredmedia":[{"embeddable":true,"href":"https:\/\/toimuagame.com\/en\/wp-json\/wp\/v2\/media\/16935"}],"wp:attachment":[{"href":"https:\/\/toimuagame.com\/en\/wp-json\/wp\/v2\/media?parent=16934"}],"wp:term":[{"taxonomy":"product_brand","embeddable":true,"href":"https:\/\/toimuagame.com\/en\/wp-json\/wp\/v2\/product_brand?post=16934"},{"taxonomy":"product_cat","embeddable":true,"href":"https:\/\/toimuagame.com\/en\/wp-json\/wp\/v2\/product_cat?post=16934"},{"taxonomy":"product_tag","embeddable":true,"href":"https:\/\/toimuagame.com\/en\/wp-json\/wp\/v2\/product_tag?post=16934"},{"taxonomy":"loai-tai-khoan","embeddable":true,"href":"https:\/\/toimuagame.com\/en\/wp-json\/wp\/v2\/loai-tai-khoan?post=16934"},{"taxonomy":"nam-phat-hanh","embeddable":true,"href":"https:\/\/toimuagame.com\/en\/wp-json\/wp\/v2\/nam-phat-hanh?post=16934"}],"curies":[{"name":"wp","href":"https:\/\/api.w.org\/{rel}","templated":true}]}}