{"id":16818,"date":"2025-09-05T18:29:29","date_gmt":"2025-09-05T11:29:29","guid":{"rendered":"https:\/\/toimuagame.com\/?post_type=product&#038;p=16818"},"modified":"2026-02-12T22:38:21","modified_gmt":"2026-02-12T15:38:21","slug":"grand-theft-auto-v-steam-offline","status":"publish","type":"product","link":"https:\/\/toimuagame.com\/en\/grand-theft-auto-v-steam-offline\/","title":{"rendered":"Grand Theft Auto V &#8211; Steam Offline"},"content":{"rendered":"<p><span style=\"font-size: 18pt; color: #333333; font-family: arial, helvetica, sans-serif;\"><b>Nh\u1eadn t\u00e0i kho\u1ea3n qua mail sau khi thanh to\u00e1n<\/b><\/span><\/p>\n<ul>\n<li><span style=\"font-family: arial, helvetica, sans-serif; font-size: 14pt;\" data-contrast=\"auto\">Ch\u01a1i Offline, l\u01b0u ti\u1ebfn tr\u00ecnh ri\u00eang, kh\u00f4ng lo m\u1ea5t save<\/span><\/li>\n<li style=\"text-align: left;\"><span style=\"font-family: arial, helvetica, sans-serif; font-size: 14pt;\" data-contrast=\"auto\">S\u1edf h\u1eefu v\u0129nh vi\u1ec5n, kh\u00f4ng gi\u1edbi h\u1ea1n th\u1eddi gian<\/span><\/li>\n<li style=\"text-align: left;\"><span style=\"font-family: arial, helvetica, sans-serif; font-size: 14pt;\" data-contrast=\"auto\">Ti\u1ebft ki\u1ec7m t\u1edbi h\u01a1n 90% so v\u1edbi mua t\u1eeb Steam<\/span><\/li>\n<li style=\"text-align: left;\"><span style=\"font-family: arial, helvetica, sans-serif; font-size: 14pt;\" data-contrast=\"auto\"> H\u1ed7 tr\u1ee3 Vi\u1ec7t H\u00f3a, mang l\u1ea1i tr\u1ea3i nghi\u1ec7m \u0111\u1ea7y \u0111\u1ee7<\/span><\/li>\n<li style=\"text-align: left;\"><span style=\"font-family: arial, helvetica, sans-serif; font-size: 14pt;\" data-contrast=\"auto\">Tho\u1ea3i m\u00e1i c\u00e0i Mods, Workshop theo \u00fd mu\u1ed1n<\/span><\/li>\n<li style=\"text-align: left;\"><span style=\"font-family: arial, helvetica, sans-serif; font-size: 14pt;\" data-contrast=\"auto\"> D\u00f9ng cho 1 thi\u1ebft b\u1ecb, kh\u00f4ng \u0111\u1ed5i \u0111\u01b0\u1ee3c email\/m\u1eadt kh\u1ea9u, kh\u00f4ng d\u00f9ng cho Net v\u00e0 Cloud Gaming<\/span><\/li>\n<li style=\"text-align: left;\"><span style=\"font-family: arial, helvetica, sans-serif; font-size: 14pt;\" data-contrast=\"auto\"> B\u1ea3o h\u00e0nh nhanh ch\u00f3ng n\u1ebfu g\u1eb7p s\u1ef1 c\u1ed1<\/span><\/li>\n<li style=\"text-align: left;\"><span style=\"font-family: arial, helvetica, sans-serif; font-size: 14pt;\">H\u01b0\u1edbng d\u1eabn s\u1eed d\u1ee5ng chi ti\u1ebft t\u00e0i kho\u1ea3n Offline<\/span><\/li>\n<\/ul>\n<p data-start=\"0\" data-end=\"22\"><span style=\"font-size: 18pt;\"><strong data-start=\"0\" data-end=\"20\">C\u1ea5u h\u00ecnh y\u00eau c\u1ea7u<\/strong><\/span><\/p>\n<ul>\n<li data-start=\"24\" data-end=\"240\"><span style=\"font-size: 14pt;\">T\u1ed1i thi\u1ec3u (Minimum):<\/span><br data-start=\"44\" data-end=\"47\" \/><span style=\"font-size: 14pt;\">CPU: Intel Core 2 Quad Q6600 @ 2.40GHz \/ AMD Phenom 9850 Quad-Core @ 2.5GHz<\/span><br data-start=\"122\" data-end=\"125\" data-is-only-node=\"\" \/><span style=\"font-size: 14pt;\">RAM: 4 GB<\/span><br data-start=\"134\" data-end=\"137\" \/><span style=\"font-size: 14pt;\">GPU: NVIDIA 9800 GT 1GB \/ AMD HD 4870 1GB (DX 10, 10.1, 11)<\/span><br data-start=\"196\" data-end=\"199\" \/><span style=\"font-size: 14pt;\">OS: Windows 10 64 Bit<\/span><br data-start=\"220\" data-end=\"223\" \/><span style=\"font-size: 14pt;\">Storage: 120 GB<\/span><\/li>\n<li data-start=\"242\" data-end=\"422\"><span style=\"font-size: 14pt;\">Khuy\u1ebfn ngh\u1ecb (Recommended):<\/span><br data-start=\"268\" data-end=\"271\" \/><span style=\"font-size: 14pt;\">CPU: Intel Core i5 3470 @ 3.2GHz \/ AMD FX-8350 @ 4GHz<\/span><br data-start=\"324\" data-end=\"327\" data-is-only-node=\"\" \/><span style=\"font-size: 14pt;\">RAM: 8 GB<\/span><br data-start=\"336\" data-end=\"339\" \/><span style=\"font-size: 14pt;\">GPU: NVIDIA GTX 660 2GB \/ AMD HD 7870 2GB<\/span><br data-start=\"380\" data-end=\"383\" \/><span style=\"font-size: 14pt;\">OS: Windows 10 64 Bit<\/span><br data-start=\"404\" data-end=\"407\" \/><span style=\"font-size: 14pt;\">Storage: 120 GB<\/span><\/li>\n<\/ul>","protected":false},"excerpt":{"rendered":"<div class=\"game_description_snippet\">Grand Theft Auto V for PC offers players the option to explore the award-winning world of Los Santos and Blaine County in resolutions of up to 4k and beyond, as well as the chance to experience the game running at 60 frames per second.<\/div>\n<div class=\"glance_ctn_responsive_left\">\n<div id=\"userReviews\" class=\"user_reviews\"><\/div>\n<\/div>","protected":false},"author":8,"featured_media":16819,"comment_status":"open","ping_status":"closed","template":"","meta":[],"product_brand":[285],"product_cat":[354,369,368,342,346,344,343,351,347,352,371],"product_tag":[],"loai-tai-khoan":[422],"nam-phat-hanh":[409],"class_list":{"0":"post-16818","1":"product","2":"type-product","3":"status-publish","4":"has-post-thumbnail","6":"product_brand-rockstar","7":"product_cat-ban-sung-fps-tps","8":"product_cat-goc-nhin-thu-ba","9":"product_cat-goc-nhin-thu-nhat","10":"product_cat-hanh-dong","11":"product_cat-mo-phong","12":"product_cat-nhap-vai","13":"product_cat-phieu-luu","14":"product_cat-sandbox","15":"product_cat-the-thao","16":"product_cat-the-gioi-mo","17":"product_cat-viet-hoa","18":"loai-tai-khoan-game-offline","19":"nam-phat-hanh-409","21":"first","22":"instock","23":"sale","24":"featured","25":"downloadable","26":"virtual","27":"purchasable","28":"product-type-simple"},"_links":{"self":[{"href":"https:\/\/toimuagame.com\/en\/wp-json\/wp\/v2\/product\/16818","targetHints":{"allow":["GET"]}}],"collection":[{"href":"https:\/\/toimuagame.com\/en\/wp-json\/wp\/v2\/product"}],"about":[{"href":"https:\/\/toimuagame.com\/en\/wp-json\/wp\/v2\/types\/product"}],"author":[{"embeddable":true,"href":"https:\/\/toimuagame.com\/en\/wp-json\/wp\/v2\/users\/8"}],"replies":[{"embeddable":true,"href":"https:\/\/toimuagame.com\/en\/wp-json\/wp\/v2\/comments?post=16818"}],"version-history":[{"count":0,"href":"https:\/\/toimuagame.com\/en\/wp-json\/wp\/v2\/product\/16818\/revisions"}],"wp:featuredmedia":[{"embeddable":true,"href":"https:\/\/toimuagame.com\/en\/wp-json\/wp\/v2\/media\/16819"}],"wp:attachment":[{"href":"https:\/\/toimuagame.com\/en\/wp-json\/wp\/v2\/media?parent=16818"}],"wp:term":[{"taxonomy":"product_brand","embeddable":true,"href":"https:\/\/toimuagame.com\/en\/wp-json\/wp\/v2\/product_brand?post=16818"},{"taxonomy":"product_cat","embeddable":true,"href":"https:\/\/toimuagame.com\/en\/wp-json\/wp\/v2\/product_cat?post=16818"},{"taxonomy":"product_tag","embeddable":true,"href":"https:\/\/toimuagame.com\/en\/wp-json\/wp\/v2\/product_tag?post=16818"},{"taxonomy":"loai-tai-khoan","embeddable":true,"href":"https:\/\/toimuagame.com\/en\/wp-json\/wp\/v2\/loai-tai-khoan?post=16818"},{"taxonomy":"nam-phat-hanh","embeddable":true,"href":"https:\/\/toimuagame.com\/en\/wp-json\/wp\/v2\/nam-phat-hanh?post=16818"}],"curies":[{"name":"wp","href":"https:\/\/api.w.org\/{rel}","templated":true}]}}