{"id":16715,"date":"2025-09-05T01:41:51","date_gmt":"2025-09-04T18:41:51","guid":{"rendered":"https:\/\/toimuagame.com\/?post_type=product&#038;p=16715"},"modified":"2026-02-12T21:55:19","modified_gmt":"2026-02-12T14:55:19","slug":"resident-evil-5-gold-edition-steam-offline","status":"publish","type":"product","link":"https:\/\/toimuagame.com\/en\/resident-evil-5-gold-edition-steam-offline\/","title":{"rendered":"Resident Evil 5 Gold Edition &#8211; Steam Offline"},"content":{"rendered":"<p><span style=\"font-size: 18pt; color: #333333; font-family: arial, helvetica, sans-serif;\"><b>Nh\u1eadn t\u00e0i kho\u1ea3n qua mail sau khi thanh to\u00e1n<\/b><\/span><\/p>\n<ul>\n<li><span style=\"font-family: arial, helvetica, sans-serif; font-size: 14pt;\" data-contrast=\"auto\">Ch\u01a1i Offline, l\u01b0u ti\u1ebfn tr\u00ecnh ri\u00eang, kh\u00f4ng lo m\u1ea5t save<\/span><\/li>\n<li style=\"text-align: left;\"><span style=\"font-family: arial, helvetica, sans-serif; font-size: 14pt;\" data-contrast=\"auto\">S\u1edf h\u1eefu v\u0129nh vi\u1ec5n, kh\u00f4ng gi\u1edbi h\u1ea1n th\u1eddi gian<\/span><\/li>\n<li style=\"text-align: left;\"><span style=\"font-family: arial, helvetica, sans-serif; font-size: 14pt;\" data-contrast=\"auto\">Ti\u1ebft ki\u1ec7m t\u1edbi h\u01a1n 90% so v\u1edbi mua t\u1eeb Steam<\/span><\/li>\n<li style=\"text-align: left;\"><span style=\"font-family: arial, helvetica, sans-serif; font-size: 14pt;\" data-contrast=\"auto\"> H\u1ed7 tr\u1ee3 Vi\u1ec7t H\u00f3a, mang l\u1ea1i tr\u1ea3i nghi\u1ec7m \u0111\u1ea7y \u0111\u1ee7<\/span><\/li>\n<li style=\"text-align: left;\"><span style=\"font-family: arial, helvetica, sans-serif; font-size: 14pt;\" data-contrast=\"auto\">Tho\u1ea3i m\u00e1i c\u00e0i Mods, Workshop theo \u00fd mu\u1ed1n<\/span><\/li>\n<li style=\"text-align: left;\"><span style=\"font-family: arial, helvetica, sans-serif; font-size: 14pt;\" data-contrast=\"auto\"> D\u00f9ng cho 1 thi\u1ebft b\u1ecb, kh\u00f4ng \u0111\u1ed5i \u0111\u01b0\u1ee3c email\/m\u1eadt kh\u1ea9u, kh\u00f4ng d\u00f9ng cho Net v\u00e0 Cloud Gaming<\/span><\/li>\n<li style=\"text-align: left;\"><span style=\"font-family: arial, helvetica, sans-serif; font-size: 14pt;\" data-contrast=\"auto\"> B\u1ea3o h\u00e0nh nhanh ch\u00f3ng n\u1ebfu g\u1eb7p s\u1ef1 c\u1ed1<\/span><\/li>\n<li style=\"text-align: left;\"><span style=\"font-family: arial, helvetica, sans-serif; font-size: 14pt;\">H\u01b0\u1edbng d\u1eabn s\u1eed d\u1ee5ng chi ti\u1ebft t\u00e0i kho\u1ea3n Offline<\/span><\/li>\n<\/ul>\n<p data-start=\"0\" data-end=\"22\"><span style=\"font-size: 18pt;\"><strong data-start=\"0\" data-end=\"20\">C\u1ea5u h\u00ecnh y\u00eau c\u1ea7u<\/strong><\/span><\/p>\n<ul>\n<li data-start=\"24\" data-end=\"268\"><span style=\"font-size: 14pt;\">T\u1ed1i thi\u1ec3u (Minimum):<\/span><br data-start=\"44\" data-end=\"47\" \/><span style=\"font-size: 14pt;\">CPU: Intel Core 2 Quad 2.4 GHz or better, AMD Phenom II X4 3.4 GHz or better<\/span><br data-start=\"123\" data-end=\"126\" data-is-only-node=\"\" \/><span style=\"font-size: 14pt;\">RAM: 4 GB or better<\/span><br data-start=\"145\" data-end=\"148\" \/><span style=\"font-size: 14pt;\">GPU: 512 MB VRAM, NVIDIA GeForce 9800 series or better, ATI Radeon HD 7770 or better<\/span><br data-start=\"232\" data-end=\"235\" \/><span style=\"font-size: 14pt;\">OS: Windows 10<\/span><br data-start=\"249\" data-end=\"252\" \/><span style=\"font-size: 14pt;\">Storage: 15 GB<\/span><\/li>\n<li data-start=\"270\" data-end=\"507\"><span style=\"font-size: 14pt;\">Khuy\u1ebfn ngh\u1ecb (Recommended):<\/span><br data-start=\"296\" data-end=\"299\" \/><span style=\"font-size: 14pt;\">CPU: Intel Core i5-3570 or better, AMD Phenom II X4 3.4 GHz or better<\/span><br data-start=\"368\" data-end=\"371\" data-is-only-node=\"\" \/><span style=\"font-size: 14pt;\">RAM: 4 GB or better<\/span><br data-start=\"390\" data-end=\"393\" \/><span style=\"font-size: 14pt;\">GPU: 512 MB VRAM, NVIDIA GeForce GTX 650 or better, ATI Radeon HD 7770 or better<\/span><br data-start=\"473\" data-end=\"476\" \/><span style=\"font-size: 14pt;\">OS: Windows 10<\/span><br data-start=\"490\" data-end=\"493\" \/><span style=\"font-size: 14pt;\">Storage: 15 GB<\/span><\/li>\n<\/ul>","protected":false},"excerpt":{"rendered":"<div class=\"game_description_snippet\">This game is a port of the Games for Windows &#8211; Live version that was released in 2009. If you buy the Untold Stories Bundle here on Steam, it will be the same as upgrading to Resident Evil 5 Gold Edition.<\/div>\n<div class=\"glance_ctn_responsive_left\">\n<div id=\"userReviews\" class=\"user_reviews\"><\/div>\n<\/div>","protected":false},"author":8,"featured_media":16716,"comment_status":"open","ping_status":"closed","template":"","meta":[],"product_brand":[287],"product_cat":[354,369,342,349,344,343,353,371],"product_tag":[],"loai-tai-khoan":[422],"nam-phat-hanh":[403],"class_list":{"0":"post-16715","1":"product","2":"type-product","3":"status-publish","4":"has-post-thumbnail","6":"product_brand-capcom","7":"product_cat-ban-sung-fps-tps","8":"product_cat-goc-nhin-thu-ba","9":"product_cat-hanh-dong","10":"product_cat-kinh-di","11":"product_cat-nhap-vai","12":"product_cat-phieu-luu","13":"product_cat-sinh-ton","14":"product_cat-viet-hoa","15":"loai-tai-khoan-game-offline","16":"nam-phat-hanh-403","18":"first","19":"instock","20":"sale","21":"downloadable","22":"virtual","23":"purchasable","24":"product-type-simple"},"_links":{"self":[{"href":"https:\/\/toimuagame.com\/en\/wp-json\/wp\/v2\/product\/16715","targetHints":{"allow":["GET"]}}],"collection":[{"href":"https:\/\/toimuagame.com\/en\/wp-json\/wp\/v2\/product"}],"about":[{"href":"https:\/\/toimuagame.com\/en\/wp-json\/wp\/v2\/types\/product"}],"author":[{"embeddable":true,"href":"https:\/\/toimuagame.com\/en\/wp-json\/wp\/v2\/users\/8"}],"replies":[{"embeddable":true,"href":"https:\/\/toimuagame.com\/en\/wp-json\/wp\/v2\/comments?post=16715"}],"version-history":[{"count":0,"href":"https:\/\/toimuagame.com\/en\/wp-json\/wp\/v2\/product\/16715\/revisions"}],"wp:featuredmedia":[{"embeddable":true,"href":"https:\/\/toimuagame.com\/en\/wp-json\/wp\/v2\/media\/16716"}],"wp:attachment":[{"href":"https:\/\/toimuagame.com\/en\/wp-json\/wp\/v2\/media?parent=16715"}],"wp:term":[{"taxonomy":"product_brand","embeddable":true,"href":"https:\/\/toimuagame.com\/en\/wp-json\/wp\/v2\/product_brand?post=16715"},{"taxonomy":"product_cat","embeddable":true,"href":"https:\/\/toimuagame.com\/en\/wp-json\/wp\/v2\/product_cat?post=16715"},{"taxonomy":"product_tag","embeddable":true,"href":"https:\/\/toimuagame.com\/en\/wp-json\/wp\/v2\/product_tag?post=16715"},{"taxonomy":"loai-tai-khoan","embeddable":true,"href":"https:\/\/toimuagame.com\/en\/wp-json\/wp\/v2\/loai-tai-khoan?post=16715"},{"taxonomy":"nam-phat-hanh","embeddable":true,"href":"https:\/\/toimuagame.com\/en\/wp-json\/wp\/v2\/nam-phat-hanh?post=16715"}],"curies":[{"name":"wp","href":"https:\/\/api.w.org\/{rel}","templated":true}]}}