{"id":16505,"date":"2025-09-04T19:35:36","date_gmt":"2025-09-04T12:35:36","guid":{"rendered":"https:\/\/toimuagame.com\/?post_type=product&#038;p=16505"},"modified":"2026-02-12T21:49:03","modified_gmt":"2026-02-12T14:49:03","slug":"naruto-shippuden-ultimate-ninja-storm-3-full-burst-hd-steam-offline","status":"publish","type":"product","link":"https:\/\/toimuagame.com\/en\/naruto-shippuden-ultimate-ninja-storm-3-full-burst-hd-steam-offline\/","title":{"rendered":"NARUTO SHIPPUDEN: Ultimate Ninja STORM 3 Full Burst HD &#8211; Steam Offline"},"content":{"rendered":"<p><span style=\"font-size: 18pt; color: #333333; font-family: arial, helvetica, sans-serif;\"><b>Nh\u1eadn t\u00e0i kho\u1ea3n qua mail sau khi thanh to\u00e1n<\/b><\/span><\/p>\n<ul>\n<li><span style=\"font-family: arial, helvetica, sans-serif; font-size: 14pt;\" data-contrast=\"auto\">Ch\u01a1i Offline, l\u01b0u ti\u1ebfn tr\u00ecnh ri\u00eang, kh\u00f4ng lo m\u1ea5t save<\/span><\/li>\n<li style=\"text-align: left;\"><span style=\"font-family: arial, helvetica, sans-serif; font-size: 14pt;\" data-contrast=\"auto\">S\u1edf h\u1eefu v\u0129nh vi\u1ec5n, kh\u00f4ng gi\u1edbi h\u1ea1n th\u1eddi gian<\/span><\/li>\n<li style=\"text-align: left;\"><span style=\"font-family: arial, helvetica, sans-serif; font-size: 14pt;\" data-contrast=\"auto\">Ti\u1ebft ki\u1ec7m t\u1edbi h\u01a1n 90% so v\u1edbi mua t\u1eeb Steam<\/span><\/li>\n<li style=\"text-align: left;\"><span style=\"font-family: arial, helvetica, sans-serif; font-size: 14pt;\" data-contrast=\"auto\"> H\u1ed7 tr\u1ee3 Vi\u1ec7t H\u00f3a, mang l\u1ea1i tr\u1ea3i nghi\u1ec7m \u0111\u1ea7y \u0111\u1ee7<\/span><\/li>\n<li style=\"text-align: left;\"><span style=\"font-family: arial, helvetica, sans-serif; font-size: 14pt;\" data-contrast=\"auto\">Tho\u1ea3i m\u00e1i c\u00e0i Mods, Workshop theo \u00fd mu\u1ed1n<\/span><\/li>\n<li style=\"text-align: left;\"><span style=\"font-family: arial, helvetica, sans-serif; font-size: 14pt;\" data-contrast=\"auto\"> D\u00f9ng cho 1 thi\u1ebft b\u1ecb, kh\u00f4ng \u0111\u1ed5i \u0111\u01b0\u1ee3c email\/m\u1eadt kh\u1ea9u, kh\u00f4ng d\u00f9ng cho Net v\u00e0 Cloud Gaming<\/span><\/li>\n<li style=\"text-align: left;\"><span style=\"font-family: arial, helvetica, sans-serif; font-size: 14pt;\" data-contrast=\"auto\"> B\u1ea3o h\u00e0nh nhanh ch\u00f3ng n\u1ebfu g\u1eb7p s\u1ef1 c\u1ed1<\/span><\/li>\n<li style=\"text-align: left;\"><span style=\"font-family: arial, helvetica, sans-serif; font-size: 14pt;\">H\u01b0\u1edbng d\u1eabn s\u1eed d\u1ee5ng chi ti\u1ebft t\u00e0i kho\u1ea3n Offline<\/span><\/li>\n<\/ul>\n<p data-start=\"0\" data-end=\"22\"><span style=\"font-size: 18pt;\"><strong data-start=\"0\" data-end=\"20\">C\u1ea5u h\u00ecnh y\u00eau c\u1ea7u<\/strong><\/span><\/p>\n<ul>\n<li><span style=\"font-size: 14pt;\">T\u1ed1i thi\u1ec3u (Minimum):<\/span><br data-start=\"44\" data-end=\"47\" \/><span style=\"font-size: 14pt;\">CPU: Intel Core2 Duo 3.0GHz \/ AMD Athlon 64 X2 6400+ 3.2GHz<\/span><br data-start=\"106\" data-end=\"109\" data-is-only-node=\"\" \/><span style=\"font-size: 14pt;\">RAM: 2 GB<\/span><br data-start=\"118\" data-end=\"121\" \/><span style=\"font-size: 14pt;\">GPU: 1024 MB VRAM<\/span><br data-start=\"138\" data-end=\"141\" \/><span style=\"font-size: 14pt;\">OS: Windows 7 64-bit tr\u1edf l\u00ean<\/span><br data-start=\"169\" data-end=\"172\" \/><span style=\"font-size: 14pt;\">Storage: 23 GB tr\u1ed1ng<\/span><br data-start=\"192\" data-end=\"195\" \/><span style=\"font-size: 14pt;\">Sound Card: DirectX compatible<\/span><\/li>\n<li data-start=\"229\" data-end=\"287\"><span style=\"font-size: 14pt;\">Khuy\u1ebfn ngh\u1ecb (Recommended):<\/span><br data-start=\"255\" data-end=\"258\" \/><span style=\"font-size: 14pt;\">OS: Windows 10 64-bit tr\u1edf l\u00ean<\/span><\/li>\n<\/ul>","protected":false},"excerpt":{"rendered":"<div class=\"game_description_snippet\">Live the 4th Great Ninja War and its overpowering boss fights or defy your friends in ultra dynamic online and offline ninja confrontations!<\/div>\n<div class=\"glance_ctn_responsive_left\">\n<div id=\"userReviews\" class=\"user_reviews\"><\/div>\n<\/div>","protected":false},"author":8,"featured_media":16506,"comment_status":"open","ping_status":"closed","template":"","meta":[],"product_brand":[288],"product_cat":[370,369,342],"product_tag":[],"loai-tai-khoan":[422],"nam-phat-hanh":[407],"class_list":{"0":"post-16505","1":"product","2":"type-product","3":"status-publish","4":"has-post-thumbnail","6":"product_brand-bandai-namco","7":"product_cat-coop","8":"product_cat-goc-nhin-thu-ba","9":"product_cat-hanh-dong","10":"loai-tai-khoan-game-offline","11":"nam-phat-hanh-407","13":"first","14":"instock","15":"sale","16":"downloadable","17":"virtual","18":"purchasable","19":"product-type-simple"},"_links":{"self":[{"href":"https:\/\/toimuagame.com\/en\/wp-json\/wp\/v2\/product\/16505","targetHints":{"allow":["GET"]}}],"collection":[{"href":"https:\/\/toimuagame.com\/en\/wp-json\/wp\/v2\/product"}],"about":[{"href":"https:\/\/toimuagame.com\/en\/wp-json\/wp\/v2\/types\/product"}],"author":[{"embeddable":true,"href":"https:\/\/toimuagame.com\/en\/wp-json\/wp\/v2\/users\/8"}],"replies":[{"embeddable":true,"href":"https:\/\/toimuagame.com\/en\/wp-json\/wp\/v2\/comments?post=16505"}],"version-history":[{"count":0,"href":"https:\/\/toimuagame.com\/en\/wp-json\/wp\/v2\/product\/16505\/revisions"}],"wp:featuredmedia":[{"embeddable":true,"href":"https:\/\/toimuagame.com\/en\/wp-json\/wp\/v2\/media\/16506"}],"wp:attachment":[{"href":"https:\/\/toimuagame.com\/en\/wp-json\/wp\/v2\/media?parent=16505"}],"wp:term":[{"taxonomy":"product_brand","embeddable":true,"href":"https:\/\/toimuagame.com\/en\/wp-json\/wp\/v2\/product_brand?post=16505"},{"taxonomy":"product_cat","embeddable":true,"href":"https:\/\/toimuagame.com\/en\/wp-json\/wp\/v2\/product_cat?post=16505"},{"taxonomy":"product_tag","embeddable":true,"href":"https:\/\/toimuagame.com\/en\/wp-json\/wp\/v2\/product_tag?post=16505"},{"taxonomy":"loai-tai-khoan","embeddable":true,"href":"https:\/\/toimuagame.com\/en\/wp-json\/wp\/v2\/loai-tai-khoan?post=16505"},{"taxonomy":"nam-phat-hanh","embeddable":true,"href":"https:\/\/toimuagame.com\/en\/wp-json\/wp\/v2\/nam-phat-hanh?post=16505"}],"curies":[{"name":"wp","href":"https:\/\/api.w.org\/{rel}","templated":true}]}}