{"id":16449,"date":"2025-09-04T17:28:17","date_gmt":"2025-09-04T10:28:17","guid":{"rendered":"https:\/\/toimuagame.com\/?post_type=product&#038;p=16449"},"modified":"2026-03-13T19:42:07","modified_gmt":"2026-03-13T12:42:07","slug":"tai-khoan-nhieu-game-cho-thue","status":"publish","type":"product","link":"https:\/\/toimuagame.com\/en\/tai-khoan-nhieu-game-cho-thue\/","title":{"rendered":"T\u00e0i Kho\u1ea3n Nhi\u1ec1u Game Cho Thu\u00ea"},"content":{"rendered":"<ul>\n<li><span style=\"font-size: 18pt;\">H\u01a1n 400+ game: \u0111\u1ee7 th\u1ec3 lo\u1ea1i t\u1eeb h\u00e0nh \u0111\u1ed9ng, nh\u1eadp vai, chi\u1ebfn thu\u1eadt, b\u1eafn s\u00fang, m\u00f4 ph\u1ecfng, th\u1ec3 thao, \u0111ua xe, phi\u00eau l\u01b0u, sinh t\u1ed3n, indie, kinh d\u1ecb, \u2026 th\u1ecfa s\u1ee9c ch\u01a1i c\u1ea3 n\u0103m kh\u00f4ng lo h\u1ebft game<\/span><\/li>\n<li><span style=\"font-size: 18pt;\">C\u1eadp nh\u1eadt game v\u00e0o th\u01b0 vi\u1ec7n theo th\u1eddi gian<\/span><\/li>\n<li data-start=\"277\" data-end=\"356\"><span style=\"font-size: 18pt;\">1 t\u00e0i kho\u1ea3n d\u00f9ng cho 1 thi\u1ebft b\u1ecb<\/span><\/li>\n<li data-start=\"444\" data-end=\"523\"><span style=\"font-size: 18pt;\">Kh\u00f4ng \u0111\u1ed5i email\/m\u1eadt kh\u1ea9u, t\u00e0i kho\u1ea3n \u0111\u00e3 \u0111\u01b0\u1ee3c c\u00e0i Family PIN \u0111\u1ea3m b\u1ea3o an to\u00e0n<\/span><\/li>\n<li data-start=\"525\" data-end=\"600\"><span style=\"font-size: 18pt;\">H\u1ed7 tr\u1ee3 c\u00e1c v\u1ea5n \u0111\u1ec1 v\u1ec1 t\u00e0i kho\u1ea3n v\u00e0 gi\u1ea3i \u0111\u00e1p th\u1eafc m\u1eafc cho kh\u00e1ch thu\u00ea trong qu\u00e1 tr\u00ecnh s\u1eed d\u1ee5ng<\/span><\/li>\n<li><span style=\"font-size: 18pt;\">Gi\u00e1 thu\u00ea \u01b0u \u0111\u00e3i: 12 th\u00e1ng ch\u1ec9 600.000\u0111, t\u01b0\u01a1ng \u0111\u01b0\u01a1ng 50.000\u0111\/th\u00e1ng<\/span><\/li>\n<\/ul>","protected":false},"excerpt":{"rendered":"<p>T\u00e0i kho\u1ea3n nhi\u1ec1u game cho thu\u00ea theo th\u1eddi h\u1ea1n, game c\u1eadp nh\u1eadt theo th\u1eddi gian, h\u1ed7 tr\u1ee3 c\u00e1c v\u1ea5n \u0111\u1ec1 v\u1ec1 t\u00e0i kho\u1ea3n v\u00e0 gi\u1ea3i \u0111\u00e1p th\u1eafc m\u1eafc cho kh\u00e1ch h\u00e0ng trong qu\u00e1 tr\u00ecnh s\u1eed d\u1ee5ng.<\/p>","protected":false},"author":8,"featured_media":16455,"comment_status":"open","ping_status":"closed","template":"","meta":[],"product_brand":[],"product_cat":[371],"product_tag":[],"loai-tai-khoan":[424],"nam-phat-hanh":[],"class_list":{"0":"post-16449","1":"product","2":"type-product","3":"status-publish","4":"has-post-thumbnail","6":"product_cat-viet-hoa","7":"loai-tai-khoan-tai-khoan-nhieu-game","9":"first","10":"instock","11":"shipping-taxable","12":"purchasable","13":"product-type-variable"},"_links":{"self":[{"href":"https:\/\/toimuagame.com\/en\/wp-json\/wp\/v2\/product\/16449","targetHints":{"allow":["GET"]}}],"collection":[{"href":"https:\/\/toimuagame.com\/en\/wp-json\/wp\/v2\/product"}],"about":[{"href":"https:\/\/toimuagame.com\/en\/wp-json\/wp\/v2\/types\/product"}],"author":[{"embeddable":true,"href":"https:\/\/toimuagame.com\/en\/wp-json\/wp\/v2\/users\/8"}],"replies":[{"embeddable":true,"href":"https:\/\/toimuagame.com\/en\/wp-json\/wp\/v2\/comments?post=16449"}],"version-history":[{"count":0,"href":"https:\/\/toimuagame.com\/en\/wp-json\/wp\/v2\/product\/16449\/revisions"}],"wp:featuredmedia":[{"embeddable":true,"href":"https:\/\/toimuagame.com\/en\/wp-json\/wp\/v2\/media\/16455"}],"wp:attachment":[{"href":"https:\/\/toimuagame.com\/en\/wp-json\/wp\/v2\/media?parent=16449"}],"wp:term":[{"taxonomy":"product_brand","embeddable":true,"href":"https:\/\/toimuagame.com\/en\/wp-json\/wp\/v2\/product_brand?post=16449"},{"taxonomy":"product_cat","embeddable":true,"href":"https:\/\/toimuagame.com\/en\/wp-json\/wp\/v2\/product_cat?post=16449"},{"taxonomy":"product_tag","embeddable":true,"href":"https:\/\/toimuagame.com\/en\/wp-json\/wp\/v2\/product_tag?post=16449"},{"taxonomy":"loai-tai-khoan","embeddable":true,"href":"https:\/\/toimuagame.com\/en\/wp-json\/wp\/v2\/loai-tai-khoan?post=16449"},{"taxonomy":"nam-phat-hanh","embeddable":true,"href":"https:\/\/toimuagame.com\/en\/wp-json\/wp\/v2\/nam-phat-hanh?post=16449"}],"curies":[{"name":"wp","href":"https:\/\/api.w.org\/{rel}","templated":true}]}}