{"id":16118,"date":"2025-08-30T15:54:09","date_gmt":"2025-08-30T08:54:09","guid":{"rendered":"https:\/\/toimuagame.com\/?post_type=product&#038;p=16118"},"modified":"2026-02-25T22:13:15","modified_gmt":"2026-02-25T15:13:15","slug":"black-myth-wukong-steam-offline","status":"publish","type":"product","link":"https:\/\/toimuagame.com\/en\/black-myth-wukong-steam-offline\/","title":{"rendered":"Black Myth: Wukong &#8211; Steam Offline"},"content":{"rendered":"<p><strong><span style=\"font-size: 18pt; color: #333333; font-family: arial, helvetica, sans-serif;\">Nh\u1eadn t\u00e0i kho\u1ea3n Steam s\u1eb5n Game sau khi thanh to\u00e1n<\/span><\/strong><\/p>\n<ul>\n<li><span style=\"font-family: arial, helvetica, sans-serif; font-size: 12pt;\" data-contrast=\"auto\">Ch\u01a1i Offline, l\u01b0u ti\u1ebfn tr\u00ecnh ri\u00eang, kh\u00f4ng lo m\u1ea5t Save, tho\u1ea3i m\u00e1i Update<\/span><\/li>\n<li style=\"text-align: left;\"><span style=\"font-family: arial, helvetica, sans-serif; font-size: 12pt;\" data-contrast=\"auto\">S\u1edf h\u1eefu v\u0129nh vi\u1ec5n, kh\u00f4ng gi\u1edbi h\u1ea1n th\u1eddi gian<\/span><\/li>\n<li style=\"text-align: left;\"><span style=\"font-family: arial, helvetica, sans-serif; font-size: 12pt;\" data-contrast=\"auto\">Ti\u1ebft ki\u1ec7m t\u1edbi h\u01a1n 90% so v\u1edbi mua t\u1eeb Steam<\/span><\/li>\n<li style=\"text-align: left;\"><span style=\"font-family: arial, helvetica, sans-serif; font-size: 12pt;\" data-contrast=\"auto\"> H\u1ed7 tr\u1ee3 Vi\u1ec7t H\u00f3a mi\u1ec5n ph\u00ed, mang l\u1ea1i tr\u1ea3i nghi\u1ec7m \u0111\u1ea7y \u0111\u1ee7<\/span><\/li>\n<li style=\"text-align: left;\"><span style=\"font-family: arial, helvetica, sans-serif; font-size: 12pt;\" data-contrast=\"auto\">Tho\u1ea3i m\u00e1i c\u00e0i Mods, Workshop, Trainer theo \u00fd mu\u1ed1n<\/span><\/li>\n<li style=\"text-align: left;\"><span style=\"font-family: arial, helvetica, sans-serif; font-size: 12pt;\" data-contrast=\"auto\"> D\u00f9ng cho 1 thi\u1ebft b\u1ecb, kh\u00f4ng \u0111\u1ed5i \u0111\u01b0\u1ee3c email\/m\u1eadt kh\u1ea9u, kh\u00f4ng d\u00f9ng cho Net v\u00e0 Cloud Gaming<\/span><\/li>\n<li style=\"text-align: left;\"><span style=\"font-family: arial, helvetica, sans-serif; font-size: 12pt;\" data-contrast=\"auto\"> B\u1ea3o h\u00e0nh nhanh ch\u00f3ng n\u1ebfu g\u1eb7p s\u1ef1 c\u1ed1 v\u1ec1 t\u00e0i kho\u1ea3n<\/span><\/li>\n<li style=\"text-align: left;\"><span style=\"font-family: arial, helvetica, sans-serif; font-size: 12pt;\">H\u01b0\u1edbng d\u1eabn s\u1eed d\u1ee5ng chi ti\u1ebft t\u00e0i kho\u1ea3n Steam Offline v\u00e0 b\u1ea3o h\u00e0nh trong su\u1ed1t qu\u00e1 tr\u00ecnh ch\u01a1i Game<\/span><\/li>\n<\/ul>\n<div class=\"game_page_autocollapse_ctn expanded\">\n<div id=\"aboutThisGame\" class=\"game_page_autocollapse\" data-panel=\"{&quot;type&quot;:&quot;PanelGroup&quot;}\">\n<div id=\"game_area_description\" class=\"game_area_description\">\n<h2>V\u1ec1 tr\u00f2 ch\u01a1i n\u00e0y<\/h2>\n<p>Black Myth: Wukong l\u00e0 m\u1ed9t t\u1ef1a game nh\u1eadp vai h\u00e0nh \u0111\u1ed9ng l\u1ea5y c\u1ea3m h\u1ee9ng t\u1eeb th\u1ea7n tho\u1ea1i Trung Hoa. C\u1ed1t truy\u1ec7n d\u1ef1a tr\u00ean T\u00e2y Du K\u00fd, m\u1ed9t trong T\u1ee9 \u0110\u1ea1i Danh T\u00e1c c\u1ee7a v\u0103n h\u1ecdc Trung Qu\u1ed1c. B\u1ea1n s\u1ebd v\u00e0o vai Thi\u00ean M\u1ec7nh Nh\u00e2n, d\u1ea5n th\u00e2n v\u00e0o h\u00e0nh tr\u00ecnh \u0111\u1ed1i m\u1eb7t v\u1edbi nh\u1eefng th\u1eed th\u00e1ch v\u00e0 k\u1ef3 quan ph\u00eda tr\u01b0\u1edbc, nh\u1eb1m v\u00e9n m\u00e0n s\u1ef1 th\u1eadt b\u1ecb che gi\u1ea5u \u0111\u1eb1ng sau l\u1edbp h\u00e0o quang c\u1ee7a m\u1ed9t huy\u1ec1n tho\u1ea1i l\u1eaby l\u1eebng trong qu\u00e1 kh\u1ee9.<\/p>\n<p><span class=\"bb_img_ctn\"><img decoding=\"async\" class=\"bb_img\" src=\"https:\/\/toimuagame.com\/wp-content\/uploads\/2026\/02\/53c062bc38fc59440d6e9ae53e6e51f2.webp\" width=\"1170\" height=\"27\" \/><\/span><\/p>\n<p><video class=\"bb_img\" poster=\"https:\/\/shared.fastly.steamstatic.com\/store_item_assets\/steam\/apps\/2358720\/extras\/6d5d441bd83627bcbc6d2b8f8d15f0ff.poster.avif?t=1760601605\" autoplay=\"autoplay\" loop=\"loop\" muted=\"muted\" width=\"1170\" height=\"438\" data-mce-fragment=\"1\"><source src=\"https:\/\/shared.fastly.steamstatic.com\/store_item_assets\/steam\/apps\/2358720\/extras\/6d5d441bd83627bcbc6d2b8f8d15f0ff.webm?t=1760601605\" \/><\/video><\/p>\n<h2 class=\"bb_tag\">\u2022 Kh\u00e1m ph\u00e1 m\u1ed9t v\u00f9ng \u0111\u1ea5t k\u1ef3 quan r\u1ed9ng l\u1edbn<\/h2>\n<p><i>&#8220;M\u1ed9t th\u1ebf gi\u1edbi ch\u01b0a t\u1eebng \u0111\u01b0\u1ee3c th\u1ea5y, n\u01a1i k\u1ef3 quan t\u1ecfa s\u00e1ng,<br data-start=\"501\" data-end=\"504\" \/>M\u1ed7i b\u01b0\u1edbc ch\u00e2n \u0111i qua l\u1ea1i m\u1edf ra m\u1ed9t khung c\u1ea3nh m\u1edbi.&#8221;<\/i><\/p>\n<p>B\u01b0\u1edbc v\u00e0o m\u1ed9t c\u00f5i gi\u1edbi m\u00ea ho\u1eb7c, tr\u00e0n ng\u1eadp nh\u1eefng \u0111i\u1ec1u k\u1ef3 di\u1ec7u v\u00e0 kh\u00e1m ph\u00e1 t\u1eeb th\u1ea7n tho\u1ea1i Trung Hoa c\u1ed5 \u0111\u1ea1i!<br data-start=\"662\" data-end=\"665\" \/>Trong vai Thi\u00ean M\u1ec7nh Nh\u00e2n, b\u1ea1n s\u1ebd b\u0103ng qua h\u00e0ng lo\u1ea1t khung c\u1ea3nh ngo\u1ea1n m\u1ee5c v\u00e0 \u0111\u1ed9c \u0111\u00e1o b\u01b0\u1edbc ra t\u1eeb thi\u00ean truy\u1ec7n kinh \u0111i\u1ec3n, vi\u1ebft n\u00ean m\u1ed9t b\u1ea3n anh h\u00f9ng ca phi\u00eau l\u01b0u \u0111\u01b0\u1ee3c t\u00e1i hi\u1ec7n theo c\u00e1ch ho\u00e0n to\u00e0n m\u1edbi.<\/p>\n<p><video class=\"bb_img\" poster=\"https:\/\/shared.fastly.steamstatic.com\/store_item_assets\/steam\/apps\/2358720\/extras\/50a130565eba20a23c614617374844e6.poster.avif?t=1760601605\" autoplay=\"autoplay\" loop=\"loop\" muted=\"muted\" width=\"1170\" height=\"438\" data-mce-fragment=\"1\"><source src=\"https:\/\/shared.fastly.steamstatic.com\/store_item_assets\/steam\/apps\/2358720\/extras\/50a130565eba20a23c614617374844e6.webm?t=1760601605\" \/><\/video><\/p>\n<h2 class=\"bb_tag\">\u2022 \u0110\u1ed1i \u0111\u1ea7u nh\u1eefng k\u1ebb \u0111\u1ecbch h\u00f9ng m\u1ea1nh, x\u01b0a v\u00e0 nay<\/h2>\n<p><i>&#8220;Kh\u1ec9 anh h\u00f9ng, uy danh l\u1eaby l\u1eebng,<br data-start=\"947\" data-end=\"950\" \/>\u0110\u1ed1i th\u1ee7 tr\u1ed7i d\u1eady, th\u1eed th\u00e1ch danh ti\u1ebfng.&#8221;<\/i><\/p>\n<p>M\u1ed9t trong nh\u1eefng \u0111i\u1ec3m n\u1ed5i b\u1eadt c\u1ee7a T\u00e2y Du K\u00fd l\u00e0 d\u00e0n nh\u00e2n v\u1eadt ph\u1ea3n di\u1ec7n phong ph\u00fa, m\u1ed7i k\u1ebb \u0111\u1ec1u s\u1edf h\u1eefu n\u0103ng l\u1ef1c ri\u00eang bi\u1ec7t.<br data-start=\"1112\" data-end=\"1115\" \/>Trong vai Thi\u00ean M\u1ec7nh Nh\u00e2n, b\u1ea1n s\u1ebd ch\u1ea1m tr\u00e1n nh\u1eefng k\u1ebb th\u00f9 \u0111\u00e1ng g\u1eddm v\u00e0 nh\u1eefng \u0111\u1ed1i th\u1ee7 x\u1ee9ng t\u1ea7m tr\u00ean su\u1ed1t h\u00e0nh tr\u00ecnh. H\u00e3y d\u0169ng c\u1ea3m b\u01b0\u1edbc v\u00e0o nh\u1eefng tr\u1eadn chi\u1ebfn s\u1eed thi n\u01a1i kh\u00f4ng t\u1ed3n t\u1ea1i kh\u00e1i ni\u1ec7m \u0111\u1ea7u h\u00e0ng.<\/p>\n<p><video class=\"bb_img\" poster=\"https:\/\/shared.fastly.steamstatic.com\/store_item_assets\/steam\/apps\/2358720\/extras\/cac7e67395cc9fbe1463054a2004496a.poster.avif?t=1760601605\" autoplay=\"autoplay\" loop=\"loop\" muted=\"muted\" width=\"1170\" height=\"438\" data-mce-fragment=\"1\"><source src=\"https:\/\/shared.fastly.steamstatic.com\/store_item_assets\/steam\/apps\/2358720\/extras\/cac7e67395cc9fbe1463054a2004496a.webm?t=1760601605\" \/><\/video><\/p>\n<h2 class=\"bb_tag\">\u2022 R\u00e8n luy\u1ec7n kh\u1ea3 n\u0103ng l\u00e0m ch\u1ee7 \u0111a d\u1ea1ng ph\u00e1p thu\u1eadt<\/h2>\n<p><i>&#8220;Ph\u00e1p thu\u1eadt tung ho\u00e0nh, t\u00e0i n\u0103ng b\u1ed9c ph\u00e1t,<br data-start=\"1409\" data-end=\"1412\" \/>S\u1ee9c m\u1ea1nh gi\u1ea3i ph\u00f3ng, xoay chuy\u1ec3n th\u1eddi kh\u1eafc.&#8221;<\/i><\/p>\n<p>Ph\u00e1p thu\u1eadt, bi\u1ebfn h\u00f3a v\u00e0 ph\u00e1p kh\u00ed d\u01b0\u1edbi mu\u00f4n h\u00ecnh v\u1ea1n tr\u1ea1ng \u2014 c\u00f3 th\u1ee9 kh\u1eafc ch\u1ebf, c\u00f3 th\u1ee9 khu\u1ebfch \u0111\u1ea1i l\u1eabn nhau \u2014 t\u1eeb l\u00e2u \u0111\u00e3 l\u00e0 nh\u1eefng y\u1ebfu t\u1ed1 chi\u1ebfn \u0111\u1ea5u mang t\u00ednh bi\u1ec3u t\u01b0\u1ee3ng trong th\u1ea7n tho\u1ea1i Trung Hoa.<br data-start=\"1650\" data-end=\"1653\" \/>Trong vai Thi\u00ean M\u1ec7nh Nh\u00e2n, b\u00ean c\u1ea1nh vi\u1ec7c thu\u1ea7n th\u1ee5c c\u00e1c k\u1ef9 thu\u1eadt s\u1eed d\u1ee5ng thi\u1ebft b\u1ea3ng, b\u1ea1n c\u00f2n c\u00f3 th\u1ec3 t\u1ef1 do k\u1ebft h\u1ee3p nhi\u1ec1u lo\u1ea1i ph\u00e1p thu\u1eadt, k\u1ef9 n\u0103ng, v\u0169 kh\u00ed v\u00e0 trang b\u1ecb kh\u00e1c nhau \u0111\u1ec3 t\u00ecm ra chi\u1ebfn thu\u1eadt t\u1ed1i \u01b0u ph\u00f9 h\u1ee3p v\u1edbi phong c\u00e1ch chi\u1ebfn \u0111\u1ea5u c\u1ee7a m\u00ecnh.<\/p>\n<p><video class=\"bb_img\" poster=\"https:\/\/shared.fastly.steamstatic.com\/store_item_assets\/steam\/apps\/2358720\/extras\/717266ac34d8670ca14c77550aad5787.poster.avif?t=1760601605\" autoplay=\"autoplay\" loop=\"loop\" muted=\"muted\" width=\"1170\" height=\"438\" data-mce-fragment=\"1\"><source src=\"https:\/\/shared.fastly.steamstatic.com\/store_item_assets\/steam\/apps\/2358720\/extras\/717266ac34d8670ca14c77550aad5787.webm?t=1760601605\" \/><\/video><\/p>\n<h2 class=\"bb_tag\">\u2022 Kh\u00e1m ph\u00e1 nh\u1eefng c\u00e2u chuy\u1ec7n \u1ea9n sau m\u1ed7i l\u1edbp v\u1ecf<\/h2>\n<p><i>&#8220;Trong m\u1ed7i linh h\u1ed3n, d\u00f9 d\u1eef d\u1ed9i hay hi\u1ec1n h\u00f2a,<br data-start=\"1996\" data-end=\"1999\" \/>\u0110\u1ec1u ch\u00e1y \u00e2m \u1ec9 m\u1ed9t c\u00e2u chuy\u1ec7n c\u1ee7a \u0111\u1eddi ng\u01b0\u1eddi.&#8221;<\/i><\/p>\n<p>\u1ea8n sau s\u1ef1 hung b\u1ea1o v\u00e0 x\u1ea3o quy\u1ec7t c\u1ee7a k\u1ebb \u0111\u1ecbch l\u00e0 c\u1ea3 m\u1ed9t b\u1ee9c tranh sinh \u0111\u1ed9ng v\u1ec1 ngu\u1ed3n g\u1ed1c, t\u00ednh c\u00e1ch v\u00e0 \u0111\u1ed9ng c\u01a1 c\u1ee7a h\u1ecd \u0111ang ch\u1edd \u0111\u01b0\u1ee3c h\u00e9 l\u1ed9.<br data-start=\"2183\" data-end=\"2186\" \/>Trong vai Thi\u00ean M\u1ec7nh Nh\u00e2n, b\u1ea1n s\u1ebd kh\u00e1m ph\u00e1 c\u00e2u chuy\u1ec7n ph\u00eda sau nhi\u1ec1u nh\u00e2n v\u1eadt kh\u00e1c nhau, v\u01b0\u1ee3t ra ngo\u00e0i nh\u1eefng tr\u1eadn chi\u1ebfn \u0111\u1ec3 c\u1ea3m nh\u1eadn t\u00ecnh y\u00eau, h\u1eadn th\u00f9, tham v\u1ecdng v\u00e0 c\u01a1n th\u1ecbnh n\u1ed9 m\u00e0 h\u1ecd t\u1eebng mang trong qu\u00e1 kh\u1ee9 \u2014 v\u00e0 v\u1eabn c\u00f2n ch\u1ea5t ch\u1ee9a \u0111\u1ebfn t\u1eadn b\u00e2y gi\u1edd.<\/p>\n<\/div>\n<\/div>\n<\/div>\n<div class=\"game_page_autocollapse_ctn expanded\">\n<div class=\"game_page_autocollapse sys_req\">\n<h2>Y\u00eau c\u1ea7u h\u1ec7 th\u1ed1ng<\/h2>\n<div class=\"sysreq_contents\">\n<div class=\"game_area_sys_req sysreq_content active\" data-os=\"win\">\n<div class=\"game_area_sys_req_leftCol\">\n<p><strong>T\u1ed1i thi\u1ec3u:<\/strong><\/p>\n<ul>\n<li style=\"list-style-type: none;\">\n<ul class=\"bb_ul\">\n<li>Y\u00eau c\u1ea7u vi x\u1eed l\u00fd v\u00e0 h\u1ec7 \u0111i\u1ec1u h\u00e0nh \u0111\u1ec1u ch\u1ea1y 64-bit<\/li>\n<li><strong>H\u0110H:<\/strong> Windows 10 64-bit<\/li>\n<li><strong>B\u1ed9 x\u1eed l\u00fd:<\/strong> Intel Core i5-8400 \/ AMD Ryzen 5 1600<\/li>\n<li><strong>B\u1ed9 nh\u1edb:<\/strong> 16 GB RAM<\/li>\n<li><strong>\u0110\u1ed3 h\u1ecda:<\/strong> NVIDIA GeForce GTX 1060 6GB \/ AMD Radeon RX 580 8GB<\/li>\n<li><strong>DirectX:<\/strong> Phi\u00ean b\u1ea3n 11<\/li>\n<li><strong>L\u01b0u tr\u1eef:<\/strong> 130 GB ch\u1ed7 tr\u1ed1ng kh\u1ea3 d\u1ee5ng<\/li>\n<li><strong>Card \u00e2m thanh:<\/strong> Windows Compatible Audio Device<\/li>\n<li><strong>Ghi ch\u00fa th\u00eam:<\/strong> HDD Supported, SSD Recommended. The above specifications were tested with DLSS\/FSR\/XeSS enabled.<\/li>\n<\/ul>\n<\/li>\n<\/ul>\n<\/div>\n<div class=\"game_area_sys_req_rightCol\">\n<p><strong>Khuy\u1ebfn ngh\u1ecb:<\/strong><\/p>\n<ul>\n<li style=\"list-style-type: none;\">\n<ul class=\"bb_ul\">\n<li>Y\u00eau c\u1ea7u vi x\u1eed l\u00fd v\u00e0 h\u1ec7 \u0111i\u1ec1u h\u00e0nh \u0111\u1ec1u ch\u1ea1y 64-bit<\/li>\n<li><strong>H\u0110H:<\/strong> Windows 10 64-bit<\/li>\n<li><strong>B\u1ed9 x\u1eed l\u00fd:<\/strong> Intel Core i7-9700 \/ AMD Ryzen 5 5500<\/li>\n<li><strong>B\u1ed9 nh\u1edb:<\/strong> 16 GB RAM<\/li>\n<li><strong>\u0110\u1ed3 h\u1ecda:<\/strong> NVIDIA GeForce RTX 2060 \/ AMD Radeon RX 5700 XT \/ INTEL Arc A750<\/li>\n<li><strong>DirectX:<\/strong> Phi\u00ean b\u1ea3n 12<\/li>\n<li><strong>L\u01b0u tr\u1eef:<\/strong> 130 GB ch\u1ed7 tr\u1ed1ng kh\u1ea3 d\u1ee5ng<\/li>\n<li><strong>Card \u00e2m thanh:<\/strong> Windows Compatible Audio Device<\/li>\n<li><strong>Ghi ch\u00fa th\u00eam:<\/strong> SSD Required. The above specifications were tested with DLSS\/FSR\/XeSS enabled.<\/li>\n<\/ul>\n<\/li>\n<\/ul>\n<\/div>\n<\/div>\n<\/div>\n<\/div>\n<\/div>","protected":false},"excerpt":{"rendered":"<div class=\"game_description_snippet\">\n<div class=\"game_description_snippet\">Black Myth: Wukong l\u00e0 m\u1ed9t t\u1ef1a game nh\u1eadp vai h\u00e0nh \u0111\u1ed9ng l\u1ea5y c\u1ea3m h\u1ee9ng t\u1eeb th\u1ea7n tho\u1ea1i Trung Hoa. B\u1ea1n s\u1ebd v\u00e0o vai Thi\u00ean M\u1ec7nh Nh\u00e2n, d\u1ea5n th\u00e2n v\u00e0o h\u00e0nh tr\u00ecnh \u0111\u1ed1i m\u1eb7t v\u1edbi nh\u1eefng th\u1eed th\u00e1ch v\u00e0 k\u1ef3 quan ph\u00eda tr\u01b0\u1edbc, \u0111\u1ec3 v\u00e9n m\u00e0n s\u1ef1 th\u1eadt b\u1ecb che khu\u1ea5t \u0111\u1eb1ng sau l\u1edbp h\u00e0o quang c\u1ee7a m\u1ed9t huy\u1ec1n tho\u1ea1i l\u1eebng l\u1eaby trong qu\u00e1 kh\u1ee9.<\/div>\n<div class=\"glance_ctn_responsive_left\">\n<div id=\"userReviews\" class=\"user_reviews\"><\/div>\n<\/div>\n<\/div>","protected":false},"author":8,"featured_media":16129,"comment_status":"open","ping_status":"closed","template":"","meta":[],"product_brand":[],"product_cat":[429,369,342,344,343,353,371],"product_tag":[],"loai-tai-khoan":[422],"nam-phat-hanh":[417],"class_list":{"0":"post-16118","1":"product","2":"type-product","3":"status-publish","4":"has-post-thumbnail","6":"product_cat-denuvo","7":"product_cat-goc-nhin-thu-ba","8":"product_cat-hanh-dong","9":"product_cat-nhap-vai","10":"product_cat-phieu-luu","11":"product_cat-sinh-ton","12":"product_cat-viet-hoa","13":"loai-tai-khoan-game-offline","14":"nam-phat-hanh-417","16":"first","17":"instock","18":"sale","19":"featured","20":"shipping-taxable","21":"purchasable","22":"product-type-variable"},"_links":{"self":[{"href":"https:\/\/toimuagame.com\/en\/wp-json\/wp\/v2\/product\/16118","targetHints":{"allow":["GET"]}}],"collection":[{"href":"https:\/\/toimuagame.com\/en\/wp-json\/wp\/v2\/product"}],"about":[{"href":"https:\/\/toimuagame.com\/en\/wp-json\/wp\/v2\/types\/product"}],"author":[{"embeddable":true,"href":"https:\/\/toimuagame.com\/en\/wp-json\/wp\/v2\/users\/8"}],"replies":[{"embeddable":true,"href":"https:\/\/toimuagame.com\/en\/wp-json\/wp\/v2\/comments?post=16118"}],"version-history":[{"count":0,"href":"https:\/\/toimuagame.com\/en\/wp-json\/wp\/v2\/product\/16118\/revisions"}],"wp:featuredmedia":[{"embeddable":true,"href":"https:\/\/toimuagame.com\/en\/wp-json\/wp\/v2\/media\/16129"}],"wp:attachment":[{"href":"https:\/\/toimuagame.com\/en\/wp-json\/wp\/v2\/media?parent=16118"}],"wp:term":[{"taxonomy":"product_brand","embeddable":true,"href":"https:\/\/toimuagame.com\/en\/wp-json\/wp\/v2\/product_brand?post=16118"},{"taxonomy":"product_cat","embeddable":true,"href":"https:\/\/toimuagame.com\/en\/wp-json\/wp\/v2\/product_cat?post=16118"},{"taxonomy":"product_tag","embeddable":true,"href":"https:\/\/toimuagame.com\/en\/wp-json\/wp\/v2\/product_tag?post=16118"},{"taxonomy":"loai-tai-khoan","embeddable":true,"href":"https:\/\/toimuagame.com\/en\/wp-json\/wp\/v2\/loai-tai-khoan?post=16118"},{"taxonomy":"nam-phat-hanh","embeddable":true,"href":"https:\/\/toimuagame.com\/en\/wp-json\/wp\/v2\/nam-phat-hanh?post=16118"}],"curies":[{"name":"wp","href":"https:\/\/api.w.org\/{rel}","templated":true}]}}