{"id":16101,"date":"2025-08-30T15:25:28","date_gmt":"2025-08-30T08:25:28","guid":{"rendered":"https:\/\/toimuagame.com\/?post_type=product&#038;p=16101"},"modified":"2026-02-12T21:39:47","modified_gmt":"2026-02-12T14:39:47","slug":"god-of-war-steam-offline","status":"publish","type":"product","link":"https:\/\/toimuagame.com\/en\/god-of-war-steam-offline\/","title":{"rendered":"God of War &#8211; Steam Offline"},"content":{"rendered":"<p><span style=\"font-size: 18pt; color: #333333; font-family: arial, helvetica, sans-serif;\"><b>Nh\u1eadn t\u00e0i kho\u1ea3n qua mail sau khi thanh to\u00e1n<\/b><\/span><\/p>\n<ul>\n<li><span style=\"font-family: arial, helvetica, sans-serif; font-size: 14pt;\" data-contrast=\"auto\">Ch\u01a1i Offline, l\u01b0u ti\u1ebfn tr\u00ecnh ri\u00eang, kh\u00f4ng lo m\u1ea5t save<\/span><\/li>\n<li><span style=\"font-family: arial, helvetica, sans-serif; font-size: 14pt;\" data-contrast=\"auto\">S\u1edf h\u1eefu v\u0129nh vi\u1ec5n, kh\u00f4ng gi\u1edbi h\u1ea1n th\u1eddi gian<\/span><\/li>\n<li style=\"text-align: left;\"><span style=\"font-family: arial, helvetica, sans-serif; font-size: 14pt;\" data-contrast=\"auto\">Ti\u1ebft ki\u1ec7m t\u1edbi h\u01a1n 90% so v\u1edbi mua t\u1eeb Steam<\/span><\/li>\n<li style=\"text-align: left;\"><span style=\"font-family: arial, helvetica, sans-serif; font-size: 14pt;\" data-contrast=\"auto\"> H\u1ed7 tr\u1ee3 Vi\u1ec7t H\u00f3a, mang l\u1ea1i tr\u1ea3i nghi\u1ec7m \u0111\u1ea7y \u0111\u1ee7<\/span><\/li>\n<li style=\"text-align: left;\"><span style=\"font-family: arial, helvetica, sans-serif; font-size: 14pt;\" data-contrast=\"auto\">Tho\u1ea3i m\u00e1i c\u00e0i Mods, Workshop theo \u00fd mu\u1ed1n<\/span><\/li>\n<li style=\"text-align: left;\"><span style=\"font-family: arial, helvetica, sans-serif; font-size: 14pt;\" data-contrast=\"auto\"> D\u00f9ng cho 1 thi\u1ebft b\u1ecb, kh\u00f4ng \u0111\u1ed5i \u0111\u01b0\u1ee3c email\/m\u1eadt kh\u1ea9u, kh\u00f4ng d\u00f9ng cho Net v\u00e0 Cloud Gaming<\/span><\/li>\n<li style=\"text-align: left;\"><span style=\"font-family: arial, helvetica, sans-serif; font-size: 14pt;\" data-contrast=\"auto\"> B\u1ea3o h\u00e0nh nhanh ch\u00f3ng n\u1ebfu g\u1eb7p s\u1ef1 c\u1ed1<\/span><\/li>\n<li style=\"text-align: left;\"><span style=\"font-family: arial, helvetica, sans-serif; font-size: 14pt;\">H\u01b0\u1edbng d\u1eabn s\u1eed d\u1ee5ng chi ti\u1ebft t\u00e0i kho\u1ea3n Offline<\/span><\/li>\n<\/ul>\n<p data-start=\"0\" data-end=\"22\"><span style=\"font-size: 18pt;\"><strong data-start=\"0\" data-end=\"20\">C\u1ea5u h\u00ecnh y\u00eau c\u1ea7u<\/strong><\/span><\/p>\n<ul>\n<li data-start=\"24\" data-end=\"213\"><span style=\"font-size: 14pt;\">T\u1ed1i thi\u1ec3u (Minimum):<\/span><br data-start=\"44\" data-end=\"47\" \/><span style=\"font-size: 14pt;\">CPU: Intel i5-2500K 4-core 3.3 GHz \/ AMD Ryzen 3 1200 4-core 3.1 GHz<\/span><br data-start=\"115\" data-end=\"118\" data-is-only-node=\"\" \/><span style=\"font-size: 14pt;\">RAM: 8 GB<\/span><br data-start=\"127\" data-end=\"130\" \/><span style=\"font-size: 14pt;\">GPU: NVIDIA GTX 960 4GB \/ AMD R9 290X 4GB<\/span><br data-start=\"171\" data-end=\"174\" \/><span style=\"font-size: 14pt;\">OS: Windows 10<\/span><br data-start=\"188\" data-end=\"191\" \/><span style=\"font-size: 14pt;\">Storage: 70 GB tr\u1ed1ng<\/span><\/li>\n<li data-start=\"215\" data-end=\"409\"><span style=\"font-size: 14pt;\">Khuy\u1ebfn ngh\u1ecb (Recommended):<\/span><br data-start=\"241\" data-end=\"244\" \/><span style=\"font-size: 14pt;\">CPU: Intel i5-6600K 4-core 3.5 GHz \/ AMD Ryzen 5 2400G 4-core 3.6 GHz<\/span><br data-start=\"313\" data-end=\"316\" data-is-only-node=\"\" \/><span style=\"font-size: 14pt;\">RAM: 8 GB<\/span><br data-start=\"325\" data-end=\"328\" \/><span style=\"font-size: 14pt;\">GPU: NVIDIA GTX 1060 6GB \/ AMD RX 570 4GB<\/span><br data-start=\"369\" data-end=\"372\" \/><span style=\"font-size: 14pt;\">OS: Windows 10<\/span><br data-start=\"386\" data-end=\"389\" \/><span style=\"font-size: 14pt;\">Storage: 70 GB tr\u1ed1ng<\/span><\/li>\n<\/ul>","protected":false},"excerpt":{"rendered":"<div class=\"game_description_snippet\">His vengeance against the Gods of Olympus years behind him, Kratos now lives as a man in the realm of Norse Gods and monsters. It is in this harsh, unforgiving world that he must fight to survive\u2026 and teach his son to do the same.<\/div>\n<div class=\"glance_ctn_responsive_left\">\n<div id=\"userReviews\" class=\"user_reviews\"><\/div>\n<\/div>","protected":false},"author":8,"featured_media":16102,"comment_status":"open","ping_status":"closed","template":"","meta":[],"product_brand":[],"product_cat":[369,342,344,343,371],"product_tag":[],"loai-tai-khoan":[422],"nam-phat-hanh":[416],"class_list":{"0":"post-16101","1":"product","2":"type-product","3":"status-publish","4":"has-post-thumbnail","6":"product_cat-goc-nhin-thu-ba","7":"product_cat-hanh-dong","8":"product_cat-nhap-vai","9":"product_cat-phieu-luu","10":"product_cat-viet-hoa","11":"loai-tai-khoan-game-offline","12":"nam-phat-hanh-416","14":"first","15":"instock","16":"sale","17":"downloadable","18":"virtual","19":"purchasable","20":"product-type-simple"},"_links":{"self":[{"href":"https:\/\/toimuagame.com\/en\/wp-json\/wp\/v2\/product\/16101","targetHints":{"allow":["GET"]}}],"collection":[{"href":"https:\/\/toimuagame.com\/en\/wp-json\/wp\/v2\/product"}],"about":[{"href":"https:\/\/toimuagame.com\/en\/wp-json\/wp\/v2\/types\/product"}],"author":[{"embeddable":true,"href":"https:\/\/toimuagame.com\/en\/wp-json\/wp\/v2\/users\/8"}],"replies":[{"embeddable":true,"href":"https:\/\/toimuagame.com\/en\/wp-json\/wp\/v2\/comments?post=16101"}],"version-history":[{"count":0,"href":"https:\/\/toimuagame.com\/en\/wp-json\/wp\/v2\/product\/16101\/revisions"}],"wp:featuredmedia":[{"embeddable":true,"href":"https:\/\/toimuagame.com\/en\/wp-json\/wp\/v2\/media\/16102"}],"wp:attachment":[{"href":"https:\/\/toimuagame.com\/en\/wp-json\/wp\/v2\/media?parent=16101"}],"wp:term":[{"taxonomy":"product_brand","embeddable":true,"href":"https:\/\/toimuagame.com\/en\/wp-json\/wp\/v2\/product_brand?post=16101"},{"taxonomy":"product_cat","embeddable":true,"href":"https:\/\/toimuagame.com\/en\/wp-json\/wp\/v2\/product_cat?post=16101"},{"taxonomy":"product_tag","embeddable":true,"href":"https:\/\/toimuagame.com\/en\/wp-json\/wp\/v2\/product_tag?post=16101"},{"taxonomy":"loai-tai-khoan","embeddable":true,"href":"https:\/\/toimuagame.com\/en\/wp-json\/wp\/v2\/loai-tai-khoan?post=16101"},{"taxonomy":"nam-phat-hanh","embeddable":true,"href":"https:\/\/toimuagame.com\/en\/wp-json\/wp\/v2\/nam-phat-hanh?post=16101"}],"curies":[{"name":"wp","href":"https:\/\/api.w.org\/{rel}","templated":true}]}}