{"id":16064,"date":"2025-08-30T01:22:35","date_gmt":"2025-08-29T18:22:35","guid":{"rendered":"https:\/\/toimuagame.com\/?post_type=product&#038;p=16064"},"modified":"2026-02-12T21:31:02","modified_gmt":"2026-02-12T14:31:02","slug":"doom-the-dark-ages-premium-edition-steam-offline","status":"publish","type":"product","link":"https:\/\/toimuagame.com\/en\/doom-the-dark-ages-premium-edition-steam-offline\/","title":{"rendered":"DOOM: The Dark Ages &#8211; Premium Edition &#8211; Steam Offline"},"content":{"rendered":"<p><span style=\"font-size: 18pt; color: #333333; font-family: arial, helvetica, sans-serif;\"><b>Nh\u1eadn t\u00e0i kho\u1ea3n qua mail sau khi thanh to\u00e1n<\/b><\/span><\/p>\n<ul>\n<li><span style=\"font-family: arial, helvetica, sans-serif; font-size: 14pt;\" data-contrast=\"auto\">Ch\u01a1i Offline, l\u01b0u ti\u1ebfn tr\u00ecnh ri\u00eang, kh\u00f4ng lo m\u1ea5t save<\/span><\/li>\n<li><span style=\"font-family: arial, helvetica, sans-serif; font-size: 14pt;\" data-contrast=\"auto\">S\u1edf h\u1eefu v\u0129nh vi\u1ec5n, kh\u00f4ng gi\u1edbi h\u1ea1n th\u1eddi gian<\/span><\/li>\n<li style=\"text-align: left;\"><span style=\"font-family: arial, helvetica, sans-serif; font-size: 14pt;\" data-contrast=\"auto\">Ti\u1ebft ki\u1ec7m t\u1edbi h\u01a1n 90% so v\u1edbi mua t\u1eeb Steam<\/span><\/li>\n<li style=\"text-align: left;\"><span style=\"font-family: arial, helvetica, sans-serif; font-size: 14pt;\" data-contrast=\"auto\"> H\u1ed7 tr\u1ee3 Vi\u1ec7t H\u00f3a, mang l\u1ea1i tr\u1ea3i nghi\u1ec7m \u0111\u1ea7y \u0111\u1ee7<\/span><\/li>\n<li style=\"text-align: left;\"><span style=\"font-family: arial, helvetica, sans-serif; font-size: 14pt;\" data-contrast=\"auto\">Tho\u1ea3i m\u00e1i c\u00e0i Mods, Workshop theo \u00fd mu\u1ed1n<\/span><\/li>\n<li style=\"text-align: left;\"><span style=\"font-family: arial, helvetica, sans-serif; font-size: 14pt;\" data-contrast=\"auto\"> D\u00f9ng cho 1 thi\u1ebft b\u1ecb, kh\u00f4ng \u0111\u1ed5i \u0111\u01b0\u1ee3c email\/m\u1eadt kh\u1ea9u, kh\u00f4ng d\u00f9ng cho Net v\u00e0 Cloud Gaming<\/span><\/li>\n<li style=\"text-align: left;\"><span style=\"font-family: arial, helvetica, sans-serif; font-size: 14pt;\" data-contrast=\"auto\"> B\u1ea3o h\u00e0nh nhanh ch\u00f3ng n\u1ebfu g\u1eb7p s\u1ef1 c\u1ed1<\/span><\/li>\n<li style=\"text-align: left;\"><span style=\"font-family: arial, helvetica, sans-serif; font-size: 14pt;\">H\u01b0\u1edbng d\u1eabn s\u1eed d\u1ee5ng chi ti\u1ebft t\u00e0i kho\u1ea3n Offline<\/span><\/li>\n<\/ul>\n<p data-start=\"0\" data-end=\"22\"><span style=\"font-size: 18pt;\"><strong data-start=\"0\" data-end=\"20\">C\u1ea5u h\u00ecnh y\u00eau c\u1ea7u<\/strong><\/span><\/p>\n<ul>\n<li data-start=\"24\" data-end=\"350\"><span style=\"font-size: 14pt;\">T\u1ed1i thi\u1ec3u (Minimum):<\/span><br data-start=\"44\" data-end=\"47\" \/><span style=\"font-size: 14pt;\">CPU: AMD Zen 2 \/ Intel 10th Gen @ 3.2GHz, 8 cores \/ 16 threads (v\u00ed d\u1ee5: AMD Ryzen 7 3700X, Intel Core i7 10700K)<\/span><br data-start=\"158\" data-end=\"161\" data-is-only-node=\"\" \/><span style=\"font-size: 14pt;\">RAM: 16 GB<\/span><br data-start=\"171\" data-end=\"174\" \/><span style=\"font-size: 14pt;\">GPU: NVIDIA ho\u1eb7c AMD Raytracing 8GB VRAM tr\u1edf l\u00ean (v\u00ed d\u1ee5: NVIDIA RTX 2060 SUPER, AMD RX 6600)<\/span><br data-start=\"266\" data-end=\"269\" \/><span style=\"font-size: 14pt;\">OS: Windows 10 64-Bit \/ Windows 11 64-Bit<\/span><br data-start=\"324\" data-end=\"327\" \/><span style=\"font-size: 14pt;\">Storage: 100 GB tr\u1ed1ng<\/span><\/li>\n<li data-start=\"352\" data-end=\"677\"><span style=\"font-size: 14pt;\">Khuy\u1ebfn ngh\u1ecb (Recommended):<\/span><br data-start=\"378\" data-end=\"381\" \/><span style=\"font-size: 14pt;\">CPU: AMD Zen 3 \/ Intel 12th Gen @ 3.2GHz, 8 cores \/ 16 threads (v\u00ed d\u1ee5: AMD Ryzen 7 5700X, Intel Core i7 12700K)<\/span><br data-start=\"492\" data-end=\"495\" data-is-only-node=\"\" \/><span style=\"font-size: 14pt;\">RAM: 32 GB<\/span><br data-start=\"505\" data-end=\"508\" \/><span style=\"font-size: 14pt;\">GPU: NVIDIA ho\u1eb7c AMD Raytracing 10GB VRAM tr\u1edf l\u00ean (v\u00ed d\u1ee5: NVIDIA RTX 3080, AMD RX 6800)<\/span><br data-start=\"595\" data-end=\"598\" \/><span style=\"font-size: 14pt;\">OS: Windows 10 64-Bit \/ Windows 11 64-Bit<\/span><br data-start=\"653\" data-end=\"656\" \/><span style=\"font-size: 14pt;\">Storage: 100 GB tr\u1ed1ng<\/span><\/li>\n<\/ul>","protected":false},"excerpt":{"rendered":"<p>DOOM: The Dark Ages is the prequel to the critically acclaimed DOOM (2016) and DOOM Eternal that tells an epic cinematic story worthy of the DOOM Slayer\u2019s legend. Players will step into the blood-stained boots of the DOOM Slayer, in this never-before-seen dark and sinister medieval war against&#8230;<\/p>","protected":false},"author":8,"featured_media":16066,"comment_status":"open","ping_status":"closed","template":"","meta":[],"product_brand":[289],"product_cat":[354,429,368,342,349,344,353,371],"product_tag":[],"loai-tai-khoan":[422],"nam-phat-hanh":[418],"class_list":{"0":"post-16064","1":"product","2":"type-product","3":"status-publish","4":"has-post-thumbnail","6":"product_brand-bethesda","7":"product_cat-ban-sung-fps-tps","8":"product_cat-denuvo","9":"product_cat-goc-nhin-thu-nhat","10":"product_cat-hanh-dong","11":"product_cat-kinh-di","12":"product_cat-nhap-vai","13":"product_cat-sinh-ton","14":"product_cat-viet-hoa","15":"loai-tai-khoan-game-offline","16":"nam-phat-hanh-418","18":"first","19":"instock","20":"sale","21":"downloadable","22":"virtual","23":"purchasable","24":"product-type-simple"},"_links":{"self":[{"href":"https:\/\/toimuagame.com\/en\/wp-json\/wp\/v2\/product\/16064","targetHints":{"allow":["GET"]}}],"collection":[{"href":"https:\/\/toimuagame.com\/en\/wp-json\/wp\/v2\/product"}],"about":[{"href":"https:\/\/toimuagame.com\/en\/wp-json\/wp\/v2\/types\/product"}],"author":[{"embeddable":true,"href":"https:\/\/toimuagame.com\/en\/wp-json\/wp\/v2\/users\/8"}],"replies":[{"embeddable":true,"href":"https:\/\/toimuagame.com\/en\/wp-json\/wp\/v2\/comments?post=16064"}],"version-history":[{"count":0,"href":"https:\/\/toimuagame.com\/en\/wp-json\/wp\/v2\/product\/16064\/revisions"}],"wp:featuredmedia":[{"embeddable":true,"href":"https:\/\/toimuagame.com\/en\/wp-json\/wp\/v2\/media\/16066"}],"wp:attachment":[{"href":"https:\/\/toimuagame.com\/en\/wp-json\/wp\/v2\/media?parent=16064"}],"wp:term":[{"taxonomy":"product_brand","embeddable":true,"href":"https:\/\/toimuagame.com\/en\/wp-json\/wp\/v2\/product_brand?post=16064"},{"taxonomy":"product_cat","embeddable":true,"href":"https:\/\/toimuagame.com\/en\/wp-json\/wp\/v2\/product_cat?post=16064"},{"taxonomy":"product_tag","embeddable":true,"href":"https:\/\/toimuagame.com\/en\/wp-json\/wp\/v2\/product_tag?post=16064"},{"taxonomy":"loai-tai-khoan","embeddable":true,"href":"https:\/\/toimuagame.com\/en\/wp-json\/wp\/v2\/loai-tai-khoan?post=16064"},{"taxonomy":"nam-phat-hanh","embeddable":true,"href":"https:\/\/toimuagame.com\/en\/wp-json\/wp\/v2\/nam-phat-hanh?post=16064"}],"curies":[{"name":"wp","href":"https:\/\/api.w.org\/{rel}","templated":true}]}}